{"id":30597,"date":"2026-04-08T13:27:07","date_gmt":"2026-04-08T12:27:07","guid":{"rendered":"https:\/\/lamillou.ch\/produkt\/bambus-pyjama-bandana-cream-s-lang\/"},"modified":"2026-04-16T16:38:59","modified_gmt":"2026-04-16T15:38:59","slug":"bambus-pyjama-bandana-cream-s-lang","status":"publish","type":"product","link":"https:\/\/lamillou.ch\/en\/product\/bambus-pyjama-bandana-cream-s-lang\/","title":{"rendered":"Bambus-Pyjama BANDANA CREAM &#8211; S (Lang)"},"content":{"rendered":"<p>Bambus-Pyjama &#8211; ein Set mit vielen M\u00f6glichkeiten H\u00fcllen Sie sich in Weichheit, die sich Ihrem Tages- und Nachtrhythmus anpasst. Der Bambus-Pyjama ist mehr als klassische Nachtw\u00e4sche &#8211; er ist ein komfortables Set und stilvolles Homewear-Outfit in einer Premium-Version. Er vereint subtile Weiblichkeit, Funktionalit\u00e4t und aussergew\u00f6hnlichen Komfort, den Sie nicht nur am Abend lieben werden. Erh\u00e4ltlich in zwei Varianten: Oberteil + lange Hose oder Oberteil + Shorts. Dieses Set bietet die perfekte Wahl f\u00fcr jede Jahreszeit &#8211; zum Schlafen ebenso wie zum entspannten Alltag zu Hause.Durchdachtes Design (nicht nur f\u00fcr M\u00fctter) Die Bluse mit praktischen Bindeb\u00e4ndern sieht nicht nur wundersch\u00f6n aus, sondern erleichtert auch das Stillen \u2013 einfach ein Band l\u00f6sen und schon ist ein bequemer Zugang f\u00fcr Ihr Baby m\u00f6glich. Dadurch eignet sich dieses Bambus-Outfit ideal auch f\u00fcr die Zeit der Mutterschaft. Zarte R\u00fcschen an den \u00c4rmeln verleihen Leichtigkeit und einen romantischen Charakter, w\u00e4hrend die locker geschnittene Hose mit elastischem Bund maximale Bewegungsfreiheit garantiert. Sowohl die lange Hose als auch die Shorts sind mit einer dezenten R\u00fcsche versehen und bilden eine harmonische, feminine Einheit..Tragen Sie es, wie Sie m\u00f6chten Dieses Set l\u00e4sst sich vielseitig stylen. Es eignet sich als: bequemer Pyjama, komfortable Homewear, Teil l\u00e4ssiger Alltagslooks, leichtes Set f\u00fcr Urlaubsreisen oder entspannte Morgenstunden auf der Terrasse. Tragen Sie es zusammen oder kombinieren Sie die Teile mit anderen Kleidungsst\u00fccken \u2013 die Bluse mit Jeans oder die Hose mit Ihrem Lieblingstop. Dieser Bambus-Pyjama geht weit \u00fcber klassische Nachtw\u00e4sche hinaus.Hochwertiger Bambus &#8211; luxuri\u00f6se Weichheit und Funktionalit\u00e4t Das Set besteht aus hochwertigem, sanft fliessendem Bambus-Jersey. Dieses besondere Material \u00fcberzeugt nicht nur optisch, sondern vor allem durch seine Eigenschaften: aussergew\u00f6hnlich weich und angenehm auf der Haut, atmungsaktiv und luftdurchl\u00e4ssig, sehr saugf\u00e4hig und feuchtigkeitsableitend, temperaturregulierend (angenehm k\u00fchlend im Sommer), hautfreundlich und f\u00fcr Allergiker geeignet, leicht und wundersch\u00f6n fallend. Der Bambus-Pyjama \/ das Bambus-Set ist t\u00e4glicher Komfort in seiner femininsten Form \u2013 ein Outfit zum Schlafen, Entspannen und Wohlf\u00fchlen den ganzen Tag.<\/p>","protected":false},"excerpt":{"rendered":"<p>Bambus-Pyjama &#8211; ein Set mit vielen M\u00f6glichkeiten H\u00fcllen Sie sich in Weichheit, die sich Ihrem Tages- und Nachtrhythmus anpasst. Der<\/p>","protected":false},"featured_media":30811,"comment_status":"open","ping_status":"closed","template":"","meta":[],"product_brand":[88],"product_cat":[448],"product_tag":[],"class_list":{"0":"post-30597","1":"product","2":"type-product","3":"status-publish","4":"has-post-thumbnail","6":"product_brand-la-millou","7":"product_cat-bambus-pyjamas","9":"first","10":"outofstock","11":"taxable","12":"shipping-taxable","13":"purchasable","14":"product-type-simple"},"yoast_head":"<!-- This site is optimized with the Yoast SEO plugin v27.3 - https:\/\/yoast.com\/product\/yoast-seo-wordpress\/ -->\n<title>Bambus-Pyjama BANDANA CREAM - S (Lang) - lamillou.ch<\/title>\n<meta name=\"robots\" content=\"index, follow, max-snippet:-1, max-image-preview:large, max-video-preview:-1\" \/>\n<link rel=\"canonical\" href=\"https:\/\/lamillou.ch\/en\/product\/bambus-pyjama-bandana-cream-s-lang\/\" \/>\n<meta property=\"og:locale\" content=\"en_GB\" \/>\n<meta property=\"og:type\" content=\"article\" \/>\n<meta property=\"og:title\" content=\"Bambus-Pyjama BANDANA CREAM - S (Lang) - lamillou.ch\" \/>\n<meta property=\"og:description\" content=\"Bambus-Pyjama &#8211; ein Set mit vielen M\u00f6glichkeiten H\u00fcllen Sie sich in Weichheit, die sich Ihrem Tages- und Nachtrhythmus anpasst. Der\" \/>\n<meta property=\"og:url\" content=\"https:\/\/lamillou.ch\/en\/product\/bambus-pyjama-bandana-cream-s-lang\/\" \/>\n<meta property=\"og:site_name\" content=\"lamillou.ch\" \/>\n<meta property=\"article:modified_time\" content=\"2026-04-16T15:38:59+00:00\" \/>\n<meta name=\"twitter:card\" content=\"summary_large_image\" \/>\n<meta name=\"twitter:label1\" content=\"Estimated reading time\" \/>\n\t<meta name=\"twitter:data1\" content=\"2 minutes\" \/>\n<script type=\"application\/ld+json\" class=\"yoast-schema-graph\">{\"@context\":\"https:\\\/\\\/schema.org\",\"@graph\":[{\"@type\":\"WebPage\",\"@id\":\"https:\\\/\\\/lamillou.ch\\\/produkt\\\/bambus-pyjama-bandana-cream-s-lang\\\/\",\"url\":\"https:\\\/\\\/lamillou.ch\\\/produkt\\\/bambus-pyjama-bandana-cream-s-lang\\\/\",\"name\":\"Bambus-Pyjama BANDANA CREAM - S (Lang) - lamillou.ch\",\"isPartOf\":{\"@id\":\"https:\\\/\\\/lamillou.ch\\\/#website\"},\"primaryImageOfPage\":{\"@id\":\"https:\\\/\\\/lamillou.ch\\\/produkt\\\/bambus-pyjama-bandana-cream-s-lang\\\/#primaryimage\"},\"image\":{\"@id\":\"https:\\\/\\\/lamillou.ch\\\/produkt\\\/bambus-pyjama-bandana-cream-s-lang\\\/#primaryimage\"},\"thumbnailUrl\":\"https:\\\/\\\/lamillou.ch\\\/wp-content\\\/uploads\\\/2026\\\/04\\\/image_1920_X68_B.jpeg\",\"datePublished\":\"2026-04-08T12:27:07+00:00\",\"dateModified\":\"2026-04-16T15:38:59+00:00\",\"breadcrumb\":{\"@id\":\"https:\\\/\\\/lamillou.ch\\\/produkt\\\/bambus-pyjama-bandana-cream-s-lang\\\/#breadcrumb\"},\"inLanguage\":\"en-GB\",\"potentialAction\":[{\"@type\":\"ReadAction\",\"target\":[\"https:\\\/\\\/lamillou.ch\\\/produkt\\\/bambus-pyjama-bandana-cream-s-lang\\\/\"]}]},{\"@type\":\"ImageObject\",\"inLanguage\":\"en-GB\",\"@id\":\"https:\\\/\\\/lamillou.ch\\\/produkt\\\/bambus-pyjama-bandana-cream-s-lang\\\/#primaryimage\",\"url\":\"https:\\\/\\\/lamillou.ch\\\/wp-content\\\/uploads\\\/2026\\\/04\\\/image_1920_X68_B.jpeg\",\"contentUrl\":\"https:\\\/\\\/lamillou.ch\\\/wp-content\\\/uploads\\\/2026\\\/04\\\/image_1920_X68_B.jpeg\",\"width\":1920,\"height\":1920,\"caption\":\"Bambus-Pyjama BANDANA CREAM - S (Lang) Hauptbild\"},{\"@type\":\"BreadcrumbList\",\"@id\":\"https:\\\/\\\/lamillou.ch\\\/produkt\\\/bambus-pyjama-bandana-cream-s-lang\\\/#breadcrumb\",\"itemListElement\":[{\"@type\":\"ListItem\",\"position\":1,\"name\":\"Home\",\"item\":\"https:\\\/\\\/lamillou.ch\\\/\"},{\"@type\":\"ListItem\",\"position\":2,\"name\":\"Shop\",\"item\":\"https:\\\/\\\/lamillou.ch\\\/shop\\\/\"},{\"@type\":\"ListItem\",\"position\":3,\"name\":\"Bambus-Pyjama BANDANA CREAM &#8211; S (Lang)\"}]},{\"@type\":\"WebSite\",\"@id\":\"https:\\\/\\\/lamillou.ch\\\/#website\",\"url\":\"https:\\\/\\\/lamillou.ch\\\/\",\"name\":\"lamillou.ch\",\"description\":\"\",\"potentialAction\":[{\"@type\":\"SearchAction\",\"target\":{\"@type\":\"EntryPoint\",\"urlTemplate\":\"https:\\\/\\\/lamillou.ch\\\/?s={search_term_string}\"},\"query-input\":{\"@type\":\"PropertyValueSpecification\",\"valueRequired\":true,\"valueName\":\"search_term_string\"}}],\"inLanguage\":\"en-GB\"}]}<\/script>\n<!-- \/ Yoast SEO plugin. -->","yoast_head_json":{"title":"Bambus-Pyjama BANDANA CREAM - S (Lang) - lamillou.ch","robots":{"index":"index","follow":"follow","max-snippet":"max-snippet:-1","max-image-preview":"max-image-preview:large","max-video-preview":"max-video-preview:-1"},"canonical":"https:\/\/lamillou.ch\/en\/product\/bambus-pyjama-bandana-cream-s-lang\/","og_locale":"en_GB","og_type":"article","og_title":"Bambus-Pyjama BANDANA CREAM - S (Lang) - lamillou.ch","og_description":"Bambus-Pyjama &#8211; ein Set mit vielen M\u00f6glichkeiten H\u00fcllen Sie sich in Weichheit, die sich Ihrem Tages- und Nachtrhythmus anpasst. Der","og_url":"https:\/\/lamillou.ch\/en\/product\/bambus-pyjama-bandana-cream-s-lang\/","og_site_name":"lamillou.ch","article_modified_time":"2026-04-16T15:38:59+00:00","twitter_card":"summary_large_image","twitter_misc":{"Estimated reading time":"2 minutes"},"schema":{"@context":"https:\/\/schema.org","@graph":[{"@type":"WebPage","@id":"https:\/\/lamillou.ch\/produkt\/bambus-pyjama-bandana-cream-s-lang\/","url":"https:\/\/lamillou.ch\/produkt\/bambus-pyjama-bandana-cream-s-lang\/","name":"Bambus-Pyjama BANDANA CREAM - S (Lang) - lamillou.ch","isPartOf":{"@id":"https:\/\/lamillou.ch\/#website"},"primaryImageOfPage":{"@id":"https:\/\/lamillou.ch\/produkt\/bambus-pyjama-bandana-cream-s-lang\/#primaryimage"},"image":{"@id":"https:\/\/lamillou.ch\/produkt\/bambus-pyjama-bandana-cream-s-lang\/#primaryimage"},"thumbnailUrl":"https:\/\/lamillou.ch\/wp-content\/uploads\/2026\/04\/image_1920_X68_B.jpeg","datePublished":"2026-04-08T12:27:07+00:00","dateModified":"2026-04-16T15:38:59+00:00","breadcrumb":{"@id":"https:\/\/lamillou.ch\/produkt\/bambus-pyjama-bandana-cream-s-lang\/#breadcrumb"},"inLanguage":"en-GB","potentialAction":[{"@type":"ReadAction","target":["https:\/\/lamillou.ch\/produkt\/bambus-pyjama-bandana-cream-s-lang\/"]}]},{"@type":"ImageObject","inLanguage":"en-GB","@id":"https:\/\/lamillou.ch\/produkt\/bambus-pyjama-bandana-cream-s-lang\/#primaryimage","url":"https:\/\/lamillou.ch\/wp-content\/uploads\/2026\/04\/image_1920_X68_B.jpeg","contentUrl":"https:\/\/lamillou.ch\/wp-content\/uploads\/2026\/04\/image_1920_X68_B.jpeg","width":1920,"height":1920,"caption":"Bambus-Pyjama BANDANA CREAM - S (Lang) Hauptbild"},{"@type":"BreadcrumbList","@id":"https:\/\/lamillou.ch\/produkt\/bambus-pyjama-bandana-cream-s-lang\/#breadcrumb","itemListElement":[{"@type":"ListItem","position":1,"name":"Home","item":"https:\/\/lamillou.ch\/"},{"@type":"ListItem","position":2,"name":"Shop","item":"https:\/\/lamillou.ch\/shop\/"},{"@type":"ListItem","position":3,"name":"Bambus-Pyjama BANDANA CREAM &#8211; S (Lang)"}]},{"@type":"WebSite","@id":"https:\/\/lamillou.ch\/#website","url":"https:\/\/lamillou.ch\/","name":"lamillou.ch","description":"","potentialAction":[{"@type":"SearchAction","target":{"@type":"EntryPoint","urlTemplate":"https:\/\/lamillou.ch\/?s={search_term_string}"},"query-input":{"@type":"PropertyValueSpecification","valueRequired":true,"valueName":"search_term_string"}}],"inLanguage":"en-GB"}]}},"_links":{"self":[{"href":"https:\/\/lamillou.ch\/en\/wp-json\/wp\/v2\/product\/30597","targetHints":{"allow":["GET"]}}],"collection":[{"href":"https:\/\/lamillou.ch\/en\/wp-json\/wp\/v2\/product"}],"about":[{"href":"https:\/\/lamillou.ch\/en\/wp-json\/wp\/v2\/types\/product"}],"replies":[{"embeddable":true,"href":"https:\/\/lamillou.ch\/en\/wp-json\/wp\/v2\/comments?post=30597"}],"version-history":[{"count":0,"href":"https:\/\/lamillou.ch\/en\/wp-json\/wp\/v2\/product\/30597\/revisions"}],"wp:featuredmedia":[{"embeddable":true,"href":"https:\/\/lamillou.ch\/en\/wp-json\/wp\/v2\/media\/30811"}],"wp:attachment":[{"href":"https:\/\/lamillou.ch\/en\/wp-json\/wp\/v2\/media?parent=30597"}],"wp:term":[{"taxonomy":"product_brand","embeddable":true,"href":"https:\/\/lamillou.ch\/en\/wp-json\/wp\/v2\/product_brand?post=30597"},{"taxonomy":"product_cat","embeddable":true,"href":"https:\/\/lamillou.ch\/en\/wp-json\/wp\/v2\/product_cat?post=30597"},{"taxonomy":"product_tag","embeddable":true,"href":"https:\/\/lamillou.ch\/en\/wp-json\/wp\/v2\/product_tag?post=30597"}],"curies":[{"name":"wp","href":"https:\/\/api.w.org\/{rel}","templated":true}]}}