{"id":30565,"date":"2026-04-08T13:27:00","date_gmt":"2026-04-08T12:27:00","guid":{"rendered":"https:\/\/lamillou.ch\/produkt\/kinderwagen-handschuhe-teddy-bear-latte\/"},"modified":"2026-04-23T04:52:16","modified_gmt":"2026-04-23T03:52:16","slug":"kinderwagen-handschuhe-teddy-bear-latte","status":"publish","type":"product","link":"https:\/\/lamillou.ch\/en\/product\/kinderwagen-handschuhe-teddy-bear-latte\/","title":{"rendered":"Kinderwagen Handschuhe Teddy Bear LATTE"},"content":{"rendered":"<p>Kinderwagenhandschuhe sind ein Produkt, das Spazierg\u00e4nge bei jedem Wetter angenehm macht. Sie w\u00e4rmen die H\u00e4nde effektiv beim Schieben des Kinderwagens und sch\u00fctzen vor Schnee, Wind und Regen. Die Handschuhe k\u00f6nnen sowohl am durchgehenden Schiebeb\u00fcgel als auch an Kinderwagen mit zwei getrennten Griffen befestigt werden. Hergestellt aus weichem und warmem Teddyfell.<\/p>","protected":false},"excerpt":{"rendered":"<p>Kinderwagenhandschuhe sind ein Produkt, das Spazierg\u00e4nge bei jedem Wetter angenehm macht. Sie w\u00e4rmen die H\u00e4nde effektiv beim Schieben des Kinderwagens<\/p>","protected":false},"featured_media":30843,"comment_status":"open","ping_status":"closed","template":"","meta":[],"product_brand":[88],"product_cat":[447],"product_tag":[],"class_list":{"0":"post-30565","1":"product","2":"type-product","3":"status-publish","4":"has-post-thumbnail","6":"product_brand-la-millou","7":"product_cat-kinderwagen-handwaermer","9":"first","10":"instock","11":"taxable","12":"shipping-taxable","13":"purchasable","14":"product-type-simple"},"yoast_head":"<!-- This site is optimized with the Yoast SEO plugin v27.3 - https:\/\/yoast.com\/product\/yoast-seo-wordpress\/ -->\n<title>Kinderwagen Handschuhe Teddy Bear LATTE - lamillou.ch<\/title>\n<meta name=\"description\" content=\"Kinderwagenhandschuhe sind ein Produkt, das Spazierg\u00e4nge bei jedem Wetter angenehm macht. Sie w\u00e4rmen die H\u00e4nde effektiv beim Schieben des Kinderwagens und\" \/>\n<meta name=\"robots\" content=\"index, follow, max-snippet:-1, max-image-preview:large, max-video-preview:-1\" \/>\n<link rel=\"canonical\" href=\"https:\/\/lamillou.ch\/en\/product\/kinderwagen-handschuhe-teddy-bear-latte\/\" \/>\n<meta property=\"og:locale\" content=\"en_GB\" \/>\n<meta property=\"og:type\" content=\"article\" \/>\n<meta property=\"og:title\" content=\"Kinderwagen Handschuhe Teddy Bear LATTE - lamillou.ch\" \/>\n<meta property=\"og:description\" content=\"Kinderwagenhandschuhe sind ein Produkt, das Spazierg\u00e4nge bei jedem Wetter angenehm macht. Sie w\u00e4rmen die H\u00e4nde effektiv beim Schieben des Kinderwagens und\" \/>\n<meta property=\"og:url\" content=\"https:\/\/lamillou.ch\/en\/product\/kinderwagen-handschuhe-teddy-bear-latte\/\" \/>\n<meta property=\"og:site_name\" content=\"lamillou.ch\" \/>\n<meta property=\"article:modified_time\" content=\"2026-04-23T03:52:16+00:00\" \/>\n<meta property=\"og:image\" content=\"https:\/\/lamillou.ch\/wp-content\/uploads\/2026\/04\/image_1920_zFhui.jpeg\" \/>\n\t<meta property=\"og:image:width\" content=\"1920\" \/>\n\t<meta property=\"og:image:height\" content=\"1920\" \/>\n\t<meta property=\"og:image:type\" content=\"image\/jpeg\" \/>\n<meta name=\"twitter:card\" content=\"summary_large_image\" \/>\n<script type=\"application\/ld+json\" class=\"yoast-schema-graph\">{\"@context\":\"https:\\\/\\\/schema.org\",\"@graph\":[{\"@type\":\"WebPage\",\"@id\":\"https:\\\/\\\/lamillou.ch\\\/produkt\\\/kinderwagen-handschuhe-teddy-bear-latte\\\/\",\"url\":\"https:\\\/\\\/lamillou.ch\\\/produkt\\\/kinderwagen-handschuhe-teddy-bear-latte\\\/\",\"name\":\"Kinderwagen Handschuhe Teddy Bear LATTE - lamillou.ch\",\"isPartOf\":{\"@id\":\"https:\\\/\\\/lamillou.ch\\\/#website\"},\"primaryImageOfPage\":{\"@id\":\"https:\\\/\\\/lamillou.ch\\\/produkt\\\/kinderwagen-handschuhe-teddy-bear-latte\\\/#primaryimage\"},\"image\":{\"@id\":\"https:\\\/\\\/lamillou.ch\\\/produkt\\\/kinderwagen-handschuhe-teddy-bear-latte\\\/#primaryimage\"},\"thumbnailUrl\":\"https:\\\/\\\/lamillou.ch\\\/wp-content\\\/uploads\\\/2026\\\/04\\\/image_1920_zFhui.jpeg\",\"datePublished\":\"2026-04-08T12:27:00+00:00\",\"dateModified\":\"2026-04-23T03:52:16+00:00\",\"description\":\"Kinderwagenhandschuhe sind ein Produkt, das Spazierg\u00e4nge bei jedem Wetter angenehm macht. Sie w\u00e4rmen die H\u00e4nde effektiv beim Schieben des Kinderwagens und\",\"breadcrumb\":{\"@id\":\"https:\\\/\\\/lamillou.ch\\\/produkt\\\/kinderwagen-handschuhe-teddy-bear-latte\\\/#breadcrumb\"},\"inLanguage\":\"en-GB\",\"potentialAction\":[{\"@type\":\"ReadAction\",\"target\":[\"https:\\\/\\\/lamillou.ch\\\/produkt\\\/kinderwagen-handschuhe-teddy-bear-latte\\\/\"]}]},{\"@type\":\"ImageObject\",\"inLanguage\":\"en-GB\",\"@id\":\"https:\\\/\\\/lamillou.ch\\\/produkt\\\/kinderwagen-handschuhe-teddy-bear-latte\\\/#primaryimage\",\"url\":\"https:\\\/\\\/lamillou.ch\\\/wp-content\\\/uploads\\\/2026\\\/04\\\/image_1920_zFhui.jpeg\",\"contentUrl\":\"https:\\\/\\\/lamillou.ch\\\/wp-content\\\/uploads\\\/2026\\\/04\\\/image_1920_zFhui.jpeg\",\"width\":1920,\"height\":1920,\"caption\":\"Kinderwagen Handschuhe Teddy Bear LATTE Hauptbild\"},{\"@type\":\"BreadcrumbList\",\"@id\":\"https:\\\/\\\/lamillou.ch\\\/produkt\\\/kinderwagen-handschuhe-teddy-bear-latte\\\/#breadcrumb\",\"itemListElement\":[{\"@type\":\"ListItem\",\"position\":1,\"name\":\"Home\",\"item\":\"https:\\\/\\\/lamillou.ch\\\/\"},{\"@type\":\"ListItem\",\"position\":2,\"name\":\"Shop\",\"item\":\"https:\\\/\\\/lamillou.ch\\\/shop\\\/\"},{\"@type\":\"ListItem\",\"position\":3,\"name\":\"Kinderwagen Handschuhe Teddy Bear LATTE\"}]},{\"@type\":\"WebSite\",\"@id\":\"https:\\\/\\\/lamillou.ch\\\/#website\",\"url\":\"https:\\\/\\\/lamillou.ch\\\/\",\"name\":\"lamillou.ch\",\"description\":\"\",\"potentialAction\":[{\"@type\":\"SearchAction\",\"target\":{\"@type\":\"EntryPoint\",\"urlTemplate\":\"https:\\\/\\\/lamillou.ch\\\/?s={search_term_string}\"},\"query-input\":{\"@type\":\"PropertyValueSpecification\",\"valueRequired\":true,\"valueName\":\"search_term_string\"}}],\"inLanguage\":\"en-GB\"}]}<\/script>\n<!-- \/ Yoast SEO plugin. -->","yoast_head_json":{"title":"Kinderwagen Handschuhe Teddy Bear LATTE - lamillou.ch","description":"Kinderwagenhandschuhe sind ein Produkt, das Spazierg\u00e4nge bei jedem Wetter angenehm macht. Sie w\u00e4rmen die H\u00e4nde effektiv beim Schieben des Kinderwagens und","robots":{"index":"index","follow":"follow","max-snippet":"max-snippet:-1","max-image-preview":"max-image-preview:large","max-video-preview":"max-video-preview:-1"},"canonical":"https:\/\/lamillou.ch\/en\/product\/kinderwagen-handschuhe-teddy-bear-latte\/","og_locale":"en_GB","og_type":"article","og_title":"Kinderwagen Handschuhe Teddy Bear LATTE - lamillou.ch","og_description":"Kinderwagenhandschuhe sind ein Produkt, das Spazierg\u00e4nge bei jedem Wetter angenehm macht. Sie w\u00e4rmen die H\u00e4nde effektiv beim Schieben des Kinderwagens und","og_url":"https:\/\/lamillou.ch\/en\/product\/kinderwagen-handschuhe-teddy-bear-latte\/","og_site_name":"lamillou.ch","article_modified_time":"2026-04-23T03:52:16+00:00","og_image":[{"width":1920,"height":1920,"url":"https:\/\/lamillou.ch\/wp-content\/uploads\/2026\/04\/image_1920_zFhui.jpeg","type":"image\/jpeg"}],"twitter_card":"summary_large_image","schema":{"@context":"https:\/\/schema.org","@graph":[{"@type":"WebPage","@id":"https:\/\/lamillou.ch\/produkt\/kinderwagen-handschuhe-teddy-bear-latte\/","url":"https:\/\/lamillou.ch\/produkt\/kinderwagen-handschuhe-teddy-bear-latte\/","name":"Kinderwagen Handschuhe Teddy Bear LATTE - lamillou.ch","isPartOf":{"@id":"https:\/\/lamillou.ch\/#website"},"primaryImageOfPage":{"@id":"https:\/\/lamillou.ch\/produkt\/kinderwagen-handschuhe-teddy-bear-latte\/#primaryimage"},"image":{"@id":"https:\/\/lamillou.ch\/produkt\/kinderwagen-handschuhe-teddy-bear-latte\/#primaryimage"},"thumbnailUrl":"https:\/\/lamillou.ch\/wp-content\/uploads\/2026\/04\/image_1920_zFhui.jpeg","datePublished":"2026-04-08T12:27:00+00:00","dateModified":"2026-04-23T03:52:16+00:00","description":"Kinderwagenhandschuhe sind ein Produkt, das Spazierg\u00e4nge bei jedem Wetter angenehm macht. Sie w\u00e4rmen die H\u00e4nde effektiv beim Schieben des Kinderwagens und","breadcrumb":{"@id":"https:\/\/lamillou.ch\/produkt\/kinderwagen-handschuhe-teddy-bear-latte\/#breadcrumb"},"inLanguage":"en-GB","potentialAction":[{"@type":"ReadAction","target":["https:\/\/lamillou.ch\/produkt\/kinderwagen-handschuhe-teddy-bear-latte\/"]}]},{"@type":"ImageObject","inLanguage":"en-GB","@id":"https:\/\/lamillou.ch\/produkt\/kinderwagen-handschuhe-teddy-bear-latte\/#primaryimage","url":"https:\/\/lamillou.ch\/wp-content\/uploads\/2026\/04\/image_1920_zFhui.jpeg","contentUrl":"https:\/\/lamillou.ch\/wp-content\/uploads\/2026\/04\/image_1920_zFhui.jpeg","width":1920,"height":1920,"caption":"Kinderwagen Handschuhe Teddy Bear LATTE Hauptbild"},{"@type":"BreadcrumbList","@id":"https:\/\/lamillou.ch\/produkt\/kinderwagen-handschuhe-teddy-bear-latte\/#breadcrumb","itemListElement":[{"@type":"ListItem","position":1,"name":"Home","item":"https:\/\/lamillou.ch\/"},{"@type":"ListItem","position":2,"name":"Shop","item":"https:\/\/lamillou.ch\/shop\/"},{"@type":"ListItem","position":3,"name":"Kinderwagen Handschuhe Teddy Bear LATTE"}]},{"@type":"WebSite","@id":"https:\/\/lamillou.ch\/#website","url":"https:\/\/lamillou.ch\/","name":"lamillou.ch","description":"","potentialAction":[{"@type":"SearchAction","target":{"@type":"EntryPoint","urlTemplate":"https:\/\/lamillou.ch\/?s={search_term_string}"},"query-input":{"@type":"PropertyValueSpecification","valueRequired":true,"valueName":"search_term_string"}}],"inLanguage":"en-GB"}]}},"_links":{"self":[{"href":"https:\/\/lamillou.ch\/en\/wp-json\/wp\/v2\/product\/30565","targetHints":{"allow":["GET"]}}],"collection":[{"href":"https:\/\/lamillou.ch\/en\/wp-json\/wp\/v2\/product"}],"about":[{"href":"https:\/\/lamillou.ch\/en\/wp-json\/wp\/v2\/types\/product"}],"replies":[{"embeddable":true,"href":"https:\/\/lamillou.ch\/en\/wp-json\/wp\/v2\/comments?post=30565"}],"version-history":[{"count":0,"href":"https:\/\/lamillou.ch\/en\/wp-json\/wp\/v2\/product\/30565\/revisions"}],"wp:featuredmedia":[{"embeddable":true,"href":"https:\/\/lamillou.ch\/en\/wp-json\/wp\/v2\/media\/30843"}],"wp:attachment":[{"href":"https:\/\/lamillou.ch\/en\/wp-json\/wp\/v2\/media?parent=30565"}],"wp:term":[{"taxonomy":"product_brand","embeddable":true,"href":"https:\/\/lamillou.ch\/en\/wp-json\/wp\/v2\/product_brand?post=30565"},{"taxonomy":"product_cat","embeddable":true,"href":"https:\/\/lamillou.ch\/en\/wp-json\/wp\/v2\/product_cat?post=30565"},{"taxonomy":"product_tag","embeddable":true,"href":"https:\/\/lamillou.ch\/en\/wp-json\/wp\/v2\/product_tag?post=30565"}],"curies":[{"name":"wp","href":"https:\/\/api.w.org\/{rel}","templated":true}]}}