{"id":30544,"date":"2026-04-08T13:25:26","date_gmt":"2026-04-08T12:25:26","guid":{"rendered":"https:\/\/lamillou.ch\/produkt\/wasserdichter-kulturbeutel-seaworld-m\/"},"modified":"2026-04-22T08:50:31","modified_gmt":"2026-04-22T07:50:31","slug":"wasserdichter-kulturbeutel-seaworld-m","status":"publish","type":"product","link":"https:\/\/lamillou.ch\/en\/product\/wasserdichter-kulturbeutel-seaworld-m\/","title":{"rendered":"Wasserdichter Kulturbeutel SEAWORLD  &#8211; M"},"content":{"rendered":"<p>Wasserdichter Kulturbeutel SEAWORLD in der Gr\u00f6sse M ist die ideale Kosmetiktasche, in der Sie alles an seinem Platz haben. Ein Muss f\u00fcr jeden Organisationsliebhaber. Ideal f\u00fcr Kosmetika, auf Reisen, t\u00e4gliches Pflegezubeh\u00f6r, Elektronik, Buntstifte, nasse Kleidung, Windeln. Jede Kosmetiktasche hat einen zus\u00e4tzlichen Griff in der oberen Ecke mit einem Metallverschluss, so dass man sie z.B. beim Spazierengehen am Kinderwagen oder in der Dusche aufh\u00e4ngen kann.<\/p>","protected":false},"excerpt":{"rendered":"<p>Wasserdichter Kulturbeutel SEAWORLD in der Gr\u00f6sse M ist die ideale Kosmetiktasche, in der Sie alles an seinem Platz haben. Ein<\/p>","protected":false},"featured_media":30865,"comment_status":"open","ping_status":"closed","template":"","meta":[],"product_brand":[88],"product_cat":[358],"product_tag":[],"class_list":{"0":"post-30544","1":"product","2":"type-product","3":"status-publish","4":"has-post-thumbnail","6":"product_brand-la-millou","7":"product_cat-necessaire-und-kulturbeutel","9":"first","10":"instock","11":"taxable","12":"shipping-taxable","13":"purchasable","14":"product-type-simple"},"yoast_head":"<!-- This site is optimized with the Yoast SEO plugin v27.3 - https:\/\/yoast.com\/product\/yoast-seo-wordpress\/ -->\n<title>Wasserdichter Kulturbeutel SEAWORLD - M - lamillou.ch<\/title>\n<meta name=\"description\" content=\"Wasserdichter Kulturbeutel SEAWORLD in der Gr\u00f6sse M ist die ideale Kosmetiktasche, in der Sie alles an seinem Platz haben. Ein Muss f\u00fcr jeden\" \/>\n<meta name=\"robots\" content=\"index, follow, max-snippet:-1, max-image-preview:large, max-video-preview:-1\" \/>\n<link rel=\"canonical\" href=\"https:\/\/lamillou.ch\/en\/product\/wasserdichter-kulturbeutel-seaworld-m\/\" \/>\n<meta property=\"og:locale\" content=\"en_GB\" \/>\n<meta property=\"og:type\" content=\"article\" \/>\n<meta property=\"og:title\" content=\"Wasserdichter Kulturbeutel SEAWORLD - M - lamillou.ch\" \/>\n<meta property=\"og:description\" content=\"Wasserdichter Kulturbeutel SEAWORLD in der Gr\u00f6sse M ist die ideale Kosmetiktasche, in der Sie alles an seinem Platz haben. Ein Muss f\u00fcr jeden\" \/>\n<meta property=\"og:url\" content=\"https:\/\/lamillou.ch\/en\/product\/wasserdichter-kulturbeutel-seaworld-m\/\" \/>\n<meta property=\"og:site_name\" content=\"lamillou.ch\" \/>\n<meta property=\"article:modified_time\" content=\"2026-04-22T07:50:31+00:00\" \/>\n<meta property=\"og:image\" content=\"https:\/\/lamillou.ch\/wp-content\/uploads\/2026\/04\/image_1920_q7Msq.jpeg\" \/>\n\t<meta property=\"og:image:width\" content=\"1920\" \/>\n\t<meta property=\"og:image:height\" content=\"1920\" \/>\n\t<meta property=\"og:image:type\" content=\"image\/jpeg\" \/>\n<meta name=\"twitter:card\" content=\"summary_large_image\" \/>\n<meta name=\"twitter:label1\" content=\"Estimated reading time\" \/>\n\t<meta name=\"twitter:data1\" content=\"1 minute\" \/>\n<script type=\"application\/ld+json\" class=\"yoast-schema-graph\">{\"@context\":\"https:\\\/\\\/schema.org\",\"@graph\":[{\"@type\":\"WebPage\",\"@id\":\"https:\\\/\\\/lamillou.ch\\\/produkt\\\/wasserdichter-kulturbeutel-seaworld-m\\\/\",\"url\":\"https:\\\/\\\/lamillou.ch\\\/produkt\\\/wasserdichter-kulturbeutel-seaworld-m\\\/\",\"name\":\"Wasserdichter Kulturbeutel SEAWORLD - M - lamillou.ch\",\"isPartOf\":{\"@id\":\"https:\\\/\\\/lamillou.ch\\\/#website\"},\"primaryImageOfPage\":{\"@id\":\"https:\\\/\\\/lamillou.ch\\\/produkt\\\/wasserdichter-kulturbeutel-seaworld-m\\\/#primaryimage\"},\"image\":{\"@id\":\"https:\\\/\\\/lamillou.ch\\\/produkt\\\/wasserdichter-kulturbeutel-seaworld-m\\\/#primaryimage\"},\"thumbnailUrl\":\"https:\\\/\\\/lamillou.ch\\\/wp-content\\\/uploads\\\/2026\\\/04\\\/image_1920_q7Msq.jpeg\",\"datePublished\":\"2026-04-08T12:25:26+00:00\",\"dateModified\":\"2026-04-22T07:50:31+00:00\",\"description\":\"Wasserdichter Kulturbeutel SEAWORLD in der Gr\u00f6sse M ist die ideale Kosmetiktasche, in der Sie alles an seinem Platz haben. Ein Muss f\u00fcr jeden\",\"breadcrumb\":{\"@id\":\"https:\\\/\\\/lamillou.ch\\\/produkt\\\/wasserdichter-kulturbeutel-seaworld-m\\\/#breadcrumb\"},\"inLanguage\":\"en-GB\",\"potentialAction\":[{\"@type\":\"ReadAction\",\"target\":[\"https:\\\/\\\/lamillou.ch\\\/produkt\\\/wasserdichter-kulturbeutel-seaworld-m\\\/\"]}]},{\"@type\":\"ImageObject\",\"inLanguage\":\"en-GB\",\"@id\":\"https:\\\/\\\/lamillou.ch\\\/produkt\\\/wasserdichter-kulturbeutel-seaworld-m\\\/#primaryimage\",\"url\":\"https:\\\/\\\/lamillou.ch\\\/wp-content\\\/uploads\\\/2026\\\/04\\\/image_1920_q7Msq.jpeg\",\"contentUrl\":\"https:\\\/\\\/lamillou.ch\\\/wp-content\\\/uploads\\\/2026\\\/04\\\/image_1920_q7Msq.jpeg\",\"width\":1920,\"height\":1920,\"caption\":\"Wasserdichter Kulturbeutel SEAWORLD - M Hauptbild\"},{\"@type\":\"BreadcrumbList\",\"@id\":\"https:\\\/\\\/lamillou.ch\\\/produkt\\\/wasserdichter-kulturbeutel-seaworld-m\\\/#breadcrumb\",\"itemListElement\":[{\"@type\":\"ListItem\",\"position\":1,\"name\":\"Home\",\"item\":\"https:\\\/\\\/lamillou.ch\\\/\"},{\"@type\":\"ListItem\",\"position\":2,\"name\":\"Shop\",\"item\":\"https:\\\/\\\/lamillou.ch\\\/shop\\\/\"},{\"@type\":\"ListItem\",\"position\":3,\"name\":\"Wasserdichter Kulturbeutel SEAWORLD &#8211; M\"}]},{\"@type\":\"WebSite\",\"@id\":\"https:\\\/\\\/lamillou.ch\\\/#website\",\"url\":\"https:\\\/\\\/lamillou.ch\\\/\",\"name\":\"lamillou.ch\",\"description\":\"\",\"potentialAction\":[{\"@type\":\"SearchAction\",\"target\":{\"@type\":\"EntryPoint\",\"urlTemplate\":\"https:\\\/\\\/lamillou.ch\\\/?s={search_term_string}\"},\"query-input\":{\"@type\":\"PropertyValueSpecification\",\"valueRequired\":true,\"valueName\":\"search_term_string\"}}],\"inLanguage\":\"en-GB\"}]}<\/script>\n<!-- \/ Yoast SEO plugin. -->","yoast_head_json":{"title":"Wasserdichter Kulturbeutel SEAWORLD - M - lamillou.ch","description":"Wasserdichter Kulturbeutel SEAWORLD in der Gr\u00f6sse M ist die ideale Kosmetiktasche, in der Sie alles an seinem Platz haben. Ein Muss f\u00fcr jeden","robots":{"index":"index","follow":"follow","max-snippet":"max-snippet:-1","max-image-preview":"max-image-preview:large","max-video-preview":"max-video-preview:-1"},"canonical":"https:\/\/lamillou.ch\/en\/product\/wasserdichter-kulturbeutel-seaworld-m\/","og_locale":"en_GB","og_type":"article","og_title":"Wasserdichter Kulturbeutel SEAWORLD - M - lamillou.ch","og_description":"Wasserdichter Kulturbeutel SEAWORLD in der Gr\u00f6sse M ist die ideale Kosmetiktasche, in der Sie alles an seinem Platz haben. Ein Muss f\u00fcr jeden","og_url":"https:\/\/lamillou.ch\/en\/product\/wasserdichter-kulturbeutel-seaworld-m\/","og_site_name":"lamillou.ch","article_modified_time":"2026-04-22T07:50:31+00:00","og_image":[{"width":1920,"height":1920,"url":"https:\/\/lamillou.ch\/wp-content\/uploads\/2026\/04\/image_1920_q7Msq.jpeg","type":"image\/jpeg"}],"twitter_card":"summary_large_image","twitter_misc":{"Estimated reading time":"1 minute"},"schema":{"@context":"https:\/\/schema.org","@graph":[{"@type":"WebPage","@id":"https:\/\/lamillou.ch\/produkt\/wasserdichter-kulturbeutel-seaworld-m\/","url":"https:\/\/lamillou.ch\/produkt\/wasserdichter-kulturbeutel-seaworld-m\/","name":"Wasserdichter Kulturbeutel SEAWORLD - M - lamillou.ch","isPartOf":{"@id":"https:\/\/lamillou.ch\/#website"},"primaryImageOfPage":{"@id":"https:\/\/lamillou.ch\/produkt\/wasserdichter-kulturbeutel-seaworld-m\/#primaryimage"},"image":{"@id":"https:\/\/lamillou.ch\/produkt\/wasserdichter-kulturbeutel-seaworld-m\/#primaryimage"},"thumbnailUrl":"https:\/\/lamillou.ch\/wp-content\/uploads\/2026\/04\/image_1920_q7Msq.jpeg","datePublished":"2026-04-08T12:25:26+00:00","dateModified":"2026-04-22T07:50:31+00:00","description":"Wasserdichter Kulturbeutel SEAWORLD in der Gr\u00f6sse M ist die ideale Kosmetiktasche, in der Sie alles an seinem Platz haben. Ein Muss f\u00fcr jeden","breadcrumb":{"@id":"https:\/\/lamillou.ch\/produkt\/wasserdichter-kulturbeutel-seaworld-m\/#breadcrumb"},"inLanguage":"en-GB","potentialAction":[{"@type":"ReadAction","target":["https:\/\/lamillou.ch\/produkt\/wasserdichter-kulturbeutel-seaworld-m\/"]}]},{"@type":"ImageObject","inLanguage":"en-GB","@id":"https:\/\/lamillou.ch\/produkt\/wasserdichter-kulturbeutel-seaworld-m\/#primaryimage","url":"https:\/\/lamillou.ch\/wp-content\/uploads\/2026\/04\/image_1920_q7Msq.jpeg","contentUrl":"https:\/\/lamillou.ch\/wp-content\/uploads\/2026\/04\/image_1920_q7Msq.jpeg","width":1920,"height":1920,"caption":"Wasserdichter Kulturbeutel SEAWORLD - M Hauptbild"},{"@type":"BreadcrumbList","@id":"https:\/\/lamillou.ch\/produkt\/wasserdichter-kulturbeutel-seaworld-m\/#breadcrumb","itemListElement":[{"@type":"ListItem","position":1,"name":"Home","item":"https:\/\/lamillou.ch\/"},{"@type":"ListItem","position":2,"name":"Shop","item":"https:\/\/lamillou.ch\/shop\/"},{"@type":"ListItem","position":3,"name":"Wasserdichter Kulturbeutel SEAWORLD &#8211; M"}]},{"@type":"WebSite","@id":"https:\/\/lamillou.ch\/#website","url":"https:\/\/lamillou.ch\/","name":"lamillou.ch","description":"","potentialAction":[{"@type":"SearchAction","target":{"@type":"EntryPoint","urlTemplate":"https:\/\/lamillou.ch\/?s={search_term_string}"},"query-input":{"@type":"PropertyValueSpecification","valueRequired":true,"valueName":"search_term_string"}}],"inLanguage":"en-GB"}]}},"_links":{"self":[{"href":"https:\/\/lamillou.ch\/en\/wp-json\/wp\/v2\/product\/30544","targetHints":{"allow":["GET"]}}],"collection":[{"href":"https:\/\/lamillou.ch\/en\/wp-json\/wp\/v2\/product"}],"about":[{"href":"https:\/\/lamillou.ch\/en\/wp-json\/wp\/v2\/types\/product"}],"replies":[{"embeddable":true,"href":"https:\/\/lamillou.ch\/en\/wp-json\/wp\/v2\/comments?post=30544"}],"version-history":[{"count":2,"href":"https:\/\/lamillou.ch\/en\/wp-json\/wp\/v2\/product\/30544\/revisions"}],"predecessor-version":[{"id":32451,"href":"https:\/\/lamillou.ch\/en\/wp-json\/wp\/v2\/product\/30544\/revisions\/32451"}],"wp:featuredmedia":[{"embeddable":true,"href":"https:\/\/lamillou.ch\/en\/wp-json\/wp\/v2\/media\/30865"}],"wp:attachment":[{"href":"https:\/\/lamillou.ch\/en\/wp-json\/wp\/v2\/media?parent=30544"}],"wp:term":[{"taxonomy":"product_brand","embeddable":true,"href":"https:\/\/lamillou.ch\/en\/wp-json\/wp\/v2\/product_brand?post=30544"},{"taxonomy":"product_cat","embeddable":true,"href":"https:\/\/lamillou.ch\/en\/wp-json\/wp\/v2\/product_cat?post=30544"},{"taxonomy":"product_tag","embeddable":true,"href":"https:\/\/lamillou.ch\/en\/wp-json\/wp\/v2\/product_tag?post=30544"}],"curies":[{"name":"wp","href":"https:\/\/api.w.org\/{rel}","templated":true}]}}