{"id":30499,"date":"2026-04-08T13:25:19","date_gmt":"2026-04-08T12:25:19","guid":{"rendered":"https:\/\/lamillou.ch\/produkt\/angels-wings-kissen-baumwolle-velvet-seaworld\/"},"modified":"2026-04-16T16:32:29","modified_gmt":"2026-04-16T15:32:29","slug":"angels-wings-kissen-baumwolle-velvet-seaworld","status":"publish","type":"product","link":"https:\/\/lamillou.ch\/en\/product\/angels-wings-kissen-baumwolle-velvet-seaworld\/","title":{"rendered":"Angel&#8217;s Wings Kissen Baumwolle Velvet SEAWORLD"},"content":{"rendered":"<p>Angel&#8217;s Wings ist ein kopfunterst\u00fctzendes Anti-Schock-Kissen. Wir haben seine optimale Form entwickelt, so dass es St\u00f6sse absorbiert und maximalen Komfort w\u00e4hrend der Reise bietet, insbesondere f\u00fcr die Kleinen. Wir empfehlen dieses aussergew\u00f6hnliche Kissen bereits in den ersten Tagen nach der Geburt Ihres Kindes. Dank der speziellen Profilierung von Angel&#8217;s Wings ist der Kopf Ihres Babys beim Gehen auf unebenem Untergrund weniger Mikrost\u00f6ssen ausgesetzt. Aber das ist nicht der einzige Vorteil &#8211; Angel&#8217;s Wings passt sich perfekt an die Position des Babys an und sorgt so f\u00fcr einen sorgenfreien Schlaf und Komfort f\u00fcr Ihr Kleines. Unser Kissen findet in jeder Umgebung seinen Platz: im Kinderwagen, in der Babyschale, auf dem Wickeltisch und \u00fcberall, wo Ihr Baby es braucht. *Die Seiten des Kissens sind mit einer elastischen, silikonhaltigen und antiallergischen F\u00fcllung versehen und wie unsere anderen Produkte in der Maschine waschbar. *Wichtig ist, dass die Innenseite des Kissens fast flach ist, was bei den Kleinen sehr wichtig ist. *Angel&#8217;s Wings sind zweiseitig, eine Seite besteht aus leichter und atmungsaktiver 100 % Baumwolle, und die andere aus weichem und warmem Samt. Die Kissen sind in den meisten Mustern unserer Decken und anderen Produkte erh\u00e4ltlich. Das Produkt sollte unter der Aufsicht eines Elternteils verwendet werden.<\/p>","protected":false},"excerpt":{"rendered":"<p>Angel&#8217;s Wings ist ein kopfunterst\u00fctzendes Anti-Schock-Kissen. Wir haben seine optimale Form entwickelt, so dass es St\u00f6sse absorbiert und maximalen Komfort<\/p>","protected":false},"featured_media":30913,"comment_status":"open","ping_status":"closed","template":"","meta":[],"product_brand":[88],"product_cat":[296],"product_tag":[],"class_list":{"0":"post-30499","1":"product","2":"type-product","3":"status-publish","4":"has-post-thumbnail","6":"product_brand-la-millou","7":"product_cat-anti-schock-kissen","9":"first","10":"instock","11":"taxable","12":"shipping-taxable","13":"purchasable","14":"product-type-simple"},"yoast_head":"<!-- This site is optimized with the Yoast SEO plugin v27.3 - https:\/\/yoast.com\/product\/yoast-seo-wordpress\/ -->\n<title>Angel&#039;s Wings Kissen Baumwolle Velvet SEAWORLD - lamillou.ch<\/title>\n<meta name=\"robots\" content=\"index, follow, max-snippet:-1, max-image-preview:large, max-video-preview:-1\" \/>\n<link rel=\"canonical\" href=\"https:\/\/lamillou.ch\/en\/product\/angels-wings-kissen-baumwolle-velvet-seaworld\/\" \/>\n<meta property=\"og:locale\" content=\"en_GB\" \/>\n<meta property=\"og:type\" content=\"article\" \/>\n<meta property=\"og:title\" content=\"Angel&#039;s Wings Kissen Baumwolle Velvet SEAWORLD - lamillou.ch\" \/>\n<meta property=\"og:description\" content=\"Angel&#8217;s Wings ist ein kopfunterst\u00fctzendes Anti-Schock-Kissen. Wir haben seine optimale Form entwickelt, so dass es St\u00f6sse absorbiert und maximalen Komfort\" \/>\n<meta property=\"og:url\" content=\"https:\/\/lamillou.ch\/en\/product\/angels-wings-kissen-baumwolle-velvet-seaworld\/\" \/>\n<meta property=\"og:site_name\" content=\"lamillou.ch\" \/>\n<meta property=\"article:modified_time\" content=\"2026-04-16T15:32:29+00:00\" \/>\n<meta name=\"twitter:card\" content=\"summary_large_image\" \/>\n<meta name=\"twitter:label1\" content=\"Estimated reading time\" \/>\n\t<meta name=\"twitter:data1\" content=\"1 minute\" \/>\n<script type=\"application\/ld+json\" class=\"yoast-schema-graph\">{\"@context\":\"https:\\\/\\\/schema.org\",\"@graph\":[{\"@type\":\"WebPage\",\"@id\":\"https:\\\/\\\/lamillou.ch\\\/produkt\\\/angels-wings-kissen-baumwolle-velvet-seaworld\\\/\",\"url\":\"https:\\\/\\\/lamillou.ch\\\/produkt\\\/angels-wings-kissen-baumwolle-velvet-seaworld\\\/\",\"name\":\"Angel's Wings Kissen Baumwolle Velvet SEAWORLD - lamillou.ch\",\"isPartOf\":{\"@id\":\"https:\\\/\\\/lamillou.ch\\\/#website\"},\"primaryImageOfPage\":{\"@id\":\"https:\\\/\\\/lamillou.ch\\\/produkt\\\/angels-wings-kissen-baumwolle-velvet-seaworld\\\/#primaryimage\"},\"image\":{\"@id\":\"https:\\\/\\\/lamillou.ch\\\/produkt\\\/angels-wings-kissen-baumwolle-velvet-seaworld\\\/#primaryimage\"},\"thumbnailUrl\":\"https:\\\/\\\/lamillou.ch\\\/wp-content\\\/uploads\\\/2026\\\/04\\\/image_1920_QYeJT.jpeg\",\"datePublished\":\"2026-04-08T12:25:19+00:00\",\"dateModified\":\"2026-04-16T15:32:29+00:00\",\"breadcrumb\":{\"@id\":\"https:\\\/\\\/lamillou.ch\\\/produkt\\\/angels-wings-kissen-baumwolle-velvet-seaworld\\\/#breadcrumb\"},\"inLanguage\":\"en-GB\",\"potentialAction\":[{\"@type\":\"ReadAction\",\"target\":[\"https:\\\/\\\/lamillou.ch\\\/produkt\\\/angels-wings-kissen-baumwolle-velvet-seaworld\\\/\"]}]},{\"@type\":\"ImageObject\",\"inLanguage\":\"en-GB\",\"@id\":\"https:\\\/\\\/lamillou.ch\\\/produkt\\\/angels-wings-kissen-baumwolle-velvet-seaworld\\\/#primaryimage\",\"url\":\"https:\\\/\\\/lamillou.ch\\\/wp-content\\\/uploads\\\/2026\\\/04\\\/image_1920_QYeJT.jpeg\",\"contentUrl\":\"https:\\\/\\\/lamillou.ch\\\/wp-content\\\/uploads\\\/2026\\\/04\\\/image_1920_QYeJT.jpeg\",\"width\":1920,\"height\":1920,\"caption\":\"Angel's Wings Kissen Baumwolle Velvet SEAWORLD Hauptbild\"},{\"@type\":\"BreadcrumbList\",\"@id\":\"https:\\\/\\\/lamillou.ch\\\/produkt\\\/angels-wings-kissen-baumwolle-velvet-seaworld\\\/#breadcrumb\",\"itemListElement\":[{\"@type\":\"ListItem\",\"position\":1,\"name\":\"Home\",\"item\":\"https:\\\/\\\/lamillou.ch\\\/\"},{\"@type\":\"ListItem\",\"position\":2,\"name\":\"Shop\",\"item\":\"https:\\\/\\\/lamillou.ch\\\/shop\\\/\"},{\"@type\":\"ListItem\",\"position\":3,\"name\":\"Angel&#8217;s Wings Kissen Baumwolle Velvet SEAWORLD\"}]},{\"@type\":\"WebSite\",\"@id\":\"https:\\\/\\\/lamillou.ch\\\/#website\",\"url\":\"https:\\\/\\\/lamillou.ch\\\/\",\"name\":\"lamillou.ch\",\"description\":\"\",\"potentialAction\":[{\"@type\":\"SearchAction\",\"target\":{\"@type\":\"EntryPoint\",\"urlTemplate\":\"https:\\\/\\\/lamillou.ch\\\/?s={search_term_string}\"},\"query-input\":{\"@type\":\"PropertyValueSpecification\",\"valueRequired\":true,\"valueName\":\"search_term_string\"}}],\"inLanguage\":\"en-GB\"}]}<\/script>\n<!-- \/ Yoast SEO plugin. -->","yoast_head_json":{"title":"Angel's Wings Kissen Baumwolle Velvet SEAWORLD - lamillou.ch","robots":{"index":"index","follow":"follow","max-snippet":"max-snippet:-1","max-image-preview":"max-image-preview:large","max-video-preview":"max-video-preview:-1"},"canonical":"https:\/\/lamillou.ch\/en\/product\/angels-wings-kissen-baumwolle-velvet-seaworld\/","og_locale":"en_GB","og_type":"article","og_title":"Angel's Wings Kissen Baumwolle Velvet SEAWORLD - lamillou.ch","og_description":"Angel&#8217;s Wings ist ein kopfunterst\u00fctzendes Anti-Schock-Kissen. Wir haben seine optimale Form entwickelt, so dass es St\u00f6sse absorbiert und maximalen Komfort","og_url":"https:\/\/lamillou.ch\/en\/product\/angels-wings-kissen-baumwolle-velvet-seaworld\/","og_site_name":"lamillou.ch","article_modified_time":"2026-04-16T15:32:29+00:00","twitter_card":"summary_large_image","twitter_misc":{"Estimated reading time":"1 minute"},"schema":{"@context":"https:\/\/schema.org","@graph":[{"@type":"WebPage","@id":"https:\/\/lamillou.ch\/produkt\/angels-wings-kissen-baumwolle-velvet-seaworld\/","url":"https:\/\/lamillou.ch\/produkt\/angels-wings-kissen-baumwolle-velvet-seaworld\/","name":"Angel's Wings Kissen Baumwolle Velvet SEAWORLD - lamillou.ch","isPartOf":{"@id":"https:\/\/lamillou.ch\/#website"},"primaryImageOfPage":{"@id":"https:\/\/lamillou.ch\/produkt\/angels-wings-kissen-baumwolle-velvet-seaworld\/#primaryimage"},"image":{"@id":"https:\/\/lamillou.ch\/produkt\/angels-wings-kissen-baumwolle-velvet-seaworld\/#primaryimage"},"thumbnailUrl":"https:\/\/lamillou.ch\/wp-content\/uploads\/2026\/04\/image_1920_QYeJT.jpeg","datePublished":"2026-04-08T12:25:19+00:00","dateModified":"2026-04-16T15:32:29+00:00","breadcrumb":{"@id":"https:\/\/lamillou.ch\/produkt\/angels-wings-kissen-baumwolle-velvet-seaworld\/#breadcrumb"},"inLanguage":"en-GB","potentialAction":[{"@type":"ReadAction","target":["https:\/\/lamillou.ch\/produkt\/angels-wings-kissen-baumwolle-velvet-seaworld\/"]}]},{"@type":"ImageObject","inLanguage":"en-GB","@id":"https:\/\/lamillou.ch\/produkt\/angels-wings-kissen-baumwolle-velvet-seaworld\/#primaryimage","url":"https:\/\/lamillou.ch\/wp-content\/uploads\/2026\/04\/image_1920_QYeJT.jpeg","contentUrl":"https:\/\/lamillou.ch\/wp-content\/uploads\/2026\/04\/image_1920_QYeJT.jpeg","width":1920,"height":1920,"caption":"Angel's Wings Kissen Baumwolle Velvet SEAWORLD Hauptbild"},{"@type":"BreadcrumbList","@id":"https:\/\/lamillou.ch\/produkt\/angels-wings-kissen-baumwolle-velvet-seaworld\/#breadcrumb","itemListElement":[{"@type":"ListItem","position":1,"name":"Home","item":"https:\/\/lamillou.ch\/"},{"@type":"ListItem","position":2,"name":"Shop","item":"https:\/\/lamillou.ch\/shop\/"},{"@type":"ListItem","position":3,"name":"Angel&#8217;s Wings Kissen Baumwolle Velvet SEAWORLD"}]},{"@type":"WebSite","@id":"https:\/\/lamillou.ch\/#website","url":"https:\/\/lamillou.ch\/","name":"lamillou.ch","description":"","potentialAction":[{"@type":"SearchAction","target":{"@type":"EntryPoint","urlTemplate":"https:\/\/lamillou.ch\/?s={search_term_string}"},"query-input":{"@type":"PropertyValueSpecification","valueRequired":true,"valueName":"search_term_string"}}],"inLanguage":"en-GB"}]}},"_links":{"self":[{"href":"https:\/\/lamillou.ch\/en\/wp-json\/wp\/v2\/product\/30499","targetHints":{"allow":["GET"]}}],"collection":[{"href":"https:\/\/lamillou.ch\/en\/wp-json\/wp\/v2\/product"}],"about":[{"href":"https:\/\/lamillou.ch\/en\/wp-json\/wp\/v2\/types\/product"}],"replies":[{"embeddable":true,"href":"https:\/\/lamillou.ch\/en\/wp-json\/wp\/v2\/comments?post=30499"}],"version-history":[{"count":0,"href":"https:\/\/lamillou.ch\/en\/wp-json\/wp\/v2\/product\/30499\/revisions"}],"wp:featuredmedia":[{"embeddable":true,"href":"https:\/\/lamillou.ch\/en\/wp-json\/wp\/v2\/media\/30913"}],"wp:attachment":[{"href":"https:\/\/lamillou.ch\/en\/wp-json\/wp\/v2\/media?parent=30499"}],"wp:term":[{"taxonomy":"product_brand","embeddable":true,"href":"https:\/\/lamillou.ch\/en\/wp-json\/wp\/v2\/product_brand?post=30499"},{"taxonomy":"product_cat","embeddable":true,"href":"https:\/\/lamillou.ch\/en\/wp-json\/wp\/v2\/product_cat?post=30499"},{"taxonomy":"product_tag","embeddable":true,"href":"https:\/\/lamillou.ch\/en\/wp-json\/wp\/v2\/product_tag?post=30499"}],"curies":[{"name":"wp","href":"https:\/\/api.w.org\/{rel}","templated":true}]}}