{"id":30429,"date":"2026-04-08T13:25:02","date_gmt":"2026-04-08T12:25:02","guid":{"rendered":"https:\/\/lamillou.ch\/produkt\/babynest-baumwolle-velvet-mom-cherie-m-50-x-86-cm\/"},"modified":"2026-04-16T20:42:18","modified_gmt":"2026-04-16T19:42:18","slug":"babynest-baumwolle-velvet-mom-cherie-m-50-x-86-cm","status":"publish","type":"product","link":"https:\/\/lamillou.ch\/en\/product\/babynest-baumwolle-velvet-mom-cherie-m-50-x-86-cm\/","title":{"rendered":"Babynest Baumwolle Velvet MOM CHERIE &#8211; M &#8211; 50 x 86 cm"},"content":{"rendered":"<p>Babykokon \/ Nestchen La Millou Weich, umh\u00fcllend und \u00e4usserst angenehm im Griff &#8211; der Baby\u00adkokon La Millou wurde mit Blick auf das Bed\u00fcrfnis nach N\u00e4he und Geborgenheit entwickelt, das in den ersten Lebensmonaten des Kindes so wichtig ist. Seine durchdachte Form umgibt sanft den K\u00f6rper des Babys und schafft einen ruhigen, freundlichen Raum zum Ausruhen und Entspannen. Neugeborene und S\u00e4uglinge f\u00fchlen sich in einem begrenzten Raum am wohlsten &#8211; der Kokon hilft ihnen, sich sanft in der neuen Welt zurechtzufinden, indem er Reiz\u00fcberflutung reduziert und die Entspannung unter dem wachsamen Auge eines Elternteils f\u00f6rdert.Nat\u00fcrliche Umh\u00fcllung und Komfort Form, die nat\u00fcrliche Position des Kindes unterst\u00fctzt,<br \/>\n weiche, stabile R\u00e4nder, die ein Gef\u00fchl von N\u00e4he und Schutz geben,<br \/>\n Raum, der die Bewegungen nicht einschr\u00e4nkt und dem Kind gleichzeitig ein Gef\u00fchl von Grenzen gibt,<br \/>\n geeignet f\u00fcr ruhiges Liegen, Ausruhen und gemeinsame Momente mit einem Elternteil. Wendbares 2-in-1-Design Der La Millou Kokon ist wendbar, sodass er sich leicht an die Bed\u00fcrfnisse des Kindes und die Jahreszeit anpassen l\u00e4sst: Baumwollseite &#8211; hochwertig, atmungsaktiv, sanft zur empfindlichen Haut von S\u00e4uglingen, Veloursseite &#8211; besonders weich und angenehm im Griff, umh\u00fcllend und warm. Es gen\u00fcgt, den Kokon umzudrehen, um seinen Charakter zu ver\u00e4ndern Vielseitige Verwendung Der Kokon eignet sich als: Ort f\u00fcr die t\u00e4gliche Ruhe,<br \/>\n sicherer Raum f\u00fcr ruhiges Spielen und Liegen auf dem R\u00fccken,<br \/>\n Matte unter einem Baby-Gym, Dank seiner entsprechenden Masse kann er dem Kind von der Geburt bis etwa zum 12. Monat dienen. Produktsicherheit Der Baby\u00adkokon La Millou erf\u00fcllt die Anforderungen der: Verordnung (EU) 2023\/988 &#8211; GPSR(bez\u00fcglich der allgemeinen Produktsicherheit) Das bedeutet, dass: er bei normaler und vorhersehbarer Verwendung sicher ist,<br \/>\n kein Risiko des Erstickens, Verschluckens, Einklemmens oder \u00dcberhitzens besteht,<br \/>\n er \u00fcber ordnungsgem\u00e4sse Warnhinweise sowie eine Gebrauchsanweisung verf\u00fcgt, Das Produkt ist aus zertifizierten OEKO-TEX\u00ae Standard 100 Materialien hergestellt, frei von sch\u00e4dlichen Substanzen und geeignet f\u00fcr die empfindliche Haut des Kindes<\/p>","protected":false},"excerpt":{"rendered":"<p>Babykokon \/ Nestchen La Millou Weich, umh\u00fcllend und \u00e4usserst angenehm im Griff &#8211; der Baby\u00adkokon La Millou wurde mit Blick<\/p>","protected":false},"featured_media":30983,"comment_status":"open","ping_status":"closed","template":"","meta":[],"product_brand":[88],"product_cat":[439],"product_tag":[],"class_list":{"0":"post-30429","1":"product","2":"type-product","3":"status-publish","4":"has-post-thumbnail","6":"product_brand-la-millou","7":"product_cat-babynest","9":"first","10":"instock","11":"taxable","12":"shipping-taxable","13":"purchasable","14":"product-type-simple"},"yoast_head":"<!-- This site is optimized with the Yoast SEO plugin v27.3 - https:\/\/yoast.com\/product\/yoast-seo-wordpress\/ -->\n<title>Babynest Baumwolle Velvet MOM CHERIE - M - 50 x 86 cm - lamillou.ch<\/title>\n<meta name=\"description\" content=\"Babykokon \/ Nestchen La Millou Weich, umh\u00fcllend und \u00e4usserst angenehm im Griff - der Baby\u00adkokon La Millou wurde mit Blick auf das Bed\u00fcrfnis nach N\u00e4he und\" \/>\n<meta name=\"robots\" content=\"index, follow, max-snippet:-1, max-image-preview:large, max-video-preview:-1\" \/>\n<link rel=\"canonical\" href=\"https:\/\/lamillou.ch\/en\/product\/babynest-baumwolle-velvet-mom-cherie-m-50-x-86-cm\/\" \/>\n<meta property=\"og:locale\" content=\"en_GB\" \/>\n<meta property=\"og:type\" content=\"article\" \/>\n<meta property=\"og:title\" content=\"Babynest Baumwolle Velvet MOM CHERIE - M - 50 x 86 cm - lamillou.ch\" \/>\n<meta property=\"og:description\" content=\"Babykokon \/ Nestchen La Millou Weich, umh\u00fcllend und \u00e4usserst angenehm im Griff - der Baby\u00adkokon La Millou wurde mit Blick auf das Bed\u00fcrfnis nach N\u00e4he und\" \/>\n<meta property=\"og:url\" content=\"https:\/\/lamillou.ch\/en\/product\/babynest-baumwolle-velvet-mom-cherie-m-50-x-86-cm\/\" \/>\n<meta property=\"og:site_name\" content=\"lamillou.ch\" \/>\n<meta property=\"article:modified_time\" content=\"2026-04-16T19:42:18+00:00\" \/>\n<meta property=\"og:image\" content=\"https:\/\/lamillou.ch\/wp-content\/uploads\/2026\/04\/image_1920_uqNXO.jpeg\" \/>\n\t<meta property=\"og:image:width\" content=\"1920\" \/>\n\t<meta property=\"og:image:height\" content=\"1920\" \/>\n\t<meta property=\"og:image:type\" content=\"image\/jpeg\" \/>\n<meta name=\"twitter:card\" content=\"summary_large_image\" \/>\n<meta name=\"twitter:label1\" content=\"Estimated reading time\" \/>\n\t<meta name=\"twitter:data1\" content=\"2 minutes\" \/>\n<script type=\"application\/ld+json\" class=\"yoast-schema-graph\">{\"@context\":\"https:\\\/\\\/schema.org\",\"@graph\":[{\"@type\":\"WebPage\",\"@id\":\"https:\\\/\\\/lamillou.ch\\\/produkt\\\/babynest-baumwolle-velvet-mom-cherie-m-50-x-86-cm\\\/\",\"url\":\"https:\\\/\\\/lamillou.ch\\\/produkt\\\/babynest-baumwolle-velvet-mom-cherie-m-50-x-86-cm\\\/\",\"name\":\"Babynest Baumwolle Velvet MOM CHERIE - M - 50 x 86 cm - lamillou.ch\",\"isPartOf\":{\"@id\":\"https:\\\/\\\/lamillou.ch\\\/#website\"},\"primaryImageOfPage\":{\"@id\":\"https:\\\/\\\/lamillou.ch\\\/produkt\\\/babynest-baumwolle-velvet-mom-cherie-m-50-x-86-cm\\\/#primaryimage\"},\"image\":{\"@id\":\"https:\\\/\\\/lamillou.ch\\\/produkt\\\/babynest-baumwolle-velvet-mom-cherie-m-50-x-86-cm\\\/#primaryimage\"},\"thumbnailUrl\":\"https:\\\/\\\/lamillou.ch\\\/wp-content\\\/uploads\\\/2026\\\/04\\\/image_1920_uqNXO.jpeg\",\"datePublished\":\"2026-04-08T12:25:02+00:00\",\"dateModified\":\"2026-04-16T19:42:18+00:00\",\"description\":\"Babykokon \\\/ Nestchen La Millou Weich, umh\u00fcllend und \u00e4usserst angenehm im Griff - der Baby\u00adkokon La Millou wurde mit Blick auf das Bed\u00fcrfnis nach N\u00e4he und\",\"breadcrumb\":{\"@id\":\"https:\\\/\\\/lamillou.ch\\\/produkt\\\/babynest-baumwolle-velvet-mom-cherie-m-50-x-86-cm\\\/#breadcrumb\"},\"inLanguage\":\"en-GB\",\"potentialAction\":[{\"@type\":\"ReadAction\",\"target\":[\"https:\\\/\\\/lamillou.ch\\\/produkt\\\/babynest-baumwolle-velvet-mom-cherie-m-50-x-86-cm\\\/\"]}]},{\"@type\":\"ImageObject\",\"inLanguage\":\"en-GB\",\"@id\":\"https:\\\/\\\/lamillou.ch\\\/produkt\\\/babynest-baumwolle-velvet-mom-cherie-m-50-x-86-cm\\\/#primaryimage\",\"url\":\"https:\\\/\\\/lamillou.ch\\\/wp-content\\\/uploads\\\/2026\\\/04\\\/image_1920_uqNXO.jpeg\",\"contentUrl\":\"https:\\\/\\\/lamillou.ch\\\/wp-content\\\/uploads\\\/2026\\\/04\\\/image_1920_uqNXO.jpeg\",\"width\":1920,\"height\":1920,\"caption\":\"Babynest Baumwolle Velvet MOM CHERIE - M - 50 x 86 cm Hauptbild\"},{\"@type\":\"BreadcrumbList\",\"@id\":\"https:\\\/\\\/lamillou.ch\\\/produkt\\\/babynest-baumwolle-velvet-mom-cherie-m-50-x-86-cm\\\/#breadcrumb\",\"itemListElement\":[{\"@type\":\"ListItem\",\"position\":1,\"name\":\"Home\",\"item\":\"https:\\\/\\\/lamillou.ch\\\/\"},{\"@type\":\"ListItem\",\"position\":2,\"name\":\"Shop\",\"item\":\"https:\\\/\\\/lamillou.ch\\\/shop\\\/\"},{\"@type\":\"ListItem\",\"position\":3,\"name\":\"Babynest Baumwolle Velvet MOM CHERIE &#8211; M &#8211; 50 x 86 cm\"}]},{\"@type\":\"WebSite\",\"@id\":\"https:\\\/\\\/lamillou.ch\\\/#website\",\"url\":\"https:\\\/\\\/lamillou.ch\\\/\",\"name\":\"lamillou.ch\",\"description\":\"\",\"potentialAction\":[{\"@type\":\"SearchAction\",\"target\":{\"@type\":\"EntryPoint\",\"urlTemplate\":\"https:\\\/\\\/lamillou.ch\\\/?s={search_term_string}\"},\"query-input\":{\"@type\":\"PropertyValueSpecification\",\"valueRequired\":true,\"valueName\":\"search_term_string\"}}],\"inLanguage\":\"en-GB\"}]}<\/script>\n<!-- \/ Yoast SEO plugin. -->","yoast_head_json":{"title":"Babynest Baumwolle Velvet MOM CHERIE - M - 50 x 86 cm - lamillou.ch","description":"Babykokon \/ Nestchen La Millou Weich, umh\u00fcllend und \u00e4usserst angenehm im Griff - der Baby\u00adkokon La Millou wurde mit Blick auf das Bed\u00fcrfnis nach N\u00e4he und","robots":{"index":"index","follow":"follow","max-snippet":"max-snippet:-1","max-image-preview":"max-image-preview:large","max-video-preview":"max-video-preview:-1"},"canonical":"https:\/\/lamillou.ch\/en\/product\/babynest-baumwolle-velvet-mom-cherie-m-50-x-86-cm\/","og_locale":"en_GB","og_type":"article","og_title":"Babynest Baumwolle Velvet MOM CHERIE - M - 50 x 86 cm - lamillou.ch","og_description":"Babykokon \/ Nestchen La Millou Weich, umh\u00fcllend und \u00e4usserst angenehm im Griff - der Baby\u00adkokon La Millou wurde mit Blick auf das Bed\u00fcrfnis nach N\u00e4he und","og_url":"https:\/\/lamillou.ch\/en\/product\/babynest-baumwolle-velvet-mom-cherie-m-50-x-86-cm\/","og_site_name":"lamillou.ch","article_modified_time":"2026-04-16T19:42:18+00:00","og_image":[{"width":1920,"height":1920,"url":"https:\/\/lamillou.ch\/wp-content\/uploads\/2026\/04\/image_1920_uqNXO.jpeg","type":"image\/jpeg"}],"twitter_card":"summary_large_image","twitter_misc":{"Estimated reading time":"2 minutes"},"schema":{"@context":"https:\/\/schema.org","@graph":[{"@type":"WebPage","@id":"https:\/\/lamillou.ch\/produkt\/babynest-baumwolle-velvet-mom-cherie-m-50-x-86-cm\/","url":"https:\/\/lamillou.ch\/produkt\/babynest-baumwolle-velvet-mom-cherie-m-50-x-86-cm\/","name":"Babynest Baumwolle Velvet MOM CHERIE - M - 50 x 86 cm - lamillou.ch","isPartOf":{"@id":"https:\/\/lamillou.ch\/#website"},"primaryImageOfPage":{"@id":"https:\/\/lamillou.ch\/produkt\/babynest-baumwolle-velvet-mom-cherie-m-50-x-86-cm\/#primaryimage"},"image":{"@id":"https:\/\/lamillou.ch\/produkt\/babynest-baumwolle-velvet-mom-cherie-m-50-x-86-cm\/#primaryimage"},"thumbnailUrl":"https:\/\/lamillou.ch\/wp-content\/uploads\/2026\/04\/image_1920_uqNXO.jpeg","datePublished":"2026-04-08T12:25:02+00:00","dateModified":"2026-04-16T19:42:18+00:00","description":"Babykokon \/ Nestchen La Millou Weich, umh\u00fcllend und \u00e4usserst angenehm im Griff - der Baby\u00adkokon La Millou wurde mit Blick auf das Bed\u00fcrfnis nach N\u00e4he und","breadcrumb":{"@id":"https:\/\/lamillou.ch\/produkt\/babynest-baumwolle-velvet-mom-cherie-m-50-x-86-cm\/#breadcrumb"},"inLanguage":"en-GB","potentialAction":[{"@type":"ReadAction","target":["https:\/\/lamillou.ch\/produkt\/babynest-baumwolle-velvet-mom-cherie-m-50-x-86-cm\/"]}]},{"@type":"ImageObject","inLanguage":"en-GB","@id":"https:\/\/lamillou.ch\/produkt\/babynest-baumwolle-velvet-mom-cherie-m-50-x-86-cm\/#primaryimage","url":"https:\/\/lamillou.ch\/wp-content\/uploads\/2026\/04\/image_1920_uqNXO.jpeg","contentUrl":"https:\/\/lamillou.ch\/wp-content\/uploads\/2026\/04\/image_1920_uqNXO.jpeg","width":1920,"height":1920,"caption":"Babynest Baumwolle Velvet MOM CHERIE - M - 50 x 86 cm Hauptbild"},{"@type":"BreadcrumbList","@id":"https:\/\/lamillou.ch\/produkt\/babynest-baumwolle-velvet-mom-cherie-m-50-x-86-cm\/#breadcrumb","itemListElement":[{"@type":"ListItem","position":1,"name":"Home","item":"https:\/\/lamillou.ch\/"},{"@type":"ListItem","position":2,"name":"Shop","item":"https:\/\/lamillou.ch\/shop\/"},{"@type":"ListItem","position":3,"name":"Babynest Baumwolle Velvet MOM CHERIE &#8211; M &#8211; 50 x 86 cm"}]},{"@type":"WebSite","@id":"https:\/\/lamillou.ch\/#website","url":"https:\/\/lamillou.ch\/","name":"lamillou.ch","description":"","potentialAction":[{"@type":"SearchAction","target":{"@type":"EntryPoint","urlTemplate":"https:\/\/lamillou.ch\/?s={search_term_string}"},"query-input":{"@type":"PropertyValueSpecification","valueRequired":true,"valueName":"search_term_string"}}],"inLanguage":"en-GB"}]}},"_links":{"self":[{"href":"https:\/\/lamillou.ch\/en\/wp-json\/wp\/v2\/product\/30429","targetHints":{"allow":["GET"]}}],"collection":[{"href":"https:\/\/lamillou.ch\/en\/wp-json\/wp\/v2\/product"}],"about":[{"href":"https:\/\/lamillou.ch\/en\/wp-json\/wp\/v2\/types\/product"}],"replies":[{"embeddable":true,"href":"https:\/\/lamillou.ch\/en\/wp-json\/wp\/v2\/comments?post=30429"}],"version-history":[{"count":0,"href":"https:\/\/lamillou.ch\/en\/wp-json\/wp\/v2\/product\/30429\/revisions"}],"wp:featuredmedia":[{"embeddable":true,"href":"https:\/\/lamillou.ch\/en\/wp-json\/wp\/v2\/media\/30983"}],"wp:attachment":[{"href":"https:\/\/lamillou.ch\/en\/wp-json\/wp\/v2\/media?parent=30429"}],"wp:term":[{"taxonomy":"product_brand","embeddable":true,"href":"https:\/\/lamillou.ch\/en\/wp-json\/wp\/v2\/product_brand?post=30429"},{"taxonomy":"product_cat","embeddable":true,"href":"https:\/\/lamillou.ch\/en\/wp-json\/wp\/v2\/product_cat?post=30429"},{"taxonomy":"product_tag","embeddable":true,"href":"https:\/\/lamillou.ch\/en\/wp-json\/wp\/v2\/product_tag?post=30429"}],"curies":[{"name":"wp","href":"https:\/\/api.w.org\/{rel}","templated":true}]}}