{"id":30414,"date":"2026-04-08T13:25:01","date_gmt":"2026-04-08T12:25:01","guid":{"rendered":"https:\/\/lamillou.ch\/produkt\/gurtschoner-baumwolle-velvet-bandana-cream\/"},"modified":"2026-04-17T00:15:42","modified_gmt":"2026-04-16T23:15:42","slug":"gurtschoner-baumwolle-velvet-bandana-cream","status":"publish","type":"product","link":"https:\/\/lamillou.ch\/en\/product\/gurtschoner-baumwolle-velvet-bandana-cream\/","title":{"rendered":"Gurtschoner Baumwolle Velvet BANDANA CREAM"},"content":{"rendered":"<p>Funktionelle Sicherheitsgurtschoner. Sie sind ideal f\u00fcr die Verwendung im Kinderwagen und im Autositz. Sie erm\u00f6glichen es Ihnen, Ihrem Kind w\u00e4hrend der Fahrt maximalen Komfort zu bieten, bilden ein perfektes Set mit dem Kinderwageneinsatz und sch\u00fctzen die zarte Haut Ihres Kindes vor dem Kontakt mit dem synthetischen Material der Sicherheitsgurte.<\/p>","protected":false},"excerpt":{"rendered":"<p>Funktionelle Sicherheitsgurtschoner. Sie sind ideal f\u00fcr die Verwendung im Kinderwagen und im Autositz. Sie erm\u00f6glichen es Ihnen, Ihrem Kind w\u00e4hrend<\/p>","protected":false},"featured_media":30998,"comment_status":"open","ping_status":"closed","template":"","meta":[],"product_brand":[88],"product_cat":[294],"product_tag":[],"class_list":{"0":"post-30414","1":"product","2":"type-product","3":"status-publish","4":"has-post-thumbnail","6":"product_brand-la-millou","7":"product_cat-gurtschoner","9":"first","10":"instock","11":"taxable","12":"shipping-taxable","13":"purchasable","14":"product-type-simple"},"yoast_head":"<!-- This site is optimized with the Yoast SEO plugin v27.3 - https:\/\/yoast.com\/product\/yoast-seo-wordpress\/ -->\n<title>Gurtschoner Baumwolle Velvet BANDANA CREAM - lamillou.ch<\/title>\n<meta name=\"description\" content=\"Funktionelle Sicherheitsgurtschoner. Sie sind ideal f\u00fcr die Verwendung im Kinderwagen und im Autositz. Sie erm\u00f6glichen es Ihnen, Ihrem Kind w\u00e4hrend der\" \/>\n<meta name=\"robots\" content=\"index, follow, max-snippet:-1, max-image-preview:large, max-video-preview:-1\" \/>\n<link rel=\"canonical\" href=\"https:\/\/lamillou.ch\/en\/product\/gurtschoner-baumwolle-velvet-bandana-cream\/\" \/>\n<meta property=\"og:locale\" content=\"en_GB\" \/>\n<meta property=\"og:type\" content=\"article\" \/>\n<meta property=\"og:title\" content=\"Gurtschoner Baumwolle Velvet BANDANA CREAM - lamillou.ch\" \/>\n<meta property=\"og:description\" content=\"Funktionelle Sicherheitsgurtschoner. Sie sind ideal f\u00fcr die Verwendung im Kinderwagen und im Autositz. Sie erm\u00f6glichen es Ihnen, Ihrem Kind w\u00e4hrend der\" \/>\n<meta property=\"og:url\" content=\"https:\/\/lamillou.ch\/en\/product\/gurtschoner-baumwolle-velvet-bandana-cream\/\" \/>\n<meta property=\"og:site_name\" content=\"lamillou.ch\" \/>\n<meta property=\"article:modified_time\" content=\"2026-04-16T23:15:42+00:00\" \/>\n<meta property=\"og:image\" content=\"https:\/\/lamillou.ch\/wp-content\/uploads\/2026\/04\/image_1920_PoVD8.jpeg\" \/>\n\t<meta property=\"og:image:width\" content=\"1920\" \/>\n\t<meta property=\"og:image:height\" content=\"1920\" \/>\n\t<meta property=\"og:image:type\" content=\"image\/jpeg\" \/>\n<meta name=\"twitter:card\" content=\"summary_large_image\" \/>\n<script type=\"application\/ld+json\" class=\"yoast-schema-graph\">{\"@context\":\"https:\\\/\\\/schema.org\",\"@graph\":[{\"@type\":\"WebPage\",\"@id\":\"https:\\\/\\\/lamillou.ch\\\/produkt\\\/gurtschoner-baumwolle-velvet-bandana-cream\\\/\",\"url\":\"https:\\\/\\\/lamillou.ch\\\/produkt\\\/gurtschoner-baumwolle-velvet-bandana-cream\\\/\",\"name\":\"Gurtschoner Baumwolle Velvet BANDANA CREAM - lamillou.ch\",\"isPartOf\":{\"@id\":\"https:\\\/\\\/lamillou.ch\\\/#website\"},\"primaryImageOfPage\":{\"@id\":\"https:\\\/\\\/lamillou.ch\\\/produkt\\\/gurtschoner-baumwolle-velvet-bandana-cream\\\/#primaryimage\"},\"image\":{\"@id\":\"https:\\\/\\\/lamillou.ch\\\/produkt\\\/gurtschoner-baumwolle-velvet-bandana-cream\\\/#primaryimage\"},\"thumbnailUrl\":\"https:\\\/\\\/lamillou.ch\\\/wp-content\\\/uploads\\\/2026\\\/04\\\/image_1920_PoVD8.jpeg\",\"datePublished\":\"2026-04-08T12:25:01+00:00\",\"dateModified\":\"2026-04-16T23:15:42+00:00\",\"description\":\"Funktionelle Sicherheitsgurtschoner. Sie sind ideal f\u00fcr die Verwendung im Kinderwagen und im Autositz. Sie erm\u00f6glichen es Ihnen, Ihrem Kind w\u00e4hrend der\",\"breadcrumb\":{\"@id\":\"https:\\\/\\\/lamillou.ch\\\/produkt\\\/gurtschoner-baumwolle-velvet-bandana-cream\\\/#breadcrumb\"},\"inLanguage\":\"en-GB\",\"potentialAction\":[{\"@type\":\"ReadAction\",\"target\":[\"https:\\\/\\\/lamillou.ch\\\/produkt\\\/gurtschoner-baumwolle-velvet-bandana-cream\\\/\"]}]},{\"@type\":\"ImageObject\",\"inLanguage\":\"en-GB\",\"@id\":\"https:\\\/\\\/lamillou.ch\\\/produkt\\\/gurtschoner-baumwolle-velvet-bandana-cream\\\/#primaryimage\",\"url\":\"https:\\\/\\\/lamillou.ch\\\/wp-content\\\/uploads\\\/2026\\\/04\\\/image_1920_PoVD8.jpeg\",\"contentUrl\":\"https:\\\/\\\/lamillou.ch\\\/wp-content\\\/uploads\\\/2026\\\/04\\\/image_1920_PoVD8.jpeg\",\"width\":1920,\"height\":1920,\"caption\":\"Gurtschoner Baumwolle Velvet BANDANA CREAM Hauptbild\"},{\"@type\":\"BreadcrumbList\",\"@id\":\"https:\\\/\\\/lamillou.ch\\\/produkt\\\/gurtschoner-baumwolle-velvet-bandana-cream\\\/#breadcrumb\",\"itemListElement\":[{\"@type\":\"ListItem\",\"position\":1,\"name\":\"Home\",\"item\":\"https:\\\/\\\/lamillou.ch\\\/\"},{\"@type\":\"ListItem\",\"position\":2,\"name\":\"Shop\",\"item\":\"https:\\\/\\\/lamillou.ch\\\/shop\\\/\"},{\"@type\":\"ListItem\",\"position\":3,\"name\":\"Gurtschoner Baumwolle Velvet BANDANA CREAM\"}]},{\"@type\":\"WebSite\",\"@id\":\"https:\\\/\\\/lamillou.ch\\\/#website\",\"url\":\"https:\\\/\\\/lamillou.ch\\\/\",\"name\":\"lamillou.ch\",\"description\":\"\",\"potentialAction\":[{\"@type\":\"SearchAction\",\"target\":{\"@type\":\"EntryPoint\",\"urlTemplate\":\"https:\\\/\\\/lamillou.ch\\\/?s={search_term_string}\"},\"query-input\":{\"@type\":\"PropertyValueSpecification\",\"valueRequired\":true,\"valueName\":\"search_term_string\"}}],\"inLanguage\":\"en-GB\"}]}<\/script>\n<!-- \/ Yoast SEO plugin. -->","yoast_head_json":{"title":"Gurtschoner Baumwolle Velvet BANDANA CREAM - lamillou.ch","description":"Funktionelle Sicherheitsgurtschoner. Sie sind ideal f\u00fcr die Verwendung im Kinderwagen und im Autositz. Sie erm\u00f6glichen es Ihnen, Ihrem Kind w\u00e4hrend der","robots":{"index":"index","follow":"follow","max-snippet":"max-snippet:-1","max-image-preview":"max-image-preview:large","max-video-preview":"max-video-preview:-1"},"canonical":"https:\/\/lamillou.ch\/en\/product\/gurtschoner-baumwolle-velvet-bandana-cream\/","og_locale":"en_GB","og_type":"article","og_title":"Gurtschoner Baumwolle Velvet BANDANA CREAM - lamillou.ch","og_description":"Funktionelle Sicherheitsgurtschoner. Sie sind ideal f\u00fcr die Verwendung im Kinderwagen und im Autositz. Sie erm\u00f6glichen es Ihnen, Ihrem Kind w\u00e4hrend der","og_url":"https:\/\/lamillou.ch\/en\/product\/gurtschoner-baumwolle-velvet-bandana-cream\/","og_site_name":"lamillou.ch","article_modified_time":"2026-04-16T23:15:42+00:00","og_image":[{"width":1920,"height":1920,"url":"https:\/\/lamillou.ch\/wp-content\/uploads\/2026\/04\/image_1920_PoVD8.jpeg","type":"image\/jpeg"}],"twitter_card":"summary_large_image","schema":{"@context":"https:\/\/schema.org","@graph":[{"@type":"WebPage","@id":"https:\/\/lamillou.ch\/produkt\/gurtschoner-baumwolle-velvet-bandana-cream\/","url":"https:\/\/lamillou.ch\/produkt\/gurtschoner-baumwolle-velvet-bandana-cream\/","name":"Gurtschoner Baumwolle Velvet BANDANA CREAM - lamillou.ch","isPartOf":{"@id":"https:\/\/lamillou.ch\/#website"},"primaryImageOfPage":{"@id":"https:\/\/lamillou.ch\/produkt\/gurtschoner-baumwolle-velvet-bandana-cream\/#primaryimage"},"image":{"@id":"https:\/\/lamillou.ch\/produkt\/gurtschoner-baumwolle-velvet-bandana-cream\/#primaryimage"},"thumbnailUrl":"https:\/\/lamillou.ch\/wp-content\/uploads\/2026\/04\/image_1920_PoVD8.jpeg","datePublished":"2026-04-08T12:25:01+00:00","dateModified":"2026-04-16T23:15:42+00:00","description":"Funktionelle Sicherheitsgurtschoner. Sie sind ideal f\u00fcr die Verwendung im Kinderwagen und im Autositz. Sie erm\u00f6glichen es Ihnen, Ihrem Kind w\u00e4hrend der","breadcrumb":{"@id":"https:\/\/lamillou.ch\/produkt\/gurtschoner-baumwolle-velvet-bandana-cream\/#breadcrumb"},"inLanguage":"en-GB","potentialAction":[{"@type":"ReadAction","target":["https:\/\/lamillou.ch\/produkt\/gurtschoner-baumwolle-velvet-bandana-cream\/"]}]},{"@type":"ImageObject","inLanguage":"en-GB","@id":"https:\/\/lamillou.ch\/produkt\/gurtschoner-baumwolle-velvet-bandana-cream\/#primaryimage","url":"https:\/\/lamillou.ch\/wp-content\/uploads\/2026\/04\/image_1920_PoVD8.jpeg","contentUrl":"https:\/\/lamillou.ch\/wp-content\/uploads\/2026\/04\/image_1920_PoVD8.jpeg","width":1920,"height":1920,"caption":"Gurtschoner Baumwolle Velvet BANDANA CREAM Hauptbild"},{"@type":"BreadcrumbList","@id":"https:\/\/lamillou.ch\/produkt\/gurtschoner-baumwolle-velvet-bandana-cream\/#breadcrumb","itemListElement":[{"@type":"ListItem","position":1,"name":"Home","item":"https:\/\/lamillou.ch\/"},{"@type":"ListItem","position":2,"name":"Shop","item":"https:\/\/lamillou.ch\/shop\/"},{"@type":"ListItem","position":3,"name":"Gurtschoner Baumwolle Velvet BANDANA CREAM"}]},{"@type":"WebSite","@id":"https:\/\/lamillou.ch\/#website","url":"https:\/\/lamillou.ch\/","name":"lamillou.ch","description":"","potentialAction":[{"@type":"SearchAction","target":{"@type":"EntryPoint","urlTemplate":"https:\/\/lamillou.ch\/?s={search_term_string}"},"query-input":{"@type":"PropertyValueSpecification","valueRequired":true,"valueName":"search_term_string"}}],"inLanguage":"en-GB"}]}},"_links":{"self":[{"href":"https:\/\/lamillou.ch\/en\/wp-json\/wp\/v2\/product\/30414","targetHints":{"allow":["GET"]}}],"collection":[{"href":"https:\/\/lamillou.ch\/en\/wp-json\/wp\/v2\/product"}],"about":[{"href":"https:\/\/lamillou.ch\/en\/wp-json\/wp\/v2\/types\/product"}],"replies":[{"embeddable":true,"href":"https:\/\/lamillou.ch\/en\/wp-json\/wp\/v2\/comments?post=30414"}],"version-history":[{"count":0,"href":"https:\/\/lamillou.ch\/en\/wp-json\/wp\/v2\/product\/30414\/revisions"}],"wp:featuredmedia":[{"embeddable":true,"href":"https:\/\/lamillou.ch\/en\/wp-json\/wp\/v2\/media\/30998"}],"wp:attachment":[{"href":"https:\/\/lamillou.ch\/en\/wp-json\/wp\/v2\/media?parent=30414"}],"wp:term":[{"taxonomy":"product_brand","embeddable":true,"href":"https:\/\/lamillou.ch\/en\/wp-json\/wp\/v2\/product_brand?post=30414"},{"taxonomy":"product_cat","embeddable":true,"href":"https:\/\/lamillou.ch\/en\/wp-json\/wp\/v2\/product_cat?post=30414"},{"taxonomy":"product_tag","embeddable":true,"href":"https:\/\/lamillou.ch\/en\/wp-json\/wp\/v2\/product_tag?post=30414"}],"curies":[{"name":"wp","href":"https:\/\/api.w.org\/{rel}","templated":true}]}}