{"id":30301,"date":"2026-04-08T13:23:46","date_gmt":"2026-04-08T12:23:46","guid":{"rendered":"https:\/\/lamillou.ch\/produkt\/nylon-taeschchen-stripes-brown\/"},"modified":"2026-04-17T00:08:31","modified_gmt":"2026-04-16T23:08:31","slug":"nylon-taeschchen-stripes-brown","status":"publish","type":"product","link":"https:\/\/lamillou.ch\/en\/product\/nylon-taeschchen-stripes-brown\/","title":{"rendered":"Nylon-T\u00e4schchen STRIPES BROWN"},"content":{"rendered":"<p>Stilvoll und funktional \u2013 perfekt f\u00fcr den Alltag und auf Reisen. Diese kompakte Tasche bietet Platz f\u00fcr all die kleinen Dinge, die du immer bei dir haben m\u00f6chtest \u2013 Karten, Schl\u00fcssel, Geld oder Lipgloss. Dank der langen Schlaufe kannst du sie bequem am Handgelenk tragen oder im Inneren deiner Tasche befestigen. So kannst du sicher sein, dass nichts herausf\u00e4llt und alles sicher bleibt \u2013 immer in deiner N\u00e4he. Aus weichem, gestepptem Nylon gefertigt, ist sie besonders leicht, angenehm im Griff und leicht zu reinigen \u2013 du kannst sie problemlos in der Waschmaschine waschen. Funktionalit\u00e4t in ihrer zartesten Form \u2013 denn selbst die kleinsten Accessoires k\u00f6nnen grossen Stil haben.<\/p>","protected":false},"excerpt":{"rendered":"<p>Stilvoll und funktional \u2013 perfekt f\u00fcr den Alltag und auf Reisen. Diese kompakte Tasche bietet Platz f\u00fcr all die kleinen<\/p>","protected":false},"featured_media":31120,"comment_status":"open","ping_status":"closed","template":"","meta":[],"product_brand":[88],"product_cat":[431],"product_tag":[],"class_list":{"0":"post-30301","1":"product","2":"type-product","3":"status-publish","4":"has-post-thumbnail","6":"product_brand-la-millou","7":"product_cat-taeschchen","9":"first","10":"instock","11":"taxable","12":"shipping-taxable","13":"purchasable","14":"product-type-simple"},"yoast_head":"<!-- This site is optimized with the Yoast SEO plugin v27.3 - https:\/\/yoast.com\/product\/yoast-seo-wordpress\/ -->\n<title>Nylon-T\u00e4schchen STRIPES BROWN - lamillou.ch<\/title>\n<meta name=\"description\" content=\"Stilvoll und funktional \u2013 perfekt f\u00fcr den Alltag und auf Reisen. Diese kompakte Tasche bietet Platz f\u00fcr all die kleinen Dinge, die du immer bei dir haben\" \/>\n<meta name=\"robots\" content=\"index, follow, max-snippet:-1, max-image-preview:large, max-video-preview:-1\" \/>\n<link rel=\"canonical\" href=\"https:\/\/lamillou.ch\/en\/product\/nylon-taeschchen-stripes-brown\/\" \/>\n<meta property=\"og:locale\" content=\"en_GB\" \/>\n<meta property=\"og:type\" content=\"article\" \/>\n<meta property=\"og:title\" content=\"Nylon-T\u00e4schchen STRIPES BROWN - lamillou.ch\" \/>\n<meta property=\"og:description\" content=\"Stilvoll und funktional \u2013 perfekt f\u00fcr den Alltag und auf Reisen. Diese kompakte Tasche bietet Platz f\u00fcr all die kleinen Dinge, die du immer bei dir haben\" \/>\n<meta property=\"og:url\" content=\"https:\/\/lamillou.ch\/en\/product\/nylon-taeschchen-stripes-brown\/\" \/>\n<meta property=\"og:site_name\" content=\"lamillou.ch\" \/>\n<meta property=\"article:modified_time\" content=\"2026-04-16T23:08:31+00:00\" \/>\n<meta property=\"og:image\" content=\"https:\/\/lamillou.ch\/wp-content\/uploads\/2026\/04\/image_1920_HcxUC.jpeg\" \/>\n\t<meta property=\"og:image:width\" content=\"1920\" \/>\n\t<meta property=\"og:image:height\" content=\"1920\" \/>\n\t<meta property=\"og:image:type\" content=\"image\/jpeg\" \/>\n<meta name=\"twitter:card\" content=\"summary_large_image\" \/>\n<meta name=\"twitter:label1\" content=\"Estimated reading time\" \/>\n\t<meta name=\"twitter:data1\" content=\"1 minute\" \/>\n<script type=\"application\/ld+json\" class=\"yoast-schema-graph\">{\"@context\":\"https:\\\/\\\/schema.org\",\"@graph\":[{\"@type\":\"WebPage\",\"@id\":\"https:\\\/\\\/lamillou.ch\\\/produkt\\\/nylon-taeschchen-stripes-brown\\\/\",\"url\":\"https:\\\/\\\/lamillou.ch\\\/produkt\\\/nylon-taeschchen-stripes-brown\\\/\",\"name\":\"Nylon-T\u00e4schchen STRIPES BROWN - lamillou.ch\",\"isPartOf\":{\"@id\":\"https:\\\/\\\/lamillou.ch\\\/#website\"},\"primaryImageOfPage\":{\"@id\":\"https:\\\/\\\/lamillou.ch\\\/produkt\\\/nylon-taeschchen-stripes-brown\\\/#primaryimage\"},\"image\":{\"@id\":\"https:\\\/\\\/lamillou.ch\\\/produkt\\\/nylon-taeschchen-stripes-brown\\\/#primaryimage\"},\"thumbnailUrl\":\"https:\\\/\\\/lamillou.ch\\\/wp-content\\\/uploads\\\/2026\\\/04\\\/image_1920_HcxUC.jpeg\",\"datePublished\":\"2026-04-08T12:23:46+00:00\",\"dateModified\":\"2026-04-16T23:08:31+00:00\",\"description\":\"Stilvoll und funktional \u2013 perfekt f\u00fcr den Alltag und auf Reisen. Diese kompakte Tasche bietet Platz f\u00fcr all die kleinen Dinge, die du immer bei dir haben\",\"breadcrumb\":{\"@id\":\"https:\\\/\\\/lamillou.ch\\\/produkt\\\/nylon-taeschchen-stripes-brown\\\/#breadcrumb\"},\"inLanguage\":\"en-GB\",\"potentialAction\":[{\"@type\":\"ReadAction\",\"target\":[\"https:\\\/\\\/lamillou.ch\\\/produkt\\\/nylon-taeschchen-stripes-brown\\\/\"]}]},{\"@type\":\"ImageObject\",\"inLanguage\":\"en-GB\",\"@id\":\"https:\\\/\\\/lamillou.ch\\\/produkt\\\/nylon-taeschchen-stripes-brown\\\/#primaryimage\",\"url\":\"https:\\\/\\\/lamillou.ch\\\/wp-content\\\/uploads\\\/2026\\\/04\\\/image_1920_HcxUC.jpeg\",\"contentUrl\":\"https:\\\/\\\/lamillou.ch\\\/wp-content\\\/uploads\\\/2026\\\/04\\\/image_1920_HcxUC.jpeg\",\"width\":1920,\"height\":1920,\"caption\":\"Nylon-T\u00e4schchen STRIPES BROWN Hauptbild\"},{\"@type\":\"BreadcrumbList\",\"@id\":\"https:\\\/\\\/lamillou.ch\\\/produkt\\\/nylon-taeschchen-stripes-brown\\\/#breadcrumb\",\"itemListElement\":[{\"@type\":\"ListItem\",\"position\":1,\"name\":\"Home\",\"item\":\"https:\\\/\\\/lamillou.ch\\\/\"},{\"@type\":\"ListItem\",\"position\":2,\"name\":\"Shop\",\"item\":\"https:\\\/\\\/lamillou.ch\\\/shop\\\/\"},{\"@type\":\"ListItem\",\"position\":3,\"name\":\"Nylon-T\u00e4schchen STRIPES BROWN\"}]},{\"@type\":\"WebSite\",\"@id\":\"https:\\\/\\\/lamillou.ch\\\/#website\",\"url\":\"https:\\\/\\\/lamillou.ch\\\/\",\"name\":\"lamillou.ch\",\"description\":\"\",\"potentialAction\":[{\"@type\":\"SearchAction\",\"target\":{\"@type\":\"EntryPoint\",\"urlTemplate\":\"https:\\\/\\\/lamillou.ch\\\/?s={search_term_string}\"},\"query-input\":{\"@type\":\"PropertyValueSpecification\",\"valueRequired\":true,\"valueName\":\"search_term_string\"}}],\"inLanguage\":\"en-GB\"}]}<\/script>\n<!-- \/ Yoast SEO plugin. -->","yoast_head_json":{"title":"Nylon-T\u00e4schchen STRIPES BROWN - lamillou.ch","description":"Stilvoll und funktional \u2013 perfekt f\u00fcr den Alltag und auf Reisen. Diese kompakte Tasche bietet Platz f\u00fcr all die kleinen Dinge, die du immer bei dir haben","robots":{"index":"index","follow":"follow","max-snippet":"max-snippet:-1","max-image-preview":"max-image-preview:large","max-video-preview":"max-video-preview:-1"},"canonical":"https:\/\/lamillou.ch\/en\/product\/nylon-taeschchen-stripes-brown\/","og_locale":"en_GB","og_type":"article","og_title":"Nylon-T\u00e4schchen STRIPES BROWN - lamillou.ch","og_description":"Stilvoll und funktional \u2013 perfekt f\u00fcr den Alltag und auf Reisen. Diese kompakte Tasche bietet Platz f\u00fcr all die kleinen Dinge, die du immer bei dir haben","og_url":"https:\/\/lamillou.ch\/en\/product\/nylon-taeschchen-stripes-brown\/","og_site_name":"lamillou.ch","article_modified_time":"2026-04-16T23:08:31+00:00","og_image":[{"width":1920,"height":1920,"url":"https:\/\/lamillou.ch\/wp-content\/uploads\/2026\/04\/image_1920_HcxUC.jpeg","type":"image\/jpeg"}],"twitter_card":"summary_large_image","twitter_misc":{"Estimated reading time":"1 minute"},"schema":{"@context":"https:\/\/schema.org","@graph":[{"@type":"WebPage","@id":"https:\/\/lamillou.ch\/produkt\/nylon-taeschchen-stripes-brown\/","url":"https:\/\/lamillou.ch\/produkt\/nylon-taeschchen-stripes-brown\/","name":"Nylon-T\u00e4schchen STRIPES BROWN - lamillou.ch","isPartOf":{"@id":"https:\/\/lamillou.ch\/#website"},"primaryImageOfPage":{"@id":"https:\/\/lamillou.ch\/produkt\/nylon-taeschchen-stripes-brown\/#primaryimage"},"image":{"@id":"https:\/\/lamillou.ch\/produkt\/nylon-taeschchen-stripes-brown\/#primaryimage"},"thumbnailUrl":"https:\/\/lamillou.ch\/wp-content\/uploads\/2026\/04\/image_1920_HcxUC.jpeg","datePublished":"2026-04-08T12:23:46+00:00","dateModified":"2026-04-16T23:08:31+00:00","description":"Stilvoll und funktional \u2013 perfekt f\u00fcr den Alltag und auf Reisen. Diese kompakte Tasche bietet Platz f\u00fcr all die kleinen Dinge, die du immer bei dir haben","breadcrumb":{"@id":"https:\/\/lamillou.ch\/produkt\/nylon-taeschchen-stripes-brown\/#breadcrumb"},"inLanguage":"en-GB","potentialAction":[{"@type":"ReadAction","target":["https:\/\/lamillou.ch\/produkt\/nylon-taeschchen-stripes-brown\/"]}]},{"@type":"ImageObject","inLanguage":"en-GB","@id":"https:\/\/lamillou.ch\/produkt\/nylon-taeschchen-stripes-brown\/#primaryimage","url":"https:\/\/lamillou.ch\/wp-content\/uploads\/2026\/04\/image_1920_HcxUC.jpeg","contentUrl":"https:\/\/lamillou.ch\/wp-content\/uploads\/2026\/04\/image_1920_HcxUC.jpeg","width":1920,"height":1920,"caption":"Nylon-T\u00e4schchen STRIPES BROWN Hauptbild"},{"@type":"BreadcrumbList","@id":"https:\/\/lamillou.ch\/produkt\/nylon-taeschchen-stripes-brown\/#breadcrumb","itemListElement":[{"@type":"ListItem","position":1,"name":"Home","item":"https:\/\/lamillou.ch\/"},{"@type":"ListItem","position":2,"name":"Shop","item":"https:\/\/lamillou.ch\/shop\/"},{"@type":"ListItem","position":3,"name":"Nylon-T\u00e4schchen STRIPES BROWN"}]},{"@type":"WebSite","@id":"https:\/\/lamillou.ch\/#website","url":"https:\/\/lamillou.ch\/","name":"lamillou.ch","description":"","potentialAction":[{"@type":"SearchAction","target":{"@type":"EntryPoint","urlTemplate":"https:\/\/lamillou.ch\/?s={search_term_string}"},"query-input":{"@type":"PropertyValueSpecification","valueRequired":true,"valueName":"search_term_string"}}],"inLanguage":"en-GB"}]}},"_links":{"self":[{"href":"https:\/\/lamillou.ch\/en\/wp-json\/wp\/v2\/product\/30301","targetHints":{"allow":["GET"]}}],"collection":[{"href":"https:\/\/lamillou.ch\/en\/wp-json\/wp\/v2\/product"}],"about":[{"href":"https:\/\/lamillou.ch\/en\/wp-json\/wp\/v2\/types\/product"}],"replies":[{"embeddable":true,"href":"https:\/\/lamillou.ch\/en\/wp-json\/wp\/v2\/comments?post=30301"}],"version-history":[{"count":0,"href":"https:\/\/lamillou.ch\/en\/wp-json\/wp\/v2\/product\/30301\/revisions"}],"wp:featuredmedia":[{"embeddable":true,"href":"https:\/\/lamillou.ch\/en\/wp-json\/wp\/v2\/media\/31120"}],"wp:attachment":[{"href":"https:\/\/lamillou.ch\/en\/wp-json\/wp\/v2\/media?parent=30301"}],"wp:term":[{"taxonomy":"product_brand","embeddable":true,"href":"https:\/\/lamillou.ch\/en\/wp-json\/wp\/v2\/product_brand?post=30301"},{"taxonomy":"product_cat","embeddable":true,"href":"https:\/\/lamillou.ch\/en\/wp-json\/wp\/v2\/product_cat?post=30301"},{"taxonomy":"product_tag","embeddable":true,"href":"https:\/\/lamillou.ch\/en\/wp-json\/wp\/v2\/product_tag?post=30301"}],"curies":[{"name":"wp","href":"https:\/\/api.w.org\/{rel}","templated":true}]}}