{"id":30280,"date":"2026-04-08T13:23:15","date_gmt":"2026-04-08T12:23:15","guid":{"rendered":"https:\/\/lamillou.ch\/produkt\/wickelunterlage-nylon-stripes-brown\/"},"modified":"2026-04-21T08:29:03","modified_gmt":"2026-04-21T07:29:03","slug":"wickelunterlage-nylon-stripes-brown","status":"publish","type":"product","link":"https:\/\/lamillou.ch\/en\/product\/wickelunterlage-nylon-stripes-brown\/","title":{"rendered":"Wickelunterlage Nylon STRIPES BROWN"},"content":{"rendered":"<p>Eine leichte, auf ein ordentliches Format zusammengerollte Wickelunterlage ist ein untrennbarer Bestandteil der Babyausstattung und die Basis der Taschenausstattung jeder frischgebackenen Mutter, die Wert auf Komfort legt. Leicht und kompakt, passt es problemlos in Ihre Tasche. Es ist perfekt f\u00fcr Spazierg\u00e4nge, im Auto, unterwegs oder einfach zu Hause, wenn Sie keinen Standard-Wickeltisch haben m\u00f6chten.<\/p>","protected":false},"excerpt":{"rendered":"<p>Eine leichte, auf ein ordentliches Format zusammengerollte Wickelunterlage ist ein untrennbarer Bestandteil der Babyausstattung und die Basis der Taschenausstattung jeder<\/p>","protected":false},"featured_media":31140,"comment_status":"open","ping_status":"closed","template":"","meta":[],"product_brand":[88],"product_cat":[417],"product_tag":[],"class_list":{"0":"post-30280","1":"product","2":"type-product","3":"status-publish","4":"has-post-thumbnail","6":"product_brand-la-millou","7":"product_cat-wickelunterlage","9":"first","10":"instock","11":"taxable","12":"shipping-taxable","13":"purchasable","14":"product-type-simple"},"yoast_head":"<!-- This site is optimized with the Yoast SEO plugin v27.3 - https:\/\/yoast.com\/product\/yoast-seo-wordpress\/ -->\n<title>Wickelunterlage Nylon STRIPES BROWN - lamillou.ch<\/title>\n<meta name=\"description\" content=\"Eine leichte, auf ein ordentliches Format zusammengerollte Wickelunterlage ist ein untrennbarer Bestandteil der Babyausstattung und die Basis der\" \/>\n<meta name=\"robots\" content=\"index, follow, max-snippet:-1, max-image-preview:large, max-video-preview:-1\" \/>\n<link rel=\"canonical\" href=\"https:\/\/lamillou.ch\/en\/product\/wickelunterlage-nylon-stripes-brown\/\" \/>\n<meta property=\"og:locale\" content=\"en_GB\" \/>\n<meta property=\"og:type\" content=\"article\" \/>\n<meta property=\"og:title\" content=\"Wickelunterlage Nylon STRIPES BROWN - lamillou.ch\" \/>\n<meta property=\"og:description\" content=\"Eine leichte, auf ein ordentliches Format zusammengerollte Wickelunterlage ist ein untrennbarer Bestandteil der Babyausstattung und die Basis der\" \/>\n<meta property=\"og:url\" content=\"https:\/\/lamillou.ch\/en\/product\/wickelunterlage-nylon-stripes-brown\/\" \/>\n<meta property=\"og:site_name\" content=\"lamillou.ch\" \/>\n<meta property=\"article:modified_time\" content=\"2026-04-21T07:29:03+00:00\" \/>\n<meta property=\"og:image\" content=\"https:\/\/lamillou.ch\/wp-content\/uploads\/2026\/04\/image_1920_C1cZN.jpeg\" \/>\n\t<meta property=\"og:image:width\" content=\"1920\" \/>\n\t<meta property=\"og:image:height\" content=\"1920\" \/>\n\t<meta property=\"og:image:type\" content=\"image\/jpeg\" \/>\n<meta name=\"twitter:card\" content=\"summary_large_image\" \/>\n<script type=\"application\/ld+json\" class=\"yoast-schema-graph\">{\"@context\":\"https:\\\/\\\/schema.org\",\"@graph\":[{\"@type\":\"WebPage\",\"@id\":\"https:\\\/\\\/lamillou.ch\\\/produkt\\\/wickelunterlage-nylon-stripes-brown\\\/\",\"url\":\"https:\\\/\\\/lamillou.ch\\\/produkt\\\/wickelunterlage-nylon-stripes-brown\\\/\",\"name\":\"Wickelunterlage Nylon STRIPES BROWN - lamillou.ch\",\"isPartOf\":{\"@id\":\"https:\\\/\\\/lamillou.ch\\\/#website\"},\"primaryImageOfPage\":{\"@id\":\"https:\\\/\\\/lamillou.ch\\\/produkt\\\/wickelunterlage-nylon-stripes-brown\\\/#primaryimage\"},\"image\":{\"@id\":\"https:\\\/\\\/lamillou.ch\\\/produkt\\\/wickelunterlage-nylon-stripes-brown\\\/#primaryimage\"},\"thumbnailUrl\":\"https:\\\/\\\/lamillou.ch\\\/wp-content\\\/uploads\\\/2026\\\/04\\\/image_1920_C1cZN.jpeg\",\"datePublished\":\"2026-04-08T12:23:15+00:00\",\"dateModified\":\"2026-04-21T07:29:03+00:00\",\"description\":\"Eine leichte, auf ein ordentliches Format zusammengerollte Wickelunterlage ist ein untrennbarer Bestandteil der Babyausstattung und die Basis der\",\"breadcrumb\":{\"@id\":\"https:\\\/\\\/lamillou.ch\\\/produkt\\\/wickelunterlage-nylon-stripes-brown\\\/#breadcrumb\"},\"inLanguage\":\"en-GB\",\"potentialAction\":[{\"@type\":\"ReadAction\",\"target\":[\"https:\\\/\\\/lamillou.ch\\\/produkt\\\/wickelunterlage-nylon-stripes-brown\\\/\"]}]},{\"@type\":\"ImageObject\",\"inLanguage\":\"en-GB\",\"@id\":\"https:\\\/\\\/lamillou.ch\\\/produkt\\\/wickelunterlage-nylon-stripes-brown\\\/#primaryimage\",\"url\":\"https:\\\/\\\/lamillou.ch\\\/wp-content\\\/uploads\\\/2026\\\/04\\\/image_1920_C1cZN.jpeg\",\"contentUrl\":\"https:\\\/\\\/lamillou.ch\\\/wp-content\\\/uploads\\\/2026\\\/04\\\/image_1920_C1cZN.jpeg\",\"width\":1920,\"height\":1920,\"caption\":\"Wickelunterlage Nylon STRIPES BROWN Hauptbild\"},{\"@type\":\"BreadcrumbList\",\"@id\":\"https:\\\/\\\/lamillou.ch\\\/produkt\\\/wickelunterlage-nylon-stripes-brown\\\/#breadcrumb\",\"itemListElement\":[{\"@type\":\"ListItem\",\"position\":1,\"name\":\"Home\",\"item\":\"https:\\\/\\\/lamillou.ch\\\/\"},{\"@type\":\"ListItem\",\"position\":2,\"name\":\"Shop\",\"item\":\"https:\\\/\\\/lamillou.ch\\\/shop\\\/\"},{\"@type\":\"ListItem\",\"position\":3,\"name\":\"Wickelunterlage Nylon STRIPES BROWN\"}]},{\"@type\":\"WebSite\",\"@id\":\"https:\\\/\\\/lamillou.ch\\\/#website\",\"url\":\"https:\\\/\\\/lamillou.ch\\\/\",\"name\":\"lamillou.ch\",\"description\":\"\",\"potentialAction\":[{\"@type\":\"SearchAction\",\"target\":{\"@type\":\"EntryPoint\",\"urlTemplate\":\"https:\\\/\\\/lamillou.ch\\\/?s={search_term_string}\"},\"query-input\":{\"@type\":\"PropertyValueSpecification\",\"valueRequired\":true,\"valueName\":\"search_term_string\"}}],\"inLanguage\":\"en-GB\"}]}<\/script>\n<!-- \/ Yoast SEO plugin. -->","yoast_head_json":{"title":"Wickelunterlage Nylon STRIPES BROWN - lamillou.ch","description":"Eine leichte, auf ein ordentliches Format zusammengerollte Wickelunterlage ist ein untrennbarer Bestandteil der Babyausstattung und die Basis der","robots":{"index":"index","follow":"follow","max-snippet":"max-snippet:-1","max-image-preview":"max-image-preview:large","max-video-preview":"max-video-preview:-1"},"canonical":"https:\/\/lamillou.ch\/en\/product\/wickelunterlage-nylon-stripes-brown\/","og_locale":"en_GB","og_type":"article","og_title":"Wickelunterlage Nylon STRIPES BROWN - lamillou.ch","og_description":"Eine leichte, auf ein ordentliches Format zusammengerollte Wickelunterlage ist ein untrennbarer Bestandteil der Babyausstattung und die Basis der","og_url":"https:\/\/lamillou.ch\/en\/product\/wickelunterlage-nylon-stripes-brown\/","og_site_name":"lamillou.ch","article_modified_time":"2026-04-21T07:29:03+00:00","og_image":[{"width":1920,"height":1920,"url":"https:\/\/lamillou.ch\/wp-content\/uploads\/2026\/04\/image_1920_C1cZN.jpeg","type":"image\/jpeg"}],"twitter_card":"summary_large_image","schema":{"@context":"https:\/\/schema.org","@graph":[{"@type":"WebPage","@id":"https:\/\/lamillou.ch\/produkt\/wickelunterlage-nylon-stripes-brown\/","url":"https:\/\/lamillou.ch\/produkt\/wickelunterlage-nylon-stripes-brown\/","name":"Wickelunterlage Nylon STRIPES BROWN - lamillou.ch","isPartOf":{"@id":"https:\/\/lamillou.ch\/#website"},"primaryImageOfPage":{"@id":"https:\/\/lamillou.ch\/produkt\/wickelunterlage-nylon-stripes-brown\/#primaryimage"},"image":{"@id":"https:\/\/lamillou.ch\/produkt\/wickelunterlage-nylon-stripes-brown\/#primaryimage"},"thumbnailUrl":"https:\/\/lamillou.ch\/wp-content\/uploads\/2026\/04\/image_1920_C1cZN.jpeg","datePublished":"2026-04-08T12:23:15+00:00","dateModified":"2026-04-21T07:29:03+00:00","description":"Eine leichte, auf ein ordentliches Format zusammengerollte Wickelunterlage ist ein untrennbarer Bestandteil der Babyausstattung und die Basis der","breadcrumb":{"@id":"https:\/\/lamillou.ch\/produkt\/wickelunterlage-nylon-stripes-brown\/#breadcrumb"},"inLanguage":"en-GB","potentialAction":[{"@type":"ReadAction","target":["https:\/\/lamillou.ch\/produkt\/wickelunterlage-nylon-stripes-brown\/"]}]},{"@type":"ImageObject","inLanguage":"en-GB","@id":"https:\/\/lamillou.ch\/produkt\/wickelunterlage-nylon-stripes-brown\/#primaryimage","url":"https:\/\/lamillou.ch\/wp-content\/uploads\/2026\/04\/image_1920_C1cZN.jpeg","contentUrl":"https:\/\/lamillou.ch\/wp-content\/uploads\/2026\/04\/image_1920_C1cZN.jpeg","width":1920,"height":1920,"caption":"Wickelunterlage Nylon STRIPES BROWN Hauptbild"},{"@type":"BreadcrumbList","@id":"https:\/\/lamillou.ch\/produkt\/wickelunterlage-nylon-stripes-brown\/#breadcrumb","itemListElement":[{"@type":"ListItem","position":1,"name":"Home","item":"https:\/\/lamillou.ch\/"},{"@type":"ListItem","position":2,"name":"Shop","item":"https:\/\/lamillou.ch\/shop\/"},{"@type":"ListItem","position":3,"name":"Wickelunterlage Nylon STRIPES BROWN"}]},{"@type":"WebSite","@id":"https:\/\/lamillou.ch\/#website","url":"https:\/\/lamillou.ch\/","name":"lamillou.ch","description":"","potentialAction":[{"@type":"SearchAction","target":{"@type":"EntryPoint","urlTemplate":"https:\/\/lamillou.ch\/?s={search_term_string}"},"query-input":{"@type":"PropertyValueSpecification","valueRequired":true,"valueName":"search_term_string"}}],"inLanguage":"en-GB"}]}},"_links":{"self":[{"href":"https:\/\/lamillou.ch\/en\/wp-json\/wp\/v2\/product\/30280","targetHints":{"allow":["GET"]}}],"collection":[{"href":"https:\/\/lamillou.ch\/en\/wp-json\/wp\/v2\/product"}],"about":[{"href":"https:\/\/lamillou.ch\/en\/wp-json\/wp\/v2\/types\/product"}],"replies":[{"embeddable":true,"href":"https:\/\/lamillou.ch\/en\/wp-json\/wp\/v2\/comments?post=30280"}],"version-history":[{"count":0,"href":"https:\/\/lamillou.ch\/en\/wp-json\/wp\/v2\/product\/30280\/revisions"}],"wp:featuredmedia":[{"embeddable":true,"href":"https:\/\/lamillou.ch\/en\/wp-json\/wp\/v2\/media\/31140"}],"wp:attachment":[{"href":"https:\/\/lamillou.ch\/en\/wp-json\/wp\/v2\/media?parent=30280"}],"wp:term":[{"taxonomy":"product_brand","embeddable":true,"href":"https:\/\/lamillou.ch\/en\/wp-json\/wp\/v2\/product_brand?post=30280"},{"taxonomy":"product_cat","embeddable":true,"href":"https:\/\/lamillou.ch\/en\/wp-json\/wp\/v2\/product_cat?post=30280"},{"taxonomy":"product_tag","embeddable":true,"href":"https:\/\/lamillou.ch\/en\/wp-json\/wp\/v2\/product_tag?post=30280"}],"curies":[{"name":"wp","href":"https:\/\/api.w.org\/{rel}","templated":true}]}}