{"id":30218,"date":"2026-04-08T13:20:59","date_gmt":"2026-04-08T12:20:59","guid":{"rendered":"https:\/\/lamillou.ch\/produkt\/bettwarenset-baumwolle-stripes-brown-xl\/"},"modified":"2026-04-17T00:03:24","modified_gmt":"2026-04-16T23:03:24","slug":"bettwarenset-baumwolle-stripes-brown-xl","status":"publish","type":"product","link":"https:\/\/lamillou.ch\/en\/product\/bettwarenset-baumwolle-stripes-brown-xl\/","title":{"rendered":"Bettwarenset Baumwolle STRIPES BROWN &#8211; XL"},"content":{"rendered":"<p>Bettw\u00e4scheset mit F\u00fcllung aus Baumwolle h\u00f6chster Qualit\u00e4t. Das Set beinhaltet eine weiche Steppdecke und ein Kissen. Die F\u00fcllung besteht aus einer antiallergischen Polyesterfaser, die f\u00fcr die richtige Temperatur, Sauerstoffzufuhr und Feuchtigkeitsableitung und damit f\u00fcr hervorragenden Schlafkomfort sorgt. Wir f\u00f6rdern die Mode der \u201eready to use\u201c-Bettw\u00e4sche, also mit eingen\u00e4hter F\u00fcllung. Derzeit wird der Markt von Kissenbez\u00fcgen und separat gekauften Bettdecken und Kissen dominiert. Wir m\u00f6chten dies \u00e4ndern und Sie dazu ermutigen, jedes Mal das gesamte Produkt zu waschen, nicht nur die Bettw\u00e4sche, um so eine 100%ige Reinheit  zu erreichen, was f\u00fcr Allergiker \u00e4usserst wichtig ist. Die Bettw\u00e4sche von La Millou ist maschinenwaschbar, ohne dass die Qualit\u00e4t beeintr\u00e4chtigt wird. Bettsets sind in vielen Gr\u00f6ssen erh\u00e4ltlich. XL-Bettw\u00e4sche f\u00fcr Kinder von 6 bis 106 Jahren geeignet ist :-). Das Kopfkissen der XL-Bettw\u00e4sche und das Zweier-Kissen der XXL-Bettw\u00e4sche haben eine dickere, elastische F\u00fcllung und eine elegante R\u00fcsche .<\/p>","protected":false},"excerpt":{"rendered":"<p>Bettw\u00e4scheset mit F\u00fcllung aus Baumwolle h\u00f6chster Qualit\u00e4t. Das Set beinhaltet eine weiche Steppdecke und ein Kissen. Die F\u00fcllung besteht aus<\/p>","protected":false},"featured_media":31203,"comment_status":"open","ping_status":"closed","template":"","meta":[],"product_brand":[88],"product_cat":[324],"product_tag":[],"class_list":{"0":"post-30218","1":"product","2":"type-product","3":"status-publish","4":"has-post-thumbnail","6":"product_brand-la-millou","7":"product_cat-baumwolle-bettwaesche-bettwaren-fuer-erwachsene","9":"first","10":"outofstock","11":"taxable","12":"shipping-taxable","13":"purchasable","14":"product-type-simple"},"yoast_head":"<!-- This site is optimized with the Yoast SEO plugin v27.3 - https:\/\/yoast.com\/product\/yoast-seo-wordpress\/ -->\n<title>Bettwarenset Baumwolle STRIPES BROWN - XL - lamillou.ch<\/title>\n<meta name=\"description\" content=\"Bettw\u00e4scheset mit F\u00fcllung aus Baumwolle h\u00f6chster Qualit\u00e4t. Das Set beinhaltet eine weiche Steppdecke und ein Kissen. Die F\u00fcllung besteht aus einer\" \/>\n<meta name=\"robots\" content=\"index, follow, max-snippet:-1, max-image-preview:large, max-video-preview:-1\" \/>\n<link rel=\"canonical\" href=\"https:\/\/lamillou.ch\/en\/product\/bettwarenset-baumwolle-stripes-brown-xl\/\" \/>\n<meta property=\"og:locale\" content=\"en_GB\" \/>\n<meta property=\"og:type\" content=\"article\" \/>\n<meta property=\"og:title\" content=\"Bettwarenset Baumwolle STRIPES BROWN - XL - lamillou.ch\" \/>\n<meta property=\"og:description\" content=\"Bettw\u00e4scheset mit F\u00fcllung aus Baumwolle h\u00f6chster Qualit\u00e4t. Das Set beinhaltet eine weiche Steppdecke und ein Kissen. Die F\u00fcllung besteht aus einer\" \/>\n<meta property=\"og:url\" content=\"https:\/\/lamillou.ch\/en\/product\/bettwarenset-baumwolle-stripes-brown-xl\/\" \/>\n<meta property=\"og:site_name\" content=\"lamillou.ch\" \/>\n<meta property=\"article:modified_time\" content=\"2026-04-16T23:03:24+00:00\" \/>\n<meta property=\"og:image\" content=\"https:\/\/lamillou.ch\/wp-content\/uploads\/2026\/04\/image_1920_Zrl6F.jpeg\" \/>\n\t<meta property=\"og:image:width\" content=\"1920\" \/>\n\t<meta property=\"og:image:height\" content=\"1920\" \/>\n\t<meta property=\"og:image:type\" content=\"image\/jpeg\" \/>\n<meta name=\"twitter:card\" content=\"summary_large_image\" \/>\n<meta name=\"twitter:label1\" content=\"Estimated reading time\" \/>\n\t<meta name=\"twitter:data1\" content=\"1 minute\" \/>\n<script type=\"application\/ld+json\" class=\"yoast-schema-graph\">{\"@context\":\"https:\\\/\\\/schema.org\",\"@graph\":[{\"@type\":\"WebPage\",\"@id\":\"https:\\\/\\\/lamillou.ch\\\/produkt\\\/bettwarenset-baumwolle-stripes-brown-xl\\\/\",\"url\":\"https:\\\/\\\/lamillou.ch\\\/produkt\\\/bettwarenset-baumwolle-stripes-brown-xl\\\/\",\"name\":\"Bettwarenset Baumwolle STRIPES BROWN - XL - lamillou.ch\",\"isPartOf\":{\"@id\":\"https:\\\/\\\/lamillou.ch\\\/#website\"},\"primaryImageOfPage\":{\"@id\":\"https:\\\/\\\/lamillou.ch\\\/produkt\\\/bettwarenset-baumwolle-stripes-brown-xl\\\/#primaryimage\"},\"image\":{\"@id\":\"https:\\\/\\\/lamillou.ch\\\/produkt\\\/bettwarenset-baumwolle-stripes-brown-xl\\\/#primaryimage\"},\"thumbnailUrl\":\"https:\\\/\\\/lamillou.ch\\\/wp-content\\\/uploads\\\/2026\\\/04\\\/image_1920_Zrl6F.jpeg\",\"datePublished\":\"2026-04-08T12:20:59+00:00\",\"dateModified\":\"2026-04-16T23:03:24+00:00\",\"description\":\"Bettw\u00e4scheset mit F\u00fcllung aus Baumwolle h\u00f6chster Qualit\u00e4t. Das Set beinhaltet eine weiche Steppdecke und ein Kissen. Die F\u00fcllung besteht aus einer\",\"breadcrumb\":{\"@id\":\"https:\\\/\\\/lamillou.ch\\\/produkt\\\/bettwarenset-baumwolle-stripes-brown-xl\\\/#breadcrumb\"},\"inLanguage\":\"en-GB\",\"potentialAction\":[{\"@type\":\"ReadAction\",\"target\":[\"https:\\\/\\\/lamillou.ch\\\/produkt\\\/bettwarenset-baumwolle-stripes-brown-xl\\\/\"]}]},{\"@type\":\"ImageObject\",\"inLanguage\":\"en-GB\",\"@id\":\"https:\\\/\\\/lamillou.ch\\\/produkt\\\/bettwarenset-baumwolle-stripes-brown-xl\\\/#primaryimage\",\"url\":\"https:\\\/\\\/lamillou.ch\\\/wp-content\\\/uploads\\\/2026\\\/04\\\/image_1920_Zrl6F.jpeg\",\"contentUrl\":\"https:\\\/\\\/lamillou.ch\\\/wp-content\\\/uploads\\\/2026\\\/04\\\/image_1920_Zrl6F.jpeg\",\"width\":1920,\"height\":1920,\"caption\":\"Bettwarenset Baumwolle STRIPES BROWN - XL Hauptbild\"},{\"@type\":\"BreadcrumbList\",\"@id\":\"https:\\\/\\\/lamillou.ch\\\/produkt\\\/bettwarenset-baumwolle-stripes-brown-xl\\\/#breadcrumb\",\"itemListElement\":[{\"@type\":\"ListItem\",\"position\":1,\"name\":\"Home\",\"item\":\"https:\\\/\\\/lamillou.ch\\\/\"},{\"@type\":\"ListItem\",\"position\":2,\"name\":\"Shop\",\"item\":\"https:\\\/\\\/lamillou.ch\\\/shop\\\/\"},{\"@type\":\"ListItem\",\"position\":3,\"name\":\"Bettwarenset Baumwolle STRIPES BROWN &#8211; XL\"}]},{\"@type\":\"WebSite\",\"@id\":\"https:\\\/\\\/lamillou.ch\\\/#website\",\"url\":\"https:\\\/\\\/lamillou.ch\\\/\",\"name\":\"lamillou.ch\",\"description\":\"\",\"potentialAction\":[{\"@type\":\"SearchAction\",\"target\":{\"@type\":\"EntryPoint\",\"urlTemplate\":\"https:\\\/\\\/lamillou.ch\\\/?s={search_term_string}\"},\"query-input\":{\"@type\":\"PropertyValueSpecification\",\"valueRequired\":true,\"valueName\":\"search_term_string\"}}],\"inLanguage\":\"en-GB\"}]}<\/script>\n<!-- \/ Yoast SEO plugin. -->","yoast_head_json":{"title":"Bettwarenset Baumwolle STRIPES BROWN - XL - lamillou.ch","description":"Bettw\u00e4scheset mit F\u00fcllung aus Baumwolle h\u00f6chster Qualit\u00e4t. Das Set beinhaltet eine weiche Steppdecke und ein Kissen. Die F\u00fcllung besteht aus einer","robots":{"index":"index","follow":"follow","max-snippet":"max-snippet:-1","max-image-preview":"max-image-preview:large","max-video-preview":"max-video-preview:-1"},"canonical":"https:\/\/lamillou.ch\/en\/product\/bettwarenset-baumwolle-stripes-brown-xl\/","og_locale":"en_GB","og_type":"article","og_title":"Bettwarenset Baumwolle STRIPES BROWN - XL - lamillou.ch","og_description":"Bettw\u00e4scheset mit F\u00fcllung aus Baumwolle h\u00f6chster Qualit\u00e4t. Das Set beinhaltet eine weiche Steppdecke und ein Kissen. Die F\u00fcllung besteht aus einer","og_url":"https:\/\/lamillou.ch\/en\/product\/bettwarenset-baumwolle-stripes-brown-xl\/","og_site_name":"lamillou.ch","article_modified_time":"2026-04-16T23:03:24+00:00","og_image":[{"width":1920,"height":1920,"url":"https:\/\/lamillou.ch\/wp-content\/uploads\/2026\/04\/image_1920_Zrl6F.jpeg","type":"image\/jpeg"}],"twitter_card":"summary_large_image","twitter_misc":{"Estimated reading time":"1 minute"},"schema":{"@context":"https:\/\/schema.org","@graph":[{"@type":"WebPage","@id":"https:\/\/lamillou.ch\/produkt\/bettwarenset-baumwolle-stripes-brown-xl\/","url":"https:\/\/lamillou.ch\/produkt\/bettwarenset-baumwolle-stripes-brown-xl\/","name":"Bettwarenset Baumwolle STRIPES BROWN - XL - lamillou.ch","isPartOf":{"@id":"https:\/\/lamillou.ch\/#website"},"primaryImageOfPage":{"@id":"https:\/\/lamillou.ch\/produkt\/bettwarenset-baumwolle-stripes-brown-xl\/#primaryimage"},"image":{"@id":"https:\/\/lamillou.ch\/produkt\/bettwarenset-baumwolle-stripes-brown-xl\/#primaryimage"},"thumbnailUrl":"https:\/\/lamillou.ch\/wp-content\/uploads\/2026\/04\/image_1920_Zrl6F.jpeg","datePublished":"2026-04-08T12:20:59+00:00","dateModified":"2026-04-16T23:03:24+00:00","description":"Bettw\u00e4scheset mit F\u00fcllung aus Baumwolle h\u00f6chster Qualit\u00e4t. Das Set beinhaltet eine weiche Steppdecke und ein Kissen. Die F\u00fcllung besteht aus einer","breadcrumb":{"@id":"https:\/\/lamillou.ch\/produkt\/bettwarenset-baumwolle-stripes-brown-xl\/#breadcrumb"},"inLanguage":"en-GB","potentialAction":[{"@type":"ReadAction","target":["https:\/\/lamillou.ch\/produkt\/bettwarenset-baumwolle-stripes-brown-xl\/"]}]},{"@type":"ImageObject","inLanguage":"en-GB","@id":"https:\/\/lamillou.ch\/produkt\/bettwarenset-baumwolle-stripes-brown-xl\/#primaryimage","url":"https:\/\/lamillou.ch\/wp-content\/uploads\/2026\/04\/image_1920_Zrl6F.jpeg","contentUrl":"https:\/\/lamillou.ch\/wp-content\/uploads\/2026\/04\/image_1920_Zrl6F.jpeg","width":1920,"height":1920,"caption":"Bettwarenset Baumwolle STRIPES BROWN - XL Hauptbild"},{"@type":"BreadcrumbList","@id":"https:\/\/lamillou.ch\/produkt\/bettwarenset-baumwolle-stripes-brown-xl\/#breadcrumb","itemListElement":[{"@type":"ListItem","position":1,"name":"Home","item":"https:\/\/lamillou.ch\/"},{"@type":"ListItem","position":2,"name":"Shop","item":"https:\/\/lamillou.ch\/shop\/"},{"@type":"ListItem","position":3,"name":"Bettwarenset Baumwolle STRIPES BROWN &#8211; XL"}]},{"@type":"WebSite","@id":"https:\/\/lamillou.ch\/#website","url":"https:\/\/lamillou.ch\/","name":"lamillou.ch","description":"","potentialAction":[{"@type":"SearchAction","target":{"@type":"EntryPoint","urlTemplate":"https:\/\/lamillou.ch\/?s={search_term_string}"},"query-input":{"@type":"PropertyValueSpecification","valueRequired":true,"valueName":"search_term_string"}}],"inLanguage":"en-GB"}]}},"_links":{"self":[{"href":"https:\/\/lamillou.ch\/en\/wp-json\/wp\/v2\/product\/30218","targetHints":{"allow":["GET"]}}],"collection":[{"href":"https:\/\/lamillou.ch\/en\/wp-json\/wp\/v2\/product"}],"about":[{"href":"https:\/\/lamillou.ch\/en\/wp-json\/wp\/v2\/types\/product"}],"replies":[{"embeddable":true,"href":"https:\/\/lamillou.ch\/en\/wp-json\/wp\/v2\/comments?post=30218"}],"version-history":[{"count":0,"href":"https:\/\/lamillou.ch\/en\/wp-json\/wp\/v2\/product\/30218\/revisions"}],"wp:featuredmedia":[{"embeddable":true,"href":"https:\/\/lamillou.ch\/en\/wp-json\/wp\/v2\/media\/31203"}],"wp:attachment":[{"href":"https:\/\/lamillou.ch\/en\/wp-json\/wp\/v2\/media?parent=30218"}],"wp:term":[{"taxonomy":"product_brand","embeddable":true,"href":"https:\/\/lamillou.ch\/en\/wp-json\/wp\/v2\/product_brand?post=30218"},{"taxonomy":"product_cat","embeddable":true,"href":"https:\/\/lamillou.ch\/en\/wp-json\/wp\/v2\/product_cat?post=30218"},{"taxonomy":"product_tag","embeddable":true,"href":"https:\/\/lamillou.ch\/en\/wp-json\/wp\/v2\/product_tag?post=30218"}],"curies":[{"name":"wp","href":"https:\/\/api.w.org\/{rel}","templated":true}]}}