{"id":30162,"date":"2026-04-08T13:19:35","date_gmt":"2026-04-08T12:19:35","guid":{"rendered":"https:\/\/lamillou.ch\/produkt\/warme-decke-velvet-pure-toffi-l-110-x-140-cm\/"},"modified":"2026-04-16T23:59:52","modified_gmt":"2026-04-16T22:59:52","slug":"warme-decke-velvet-pure-toffi-l-110-x-140-cm","status":"publish","type":"product","link":"https:\/\/lamillou.ch\/en\/product\/warme-decke-velvet-pure-toffi-l-110-x-140-cm\/","title":{"rendered":"Warme Decke Velvet Pure TOFFI &#8211; L &#8211; 110 x 140 cm"},"content":{"rendered":"<p>Die Decke aus der Velvet Pure Kollektion besticht durch ihre stilvolle, klassische Streifensteppung. Sie eignet sich sowohl als leichte Schlafdecke als auch als elegante Tagesdecke und erg\u00e4nzt dezent das Kinderzimmer oder Schlafzimmer.<br \/>\n Gefertigt aus aussergew\u00f6hnlich weichem, samtigem Velvet, der sanft umh\u00fcllt und h\u00f6chsten Komfort bietet. Die F\u00fcllung aus leichter, hypoallergener Silikonwatte sorgt f\u00fcr angenehme W\u00e4rme ohne Schweregef\u00fchl.<br \/>\n Die Decke l\u00e4sst sich mit einem passenden Kissen kombinieren und bildet ein stilvolles Set &#8211; ideal f\u00fcr den t\u00e4glichen Schlaf, den Kindergarten oder entspannte Nachmittage.<\/p>","protected":false},"excerpt":{"rendered":"<p>Die Decke aus der Velvet Pure Kollektion besticht durch ihre stilvolle, klassische Streifensteppung. Sie eignet sich sowohl als leichte Schlafdecke<\/p>","protected":false},"featured_media":31262,"comment_status":"open","ping_status":"closed","template":"","meta":[],"product_brand":[88],"product_cat":[269],"product_tag":[],"class_list":{"0":"post-30162","1":"product","2":"type-product","3":"status-publish","4":"has-post-thumbnail","6":"product_brand-la-millou","7":"product_cat-warme-decken-babydecken","9":"first","10":"instock","11":"taxable","12":"shipping-taxable","13":"purchasable","14":"product-type-simple"},"yoast_head":"<!-- This site is optimized with the Yoast SEO plugin v27.3 - https:\/\/yoast.com\/product\/yoast-seo-wordpress\/ -->\n<title>Warme Decke Velvet Pure TOFFI - L - 110 x 140 cm - lamillou.ch<\/title>\n<meta name=\"description\" content=\"Die Decke aus der Velvet Pure Kollektion besticht durch ihre stilvolle, klassische Streifensteppung. Sie eignet sich sowohl als leichte Schlafdecke als\" \/>\n<meta name=\"robots\" content=\"index, follow, max-snippet:-1, max-image-preview:large, max-video-preview:-1\" \/>\n<link rel=\"canonical\" href=\"https:\/\/lamillou.ch\/en\/product\/warme-decke-velvet-pure-toffi-l-110-x-140-cm\/\" \/>\n<meta property=\"og:locale\" content=\"en_GB\" \/>\n<meta property=\"og:type\" content=\"article\" \/>\n<meta property=\"og:title\" content=\"Warme Decke Velvet Pure TOFFI - L - 110 x 140 cm - lamillou.ch\" \/>\n<meta property=\"og:description\" content=\"Die Decke aus der Velvet Pure Kollektion besticht durch ihre stilvolle, klassische Streifensteppung. Sie eignet sich sowohl als leichte Schlafdecke als\" \/>\n<meta property=\"og:url\" content=\"https:\/\/lamillou.ch\/en\/product\/warme-decke-velvet-pure-toffi-l-110-x-140-cm\/\" \/>\n<meta property=\"og:site_name\" content=\"lamillou.ch\" \/>\n<meta property=\"article:modified_time\" content=\"2026-04-16T22:59:52+00:00\" \/>\n<meta property=\"og:image\" content=\"https:\/\/lamillou.ch\/wp-content\/uploads\/2026\/04\/image_1920_G6gho.jpeg\" \/>\n\t<meta property=\"og:image:width\" content=\"1920\" \/>\n\t<meta property=\"og:image:height\" content=\"1920\" \/>\n\t<meta property=\"og:image:type\" content=\"image\/jpeg\" \/>\n<meta name=\"twitter:card\" content=\"summary_large_image\" \/>\n<script type=\"application\/ld+json\" class=\"yoast-schema-graph\">{\"@context\":\"https:\\\/\\\/schema.org\",\"@graph\":[{\"@type\":\"WebPage\",\"@id\":\"https:\\\/\\\/lamillou.ch\\\/produkt\\\/warme-decke-velvet-pure-toffi-l-110-x-140-cm\\\/\",\"url\":\"https:\\\/\\\/lamillou.ch\\\/produkt\\\/warme-decke-velvet-pure-toffi-l-110-x-140-cm\\\/\",\"name\":\"Warme Decke Velvet Pure TOFFI - L - 110 x 140 cm - lamillou.ch\",\"isPartOf\":{\"@id\":\"https:\\\/\\\/lamillou.ch\\\/#website\"},\"primaryImageOfPage\":{\"@id\":\"https:\\\/\\\/lamillou.ch\\\/produkt\\\/warme-decke-velvet-pure-toffi-l-110-x-140-cm\\\/#primaryimage\"},\"image\":{\"@id\":\"https:\\\/\\\/lamillou.ch\\\/produkt\\\/warme-decke-velvet-pure-toffi-l-110-x-140-cm\\\/#primaryimage\"},\"thumbnailUrl\":\"https:\\\/\\\/lamillou.ch\\\/wp-content\\\/uploads\\\/2026\\\/04\\\/image_1920_G6gho.jpeg\",\"datePublished\":\"2026-04-08T12:19:35+00:00\",\"dateModified\":\"2026-04-16T22:59:52+00:00\",\"description\":\"Die Decke aus der Velvet Pure Kollektion besticht durch ihre stilvolle, klassische Streifensteppung. Sie eignet sich sowohl als leichte Schlafdecke als\",\"breadcrumb\":{\"@id\":\"https:\\\/\\\/lamillou.ch\\\/produkt\\\/warme-decke-velvet-pure-toffi-l-110-x-140-cm\\\/#breadcrumb\"},\"inLanguage\":\"en-GB\",\"potentialAction\":[{\"@type\":\"ReadAction\",\"target\":[\"https:\\\/\\\/lamillou.ch\\\/produkt\\\/warme-decke-velvet-pure-toffi-l-110-x-140-cm\\\/\"]}]},{\"@type\":\"ImageObject\",\"inLanguage\":\"en-GB\",\"@id\":\"https:\\\/\\\/lamillou.ch\\\/produkt\\\/warme-decke-velvet-pure-toffi-l-110-x-140-cm\\\/#primaryimage\",\"url\":\"https:\\\/\\\/lamillou.ch\\\/wp-content\\\/uploads\\\/2026\\\/04\\\/image_1920_G6gho.jpeg\",\"contentUrl\":\"https:\\\/\\\/lamillou.ch\\\/wp-content\\\/uploads\\\/2026\\\/04\\\/image_1920_G6gho.jpeg\",\"width\":1920,\"height\":1920,\"caption\":\"Warme Decke Velvet Pure TOFFI - L - 110 x 140 cm Hauptbild\"},{\"@type\":\"BreadcrumbList\",\"@id\":\"https:\\\/\\\/lamillou.ch\\\/produkt\\\/warme-decke-velvet-pure-toffi-l-110-x-140-cm\\\/#breadcrumb\",\"itemListElement\":[{\"@type\":\"ListItem\",\"position\":1,\"name\":\"Home\",\"item\":\"https:\\\/\\\/lamillou.ch\\\/\"},{\"@type\":\"ListItem\",\"position\":2,\"name\":\"Shop\",\"item\":\"https:\\\/\\\/lamillou.ch\\\/shop\\\/\"},{\"@type\":\"ListItem\",\"position\":3,\"name\":\"Warme Decke Velvet Pure TOFFI &#8211; L &#8211; 110 x 140 cm\"}]},{\"@type\":\"WebSite\",\"@id\":\"https:\\\/\\\/lamillou.ch\\\/#website\",\"url\":\"https:\\\/\\\/lamillou.ch\\\/\",\"name\":\"lamillou.ch\",\"description\":\"\",\"potentialAction\":[{\"@type\":\"SearchAction\",\"target\":{\"@type\":\"EntryPoint\",\"urlTemplate\":\"https:\\\/\\\/lamillou.ch\\\/?s={search_term_string}\"},\"query-input\":{\"@type\":\"PropertyValueSpecification\",\"valueRequired\":true,\"valueName\":\"search_term_string\"}}],\"inLanguage\":\"en-GB\"}]}<\/script>\n<!-- \/ Yoast SEO plugin. -->","yoast_head_json":{"title":"Warme Decke Velvet Pure TOFFI - L - 110 x 140 cm - lamillou.ch","description":"Die Decke aus der Velvet Pure Kollektion besticht durch ihre stilvolle, klassische Streifensteppung. Sie eignet sich sowohl als leichte Schlafdecke als","robots":{"index":"index","follow":"follow","max-snippet":"max-snippet:-1","max-image-preview":"max-image-preview:large","max-video-preview":"max-video-preview:-1"},"canonical":"https:\/\/lamillou.ch\/en\/product\/warme-decke-velvet-pure-toffi-l-110-x-140-cm\/","og_locale":"en_GB","og_type":"article","og_title":"Warme Decke Velvet Pure TOFFI - L - 110 x 140 cm - lamillou.ch","og_description":"Die Decke aus der Velvet Pure Kollektion besticht durch ihre stilvolle, klassische Streifensteppung. Sie eignet sich sowohl als leichte Schlafdecke als","og_url":"https:\/\/lamillou.ch\/en\/product\/warme-decke-velvet-pure-toffi-l-110-x-140-cm\/","og_site_name":"lamillou.ch","article_modified_time":"2026-04-16T22:59:52+00:00","og_image":[{"width":1920,"height":1920,"url":"https:\/\/lamillou.ch\/wp-content\/uploads\/2026\/04\/image_1920_G6gho.jpeg","type":"image\/jpeg"}],"twitter_card":"summary_large_image","schema":{"@context":"https:\/\/schema.org","@graph":[{"@type":"WebPage","@id":"https:\/\/lamillou.ch\/produkt\/warme-decke-velvet-pure-toffi-l-110-x-140-cm\/","url":"https:\/\/lamillou.ch\/produkt\/warme-decke-velvet-pure-toffi-l-110-x-140-cm\/","name":"Warme Decke Velvet Pure TOFFI - L - 110 x 140 cm - lamillou.ch","isPartOf":{"@id":"https:\/\/lamillou.ch\/#website"},"primaryImageOfPage":{"@id":"https:\/\/lamillou.ch\/produkt\/warme-decke-velvet-pure-toffi-l-110-x-140-cm\/#primaryimage"},"image":{"@id":"https:\/\/lamillou.ch\/produkt\/warme-decke-velvet-pure-toffi-l-110-x-140-cm\/#primaryimage"},"thumbnailUrl":"https:\/\/lamillou.ch\/wp-content\/uploads\/2026\/04\/image_1920_G6gho.jpeg","datePublished":"2026-04-08T12:19:35+00:00","dateModified":"2026-04-16T22:59:52+00:00","description":"Die Decke aus der Velvet Pure Kollektion besticht durch ihre stilvolle, klassische Streifensteppung. Sie eignet sich sowohl als leichte Schlafdecke als","breadcrumb":{"@id":"https:\/\/lamillou.ch\/produkt\/warme-decke-velvet-pure-toffi-l-110-x-140-cm\/#breadcrumb"},"inLanguage":"en-GB","potentialAction":[{"@type":"ReadAction","target":["https:\/\/lamillou.ch\/produkt\/warme-decke-velvet-pure-toffi-l-110-x-140-cm\/"]}]},{"@type":"ImageObject","inLanguage":"en-GB","@id":"https:\/\/lamillou.ch\/produkt\/warme-decke-velvet-pure-toffi-l-110-x-140-cm\/#primaryimage","url":"https:\/\/lamillou.ch\/wp-content\/uploads\/2026\/04\/image_1920_G6gho.jpeg","contentUrl":"https:\/\/lamillou.ch\/wp-content\/uploads\/2026\/04\/image_1920_G6gho.jpeg","width":1920,"height":1920,"caption":"Warme Decke Velvet Pure TOFFI - L - 110 x 140 cm Hauptbild"},{"@type":"BreadcrumbList","@id":"https:\/\/lamillou.ch\/produkt\/warme-decke-velvet-pure-toffi-l-110-x-140-cm\/#breadcrumb","itemListElement":[{"@type":"ListItem","position":1,"name":"Home","item":"https:\/\/lamillou.ch\/"},{"@type":"ListItem","position":2,"name":"Shop","item":"https:\/\/lamillou.ch\/shop\/"},{"@type":"ListItem","position":3,"name":"Warme Decke Velvet Pure TOFFI &#8211; L &#8211; 110 x 140 cm"}]},{"@type":"WebSite","@id":"https:\/\/lamillou.ch\/#website","url":"https:\/\/lamillou.ch\/","name":"lamillou.ch","description":"","potentialAction":[{"@type":"SearchAction","target":{"@type":"EntryPoint","urlTemplate":"https:\/\/lamillou.ch\/?s={search_term_string}"},"query-input":{"@type":"PropertyValueSpecification","valueRequired":true,"valueName":"search_term_string"}}],"inLanguage":"en-GB"}]}},"_links":{"self":[{"href":"https:\/\/lamillou.ch\/en\/wp-json\/wp\/v2\/product\/30162","targetHints":{"allow":["GET"]}}],"collection":[{"href":"https:\/\/lamillou.ch\/en\/wp-json\/wp\/v2\/product"}],"about":[{"href":"https:\/\/lamillou.ch\/en\/wp-json\/wp\/v2\/types\/product"}],"replies":[{"embeddable":true,"href":"https:\/\/lamillou.ch\/en\/wp-json\/wp\/v2\/comments?post=30162"}],"version-history":[{"count":0,"href":"https:\/\/lamillou.ch\/en\/wp-json\/wp\/v2\/product\/30162\/revisions"}],"wp:featuredmedia":[{"embeddable":true,"href":"https:\/\/lamillou.ch\/en\/wp-json\/wp\/v2\/media\/31262"}],"wp:attachment":[{"href":"https:\/\/lamillou.ch\/en\/wp-json\/wp\/v2\/media?parent=30162"}],"wp:term":[{"taxonomy":"product_brand","embeddable":true,"href":"https:\/\/lamillou.ch\/en\/wp-json\/wp\/v2\/product_brand?post=30162"},{"taxonomy":"product_cat","embeddable":true,"href":"https:\/\/lamillou.ch\/en\/wp-json\/wp\/v2\/product_cat?post=30162"},{"taxonomy":"product_tag","embeddable":true,"href":"https:\/\/lamillou.ch\/en\/wp-json\/wp\/v2\/product_tag?post=30162"}],"curies":[{"name":"wp","href":"https:\/\/api.w.org\/{rel}","templated":true}]}}