{"id":30099,"date":"2026-04-08T13:19:24","date_gmt":"2026-04-08T12:19:24","guid":{"rendered":"https:\/\/lamillou.ch\/produkt\/bauchtasche-aus-nylon-heartbeat-pink\/"},"modified":"2026-04-16T16:06:39","modified_gmt":"2026-04-16T15:06:39","slug":"bauchtasche-aus-nylon-heartbeat-pink","status":"publish","type":"product","link":"https:\/\/lamillou.ch\/en\/product\/bauchtasche-aus-nylon-heartbeat-pink\/","title":{"rendered":"Bauchtasche aus Nylon HEARTBEAT PINK"},"content":{"rendered":"<p>Gesteppte Nylon-Bauchtasche \u2013 Dein t\u00e4glicher Must-have-Begleiter! Entdecke die Bauchtasche, die alles Wichtige verstaut \u2013 von Schl\u00fcsseln und Handy bis zu den kleinen Dingen, ohne die du das Haus nicht verl\u00e4sst. Eine Kombination aus Funktionalit\u00e4t, Komfort und Stil \u2013 passend in jeder Situation. Hinten befindet sich eine praktische Reissverschlusstasche \u2013 perfekt f\u00fcr Dokumente, Handy oder Schl\u00fcssel. Warum du sie lieben wirst?*Ultralight und bequem \u2013 die H\u00e4nde bleiben frei, ideal f\u00fcr aktive Tage.*Weicher, angenehm zu tragender Stoff, leicht zu reinigen.*Lange, volumin\u00f6se Tr\u00e4ger mit verstellbaren Knoten \u2013 du kannst sie klassisch binden oder modisch zu einer Schleife. Trage sie, wie du willst:*Klassisch \u2013 um die H\u00fcfte, *Stylisch \u2013 crossbody, *S\u00fcss \u2013 \u00fcber der Schulter. Dank des durchdachten Designs ist sie ideal f\u00fcr den Stadtalltag, auf Reisen oder beim Spaziergang mit deinem Kind. Minimalistische Form, praktische Details \u2013 eine Bauchtasche, von der du dich nicht mehr trennen m\u00f6chtest!<\/p>","protected":false},"excerpt":{"rendered":"<p>Gesteppte Nylon-Bauchtasche \u2013 Dein t\u00e4glicher Must-have-Begleiter! Entdecke die Bauchtasche, die alles Wichtige verstaut \u2013 von Schl\u00fcsseln und Handy bis zu<\/p>","protected":false},"featured_media":31325,"comment_status":"open","ping_status":"closed","template":"","meta":[],"product_brand":[88],"product_cat":[421],"product_tag":[],"class_list":{"0":"post-30099","1":"product","2":"type-product","3":"status-publish","4":"has-post-thumbnail","6":"product_brand-la-millou","7":"product_cat-bauchtaschen","9":"first","10":"instock","11":"taxable","12":"shipping-taxable","13":"purchasable","14":"product-type-simple"},"yoast_head":"<!-- This site is optimized with the Yoast SEO plugin v27.3 - https:\/\/yoast.com\/product\/yoast-seo-wordpress\/ -->\n<title>Bauchtasche aus Nylon HEARTBEAT PINK - lamillou.ch<\/title>\n<meta name=\"robots\" content=\"index, follow, max-snippet:-1, max-image-preview:large, max-video-preview:-1\" \/>\n<link rel=\"canonical\" href=\"https:\/\/lamillou.ch\/en\/product\/bauchtasche-aus-nylon-heartbeat-pink\/\" \/>\n<meta property=\"og:locale\" content=\"en_GB\" \/>\n<meta property=\"og:type\" content=\"article\" \/>\n<meta property=\"og:title\" content=\"Bauchtasche aus Nylon HEARTBEAT PINK - lamillou.ch\" \/>\n<meta property=\"og:description\" content=\"Gesteppte Nylon-Bauchtasche \u2013 Dein t\u00e4glicher Must-have-Begleiter! Entdecke die Bauchtasche, die alles Wichtige verstaut \u2013 von Schl\u00fcsseln und Handy bis zu\" \/>\n<meta property=\"og:url\" content=\"https:\/\/lamillou.ch\/en\/product\/bauchtasche-aus-nylon-heartbeat-pink\/\" \/>\n<meta property=\"og:site_name\" content=\"lamillou.ch\" \/>\n<meta property=\"article:modified_time\" content=\"2026-04-16T15:06:39+00:00\" \/>\n<meta name=\"twitter:card\" content=\"summary_large_image\" \/>\n<meta name=\"twitter:label1\" content=\"Estimated reading time\" \/>\n\t<meta name=\"twitter:data1\" content=\"1 minute\" \/>\n<script type=\"application\/ld+json\" class=\"yoast-schema-graph\">{\"@context\":\"https:\\\/\\\/schema.org\",\"@graph\":[{\"@type\":\"WebPage\",\"@id\":\"https:\\\/\\\/lamillou.ch\\\/produkt\\\/bauchtasche-aus-nylon-heartbeat-pink\\\/\",\"url\":\"https:\\\/\\\/lamillou.ch\\\/produkt\\\/bauchtasche-aus-nylon-heartbeat-pink\\\/\",\"name\":\"Bauchtasche aus Nylon HEARTBEAT PINK - lamillou.ch\",\"isPartOf\":{\"@id\":\"https:\\\/\\\/lamillou.ch\\\/#website\"},\"primaryImageOfPage\":{\"@id\":\"https:\\\/\\\/lamillou.ch\\\/produkt\\\/bauchtasche-aus-nylon-heartbeat-pink\\\/#primaryimage\"},\"image\":{\"@id\":\"https:\\\/\\\/lamillou.ch\\\/produkt\\\/bauchtasche-aus-nylon-heartbeat-pink\\\/#primaryimage\"},\"thumbnailUrl\":\"https:\\\/\\\/lamillou.ch\\\/wp-content\\\/uploads\\\/2026\\\/04\\\/image_1920_wsqSz.jpeg\",\"datePublished\":\"2026-04-08T12:19:24+00:00\",\"dateModified\":\"2026-04-16T15:06:39+00:00\",\"breadcrumb\":{\"@id\":\"https:\\\/\\\/lamillou.ch\\\/produkt\\\/bauchtasche-aus-nylon-heartbeat-pink\\\/#breadcrumb\"},\"inLanguage\":\"en-GB\",\"potentialAction\":[{\"@type\":\"ReadAction\",\"target\":[\"https:\\\/\\\/lamillou.ch\\\/produkt\\\/bauchtasche-aus-nylon-heartbeat-pink\\\/\"]}]},{\"@type\":\"ImageObject\",\"inLanguage\":\"en-GB\",\"@id\":\"https:\\\/\\\/lamillou.ch\\\/produkt\\\/bauchtasche-aus-nylon-heartbeat-pink\\\/#primaryimage\",\"url\":\"https:\\\/\\\/lamillou.ch\\\/wp-content\\\/uploads\\\/2026\\\/04\\\/image_1920_wsqSz.jpeg\",\"contentUrl\":\"https:\\\/\\\/lamillou.ch\\\/wp-content\\\/uploads\\\/2026\\\/04\\\/image_1920_wsqSz.jpeg\",\"width\":1920,\"height\":1920,\"caption\":\"Bauchtasche aus Nylon HEARTBEAT PINK Hauptbild\"},{\"@type\":\"BreadcrumbList\",\"@id\":\"https:\\\/\\\/lamillou.ch\\\/produkt\\\/bauchtasche-aus-nylon-heartbeat-pink\\\/#breadcrumb\",\"itemListElement\":[{\"@type\":\"ListItem\",\"position\":1,\"name\":\"Home\",\"item\":\"https:\\\/\\\/lamillou.ch\\\/\"},{\"@type\":\"ListItem\",\"position\":2,\"name\":\"Shop\",\"item\":\"https:\\\/\\\/lamillou.ch\\\/shop\\\/\"},{\"@type\":\"ListItem\",\"position\":3,\"name\":\"Bauchtasche aus Nylon HEARTBEAT PINK\"}]},{\"@type\":\"WebSite\",\"@id\":\"https:\\\/\\\/lamillou.ch\\\/#website\",\"url\":\"https:\\\/\\\/lamillou.ch\\\/\",\"name\":\"lamillou.ch\",\"description\":\"\",\"potentialAction\":[{\"@type\":\"SearchAction\",\"target\":{\"@type\":\"EntryPoint\",\"urlTemplate\":\"https:\\\/\\\/lamillou.ch\\\/?s={search_term_string}\"},\"query-input\":{\"@type\":\"PropertyValueSpecification\",\"valueRequired\":true,\"valueName\":\"search_term_string\"}}],\"inLanguage\":\"en-GB\"}]}<\/script>\n<!-- \/ Yoast SEO plugin. -->","yoast_head_json":{"title":"Bauchtasche aus Nylon HEARTBEAT PINK - lamillou.ch","robots":{"index":"index","follow":"follow","max-snippet":"max-snippet:-1","max-image-preview":"max-image-preview:large","max-video-preview":"max-video-preview:-1"},"canonical":"https:\/\/lamillou.ch\/en\/product\/bauchtasche-aus-nylon-heartbeat-pink\/","og_locale":"en_GB","og_type":"article","og_title":"Bauchtasche aus Nylon HEARTBEAT PINK - lamillou.ch","og_description":"Gesteppte Nylon-Bauchtasche \u2013 Dein t\u00e4glicher Must-have-Begleiter! Entdecke die Bauchtasche, die alles Wichtige verstaut \u2013 von Schl\u00fcsseln und Handy bis zu","og_url":"https:\/\/lamillou.ch\/en\/product\/bauchtasche-aus-nylon-heartbeat-pink\/","og_site_name":"lamillou.ch","article_modified_time":"2026-04-16T15:06:39+00:00","twitter_card":"summary_large_image","twitter_misc":{"Estimated reading time":"1 minute"},"schema":{"@context":"https:\/\/schema.org","@graph":[{"@type":"WebPage","@id":"https:\/\/lamillou.ch\/produkt\/bauchtasche-aus-nylon-heartbeat-pink\/","url":"https:\/\/lamillou.ch\/produkt\/bauchtasche-aus-nylon-heartbeat-pink\/","name":"Bauchtasche aus Nylon HEARTBEAT PINK - lamillou.ch","isPartOf":{"@id":"https:\/\/lamillou.ch\/#website"},"primaryImageOfPage":{"@id":"https:\/\/lamillou.ch\/produkt\/bauchtasche-aus-nylon-heartbeat-pink\/#primaryimage"},"image":{"@id":"https:\/\/lamillou.ch\/produkt\/bauchtasche-aus-nylon-heartbeat-pink\/#primaryimage"},"thumbnailUrl":"https:\/\/lamillou.ch\/wp-content\/uploads\/2026\/04\/image_1920_wsqSz.jpeg","datePublished":"2026-04-08T12:19:24+00:00","dateModified":"2026-04-16T15:06:39+00:00","breadcrumb":{"@id":"https:\/\/lamillou.ch\/produkt\/bauchtasche-aus-nylon-heartbeat-pink\/#breadcrumb"},"inLanguage":"en-GB","potentialAction":[{"@type":"ReadAction","target":["https:\/\/lamillou.ch\/produkt\/bauchtasche-aus-nylon-heartbeat-pink\/"]}]},{"@type":"ImageObject","inLanguage":"en-GB","@id":"https:\/\/lamillou.ch\/produkt\/bauchtasche-aus-nylon-heartbeat-pink\/#primaryimage","url":"https:\/\/lamillou.ch\/wp-content\/uploads\/2026\/04\/image_1920_wsqSz.jpeg","contentUrl":"https:\/\/lamillou.ch\/wp-content\/uploads\/2026\/04\/image_1920_wsqSz.jpeg","width":1920,"height":1920,"caption":"Bauchtasche aus Nylon HEARTBEAT PINK Hauptbild"},{"@type":"BreadcrumbList","@id":"https:\/\/lamillou.ch\/produkt\/bauchtasche-aus-nylon-heartbeat-pink\/#breadcrumb","itemListElement":[{"@type":"ListItem","position":1,"name":"Home","item":"https:\/\/lamillou.ch\/"},{"@type":"ListItem","position":2,"name":"Shop","item":"https:\/\/lamillou.ch\/shop\/"},{"@type":"ListItem","position":3,"name":"Bauchtasche aus Nylon HEARTBEAT PINK"}]},{"@type":"WebSite","@id":"https:\/\/lamillou.ch\/#website","url":"https:\/\/lamillou.ch\/","name":"lamillou.ch","description":"","potentialAction":[{"@type":"SearchAction","target":{"@type":"EntryPoint","urlTemplate":"https:\/\/lamillou.ch\/?s={search_term_string}"},"query-input":{"@type":"PropertyValueSpecification","valueRequired":true,"valueName":"search_term_string"}}],"inLanguage":"en-GB"}]}},"_links":{"self":[{"href":"https:\/\/lamillou.ch\/en\/wp-json\/wp\/v2\/product\/30099","targetHints":{"allow":["GET"]}}],"collection":[{"href":"https:\/\/lamillou.ch\/en\/wp-json\/wp\/v2\/product"}],"about":[{"href":"https:\/\/lamillou.ch\/en\/wp-json\/wp\/v2\/types\/product"}],"replies":[{"embeddable":true,"href":"https:\/\/lamillou.ch\/en\/wp-json\/wp\/v2\/comments?post=30099"}],"version-history":[{"count":0,"href":"https:\/\/lamillou.ch\/en\/wp-json\/wp\/v2\/product\/30099\/revisions"}],"wp:featuredmedia":[{"embeddable":true,"href":"https:\/\/lamillou.ch\/en\/wp-json\/wp\/v2\/media\/31325"}],"wp:attachment":[{"href":"https:\/\/lamillou.ch\/en\/wp-json\/wp\/v2\/media?parent=30099"}],"wp:term":[{"taxonomy":"product_brand","embeddable":true,"href":"https:\/\/lamillou.ch\/en\/wp-json\/wp\/v2\/product_brand?post=30099"},{"taxonomy":"product_cat","embeddable":true,"href":"https:\/\/lamillou.ch\/en\/wp-json\/wp\/v2\/product_cat?post=30099"},{"taxonomy":"product_tag","embeddable":true,"href":"https:\/\/lamillou.ch\/en\/wp-json\/wp\/v2\/product_tag?post=30099"}],"curies":[{"name":"wp","href":"https:\/\/api.w.org\/{rel}","templated":true}]}}