{"id":30093,"date":"2026-04-08T13:19:23","date_gmt":"2026-04-08T12:19:23","guid":{"rendered":"https:\/\/lamillou.ch\/produkt\/wasserdichter-kulturbeutel-stripes-green-s\/"},"modified":"2026-04-16T23:55:40","modified_gmt":"2026-04-16T22:55:40","slug":"wasserdichter-kulturbeutel-stripes-green-s","status":"publish","type":"product","link":"https:\/\/lamillou.ch\/en\/product\/wasserdichter-kulturbeutel-stripes-green-s\/","title":{"rendered":"Wasserdichter Kulturbeutel STRIPES GREEN &#8211; S"},"content":{"rendered":"<p>Wasserdichte Kosmetiktaschen, damit Sie alles an seinem Platz haben. Ein Muss f\u00fcr jeden Organisationsliebhaber. Ideal f\u00fcr Kosmetika, auf Reisen, t\u00e4gliches Pflegezubeh\u00f6r, Elektronik, Buntstifte, nasse Kleidung, Windeln. Jede Kosmetiktasche hat einen zus\u00e4tzlichen Griff in der oberen Ecke mit einem Metallverschluss, so dass man sie z.B. beim Spazierengehen am Kinderwagen oder in der Dusche aufh\u00e4ngen kann.<\/p>","protected":false},"excerpt":{"rendered":"<p>Wasserdichte Kosmetiktaschen, damit Sie alles an seinem Platz haben. Ein Muss f\u00fcr jeden Organisationsliebhaber. Ideal f\u00fcr Kosmetika, auf Reisen, t\u00e4gliches<\/p>","protected":false},"featured_media":31331,"comment_status":"open","ping_status":"closed","template":"","meta":[],"product_brand":[88],"product_cat":[358],"product_tag":[],"class_list":{"0":"post-30093","1":"product","2":"type-product","3":"status-publish","4":"has-post-thumbnail","6":"product_brand-la-millou","7":"product_cat-necessaire-und-kulturbeutel","9":"first","10":"instock","11":"taxable","12":"shipping-taxable","13":"purchasable","14":"product-type-simple"},"yoast_head":"<!-- This site is optimized with the Yoast SEO plugin v27.3 - https:\/\/yoast.com\/product\/yoast-seo-wordpress\/ -->\n<title>Wasserdichter Kulturbeutel STRIPES GREEN - S - lamillou.ch<\/title>\n<meta name=\"description\" content=\"Wasserdichte Kosmetiktaschen, damit Sie alles an seinem Platz haben. Ein Muss f\u00fcr jeden Organisationsliebhaber. Ideal f\u00fcr Kosmetika, auf Reisen, t\u00e4gliches\" \/>\n<meta name=\"robots\" content=\"index, follow, max-snippet:-1, max-image-preview:large, max-video-preview:-1\" \/>\n<link rel=\"canonical\" href=\"https:\/\/lamillou.ch\/en\/product\/wasserdichter-kulturbeutel-stripes-green-s\/\" \/>\n<meta property=\"og:locale\" content=\"en_GB\" \/>\n<meta property=\"og:type\" content=\"article\" \/>\n<meta property=\"og:title\" content=\"Wasserdichter Kulturbeutel STRIPES GREEN - S - lamillou.ch\" \/>\n<meta property=\"og:description\" content=\"Wasserdichte Kosmetiktaschen, damit Sie alles an seinem Platz haben. Ein Muss f\u00fcr jeden Organisationsliebhaber. Ideal f\u00fcr Kosmetika, auf Reisen, t\u00e4gliches\" \/>\n<meta property=\"og:url\" content=\"https:\/\/lamillou.ch\/en\/product\/wasserdichter-kulturbeutel-stripes-green-s\/\" \/>\n<meta property=\"og:site_name\" content=\"lamillou.ch\" \/>\n<meta property=\"article:modified_time\" content=\"2026-04-16T22:55:40+00:00\" \/>\n<meta property=\"og:image\" content=\"https:\/\/lamillou.ch\/wp-content\/uploads\/2026\/04\/image_1920_uBdk2.jpeg\" \/>\n\t<meta property=\"og:image:width\" content=\"1920\" \/>\n\t<meta property=\"og:image:height\" content=\"1920\" \/>\n\t<meta property=\"og:image:type\" content=\"image\/jpeg\" \/>\n<meta name=\"twitter:card\" content=\"summary_large_image\" \/>\n<script type=\"application\/ld+json\" class=\"yoast-schema-graph\">{\"@context\":\"https:\\\/\\\/schema.org\",\"@graph\":[{\"@type\":\"WebPage\",\"@id\":\"https:\\\/\\\/lamillou.ch\\\/produkt\\\/wasserdichter-kulturbeutel-stripes-green-s\\\/\",\"url\":\"https:\\\/\\\/lamillou.ch\\\/produkt\\\/wasserdichter-kulturbeutel-stripes-green-s\\\/\",\"name\":\"Wasserdichter Kulturbeutel STRIPES GREEN - S - lamillou.ch\",\"isPartOf\":{\"@id\":\"https:\\\/\\\/lamillou.ch\\\/#website\"},\"primaryImageOfPage\":{\"@id\":\"https:\\\/\\\/lamillou.ch\\\/produkt\\\/wasserdichter-kulturbeutel-stripes-green-s\\\/#primaryimage\"},\"image\":{\"@id\":\"https:\\\/\\\/lamillou.ch\\\/produkt\\\/wasserdichter-kulturbeutel-stripes-green-s\\\/#primaryimage\"},\"thumbnailUrl\":\"https:\\\/\\\/lamillou.ch\\\/wp-content\\\/uploads\\\/2026\\\/04\\\/image_1920_uBdk2.jpeg\",\"datePublished\":\"2026-04-08T12:19:23+00:00\",\"dateModified\":\"2026-04-16T22:55:40+00:00\",\"description\":\"Wasserdichte Kosmetiktaschen, damit Sie alles an seinem Platz haben. Ein Muss f\u00fcr jeden Organisationsliebhaber. Ideal f\u00fcr Kosmetika, auf Reisen, t\u00e4gliches\",\"breadcrumb\":{\"@id\":\"https:\\\/\\\/lamillou.ch\\\/produkt\\\/wasserdichter-kulturbeutel-stripes-green-s\\\/#breadcrumb\"},\"inLanguage\":\"en-GB\",\"potentialAction\":[{\"@type\":\"ReadAction\",\"target\":[\"https:\\\/\\\/lamillou.ch\\\/produkt\\\/wasserdichter-kulturbeutel-stripes-green-s\\\/\"]}]},{\"@type\":\"ImageObject\",\"inLanguage\":\"en-GB\",\"@id\":\"https:\\\/\\\/lamillou.ch\\\/produkt\\\/wasserdichter-kulturbeutel-stripes-green-s\\\/#primaryimage\",\"url\":\"https:\\\/\\\/lamillou.ch\\\/wp-content\\\/uploads\\\/2026\\\/04\\\/image_1920_uBdk2.jpeg\",\"contentUrl\":\"https:\\\/\\\/lamillou.ch\\\/wp-content\\\/uploads\\\/2026\\\/04\\\/image_1920_uBdk2.jpeg\",\"width\":1920,\"height\":1920,\"caption\":\"Wasserdichter Kulturbeutel STRIPES GREEN - S Hauptbild\"},{\"@type\":\"BreadcrumbList\",\"@id\":\"https:\\\/\\\/lamillou.ch\\\/produkt\\\/wasserdichter-kulturbeutel-stripes-green-s\\\/#breadcrumb\",\"itemListElement\":[{\"@type\":\"ListItem\",\"position\":1,\"name\":\"Home\",\"item\":\"https:\\\/\\\/lamillou.ch\\\/\"},{\"@type\":\"ListItem\",\"position\":2,\"name\":\"Shop\",\"item\":\"https:\\\/\\\/lamillou.ch\\\/shop\\\/\"},{\"@type\":\"ListItem\",\"position\":3,\"name\":\"Wasserdichter Kulturbeutel STRIPES GREEN &#8211; S\"}]},{\"@type\":\"WebSite\",\"@id\":\"https:\\\/\\\/lamillou.ch\\\/#website\",\"url\":\"https:\\\/\\\/lamillou.ch\\\/\",\"name\":\"lamillou.ch\",\"description\":\"\",\"potentialAction\":[{\"@type\":\"SearchAction\",\"target\":{\"@type\":\"EntryPoint\",\"urlTemplate\":\"https:\\\/\\\/lamillou.ch\\\/?s={search_term_string}\"},\"query-input\":{\"@type\":\"PropertyValueSpecification\",\"valueRequired\":true,\"valueName\":\"search_term_string\"}}],\"inLanguage\":\"en-GB\"}]}<\/script>\n<!-- \/ Yoast SEO plugin. -->","yoast_head_json":{"title":"Wasserdichter Kulturbeutel STRIPES GREEN - S - lamillou.ch","description":"Wasserdichte Kosmetiktaschen, damit Sie alles an seinem Platz haben. Ein Muss f\u00fcr jeden Organisationsliebhaber. Ideal f\u00fcr Kosmetika, auf Reisen, t\u00e4gliches","robots":{"index":"index","follow":"follow","max-snippet":"max-snippet:-1","max-image-preview":"max-image-preview:large","max-video-preview":"max-video-preview:-1"},"canonical":"https:\/\/lamillou.ch\/en\/product\/wasserdichter-kulturbeutel-stripes-green-s\/","og_locale":"en_GB","og_type":"article","og_title":"Wasserdichter Kulturbeutel STRIPES GREEN - S - lamillou.ch","og_description":"Wasserdichte Kosmetiktaschen, damit Sie alles an seinem Platz haben. Ein Muss f\u00fcr jeden Organisationsliebhaber. Ideal f\u00fcr Kosmetika, auf Reisen, t\u00e4gliches","og_url":"https:\/\/lamillou.ch\/en\/product\/wasserdichter-kulturbeutel-stripes-green-s\/","og_site_name":"lamillou.ch","article_modified_time":"2026-04-16T22:55:40+00:00","og_image":[{"width":1920,"height":1920,"url":"https:\/\/lamillou.ch\/wp-content\/uploads\/2026\/04\/image_1920_uBdk2.jpeg","type":"image\/jpeg"}],"twitter_card":"summary_large_image","schema":{"@context":"https:\/\/schema.org","@graph":[{"@type":"WebPage","@id":"https:\/\/lamillou.ch\/produkt\/wasserdichter-kulturbeutel-stripes-green-s\/","url":"https:\/\/lamillou.ch\/produkt\/wasserdichter-kulturbeutel-stripes-green-s\/","name":"Wasserdichter Kulturbeutel STRIPES GREEN - S - lamillou.ch","isPartOf":{"@id":"https:\/\/lamillou.ch\/#website"},"primaryImageOfPage":{"@id":"https:\/\/lamillou.ch\/produkt\/wasserdichter-kulturbeutel-stripes-green-s\/#primaryimage"},"image":{"@id":"https:\/\/lamillou.ch\/produkt\/wasserdichter-kulturbeutel-stripes-green-s\/#primaryimage"},"thumbnailUrl":"https:\/\/lamillou.ch\/wp-content\/uploads\/2026\/04\/image_1920_uBdk2.jpeg","datePublished":"2026-04-08T12:19:23+00:00","dateModified":"2026-04-16T22:55:40+00:00","description":"Wasserdichte Kosmetiktaschen, damit Sie alles an seinem Platz haben. Ein Muss f\u00fcr jeden Organisationsliebhaber. Ideal f\u00fcr Kosmetika, auf Reisen, t\u00e4gliches","breadcrumb":{"@id":"https:\/\/lamillou.ch\/produkt\/wasserdichter-kulturbeutel-stripes-green-s\/#breadcrumb"},"inLanguage":"en-GB","potentialAction":[{"@type":"ReadAction","target":["https:\/\/lamillou.ch\/produkt\/wasserdichter-kulturbeutel-stripes-green-s\/"]}]},{"@type":"ImageObject","inLanguage":"en-GB","@id":"https:\/\/lamillou.ch\/produkt\/wasserdichter-kulturbeutel-stripes-green-s\/#primaryimage","url":"https:\/\/lamillou.ch\/wp-content\/uploads\/2026\/04\/image_1920_uBdk2.jpeg","contentUrl":"https:\/\/lamillou.ch\/wp-content\/uploads\/2026\/04\/image_1920_uBdk2.jpeg","width":1920,"height":1920,"caption":"Wasserdichter Kulturbeutel STRIPES GREEN - S Hauptbild"},{"@type":"BreadcrumbList","@id":"https:\/\/lamillou.ch\/produkt\/wasserdichter-kulturbeutel-stripes-green-s\/#breadcrumb","itemListElement":[{"@type":"ListItem","position":1,"name":"Home","item":"https:\/\/lamillou.ch\/"},{"@type":"ListItem","position":2,"name":"Shop","item":"https:\/\/lamillou.ch\/shop\/"},{"@type":"ListItem","position":3,"name":"Wasserdichter Kulturbeutel STRIPES GREEN &#8211; S"}]},{"@type":"WebSite","@id":"https:\/\/lamillou.ch\/#website","url":"https:\/\/lamillou.ch\/","name":"lamillou.ch","description":"","potentialAction":[{"@type":"SearchAction","target":{"@type":"EntryPoint","urlTemplate":"https:\/\/lamillou.ch\/?s={search_term_string}"},"query-input":{"@type":"PropertyValueSpecification","valueRequired":true,"valueName":"search_term_string"}}],"inLanguage":"en-GB"}]}},"_links":{"self":[{"href":"https:\/\/lamillou.ch\/en\/wp-json\/wp\/v2\/product\/30093","targetHints":{"allow":["GET"]}}],"collection":[{"href":"https:\/\/lamillou.ch\/en\/wp-json\/wp\/v2\/product"}],"about":[{"href":"https:\/\/lamillou.ch\/en\/wp-json\/wp\/v2\/types\/product"}],"replies":[{"embeddable":true,"href":"https:\/\/lamillou.ch\/en\/wp-json\/wp\/v2\/comments?post=30093"}],"version-history":[{"count":0,"href":"https:\/\/lamillou.ch\/en\/wp-json\/wp\/v2\/product\/30093\/revisions"}],"wp:featuredmedia":[{"embeddable":true,"href":"https:\/\/lamillou.ch\/en\/wp-json\/wp\/v2\/media\/31331"}],"wp:attachment":[{"href":"https:\/\/lamillou.ch\/en\/wp-json\/wp\/v2\/media?parent=30093"}],"wp:term":[{"taxonomy":"product_brand","embeddable":true,"href":"https:\/\/lamillou.ch\/en\/wp-json\/wp\/v2\/product_brand?post=30093"},{"taxonomy":"product_cat","embeddable":true,"href":"https:\/\/lamillou.ch\/en\/wp-json\/wp\/v2\/product_cat?post=30093"},{"taxonomy":"product_tag","embeddable":true,"href":"https:\/\/lamillou.ch\/en\/wp-json\/wp\/v2\/product_tag?post=30093"}],"curies":[{"name":"wp","href":"https:\/\/api.w.org\/{rel}","templated":true}]}}