{"id":30037,"date":"2026-04-08T13:18:55","date_gmt":"2026-04-08T12:18:55","guid":{"rendered":"https:\/\/lamillou.ch\/produkt\/spieluhr-berry-henry\/"},"modified":"2026-04-17T03:50:38","modified_gmt":"2026-04-17T02:50:38","slug":"spieluhr-berry-henry","status":"publish","type":"product","link":"https:\/\/lamillou.ch\/en\/product\/spieluhr-berry-henry\/","title":{"rendered":"Spieluhr BERRY HENRY"},"content":{"rendered":"<p>Unsere Spieluhr hat zwei Besonderheiten auf dem Markt: Erstens kann sie in der Waschmaschine gewaschen werden, weil das Spielwerk wasserdicht ist, und zweitens wollen wir, dass Kinder von klein auf ihren Musikgeschmack entwickeln. Wir spielen die Beatles mit Hey Jude. Dieses Repertoire wird auch die Eltern beruhigen. Die Spieluhr ist komplett aus hochwertiger Baumwolle gefertigt und mit gef\u00fcllt mit einer Polyesterball, das f\u00fcr Ihr Kind v\u00f6llig ungef\u00e4hrlich ist. Sie ist sehr weich und hat B\u00e4nder, damit man sie \u00fcberall zu Hause oder im Kinderwagen aufh\u00e4ngen kann. Produkt geeignet f\u00fcr Kinder ab der Geburt (0+).<br \/>\nInstallationsanleitung:<br \/>\nInstallation auf oder in der N\u00e4he eines Babybetts und Aktivierung der Spieluhr nur durch einen Erwachsenen.<br \/>\nWARNUNG!<br \/>\n&#8211; Befestigen Sie das Spielzeug ausserhalb der Reichweite des Kindes, um m\u00f6gliche Verletzungen durch Schlaufen zu vermeiden.<br \/>\n&#8211; Entfernen Sie das Spielzeug, wenn das Baby versucht, auf H\u00e4nden und Knien aufzustehen oder sich in einer Krabbelposition befindet.<br \/>\n&#8211; \u00dcberpr\u00fcfen Sie das Produkt vor jedem Gebrauch sorgf\u00e4ltig. Bei ersten Anzeichen von Besch\u00e4digung oder Abnutzung nicht verwenden.<br \/>\n&#8211; Von Feuer fernhalten!<\/p>","protected":false},"excerpt":{"rendered":"<p>Unsere Spieluhr hat zwei Besonderheiten auf dem Markt: Erstens kann sie in der Waschmaschine gewaschen werden, weil das Spielwerk wasserdicht<\/p>","protected":false},"featured_media":31387,"comment_status":"open","ping_status":"closed","template":"","meta":[],"product_brand":[88],"product_cat":[374],"product_tag":[],"class_list":{"0":"post-30037","1":"product","2":"type-product","3":"status-publish","4":"has-post-thumbnail","6":"product_brand-la-millou","7":"product_cat-spieluhren-babys","9":"first","10":"instock","11":"taxable","12":"shipping-taxable","13":"purchasable","14":"product-type-simple"},"yoast_head":"<!-- This site is optimized with the Yoast SEO plugin v27.3 - https:\/\/yoast.com\/product\/yoast-seo-wordpress\/ -->\n<title>Spieluhr BERRY HENRY - lamillou.ch<\/title>\n<meta name=\"description\" content=\"Unsere Spieluhr hat zwei Besonderheiten auf dem Markt: Erstens kann sie in der Waschmaschine gewaschen werden, weil das Spielwerk wasserdicht ist, und\" \/>\n<meta name=\"robots\" content=\"index, follow, max-snippet:-1, max-image-preview:large, max-video-preview:-1\" \/>\n<link rel=\"canonical\" href=\"https:\/\/lamillou.ch\/en\/product\/spieluhr-berry-henry\/\" \/>\n<meta property=\"og:locale\" content=\"en_GB\" \/>\n<meta property=\"og:type\" content=\"article\" \/>\n<meta property=\"og:title\" content=\"Spieluhr BERRY HENRY - lamillou.ch\" \/>\n<meta property=\"og:description\" content=\"Unsere Spieluhr hat zwei Besonderheiten auf dem Markt: Erstens kann sie in der Waschmaschine gewaschen werden, weil das Spielwerk wasserdicht ist, und\" \/>\n<meta property=\"og:url\" content=\"https:\/\/lamillou.ch\/en\/product\/spieluhr-berry-henry\/\" \/>\n<meta property=\"og:site_name\" content=\"lamillou.ch\" \/>\n<meta property=\"article:modified_time\" content=\"2026-04-17T02:50:38+00:00\" \/>\n<meta property=\"og:image\" content=\"https:\/\/lamillou.ch\/wp-content\/uploads\/2026\/04\/image_1920_ciQ4E.jpeg\" \/>\n\t<meta property=\"og:image:width\" content=\"1920\" \/>\n\t<meta property=\"og:image:height\" content=\"1920\" \/>\n\t<meta property=\"og:image:type\" content=\"image\/jpeg\" \/>\n<meta name=\"twitter:card\" content=\"summary_large_image\" \/>\n<meta name=\"twitter:label1\" content=\"Estimated reading time\" \/>\n\t<meta name=\"twitter:data1\" content=\"1 minute\" \/>\n<script type=\"application\/ld+json\" class=\"yoast-schema-graph\">{\"@context\":\"https:\\\/\\\/schema.org\",\"@graph\":[{\"@type\":\"WebPage\",\"@id\":\"https:\\\/\\\/lamillou.ch\\\/produkt\\\/spieluhr-berry-henry\\\/\",\"url\":\"https:\\\/\\\/lamillou.ch\\\/produkt\\\/spieluhr-berry-henry\\\/\",\"name\":\"Spieluhr BERRY HENRY - lamillou.ch\",\"isPartOf\":{\"@id\":\"https:\\\/\\\/lamillou.ch\\\/#website\"},\"primaryImageOfPage\":{\"@id\":\"https:\\\/\\\/lamillou.ch\\\/produkt\\\/spieluhr-berry-henry\\\/#primaryimage\"},\"image\":{\"@id\":\"https:\\\/\\\/lamillou.ch\\\/produkt\\\/spieluhr-berry-henry\\\/#primaryimage\"},\"thumbnailUrl\":\"https:\\\/\\\/lamillou.ch\\\/wp-content\\\/uploads\\\/2026\\\/04\\\/image_1920_ciQ4E.jpeg\",\"datePublished\":\"2026-04-08T12:18:55+00:00\",\"dateModified\":\"2026-04-17T02:50:38+00:00\",\"description\":\"Unsere Spieluhr hat zwei Besonderheiten auf dem Markt: Erstens kann sie in der Waschmaschine gewaschen werden, weil das Spielwerk wasserdicht ist, und\",\"breadcrumb\":{\"@id\":\"https:\\\/\\\/lamillou.ch\\\/produkt\\\/spieluhr-berry-henry\\\/#breadcrumb\"},\"inLanguage\":\"en-GB\",\"potentialAction\":[{\"@type\":\"ReadAction\",\"target\":[\"https:\\\/\\\/lamillou.ch\\\/produkt\\\/spieluhr-berry-henry\\\/\"]}]},{\"@type\":\"ImageObject\",\"inLanguage\":\"en-GB\",\"@id\":\"https:\\\/\\\/lamillou.ch\\\/produkt\\\/spieluhr-berry-henry\\\/#primaryimage\",\"url\":\"https:\\\/\\\/lamillou.ch\\\/wp-content\\\/uploads\\\/2026\\\/04\\\/image_1920_ciQ4E.jpeg\",\"contentUrl\":\"https:\\\/\\\/lamillou.ch\\\/wp-content\\\/uploads\\\/2026\\\/04\\\/image_1920_ciQ4E.jpeg\",\"width\":1920,\"height\":1920,\"caption\":\"Spieluhr BERRY HENRY Hauptbild\"},{\"@type\":\"BreadcrumbList\",\"@id\":\"https:\\\/\\\/lamillou.ch\\\/produkt\\\/spieluhr-berry-henry\\\/#breadcrumb\",\"itemListElement\":[{\"@type\":\"ListItem\",\"position\":1,\"name\":\"Home\",\"item\":\"https:\\\/\\\/lamillou.ch\\\/\"},{\"@type\":\"ListItem\",\"position\":2,\"name\":\"Shop\",\"item\":\"https:\\\/\\\/lamillou.ch\\\/shop\\\/\"},{\"@type\":\"ListItem\",\"position\":3,\"name\":\"Spieluhr BERRY HENRY\"}]},{\"@type\":\"WebSite\",\"@id\":\"https:\\\/\\\/lamillou.ch\\\/#website\",\"url\":\"https:\\\/\\\/lamillou.ch\\\/\",\"name\":\"lamillou.ch\",\"description\":\"\",\"potentialAction\":[{\"@type\":\"SearchAction\",\"target\":{\"@type\":\"EntryPoint\",\"urlTemplate\":\"https:\\\/\\\/lamillou.ch\\\/?s={search_term_string}\"},\"query-input\":{\"@type\":\"PropertyValueSpecification\",\"valueRequired\":true,\"valueName\":\"search_term_string\"}}],\"inLanguage\":\"en-GB\"}]}<\/script>\n<!-- \/ Yoast SEO plugin. -->","yoast_head_json":{"title":"Spieluhr BERRY HENRY - lamillou.ch","description":"Unsere Spieluhr hat zwei Besonderheiten auf dem Markt: Erstens kann sie in der Waschmaschine gewaschen werden, weil das Spielwerk wasserdicht ist, und","robots":{"index":"index","follow":"follow","max-snippet":"max-snippet:-1","max-image-preview":"max-image-preview:large","max-video-preview":"max-video-preview:-1"},"canonical":"https:\/\/lamillou.ch\/en\/product\/spieluhr-berry-henry\/","og_locale":"en_GB","og_type":"article","og_title":"Spieluhr BERRY HENRY - lamillou.ch","og_description":"Unsere Spieluhr hat zwei Besonderheiten auf dem Markt: Erstens kann sie in der Waschmaschine gewaschen werden, weil das Spielwerk wasserdicht ist, und","og_url":"https:\/\/lamillou.ch\/en\/product\/spieluhr-berry-henry\/","og_site_name":"lamillou.ch","article_modified_time":"2026-04-17T02:50:38+00:00","og_image":[{"width":1920,"height":1920,"url":"https:\/\/lamillou.ch\/wp-content\/uploads\/2026\/04\/image_1920_ciQ4E.jpeg","type":"image\/jpeg"}],"twitter_card":"summary_large_image","twitter_misc":{"Estimated reading time":"1 minute"},"schema":{"@context":"https:\/\/schema.org","@graph":[{"@type":"WebPage","@id":"https:\/\/lamillou.ch\/produkt\/spieluhr-berry-henry\/","url":"https:\/\/lamillou.ch\/produkt\/spieluhr-berry-henry\/","name":"Spieluhr BERRY HENRY - lamillou.ch","isPartOf":{"@id":"https:\/\/lamillou.ch\/#website"},"primaryImageOfPage":{"@id":"https:\/\/lamillou.ch\/produkt\/spieluhr-berry-henry\/#primaryimage"},"image":{"@id":"https:\/\/lamillou.ch\/produkt\/spieluhr-berry-henry\/#primaryimage"},"thumbnailUrl":"https:\/\/lamillou.ch\/wp-content\/uploads\/2026\/04\/image_1920_ciQ4E.jpeg","datePublished":"2026-04-08T12:18:55+00:00","dateModified":"2026-04-17T02:50:38+00:00","description":"Unsere Spieluhr hat zwei Besonderheiten auf dem Markt: Erstens kann sie in der Waschmaschine gewaschen werden, weil das Spielwerk wasserdicht ist, und","breadcrumb":{"@id":"https:\/\/lamillou.ch\/produkt\/spieluhr-berry-henry\/#breadcrumb"},"inLanguage":"en-GB","potentialAction":[{"@type":"ReadAction","target":["https:\/\/lamillou.ch\/produkt\/spieluhr-berry-henry\/"]}]},{"@type":"ImageObject","inLanguage":"en-GB","@id":"https:\/\/lamillou.ch\/produkt\/spieluhr-berry-henry\/#primaryimage","url":"https:\/\/lamillou.ch\/wp-content\/uploads\/2026\/04\/image_1920_ciQ4E.jpeg","contentUrl":"https:\/\/lamillou.ch\/wp-content\/uploads\/2026\/04\/image_1920_ciQ4E.jpeg","width":1920,"height":1920,"caption":"Spieluhr BERRY HENRY Hauptbild"},{"@type":"BreadcrumbList","@id":"https:\/\/lamillou.ch\/produkt\/spieluhr-berry-henry\/#breadcrumb","itemListElement":[{"@type":"ListItem","position":1,"name":"Home","item":"https:\/\/lamillou.ch\/"},{"@type":"ListItem","position":2,"name":"Shop","item":"https:\/\/lamillou.ch\/shop\/"},{"@type":"ListItem","position":3,"name":"Spieluhr BERRY HENRY"}]},{"@type":"WebSite","@id":"https:\/\/lamillou.ch\/#website","url":"https:\/\/lamillou.ch\/","name":"lamillou.ch","description":"","potentialAction":[{"@type":"SearchAction","target":{"@type":"EntryPoint","urlTemplate":"https:\/\/lamillou.ch\/?s={search_term_string}"},"query-input":{"@type":"PropertyValueSpecification","valueRequired":true,"valueName":"search_term_string"}}],"inLanguage":"en-GB"}]}},"_links":{"self":[{"href":"https:\/\/lamillou.ch\/en\/wp-json\/wp\/v2\/product\/30037","targetHints":{"allow":["GET"]}}],"collection":[{"href":"https:\/\/lamillou.ch\/en\/wp-json\/wp\/v2\/product"}],"about":[{"href":"https:\/\/lamillou.ch\/en\/wp-json\/wp\/v2\/types\/product"}],"replies":[{"embeddable":true,"href":"https:\/\/lamillou.ch\/en\/wp-json\/wp\/v2\/comments?post=30037"}],"version-history":[{"count":0,"href":"https:\/\/lamillou.ch\/en\/wp-json\/wp\/v2\/product\/30037\/revisions"}],"wp:featuredmedia":[{"embeddable":true,"href":"https:\/\/lamillou.ch\/en\/wp-json\/wp\/v2\/media\/31387"}],"wp:attachment":[{"href":"https:\/\/lamillou.ch\/en\/wp-json\/wp\/v2\/media?parent=30037"}],"wp:term":[{"taxonomy":"product_brand","embeddable":true,"href":"https:\/\/lamillou.ch\/en\/wp-json\/wp\/v2\/product_brand?post=30037"},{"taxonomy":"product_cat","embeddable":true,"href":"https:\/\/lamillou.ch\/en\/wp-json\/wp\/v2\/product_cat?post=30037"},{"taxonomy":"product_tag","embeddable":true,"href":"https:\/\/lamillou.ch\/en\/wp-json\/wp\/v2\/product_tag?post=30037"}],"curies":[{"name":"wp","href":"https:\/\/api.w.org\/{rel}","templated":true}]}}