{"id":30034,"date":"2026-04-08T13:18:55","date_gmt":"2026-04-08T12:18:55","guid":{"rendered":"https:\/\/lamillou.ch\/produkt\/oma-danas-henne-kissen-bambus-berry-vichy\/"},"modified":"2026-04-16T23:52:00","modified_gmt":"2026-04-16T22:52:00","slug":"oma-danas-henne-kissen-bambus-berry-vichy","status":"publish","type":"product","link":"https:\/\/lamillou.ch\/en\/product\/oma-danas-henne-kissen-bambus-berry-vichy\/","title":{"rendered":"Oma Dana&#8217;s Henne Kissen Bambus BERRY VICHY"},"content":{"rendered":"<p>Ein weiches, elastisches und universelles Stillkissen. Die Bambusversion unseres kultigen Oma-Dana-Henne-Kissens ist perfekt: w\u00e4hrend der Schwangerschaft, zum Schlafen und Ausruhen, dann ist es ein ideales Kissen zum Stillen oder Spielen mit Ihrem Baby. Unser Kissen ist auch ideal f\u00fcr Reisen und Arbeit (Laptop-Auflage).  Es besteht aus einem aussergew\u00f6hnlich weichen und zarten Bambusstoff, der sich perfekt an heissen Tagen und f\u00fcr Menschen mit extrem empfindlicher Haut eignet. Gef\u00fcllt mit zertifizierten, antiallergischen Polyesterball, wodurch sie unglaublich elastisch ist und sich perfekt an unsere Bed\u00fcrfnisse anpasst. Bei La Millou sagen wir immer, dass jeder seine eigene Henne haben sollte, also w\u00e4hlen Sie das perfekte Kissen f\u00fcr sich selbst und werden Sie sein n\u00e4chster Liebhaber, wir versprechen Ihnen, dass Sie es vom ersten Gebrauch an lieben werden! Das Produkt ist f\u00fcr Kinder ab zwei Monaten geeignet, nach Sicherheitsstandards hergestellt.<\/p>","protected":false},"excerpt":{"rendered":"<p>Ein weiches, elastisches und universelles Stillkissen. Die Bambusversion unseres kultigen Oma-Dana-Henne-Kissens ist perfekt: w\u00e4hrend der Schwangerschaft, zum Schlafen und Ausruhen,<\/p>","protected":false},"featured_media":31390,"comment_status":"open","ping_status":"closed","template":"","meta":[],"product_brand":[88],"product_cat":[257],"product_tag":[],"class_list":{"0":"post-30034","1":"product","2":"type-product","3":"status-publish","4":"has-post-thumbnail","6":"product_brand-la-millou","7":"product_cat-kissen-oma-danas-henne","9":"first","10":"instock","11":"taxable","12":"shipping-taxable","13":"purchasable","14":"product-type-simple"},"yoast_head":"<!-- This site is optimized with the Yoast SEO plugin v27.3 - https:\/\/yoast.com\/product\/yoast-seo-wordpress\/ -->\n<title>Oma Dana&#039;s Henne Kissen Bambus BERRY VICHY - lamillou.ch<\/title>\n<meta name=\"description\" content=\"Ein weiches, elastisches und universelles Stillkissen. Die Bambusversion unseres kultigen Oma-Dana-Henne-Kissens ist perfekt: w\u00e4hrend der Schwangerschaft,\" \/>\n<meta name=\"robots\" content=\"index, follow, max-snippet:-1, max-image-preview:large, max-video-preview:-1\" \/>\n<link rel=\"canonical\" href=\"https:\/\/lamillou.ch\/en\/product\/oma-danas-henne-kissen-bambus-berry-vichy\/\" \/>\n<meta property=\"og:locale\" content=\"en_GB\" \/>\n<meta property=\"og:type\" content=\"article\" \/>\n<meta property=\"og:title\" content=\"Oma Dana&#039;s Henne Kissen Bambus BERRY VICHY - lamillou.ch\" \/>\n<meta property=\"og:description\" content=\"Ein weiches, elastisches und universelles Stillkissen. Die Bambusversion unseres kultigen Oma-Dana-Henne-Kissens ist perfekt: w\u00e4hrend der Schwangerschaft,\" \/>\n<meta property=\"og:url\" content=\"https:\/\/lamillou.ch\/en\/product\/oma-danas-henne-kissen-bambus-berry-vichy\/\" \/>\n<meta property=\"og:site_name\" content=\"lamillou.ch\" \/>\n<meta property=\"article:modified_time\" content=\"2026-04-16T22:52:00+00:00\" \/>\n<meta property=\"og:image\" content=\"https:\/\/lamillou.ch\/wp-content\/uploads\/2026\/04\/image_1920_VVAo4.jpeg\" \/>\n\t<meta property=\"og:image:width\" content=\"1920\" \/>\n\t<meta property=\"og:image:height\" content=\"1920\" \/>\n\t<meta property=\"og:image:type\" content=\"image\/jpeg\" \/>\n<meta name=\"twitter:card\" content=\"summary_large_image\" \/>\n<meta name=\"twitter:label1\" content=\"Estimated reading time\" \/>\n\t<meta name=\"twitter:data1\" content=\"1 minute\" \/>\n<script type=\"application\/ld+json\" class=\"yoast-schema-graph\">{\"@context\":\"https:\\\/\\\/schema.org\",\"@graph\":[{\"@type\":\"WebPage\",\"@id\":\"https:\\\/\\\/lamillou.ch\\\/produkt\\\/oma-danas-henne-kissen-bambus-berry-vichy\\\/\",\"url\":\"https:\\\/\\\/lamillou.ch\\\/produkt\\\/oma-danas-henne-kissen-bambus-berry-vichy\\\/\",\"name\":\"Oma Dana's Henne Kissen Bambus BERRY VICHY - lamillou.ch\",\"isPartOf\":{\"@id\":\"https:\\\/\\\/lamillou.ch\\\/#website\"},\"primaryImageOfPage\":{\"@id\":\"https:\\\/\\\/lamillou.ch\\\/produkt\\\/oma-danas-henne-kissen-bambus-berry-vichy\\\/#primaryimage\"},\"image\":{\"@id\":\"https:\\\/\\\/lamillou.ch\\\/produkt\\\/oma-danas-henne-kissen-bambus-berry-vichy\\\/#primaryimage\"},\"thumbnailUrl\":\"https:\\\/\\\/lamillou.ch\\\/wp-content\\\/uploads\\\/2026\\\/04\\\/image_1920_VVAo4.jpeg\",\"datePublished\":\"2026-04-08T12:18:55+00:00\",\"dateModified\":\"2026-04-16T22:52:00+00:00\",\"description\":\"Ein weiches, elastisches und universelles Stillkissen. Die Bambusversion unseres kultigen Oma-Dana-Henne-Kissens ist perfekt: w\u00e4hrend der Schwangerschaft,\",\"breadcrumb\":{\"@id\":\"https:\\\/\\\/lamillou.ch\\\/produkt\\\/oma-danas-henne-kissen-bambus-berry-vichy\\\/#breadcrumb\"},\"inLanguage\":\"en-GB\",\"potentialAction\":[{\"@type\":\"ReadAction\",\"target\":[\"https:\\\/\\\/lamillou.ch\\\/produkt\\\/oma-danas-henne-kissen-bambus-berry-vichy\\\/\"]}]},{\"@type\":\"ImageObject\",\"inLanguage\":\"en-GB\",\"@id\":\"https:\\\/\\\/lamillou.ch\\\/produkt\\\/oma-danas-henne-kissen-bambus-berry-vichy\\\/#primaryimage\",\"url\":\"https:\\\/\\\/lamillou.ch\\\/wp-content\\\/uploads\\\/2026\\\/04\\\/image_1920_VVAo4.jpeg\",\"contentUrl\":\"https:\\\/\\\/lamillou.ch\\\/wp-content\\\/uploads\\\/2026\\\/04\\\/image_1920_VVAo4.jpeg\",\"width\":1920,\"height\":1920,\"caption\":\"Oma Dana's Henne Kissen Bambus BERRY VICHY Hauptbild\"},{\"@type\":\"BreadcrumbList\",\"@id\":\"https:\\\/\\\/lamillou.ch\\\/produkt\\\/oma-danas-henne-kissen-bambus-berry-vichy\\\/#breadcrumb\",\"itemListElement\":[{\"@type\":\"ListItem\",\"position\":1,\"name\":\"Home\",\"item\":\"https:\\\/\\\/lamillou.ch\\\/\"},{\"@type\":\"ListItem\",\"position\":2,\"name\":\"Shop\",\"item\":\"https:\\\/\\\/lamillou.ch\\\/shop\\\/\"},{\"@type\":\"ListItem\",\"position\":3,\"name\":\"Oma Dana&#8217;s Henne Kissen Bambus BERRY VICHY\"}]},{\"@type\":\"WebSite\",\"@id\":\"https:\\\/\\\/lamillou.ch\\\/#website\",\"url\":\"https:\\\/\\\/lamillou.ch\\\/\",\"name\":\"lamillou.ch\",\"description\":\"\",\"potentialAction\":[{\"@type\":\"SearchAction\",\"target\":{\"@type\":\"EntryPoint\",\"urlTemplate\":\"https:\\\/\\\/lamillou.ch\\\/?s={search_term_string}\"},\"query-input\":{\"@type\":\"PropertyValueSpecification\",\"valueRequired\":true,\"valueName\":\"search_term_string\"}}],\"inLanguage\":\"en-GB\"}]}<\/script>\n<!-- \/ Yoast SEO plugin. -->","yoast_head_json":{"title":"Oma Dana's Henne Kissen Bambus BERRY VICHY - lamillou.ch","description":"Ein weiches, elastisches und universelles Stillkissen. Die Bambusversion unseres kultigen Oma-Dana-Henne-Kissens ist perfekt: w\u00e4hrend der Schwangerschaft,","robots":{"index":"index","follow":"follow","max-snippet":"max-snippet:-1","max-image-preview":"max-image-preview:large","max-video-preview":"max-video-preview:-1"},"canonical":"https:\/\/lamillou.ch\/en\/product\/oma-danas-henne-kissen-bambus-berry-vichy\/","og_locale":"en_GB","og_type":"article","og_title":"Oma Dana's Henne Kissen Bambus BERRY VICHY - lamillou.ch","og_description":"Ein weiches, elastisches und universelles Stillkissen. Die Bambusversion unseres kultigen Oma-Dana-Henne-Kissens ist perfekt: w\u00e4hrend der Schwangerschaft,","og_url":"https:\/\/lamillou.ch\/en\/product\/oma-danas-henne-kissen-bambus-berry-vichy\/","og_site_name":"lamillou.ch","article_modified_time":"2026-04-16T22:52:00+00:00","og_image":[{"width":1920,"height":1920,"url":"https:\/\/lamillou.ch\/wp-content\/uploads\/2026\/04\/image_1920_VVAo4.jpeg","type":"image\/jpeg"}],"twitter_card":"summary_large_image","twitter_misc":{"Estimated reading time":"1 minute"},"schema":{"@context":"https:\/\/schema.org","@graph":[{"@type":"WebPage","@id":"https:\/\/lamillou.ch\/produkt\/oma-danas-henne-kissen-bambus-berry-vichy\/","url":"https:\/\/lamillou.ch\/produkt\/oma-danas-henne-kissen-bambus-berry-vichy\/","name":"Oma Dana's Henne Kissen Bambus BERRY VICHY - lamillou.ch","isPartOf":{"@id":"https:\/\/lamillou.ch\/#website"},"primaryImageOfPage":{"@id":"https:\/\/lamillou.ch\/produkt\/oma-danas-henne-kissen-bambus-berry-vichy\/#primaryimage"},"image":{"@id":"https:\/\/lamillou.ch\/produkt\/oma-danas-henne-kissen-bambus-berry-vichy\/#primaryimage"},"thumbnailUrl":"https:\/\/lamillou.ch\/wp-content\/uploads\/2026\/04\/image_1920_VVAo4.jpeg","datePublished":"2026-04-08T12:18:55+00:00","dateModified":"2026-04-16T22:52:00+00:00","description":"Ein weiches, elastisches und universelles Stillkissen. Die Bambusversion unseres kultigen Oma-Dana-Henne-Kissens ist perfekt: w\u00e4hrend der Schwangerschaft,","breadcrumb":{"@id":"https:\/\/lamillou.ch\/produkt\/oma-danas-henne-kissen-bambus-berry-vichy\/#breadcrumb"},"inLanguage":"en-GB","potentialAction":[{"@type":"ReadAction","target":["https:\/\/lamillou.ch\/produkt\/oma-danas-henne-kissen-bambus-berry-vichy\/"]}]},{"@type":"ImageObject","inLanguage":"en-GB","@id":"https:\/\/lamillou.ch\/produkt\/oma-danas-henne-kissen-bambus-berry-vichy\/#primaryimage","url":"https:\/\/lamillou.ch\/wp-content\/uploads\/2026\/04\/image_1920_VVAo4.jpeg","contentUrl":"https:\/\/lamillou.ch\/wp-content\/uploads\/2026\/04\/image_1920_VVAo4.jpeg","width":1920,"height":1920,"caption":"Oma Dana's Henne Kissen Bambus BERRY VICHY Hauptbild"},{"@type":"BreadcrumbList","@id":"https:\/\/lamillou.ch\/produkt\/oma-danas-henne-kissen-bambus-berry-vichy\/#breadcrumb","itemListElement":[{"@type":"ListItem","position":1,"name":"Home","item":"https:\/\/lamillou.ch\/"},{"@type":"ListItem","position":2,"name":"Shop","item":"https:\/\/lamillou.ch\/shop\/"},{"@type":"ListItem","position":3,"name":"Oma Dana&#8217;s Henne Kissen Bambus BERRY VICHY"}]},{"@type":"WebSite","@id":"https:\/\/lamillou.ch\/#website","url":"https:\/\/lamillou.ch\/","name":"lamillou.ch","description":"","potentialAction":[{"@type":"SearchAction","target":{"@type":"EntryPoint","urlTemplate":"https:\/\/lamillou.ch\/?s={search_term_string}"},"query-input":{"@type":"PropertyValueSpecification","valueRequired":true,"valueName":"search_term_string"}}],"inLanguage":"en-GB"}]}},"_links":{"self":[{"href":"https:\/\/lamillou.ch\/en\/wp-json\/wp\/v2\/product\/30034","targetHints":{"allow":["GET"]}}],"collection":[{"href":"https:\/\/lamillou.ch\/en\/wp-json\/wp\/v2\/product"}],"about":[{"href":"https:\/\/lamillou.ch\/en\/wp-json\/wp\/v2\/types\/product"}],"replies":[{"embeddable":true,"href":"https:\/\/lamillou.ch\/en\/wp-json\/wp\/v2\/comments?post=30034"}],"version-history":[{"count":0,"href":"https:\/\/lamillou.ch\/en\/wp-json\/wp\/v2\/product\/30034\/revisions"}],"wp:featuredmedia":[{"embeddable":true,"href":"https:\/\/lamillou.ch\/en\/wp-json\/wp\/v2\/media\/31390"}],"wp:attachment":[{"href":"https:\/\/lamillou.ch\/en\/wp-json\/wp\/v2\/media?parent=30034"}],"wp:term":[{"taxonomy":"product_brand","embeddable":true,"href":"https:\/\/lamillou.ch\/en\/wp-json\/wp\/v2\/product_brand?post=30034"},{"taxonomy":"product_cat","embeddable":true,"href":"https:\/\/lamillou.ch\/en\/wp-json\/wp\/v2\/product_cat?post=30034"},{"taxonomy":"product_tag","embeddable":true,"href":"https:\/\/lamillou.ch\/en\/wp-json\/wp\/v2\/product_tag?post=30034"}],"curies":[{"name":"wp","href":"https:\/\/api.w.org\/{rel}","templated":true}]}}