{"id":30014,"date":"2026-04-08T13:18:50","date_gmt":"2026-04-08T12:18:50","guid":{"rendered":"https:\/\/lamillou.ch\/produkt\/bettwarenset-bambus-english-garden-l\/"},"modified":"2026-04-16T16:01:18","modified_gmt":"2026-04-16T15:01:18","slug":"bettwarenset-bambus-english-garden-l","status":"publish","type":"product","link":"https:\/\/lamillou.ch\/en\/product\/bettwarenset-bambus-english-garden-l\/","title":{"rendered":"Bettwarenset Bambus ENGLISH GARDEN &#8211; L"},"content":{"rendered":"<p>Bettw\u00e4scheset mit F\u00fcllung. Ultraleichte Steppdecke und Kissen aus 100 % Bambusgarn. Eine zarte, antiallergische F\u00fcllung in Kombination mit einem \u00e4usserst angenehm anzufassenden Stoff sorgt f\u00fcr Schlafkomfort in heissen N\u00e4chten. Bambusgewebe nimmt Feuchtigkeit dreimal besser auf als Baumwolle und verdunstet sie genauso schnell. Dank seiner einzigartigen thermoregulierenden Eigenschaften h\u00e4lt das Bambusgewebe die Temperatur bei heissem Wetter 2 Grad unter der Umgebungstemperatur. Bambusgewebe trocknet schnell, ist leicht zu b\u00fcgeln und f\u00fchlt sich mit jeder W\u00e4sche weicher an. Die Bettdecke bildet ein perfektes Set mit dem La Millou Bambuskissen. Wir f\u00f6rdern die Mode f\u00fcr \u201egebrauchsfertige\u201c Bettw\u00e4sche: d.h. mit eingen\u00e4hter F\u00fcllung, dank der sie ohne Qualit\u00e4tseinbussen in der Waschmaschine gewaschen werden kann, die F\u00fcllung sich nicht bewegt und wir 100% Reinheit erhalten, was sehr gut ist Wichtig bei Allergikern.<\/p>","protected":false},"excerpt":{"rendered":"<p>Bettw\u00e4scheset mit F\u00fcllung. Ultraleichte Steppdecke und Kissen aus 100 % Bambusgarn. Eine zarte, antiallergische F\u00fcllung in Kombination mit einem \u00e4usserst<\/p>","protected":false},"featured_media":31410,"comment_status":"open","ping_status":"closed","template":"","meta":[],"product_brand":[88],"product_cat":[325],"product_tag":[],"class_list":{"0":"post-30014","1":"product","2":"type-product","3":"status-publish","4":"has-post-thumbnail","6":"product_brand-la-millou","7":"product_cat-bambus-bettwaesche","9":"first","10":"outofstock","11":"taxable","12":"shipping-taxable","13":"purchasable","14":"product-type-simple"},"yoast_head":"<!-- This site is optimized with the Yoast SEO plugin v27.3 - https:\/\/yoast.com\/product\/yoast-seo-wordpress\/ -->\n<title>Bettwarenset Bambus ENGLISH GARDEN - L - lamillou.ch<\/title>\n<meta name=\"robots\" content=\"index, follow, max-snippet:-1, max-image-preview:large, max-video-preview:-1\" \/>\n<link rel=\"canonical\" href=\"https:\/\/lamillou.ch\/en\/product\/bettwarenset-bambus-english-garden-l\/\" \/>\n<meta property=\"og:locale\" content=\"en_GB\" \/>\n<meta property=\"og:type\" content=\"article\" \/>\n<meta property=\"og:title\" content=\"Bettwarenset Bambus ENGLISH GARDEN - L - lamillou.ch\" \/>\n<meta property=\"og:description\" content=\"Bettw\u00e4scheset mit F\u00fcllung. Ultraleichte Steppdecke und Kissen aus 100 % Bambusgarn. Eine zarte, antiallergische F\u00fcllung in Kombination mit einem \u00e4usserst\" \/>\n<meta property=\"og:url\" content=\"https:\/\/lamillou.ch\/en\/product\/bettwarenset-bambus-english-garden-l\/\" \/>\n<meta property=\"og:site_name\" content=\"lamillou.ch\" \/>\n<meta property=\"article:modified_time\" content=\"2026-04-16T15:01:18+00:00\" \/>\n<meta name=\"twitter:card\" content=\"summary_large_image\" \/>\n<meta name=\"twitter:label1\" content=\"Estimated reading time\" \/>\n\t<meta name=\"twitter:data1\" content=\"1 minute\" \/>\n<script type=\"application\/ld+json\" class=\"yoast-schema-graph\">{\"@context\":\"https:\\\/\\\/schema.org\",\"@graph\":[{\"@type\":\"WebPage\",\"@id\":\"https:\\\/\\\/lamillou.ch\\\/produkt\\\/bettwarenset-bambus-english-garden-l\\\/\",\"url\":\"https:\\\/\\\/lamillou.ch\\\/produkt\\\/bettwarenset-bambus-english-garden-l\\\/\",\"name\":\"Bettwarenset Bambus ENGLISH GARDEN - L - lamillou.ch\",\"isPartOf\":{\"@id\":\"https:\\\/\\\/lamillou.ch\\\/#website\"},\"primaryImageOfPage\":{\"@id\":\"https:\\\/\\\/lamillou.ch\\\/produkt\\\/bettwarenset-bambus-english-garden-l\\\/#primaryimage\"},\"image\":{\"@id\":\"https:\\\/\\\/lamillou.ch\\\/produkt\\\/bettwarenset-bambus-english-garden-l\\\/#primaryimage\"},\"thumbnailUrl\":\"https:\\\/\\\/lamillou.ch\\\/wp-content\\\/uploads\\\/2026\\\/04\\\/image_1920_3BsZh.jpeg\",\"datePublished\":\"2026-04-08T12:18:50+00:00\",\"dateModified\":\"2026-04-16T15:01:18+00:00\",\"breadcrumb\":{\"@id\":\"https:\\\/\\\/lamillou.ch\\\/produkt\\\/bettwarenset-bambus-english-garden-l\\\/#breadcrumb\"},\"inLanguage\":\"en-GB\",\"potentialAction\":[{\"@type\":\"ReadAction\",\"target\":[\"https:\\\/\\\/lamillou.ch\\\/produkt\\\/bettwarenset-bambus-english-garden-l\\\/\"]}]},{\"@type\":\"ImageObject\",\"inLanguage\":\"en-GB\",\"@id\":\"https:\\\/\\\/lamillou.ch\\\/produkt\\\/bettwarenset-bambus-english-garden-l\\\/#primaryimage\",\"url\":\"https:\\\/\\\/lamillou.ch\\\/wp-content\\\/uploads\\\/2026\\\/04\\\/image_1920_3BsZh.jpeg\",\"contentUrl\":\"https:\\\/\\\/lamillou.ch\\\/wp-content\\\/uploads\\\/2026\\\/04\\\/image_1920_3BsZh.jpeg\",\"width\":1920,\"height\":1920,\"caption\":\"Bettwarenset Bambus ENGLISH GARDEN - L Hauptbild\"},{\"@type\":\"BreadcrumbList\",\"@id\":\"https:\\\/\\\/lamillou.ch\\\/produkt\\\/bettwarenset-bambus-english-garden-l\\\/#breadcrumb\",\"itemListElement\":[{\"@type\":\"ListItem\",\"position\":1,\"name\":\"Home\",\"item\":\"https:\\\/\\\/lamillou.ch\\\/\"},{\"@type\":\"ListItem\",\"position\":2,\"name\":\"Shop\",\"item\":\"https:\\\/\\\/lamillou.ch\\\/shop\\\/\"},{\"@type\":\"ListItem\",\"position\":3,\"name\":\"Bettwarenset Bambus ENGLISH GARDEN &#8211; L\"}]},{\"@type\":\"WebSite\",\"@id\":\"https:\\\/\\\/lamillou.ch\\\/#website\",\"url\":\"https:\\\/\\\/lamillou.ch\\\/\",\"name\":\"lamillou.ch\",\"description\":\"\",\"potentialAction\":[{\"@type\":\"SearchAction\",\"target\":{\"@type\":\"EntryPoint\",\"urlTemplate\":\"https:\\\/\\\/lamillou.ch\\\/?s={search_term_string}\"},\"query-input\":{\"@type\":\"PropertyValueSpecification\",\"valueRequired\":true,\"valueName\":\"search_term_string\"}}],\"inLanguage\":\"en-GB\"}]}<\/script>\n<!-- \/ Yoast SEO plugin. -->","yoast_head_json":{"title":"Bettwarenset Bambus ENGLISH GARDEN - L - lamillou.ch","robots":{"index":"index","follow":"follow","max-snippet":"max-snippet:-1","max-image-preview":"max-image-preview:large","max-video-preview":"max-video-preview:-1"},"canonical":"https:\/\/lamillou.ch\/en\/product\/bettwarenset-bambus-english-garden-l\/","og_locale":"en_GB","og_type":"article","og_title":"Bettwarenset Bambus ENGLISH GARDEN - L - lamillou.ch","og_description":"Bettw\u00e4scheset mit F\u00fcllung. Ultraleichte Steppdecke und Kissen aus 100 % Bambusgarn. Eine zarte, antiallergische F\u00fcllung in Kombination mit einem \u00e4usserst","og_url":"https:\/\/lamillou.ch\/en\/product\/bettwarenset-bambus-english-garden-l\/","og_site_name":"lamillou.ch","article_modified_time":"2026-04-16T15:01:18+00:00","twitter_card":"summary_large_image","twitter_misc":{"Estimated reading time":"1 minute"},"schema":{"@context":"https:\/\/schema.org","@graph":[{"@type":"WebPage","@id":"https:\/\/lamillou.ch\/produkt\/bettwarenset-bambus-english-garden-l\/","url":"https:\/\/lamillou.ch\/produkt\/bettwarenset-bambus-english-garden-l\/","name":"Bettwarenset Bambus ENGLISH GARDEN - L - lamillou.ch","isPartOf":{"@id":"https:\/\/lamillou.ch\/#website"},"primaryImageOfPage":{"@id":"https:\/\/lamillou.ch\/produkt\/bettwarenset-bambus-english-garden-l\/#primaryimage"},"image":{"@id":"https:\/\/lamillou.ch\/produkt\/bettwarenset-bambus-english-garden-l\/#primaryimage"},"thumbnailUrl":"https:\/\/lamillou.ch\/wp-content\/uploads\/2026\/04\/image_1920_3BsZh.jpeg","datePublished":"2026-04-08T12:18:50+00:00","dateModified":"2026-04-16T15:01:18+00:00","breadcrumb":{"@id":"https:\/\/lamillou.ch\/produkt\/bettwarenset-bambus-english-garden-l\/#breadcrumb"},"inLanguage":"en-GB","potentialAction":[{"@type":"ReadAction","target":["https:\/\/lamillou.ch\/produkt\/bettwarenset-bambus-english-garden-l\/"]}]},{"@type":"ImageObject","inLanguage":"en-GB","@id":"https:\/\/lamillou.ch\/produkt\/bettwarenset-bambus-english-garden-l\/#primaryimage","url":"https:\/\/lamillou.ch\/wp-content\/uploads\/2026\/04\/image_1920_3BsZh.jpeg","contentUrl":"https:\/\/lamillou.ch\/wp-content\/uploads\/2026\/04\/image_1920_3BsZh.jpeg","width":1920,"height":1920,"caption":"Bettwarenset Bambus ENGLISH GARDEN - L Hauptbild"},{"@type":"BreadcrumbList","@id":"https:\/\/lamillou.ch\/produkt\/bettwarenset-bambus-english-garden-l\/#breadcrumb","itemListElement":[{"@type":"ListItem","position":1,"name":"Home","item":"https:\/\/lamillou.ch\/"},{"@type":"ListItem","position":2,"name":"Shop","item":"https:\/\/lamillou.ch\/shop\/"},{"@type":"ListItem","position":3,"name":"Bettwarenset Bambus ENGLISH GARDEN &#8211; L"}]},{"@type":"WebSite","@id":"https:\/\/lamillou.ch\/#website","url":"https:\/\/lamillou.ch\/","name":"lamillou.ch","description":"","potentialAction":[{"@type":"SearchAction","target":{"@type":"EntryPoint","urlTemplate":"https:\/\/lamillou.ch\/?s={search_term_string}"},"query-input":{"@type":"PropertyValueSpecification","valueRequired":true,"valueName":"search_term_string"}}],"inLanguage":"en-GB"}]}},"_links":{"self":[{"href":"https:\/\/lamillou.ch\/en\/wp-json\/wp\/v2\/product\/30014","targetHints":{"allow":["GET"]}}],"collection":[{"href":"https:\/\/lamillou.ch\/en\/wp-json\/wp\/v2\/product"}],"about":[{"href":"https:\/\/lamillou.ch\/en\/wp-json\/wp\/v2\/types\/product"}],"replies":[{"embeddable":true,"href":"https:\/\/lamillou.ch\/en\/wp-json\/wp\/v2\/comments?post=30014"}],"version-history":[{"count":0,"href":"https:\/\/lamillou.ch\/en\/wp-json\/wp\/v2\/product\/30014\/revisions"}],"wp:featuredmedia":[{"embeddable":true,"href":"https:\/\/lamillou.ch\/en\/wp-json\/wp\/v2\/media\/31410"}],"wp:attachment":[{"href":"https:\/\/lamillou.ch\/en\/wp-json\/wp\/v2\/media?parent=30014"}],"wp:term":[{"taxonomy":"product_brand","embeddable":true,"href":"https:\/\/lamillou.ch\/en\/wp-json\/wp\/v2\/product_brand?post=30014"},{"taxonomy":"product_cat","embeddable":true,"href":"https:\/\/lamillou.ch\/en\/wp-json\/wp\/v2\/product_cat?post=30014"},{"taxonomy":"product_tag","embeddable":true,"href":"https:\/\/lamillou.ch\/en\/wp-json\/wp\/v2\/product_tag?post=30014"}],"curies":[{"name":"wp","href":"https:\/\/api.w.org\/{rel}","templated":true}]}}