{"id":30001,"date":"2026-04-08T13:18:48","date_gmt":"2026-04-08T12:18:48","guid":{"rendered":"https:\/\/lamillou.ch\/produkt\/kinderwagenauflage-multi-english-garden\/"},"modified":"2026-04-16T16:00:28","modified_gmt":"2026-04-16T15:00:28","slug":"kinderwagenauflage-multi-english-garden","status":"publish","type":"product","link":"https:\/\/lamillou.ch\/en\/product\/kinderwagenauflage-multi-english-garden\/","title":{"rendered":"Kinderwagenauflage Multi ENGLISH GARDEN"},"content":{"rendered":"<p>Die Kinderwagenauflage in der Multi-Version verf\u00fcgt \u00fcber vier \u00d6ffnungen f\u00fcr Sicherheitsgurte und zwei \u00d6ffnungen zum Befestigen des Anti-Schock-Kissens Angel Wing\u2019s. Diese sechs \u00d6ffnungen erm\u00f6glichen eine Anpassung der Auflage an das F\u00fcnfpunkt-Gurtsystem der meisten Kinderwagen, einschliesslich solcher mit nicht abnehmbaren Gurten. Die vertikalen \u00d6ffnungen sind mit druckfreien Klettverschl\u00fcssen ausgestattet, die daf\u00fcr sorgen, dass die Auflage nicht verrutscht und sich ideal an den Sitz des Kinderwagens anpasst. *Das Innere der Auflage besteht aus einer dicken, sehr elastischen und weichen Schaumstoffschicht, die dem Kind Komfort und Bequemlichkeit bietet. *Die Auflage ist beidseitig verwendbar \u2013 eine Seite besteht aus organischem Baumwolljersey, die andere aus weichem, elegantem Samt. *Die Multi-Kinderwagenauflage d\u00e4mpft Ersch\u00fctterungen, sch\u00fctzt die Haut des Kindes vor dem Kontakt mit unangenehmem Kinderwagenmaterial, verhindert Verschmutzungen des Kinderwagens und verleiht ihm ein einzigartiges, stilvolles Aussehen. Zus\u00e4tzlich kann ein Band erworben werden, um das Angel\u2019s Wings-Kissen an der Auflage zu befestigen. Die Auflagen mit MULTI-\u00d6ffnungen passen zu Kinderwagenmodellen wie: BEBETTO FLAVIO, BUGABOO FOX 5, BUGABOO FOX CUB, COYA, CYBEX BALIOS S LUX, CYBEX BEEZY, CYBEX BEEZY 2024, CYBEX EASY S PLUS 2, CYBEX EASY S2+, CYBEX GAZELLE S 2024, CYBEX MELIO, CYBEX ORFEO, CYBEX PRIAM 3.0, CYBEX PRIAM 4.0, CYBEX TALOS S LUX, ESPIRO MILOO, JOOLZ AER +, THULE URBAN GLIDE II, UPPABABY VISTA.<\/p>","protected":false},"excerpt":{"rendered":"<p>Die Kinderwagenauflage in der Multi-Version verf\u00fcgt \u00fcber vier \u00d6ffnungen f\u00fcr Sicherheitsgurte und zwei \u00d6ffnungen zum Befestigen des Anti-Schock-Kissens Angel Wing\u2019s.<\/p>","protected":false},"featured_media":31423,"comment_status":"open","ping_status":"closed","template":"","meta":[],"product_brand":[88],"product_cat":[300],"product_tag":[],"class_list":{"0":"post-30001","1":"product","2":"type-product","3":"status-publish","4":"has-post-thumbnail","6":"product_brand-la-millou","7":"product_cat-kinderwagen-sitzauflagen","9":"first","10":"outofstock","11":"taxable","12":"shipping-taxable","13":"purchasable","14":"product-type-simple"},"yoast_head":"<!-- This site is optimized with the Yoast SEO plugin v27.3 - https:\/\/yoast.com\/product\/yoast-seo-wordpress\/ -->\n<title>Kinderwagenauflage Multi ENGLISH GARDEN - lamillou.ch<\/title>\n<meta name=\"robots\" content=\"index, follow, max-snippet:-1, max-image-preview:large, max-video-preview:-1\" \/>\n<link rel=\"canonical\" href=\"https:\/\/lamillou.ch\/en\/product\/kinderwagenauflage-multi-english-garden\/\" \/>\n<meta property=\"og:locale\" content=\"en_GB\" \/>\n<meta property=\"og:type\" content=\"article\" \/>\n<meta property=\"og:title\" content=\"Kinderwagenauflage Multi ENGLISH GARDEN - lamillou.ch\" \/>\n<meta property=\"og:description\" content=\"Die Kinderwagenauflage in der Multi-Version verf\u00fcgt \u00fcber vier \u00d6ffnungen f\u00fcr Sicherheitsgurte und zwei \u00d6ffnungen zum Befestigen des Anti-Schock-Kissens Angel Wing\u2019s.\" \/>\n<meta property=\"og:url\" content=\"https:\/\/lamillou.ch\/en\/product\/kinderwagenauflage-multi-english-garden\/\" \/>\n<meta property=\"og:site_name\" content=\"lamillou.ch\" \/>\n<meta property=\"article:modified_time\" content=\"2026-04-16T15:00:28+00:00\" \/>\n<meta name=\"twitter:card\" content=\"summary_large_image\" \/>\n<meta name=\"twitter:label1\" content=\"Estimated reading time\" \/>\n\t<meta name=\"twitter:data1\" content=\"1 minute\" \/>\n<script type=\"application\/ld+json\" class=\"yoast-schema-graph\">{\"@context\":\"https:\\\/\\\/schema.org\",\"@graph\":[{\"@type\":\"WebPage\",\"@id\":\"https:\\\/\\\/lamillou.ch\\\/produkt\\\/kinderwagenauflage-multi-english-garden\\\/\",\"url\":\"https:\\\/\\\/lamillou.ch\\\/produkt\\\/kinderwagenauflage-multi-english-garden\\\/\",\"name\":\"Kinderwagenauflage Multi ENGLISH GARDEN - lamillou.ch\",\"isPartOf\":{\"@id\":\"https:\\\/\\\/lamillou.ch\\\/#website\"},\"primaryImageOfPage\":{\"@id\":\"https:\\\/\\\/lamillou.ch\\\/produkt\\\/kinderwagenauflage-multi-english-garden\\\/#primaryimage\"},\"image\":{\"@id\":\"https:\\\/\\\/lamillou.ch\\\/produkt\\\/kinderwagenauflage-multi-english-garden\\\/#primaryimage\"},\"thumbnailUrl\":\"https:\\\/\\\/lamillou.ch\\\/wp-content\\\/uploads\\\/2026\\\/04\\\/image_1920_9HT_1.jpeg\",\"datePublished\":\"2026-04-08T12:18:48+00:00\",\"dateModified\":\"2026-04-16T15:00:28+00:00\",\"breadcrumb\":{\"@id\":\"https:\\\/\\\/lamillou.ch\\\/produkt\\\/kinderwagenauflage-multi-english-garden\\\/#breadcrumb\"},\"inLanguage\":\"en-GB\",\"potentialAction\":[{\"@type\":\"ReadAction\",\"target\":[\"https:\\\/\\\/lamillou.ch\\\/produkt\\\/kinderwagenauflage-multi-english-garden\\\/\"]}]},{\"@type\":\"ImageObject\",\"inLanguage\":\"en-GB\",\"@id\":\"https:\\\/\\\/lamillou.ch\\\/produkt\\\/kinderwagenauflage-multi-english-garden\\\/#primaryimage\",\"url\":\"https:\\\/\\\/lamillou.ch\\\/wp-content\\\/uploads\\\/2026\\\/04\\\/image_1920_9HT_1.jpeg\",\"contentUrl\":\"https:\\\/\\\/lamillou.ch\\\/wp-content\\\/uploads\\\/2026\\\/04\\\/image_1920_9HT_1.jpeg\",\"width\":1920,\"height\":1920,\"caption\":\"Kinderwagenauflage Multi ENGLISH GARDEN Hauptbild\"},{\"@type\":\"BreadcrumbList\",\"@id\":\"https:\\\/\\\/lamillou.ch\\\/produkt\\\/kinderwagenauflage-multi-english-garden\\\/#breadcrumb\",\"itemListElement\":[{\"@type\":\"ListItem\",\"position\":1,\"name\":\"Home\",\"item\":\"https:\\\/\\\/lamillou.ch\\\/\"},{\"@type\":\"ListItem\",\"position\":2,\"name\":\"Shop\",\"item\":\"https:\\\/\\\/lamillou.ch\\\/shop\\\/\"},{\"@type\":\"ListItem\",\"position\":3,\"name\":\"Kinderwagenauflage Multi ENGLISH GARDEN\"}]},{\"@type\":\"WebSite\",\"@id\":\"https:\\\/\\\/lamillou.ch\\\/#website\",\"url\":\"https:\\\/\\\/lamillou.ch\\\/\",\"name\":\"lamillou.ch\",\"description\":\"\",\"potentialAction\":[{\"@type\":\"SearchAction\",\"target\":{\"@type\":\"EntryPoint\",\"urlTemplate\":\"https:\\\/\\\/lamillou.ch\\\/?s={search_term_string}\"},\"query-input\":{\"@type\":\"PropertyValueSpecification\",\"valueRequired\":true,\"valueName\":\"search_term_string\"}}],\"inLanguage\":\"en-GB\"}]}<\/script>\n<!-- \/ Yoast SEO plugin. -->","yoast_head_json":{"title":"Kinderwagenauflage Multi ENGLISH GARDEN - lamillou.ch","robots":{"index":"index","follow":"follow","max-snippet":"max-snippet:-1","max-image-preview":"max-image-preview:large","max-video-preview":"max-video-preview:-1"},"canonical":"https:\/\/lamillou.ch\/en\/product\/kinderwagenauflage-multi-english-garden\/","og_locale":"en_GB","og_type":"article","og_title":"Kinderwagenauflage Multi ENGLISH GARDEN - lamillou.ch","og_description":"Die Kinderwagenauflage in der Multi-Version verf\u00fcgt \u00fcber vier \u00d6ffnungen f\u00fcr Sicherheitsgurte und zwei \u00d6ffnungen zum Befestigen des Anti-Schock-Kissens Angel Wing\u2019s.","og_url":"https:\/\/lamillou.ch\/en\/product\/kinderwagenauflage-multi-english-garden\/","og_site_name":"lamillou.ch","article_modified_time":"2026-04-16T15:00:28+00:00","twitter_card":"summary_large_image","twitter_misc":{"Estimated reading time":"1 minute"},"schema":{"@context":"https:\/\/schema.org","@graph":[{"@type":"WebPage","@id":"https:\/\/lamillou.ch\/produkt\/kinderwagenauflage-multi-english-garden\/","url":"https:\/\/lamillou.ch\/produkt\/kinderwagenauflage-multi-english-garden\/","name":"Kinderwagenauflage Multi ENGLISH GARDEN - lamillou.ch","isPartOf":{"@id":"https:\/\/lamillou.ch\/#website"},"primaryImageOfPage":{"@id":"https:\/\/lamillou.ch\/produkt\/kinderwagenauflage-multi-english-garden\/#primaryimage"},"image":{"@id":"https:\/\/lamillou.ch\/produkt\/kinderwagenauflage-multi-english-garden\/#primaryimage"},"thumbnailUrl":"https:\/\/lamillou.ch\/wp-content\/uploads\/2026\/04\/image_1920_9HT_1.jpeg","datePublished":"2026-04-08T12:18:48+00:00","dateModified":"2026-04-16T15:00:28+00:00","breadcrumb":{"@id":"https:\/\/lamillou.ch\/produkt\/kinderwagenauflage-multi-english-garden\/#breadcrumb"},"inLanguage":"en-GB","potentialAction":[{"@type":"ReadAction","target":["https:\/\/lamillou.ch\/produkt\/kinderwagenauflage-multi-english-garden\/"]}]},{"@type":"ImageObject","inLanguage":"en-GB","@id":"https:\/\/lamillou.ch\/produkt\/kinderwagenauflage-multi-english-garden\/#primaryimage","url":"https:\/\/lamillou.ch\/wp-content\/uploads\/2026\/04\/image_1920_9HT_1.jpeg","contentUrl":"https:\/\/lamillou.ch\/wp-content\/uploads\/2026\/04\/image_1920_9HT_1.jpeg","width":1920,"height":1920,"caption":"Kinderwagenauflage Multi ENGLISH GARDEN Hauptbild"},{"@type":"BreadcrumbList","@id":"https:\/\/lamillou.ch\/produkt\/kinderwagenauflage-multi-english-garden\/#breadcrumb","itemListElement":[{"@type":"ListItem","position":1,"name":"Home","item":"https:\/\/lamillou.ch\/"},{"@type":"ListItem","position":2,"name":"Shop","item":"https:\/\/lamillou.ch\/shop\/"},{"@type":"ListItem","position":3,"name":"Kinderwagenauflage Multi ENGLISH GARDEN"}]},{"@type":"WebSite","@id":"https:\/\/lamillou.ch\/#website","url":"https:\/\/lamillou.ch\/","name":"lamillou.ch","description":"","potentialAction":[{"@type":"SearchAction","target":{"@type":"EntryPoint","urlTemplate":"https:\/\/lamillou.ch\/?s={search_term_string}"},"query-input":{"@type":"PropertyValueSpecification","valueRequired":true,"valueName":"search_term_string"}}],"inLanguage":"en-GB"}]}},"_links":{"self":[{"href":"https:\/\/lamillou.ch\/en\/wp-json\/wp\/v2\/product\/30001","targetHints":{"allow":["GET"]}}],"collection":[{"href":"https:\/\/lamillou.ch\/en\/wp-json\/wp\/v2\/product"}],"about":[{"href":"https:\/\/lamillou.ch\/en\/wp-json\/wp\/v2\/types\/product"}],"replies":[{"embeddable":true,"href":"https:\/\/lamillou.ch\/en\/wp-json\/wp\/v2\/comments?post=30001"}],"version-history":[{"count":0,"href":"https:\/\/lamillou.ch\/en\/wp-json\/wp\/v2\/product\/30001\/revisions"}],"wp:featuredmedia":[{"embeddable":true,"href":"https:\/\/lamillou.ch\/en\/wp-json\/wp\/v2\/media\/31423"}],"wp:attachment":[{"href":"https:\/\/lamillou.ch\/en\/wp-json\/wp\/v2\/media?parent=30001"}],"wp:term":[{"taxonomy":"product_brand","embeddable":true,"href":"https:\/\/lamillou.ch\/en\/wp-json\/wp\/v2\/product_brand?post=30001"},{"taxonomy":"product_cat","embeddable":true,"href":"https:\/\/lamillou.ch\/en\/wp-json\/wp\/v2\/product_cat?post=30001"},{"taxonomy":"product_tag","embeddable":true,"href":"https:\/\/lamillou.ch\/en\/wp-json\/wp\/v2\/product_tag?post=30001"}],"curies":[{"name":"wp","href":"https:\/\/api.w.org\/{rel}","templated":true}]}}