{"id":29999,"date":"2026-04-08T13:18:48","date_gmt":"2026-04-08T12:18:48","guid":{"rendered":"https:\/\/lamillou.ch\/produkt\/angels-wings-anti-schock-kissen-jersey-english-garden\/"},"modified":"2026-04-16T16:00:24","modified_gmt":"2026-04-16T15:00:24","slug":"angels-wings-anti-schock-kissen-jersey-english-garden","status":"publish","type":"product","link":"https:\/\/lamillou.ch\/en\/product\/angels-wings-anti-schock-kissen-jersey-english-garden\/","title":{"rendered":"Angel&#8217;s Wings Anti-Schock Kissen Jersey ENGLISH GARDEN"},"content":{"rendered":"<p>Angel&#8217;s Wings ist ein kopfunterst\u00fctzendes Anti-Schock-Kissen. Wir haben seine optimale Form entwickelt, so dass es St\u00f6sse absorbiert und maximalen Komfort w\u00e4hrend der Reise bietet, insbesondere f\u00fcr die Kleinen. Wir empfehlen dieses aussergew\u00f6hnliche Kissen bereits in den ersten Tagen nach der Geburt Ihres Kindes. Dank der speziellen Profilierung von Angel&#8217;s Wings ist der Kopf Ihres Babys beim Gehen auf unebenem Untergrund weniger Mikrost\u00f6ssen ausgesetzt. Aber das ist nicht der einzige Vorteil &#8211; Angel&#8217;s Wings passt sich perfekt an die Position des Babys an und sorgt so f\u00fcr einen sorgenfreien Schlaf und Komfort f\u00fcr Ihr Kleines. Unser Kissen findet in jeder Umgebung seinen Platz: im Kinderwagen, in der Babyschale, auf dem Wickeltisch und \u00fcberall, wo Ihr Baby es braucht. *Die Seiten des Kissens sind mit einer elastischen, silikonhaltigen und antiallergischen F\u00fcllung versehen und wie unsere anderen Produkte in der Maschine waschbar. *Wichtig ist, dass die Innenseite des Kissens fast flach ist, was bei den Kleinen sehr wichtig ist. *Angel&#8217;s Wings sind aus 100% weichem Baumwoll-Jersey hergestellt.  Die Kissen sind in den meisten Designs unserer Decken und anderen Produkte erh\u00e4ltlich. Das Produkt sollte unter der Aufsicht eines Elternteils verwendet werden.<\/p>","protected":false},"excerpt":{"rendered":"<p>Angel&#8217;s Wings ist ein kopfunterst\u00fctzendes Anti-Schock-Kissen. Wir haben seine optimale Form entwickelt, so dass es St\u00f6sse absorbiert und maximalen Komfort<\/p>","protected":false},"featured_media":31424,"comment_status":"open","ping_status":"closed","template":"","meta":[],"product_brand":[88],"product_cat":[296],"product_tag":[],"class_list":{"0":"post-29999","1":"product","2":"type-product","3":"status-publish","4":"has-post-thumbnail","6":"product_brand-la-millou","7":"product_cat-anti-schock-kissen","9":"first","10":"instock","11":"taxable","12":"shipping-taxable","13":"purchasable","14":"product-type-simple"},"yoast_head":"<!-- This site is optimized with the Yoast SEO plugin v27.3 - https:\/\/yoast.com\/product\/yoast-seo-wordpress\/ -->\n<title>Angel&#039;s Wings Anti-Schock Kissen Jersey ENGLISH GARDEN - lamillou.ch<\/title>\n<meta name=\"robots\" content=\"index, follow, max-snippet:-1, max-image-preview:large, max-video-preview:-1\" \/>\n<link rel=\"canonical\" href=\"https:\/\/lamillou.ch\/en\/product\/angels-wings-anti-schock-kissen-jersey-english-garden\/\" \/>\n<meta property=\"og:locale\" content=\"en_GB\" \/>\n<meta property=\"og:type\" content=\"article\" \/>\n<meta property=\"og:title\" content=\"Angel&#039;s Wings Anti-Schock Kissen Jersey ENGLISH GARDEN - lamillou.ch\" \/>\n<meta property=\"og:description\" content=\"Angel&#8217;s Wings ist ein kopfunterst\u00fctzendes Anti-Schock-Kissen. Wir haben seine optimale Form entwickelt, so dass es St\u00f6sse absorbiert und maximalen Komfort\" \/>\n<meta property=\"og:url\" content=\"https:\/\/lamillou.ch\/en\/product\/angels-wings-anti-schock-kissen-jersey-english-garden\/\" \/>\n<meta property=\"og:site_name\" content=\"lamillou.ch\" \/>\n<meta property=\"article:modified_time\" content=\"2026-04-16T15:00:24+00:00\" \/>\n<meta name=\"twitter:card\" content=\"summary_large_image\" \/>\n<meta name=\"twitter:label1\" content=\"Estimated reading time\" \/>\n\t<meta name=\"twitter:data1\" content=\"1 minute\" \/>\n<script type=\"application\/ld+json\" class=\"yoast-schema-graph\">{\"@context\":\"https:\\\/\\\/schema.org\",\"@graph\":[{\"@type\":\"WebPage\",\"@id\":\"https:\\\/\\\/lamillou.ch\\\/produkt\\\/angels-wings-anti-schock-kissen-jersey-english-garden\\\/\",\"url\":\"https:\\\/\\\/lamillou.ch\\\/produkt\\\/angels-wings-anti-schock-kissen-jersey-english-garden\\\/\",\"name\":\"Angel's Wings Anti-Schock Kissen Jersey ENGLISH GARDEN - lamillou.ch\",\"isPartOf\":{\"@id\":\"https:\\\/\\\/lamillou.ch\\\/#website\"},\"primaryImageOfPage\":{\"@id\":\"https:\\\/\\\/lamillou.ch\\\/produkt\\\/angels-wings-anti-schock-kissen-jersey-english-garden\\\/#primaryimage\"},\"image\":{\"@id\":\"https:\\\/\\\/lamillou.ch\\\/produkt\\\/angels-wings-anti-schock-kissen-jersey-english-garden\\\/#primaryimage\"},\"thumbnailUrl\":\"https:\\\/\\\/lamillou.ch\\\/wp-content\\\/uploads\\\/2026\\\/04\\\/image_1920_YWz_O.jpeg\",\"datePublished\":\"2026-04-08T12:18:48+00:00\",\"dateModified\":\"2026-04-16T15:00:24+00:00\",\"breadcrumb\":{\"@id\":\"https:\\\/\\\/lamillou.ch\\\/produkt\\\/angels-wings-anti-schock-kissen-jersey-english-garden\\\/#breadcrumb\"},\"inLanguage\":\"en-GB\",\"potentialAction\":[{\"@type\":\"ReadAction\",\"target\":[\"https:\\\/\\\/lamillou.ch\\\/produkt\\\/angels-wings-anti-schock-kissen-jersey-english-garden\\\/\"]}]},{\"@type\":\"ImageObject\",\"inLanguage\":\"en-GB\",\"@id\":\"https:\\\/\\\/lamillou.ch\\\/produkt\\\/angels-wings-anti-schock-kissen-jersey-english-garden\\\/#primaryimage\",\"url\":\"https:\\\/\\\/lamillou.ch\\\/wp-content\\\/uploads\\\/2026\\\/04\\\/image_1920_YWz_O.jpeg\",\"contentUrl\":\"https:\\\/\\\/lamillou.ch\\\/wp-content\\\/uploads\\\/2026\\\/04\\\/image_1920_YWz_O.jpeg\",\"width\":1920,\"height\":1920,\"caption\":\"Angel's Wings Anti-Schock Kissen Jersey ENGLISH GARDEN Hauptbild\"},{\"@type\":\"BreadcrumbList\",\"@id\":\"https:\\\/\\\/lamillou.ch\\\/produkt\\\/angels-wings-anti-schock-kissen-jersey-english-garden\\\/#breadcrumb\",\"itemListElement\":[{\"@type\":\"ListItem\",\"position\":1,\"name\":\"Home\",\"item\":\"https:\\\/\\\/lamillou.ch\\\/\"},{\"@type\":\"ListItem\",\"position\":2,\"name\":\"Shop\",\"item\":\"https:\\\/\\\/lamillou.ch\\\/shop\\\/\"},{\"@type\":\"ListItem\",\"position\":3,\"name\":\"Angel&#8217;s Wings Anti-Schock Kissen Jersey ENGLISH GARDEN\"}]},{\"@type\":\"WebSite\",\"@id\":\"https:\\\/\\\/lamillou.ch\\\/#website\",\"url\":\"https:\\\/\\\/lamillou.ch\\\/\",\"name\":\"lamillou.ch\",\"description\":\"\",\"potentialAction\":[{\"@type\":\"SearchAction\",\"target\":{\"@type\":\"EntryPoint\",\"urlTemplate\":\"https:\\\/\\\/lamillou.ch\\\/?s={search_term_string}\"},\"query-input\":{\"@type\":\"PropertyValueSpecification\",\"valueRequired\":true,\"valueName\":\"search_term_string\"}}],\"inLanguage\":\"en-GB\"}]}<\/script>\n<!-- \/ Yoast SEO plugin. -->","yoast_head_json":{"title":"Angel's Wings Anti-Schock Kissen Jersey ENGLISH GARDEN - lamillou.ch","robots":{"index":"index","follow":"follow","max-snippet":"max-snippet:-1","max-image-preview":"max-image-preview:large","max-video-preview":"max-video-preview:-1"},"canonical":"https:\/\/lamillou.ch\/en\/product\/angels-wings-anti-schock-kissen-jersey-english-garden\/","og_locale":"en_GB","og_type":"article","og_title":"Angel's Wings Anti-Schock Kissen Jersey ENGLISH GARDEN - lamillou.ch","og_description":"Angel&#8217;s Wings ist ein kopfunterst\u00fctzendes Anti-Schock-Kissen. Wir haben seine optimale Form entwickelt, so dass es St\u00f6sse absorbiert und maximalen Komfort","og_url":"https:\/\/lamillou.ch\/en\/product\/angels-wings-anti-schock-kissen-jersey-english-garden\/","og_site_name":"lamillou.ch","article_modified_time":"2026-04-16T15:00:24+00:00","twitter_card":"summary_large_image","twitter_misc":{"Estimated reading time":"1 minute"},"schema":{"@context":"https:\/\/schema.org","@graph":[{"@type":"WebPage","@id":"https:\/\/lamillou.ch\/produkt\/angels-wings-anti-schock-kissen-jersey-english-garden\/","url":"https:\/\/lamillou.ch\/produkt\/angels-wings-anti-schock-kissen-jersey-english-garden\/","name":"Angel's Wings Anti-Schock Kissen Jersey ENGLISH GARDEN - lamillou.ch","isPartOf":{"@id":"https:\/\/lamillou.ch\/#website"},"primaryImageOfPage":{"@id":"https:\/\/lamillou.ch\/produkt\/angels-wings-anti-schock-kissen-jersey-english-garden\/#primaryimage"},"image":{"@id":"https:\/\/lamillou.ch\/produkt\/angels-wings-anti-schock-kissen-jersey-english-garden\/#primaryimage"},"thumbnailUrl":"https:\/\/lamillou.ch\/wp-content\/uploads\/2026\/04\/image_1920_YWz_O.jpeg","datePublished":"2026-04-08T12:18:48+00:00","dateModified":"2026-04-16T15:00:24+00:00","breadcrumb":{"@id":"https:\/\/lamillou.ch\/produkt\/angels-wings-anti-schock-kissen-jersey-english-garden\/#breadcrumb"},"inLanguage":"en-GB","potentialAction":[{"@type":"ReadAction","target":["https:\/\/lamillou.ch\/produkt\/angels-wings-anti-schock-kissen-jersey-english-garden\/"]}]},{"@type":"ImageObject","inLanguage":"en-GB","@id":"https:\/\/lamillou.ch\/produkt\/angels-wings-anti-schock-kissen-jersey-english-garden\/#primaryimage","url":"https:\/\/lamillou.ch\/wp-content\/uploads\/2026\/04\/image_1920_YWz_O.jpeg","contentUrl":"https:\/\/lamillou.ch\/wp-content\/uploads\/2026\/04\/image_1920_YWz_O.jpeg","width":1920,"height":1920,"caption":"Angel's Wings Anti-Schock Kissen Jersey ENGLISH GARDEN Hauptbild"},{"@type":"BreadcrumbList","@id":"https:\/\/lamillou.ch\/produkt\/angels-wings-anti-schock-kissen-jersey-english-garden\/#breadcrumb","itemListElement":[{"@type":"ListItem","position":1,"name":"Home","item":"https:\/\/lamillou.ch\/"},{"@type":"ListItem","position":2,"name":"Shop","item":"https:\/\/lamillou.ch\/shop\/"},{"@type":"ListItem","position":3,"name":"Angel&#8217;s Wings Anti-Schock Kissen Jersey ENGLISH GARDEN"}]},{"@type":"WebSite","@id":"https:\/\/lamillou.ch\/#website","url":"https:\/\/lamillou.ch\/","name":"lamillou.ch","description":"","potentialAction":[{"@type":"SearchAction","target":{"@type":"EntryPoint","urlTemplate":"https:\/\/lamillou.ch\/?s={search_term_string}"},"query-input":{"@type":"PropertyValueSpecification","valueRequired":true,"valueName":"search_term_string"}}],"inLanguage":"en-GB"}]}},"_links":{"self":[{"href":"https:\/\/lamillou.ch\/en\/wp-json\/wp\/v2\/product\/29999","targetHints":{"allow":["GET"]}}],"collection":[{"href":"https:\/\/lamillou.ch\/en\/wp-json\/wp\/v2\/product"}],"about":[{"href":"https:\/\/lamillou.ch\/en\/wp-json\/wp\/v2\/types\/product"}],"replies":[{"embeddable":true,"href":"https:\/\/lamillou.ch\/en\/wp-json\/wp\/v2\/comments?post=29999"}],"version-history":[{"count":0,"href":"https:\/\/lamillou.ch\/en\/wp-json\/wp\/v2\/product\/29999\/revisions"}],"wp:featuredmedia":[{"embeddable":true,"href":"https:\/\/lamillou.ch\/en\/wp-json\/wp\/v2\/media\/31424"}],"wp:attachment":[{"href":"https:\/\/lamillou.ch\/en\/wp-json\/wp\/v2\/media?parent=29999"}],"wp:term":[{"taxonomy":"product_brand","embeddable":true,"href":"https:\/\/lamillou.ch\/en\/wp-json\/wp\/v2\/product_brand?post=29999"},{"taxonomy":"product_cat","embeddable":true,"href":"https:\/\/lamillou.ch\/en\/wp-json\/wp\/v2\/product_cat?post=29999"},{"taxonomy":"product_tag","embeddable":true,"href":"https:\/\/lamillou.ch\/en\/wp-json\/wp\/v2\/product_tag?post=29999"}],"curies":[{"name":"wp","href":"https:\/\/api.w.org\/{rel}","templated":true}]}}