{"id":29996,"date":"2026-04-08T13:18:48","date_gmt":"2026-04-08T12:18:48","guid":{"rendered":"https:\/\/lamillou.ch\/produkt\/einschlagdecke-babyschale-multi-berry-vichy\/"},"modified":"2026-04-17T03:48:14","modified_gmt":"2026-04-17T02:48:14","slug":"einschlagdecke-babyschale-multi-berry-vichy","status":"publish","type":"product","link":"https:\/\/lamillou.ch\/en\/product\/einschlagdecke-babyschale-multi-berry-vichy\/","title":{"rendered":"Einschlagdecke Babyschale multi BERRY VICHY"},"content":{"rendered":"<p>Die MULTI-Autositzdecke ist die neuere Version unseres Bestsellers und zeichnet sich durch Gurtdurchf\u00fchrungen aus. Dank der beiden langen, mit einer Paspel versehenen \u00d6ffnungen passt die Decke zu den meisten Autositzen mit 5-Punkt-Sicherheitsgurten sowie zu solchen mit nicht abnehmbaren CYBEX-Gurten. Die MULTI-Autositzeinlage ist beidseitig verwendbar. Der \u00e4ussere Teil besteht aus weichem gestepptem Samt, w\u00e4hrend der innere Teil aus luftdurchl\u00e4ssiger und angenehm anzufassender 100% organischer Baumwolle besteht. Die F\u00fcllung besteht aus einer d\u00fcnnen Schicht antiallergischer Silikonfaser.Die Decke ist praktisch und bequem in der Anwendung. Der Klettverschluss erm\u00f6glicht ein einfaches Enth\u00fcllen des Babys, um ihm Komfort, W\u00e4rme und ein Gef\u00fchl der Geborgenheit w\u00e4hrend der Reise zu bieten. Nach dem Verschliessen der Decke entsteht oben eine weiche Kapuze, die den Kopf des Babys umh\u00fcllt. Die Decke hat 4 \u00d6ffnungen f\u00fcr Sicherheitsgurte, einen drucklosen Klettverschluss, der ein Verrutschen der Decke verhindert, sowie zwei weitere Klettverschl\u00fcsse. Sie passt zu den meisten Autositzen und Tragen. Die MULTI-Autositzeinlage:- bietet dem Kind eine komfortable und sichere Reise,- sch\u00fctzt den Autositz vor Verschmutzung,- ist praktisch und bequem in der Anwendung,- einfach und schnell zu montieren.<\/p>","protected":false},"excerpt":{"rendered":"<p>Die MULTI-Autositzdecke ist die neuere Version unseres Bestsellers und zeichnet sich durch Gurtdurchf\u00fchrungen aus. Dank der beiden langen, mit einer<\/p>","protected":false},"featured_media":31427,"comment_status":"open","ping_status":"closed","template":"","meta":[],"product_brand":[88],"product_cat":[353],"product_tag":[],"class_list":{"0":"post-29996","1":"product","2":"type-product","3":"status-publish","4":"has-post-thumbnail","6":"product_brand-la-millou","7":"product_cat-einschlagdecke-fuer-babyschale","9":"first","10":"instock","11":"taxable","12":"shipping-taxable","13":"purchasable","14":"product-type-simple"},"yoast_head":"<!-- This site is optimized with the Yoast SEO plugin v27.3 - https:\/\/yoast.com\/product\/yoast-seo-wordpress\/ -->\n<title>Einschlagdecke Babyschale multi BERRY VICHY - lamillou.ch<\/title>\n<meta name=\"description\" content=\"Die MULTI-Autositzdecke ist die neuere Version unseres Bestsellers und zeichnet sich durch Gurtdurchf\u00fchrungen aus. Dank der beiden langen, mit einer\" \/>\n<meta name=\"robots\" content=\"index, follow, max-snippet:-1, max-image-preview:large, max-video-preview:-1\" \/>\n<link rel=\"canonical\" href=\"https:\/\/lamillou.ch\/en\/product\/einschlagdecke-babyschale-multi-berry-vichy\/\" \/>\n<meta property=\"og:locale\" content=\"en_GB\" \/>\n<meta property=\"og:type\" content=\"article\" \/>\n<meta property=\"og:title\" content=\"Einschlagdecke Babyschale multi BERRY VICHY - lamillou.ch\" \/>\n<meta property=\"og:description\" content=\"Die MULTI-Autositzdecke ist die neuere Version unseres Bestsellers und zeichnet sich durch Gurtdurchf\u00fchrungen aus. Dank der beiden langen, mit einer\" \/>\n<meta property=\"og:url\" content=\"https:\/\/lamillou.ch\/en\/product\/einschlagdecke-babyschale-multi-berry-vichy\/\" \/>\n<meta property=\"og:site_name\" content=\"lamillou.ch\" \/>\n<meta property=\"article:modified_time\" content=\"2026-04-17T02:48:14+00:00\" \/>\n<meta property=\"og:image\" content=\"https:\/\/lamillou.ch\/wp-content\/uploads\/2026\/04\/image_1920_AK081.jpeg\" \/>\n\t<meta property=\"og:image:width\" content=\"1920\" \/>\n\t<meta property=\"og:image:height\" content=\"1920\" \/>\n\t<meta property=\"og:image:type\" content=\"image\/jpeg\" \/>\n<meta name=\"twitter:card\" content=\"summary_large_image\" \/>\n<meta name=\"twitter:label1\" content=\"Estimated reading time\" \/>\n\t<meta name=\"twitter:data1\" content=\"1 minute\" \/>\n<script type=\"application\/ld+json\" class=\"yoast-schema-graph\">{\"@context\":\"https:\\\/\\\/schema.org\",\"@graph\":[{\"@type\":\"WebPage\",\"@id\":\"https:\\\/\\\/lamillou.ch\\\/produkt\\\/einschlagdecke-babyschale-multi-berry-vichy\\\/\",\"url\":\"https:\\\/\\\/lamillou.ch\\\/produkt\\\/einschlagdecke-babyschale-multi-berry-vichy\\\/\",\"name\":\"Einschlagdecke Babyschale multi BERRY VICHY - lamillou.ch\",\"isPartOf\":{\"@id\":\"https:\\\/\\\/lamillou.ch\\\/#website\"},\"primaryImageOfPage\":{\"@id\":\"https:\\\/\\\/lamillou.ch\\\/produkt\\\/einschlagdecke-babyschale-multi-berry-vichy\\\/#primaryimage\"},\"image\":{\"@id\":\"https:\\\/\\\/lamillou.ch\\\/produkt\\\/einschlagdecke-babyschale-multi-berry-vichy\\\/#primaryimage\"},\"thumbnailUrl\":\"https:\\\/\\\/lamillou.ch\\\/wp-content\\\/uploads\\\/2026\\\/04\\\/image_1920_AK081.jpeg\",\"datePublished\":\"2026-04-08T12:18:48+00:00\",\"dateModified\":\"2026-04-17T02:48:14+00:00\",\"description\":\"Die MULTI-Autositzdecke ist die neuere Version unseres Bestsellers und zeichnet sich durch Gurtdurchf\u00fchrungen aus. Dank der beiden langen, mit einer\",\"breadcrumb\":{\"@id\":\"https:\\\/\\\/lamillou.ch\\\/produkt\\\/einschlagdecke-babyschale-multi-berry-vichy\\\/#breadcrumb\"},\"inLanguage\":\"en-GB\",\"potentialAction\":[{\"@type\":\"ReadAction\",\"target\":[\"https:\\\/\\\/lamillou.ch\\\/produkt\\\/einschlagdecke-babyschale-multi-berry-vichy\\\/\"]}]},{\"@type\":\"ImageObject\",\"inLanguage\":\"en-GB\",\"@id\":\"https:\\\/\\\/lamillou.ch\\\/produkt\\\/einschlagdecke-babyschale-multi-berry-vichy\\\/#primaryimage\",\"url\":\"https:\\\/\\\/lamillou.ch\\\/wp-content\\\/uploads\\\/2026\\\/04\\\/image_1920_AK081.jpeg\",\"contentUrl\":\"https:\\\/\\\/lamillou.ch\\\/wp-content\\\/uploads\\\/2026\\\/04\\\/image_1920_AK081.jpeg\",\"width\":1920,\"height\":1920,\"caption\":\"Einschlagdecke Babyschale multi BERRY VICHY Hauptbild\"},{\"@type\":\"BreadcrumbList\",\"@id\":\"https:\\\/\\\/lamillou.ch\\\/produkt\\\/einschlagdecke-babyschale-multi-berry-vichy\\\/#breadcrumb\",\"itemListElement\":[{\"@type\":\"ListItem\",\"position\":1,\"name\":\"Home\",\"item\":\"https:\\\/\\\/lamillou.ch\\\/\"},{\"@type\":\"ListItem\",\"position\":2,\"name\":\"Shop\",\"item\":\"https:\\\/\\\/lamillou.ch\\\/shop\\\/\"},{\"@type\":\"ListItem\",\"position\":3,\"name\":\"Einschlagdecke Babyschale multi BERRY VICHY\"}]},{\"@type\":\"WebSite\",\"@id\":\"https:\\\/\\\/lamillou.ch\\\/#website\",\"url\":\"https:\\\/\\\/lamillou.ch\\\/\",\"name\":\"lamillou.ch\",\"description\":\"\",\"potentialAction\":[{\"@type\":\"SearchAction\",\"target\":{\"@type\":\"EntryPoint\",\"urlTemplate\":\"https:\\\/\\\/lamillou.ch\\\/?s={search_term_string}\"},\"query-input\":{\"@type\":\"PropertyValueSpecification\",\"valueRequired\":true,\"valueName\":\"search_term_string\"}}],\"inLanguage\":\"en-GB\"}]}<\/script>\n<!-- \/ Yoast SEO plugin. -->","yoast_head_json":{"title":"Einschlagdecke Babyschale multi BERRY VICHY - lamillou.ch","description":"Die MULTI-Autositzdecke ist die neuere Version unseres Bestsellers und zeichnet sich durch Gurtdurchf\u00fchrungen aus. Dank der beiden langen, mit einer","robots":{"index":"index","follow":"follow","max-snippet":"max-snippet:-1","max-image-preview":"max-image-preview:large","max-video-preview":"max-video-preview:-1"},"canonical":"https:\/\/lamillou.ch\/en\/product\/einschlagdecke-babyschale-multi-berry-vichy\/","og_locale":"en_GB","og_type":"article","og_title":"Einschlagdecke Babyschale multi BERRY VICHY - lamillou.ch","og_description":"Die MULTI-Autositzdecke ist die neuere Version unseres Bestsellers und zeichnet sich durch Gurtdurchf\u00fchrungen aus. Dank der beiden langen, mit einer","og_url":"https:\/\/lamillou.ch\/en\/product\/einschlagdecke-babyschale-multi-berry-vichy\/","og_site_name":"lamillou.ch","article_modified_time":"2026-04-17T02:48:14+00:00","og_image":[{"width":1920,"height":1920,"url":"https:\/\/lamillou.ch\/wp-content\/uploads\/2026\/04\/image_1920_AK081.jpeg","type":"image\/jpeg"}],"twitter_card":"summary_large_image","twitter_misc":{"Estimated reading time":"1 minute"},"schema":{"@context":"https:\/\/schema.org","@graph":[{"@type":"WebPage","@id":"https:\/\/lamillou.ch\/produkt\/einschlagdecke-babyschale-multi-berry-vichy\/","url":"https:\/\/lamillou.ch\/produkt\/einschlagdecke-babyschale-multi-berry-vichy\/","name":"Einschlagdecke Babyschale multi BERRY VICHY - lamillou.ch","isPartOf":{"@id":"https:\/\/lamillou.ch\/#website"},"primaryImageOfPage":{"@id":"https:\/\/lamillou.ch\/produkt\/einschlagdecke-babyschale-multi-berry-vichy\/#primaryimage"},"image":{"@id":"https:\/\/lamillou.ch\/produkt\/einschlagdecke-babyschale-multi-berry-vichy\/#primaryimage"},"thumbnailUrl":"https:\/\/lamillou.ch\/wp-content\/uploads\/2026\/04\/image_1920_AK081.jpeg","datePublished":"2026-04-08T12:18:48+00:00","dateModified":"2026-04-17T02:48:14+00:00","description":"Die MULTI-Autositzdecke ist die neuere Version unseres Bestsellers und zeichnet sich durch Gurtdurchf\u00fchrungen aus. Dank der beiden langen, mit einer","breadcrumb":{"@id":"https:\/\/lamillou.ch\/produkt\/einschlagdecke-babyschale-multi-berry-vichy\/#breadcrumb"},"inLanguage":"en-GB","potentialAction":[{"@type":"ReadAction","target":["https:\/\/lamillou.ch\/produkt\/einschlagdecke-babyschale-multi-berry-vichy\/"]}]},{"@type":"ImageObject","inLanguage":"en-GB","@id":"https:\/\/lamillou.ch\/produkt\/einschlagdecke-babyschale-multi-berry-vichy\/#primaryimage","url":"https:\/\/lamillou.ch\/wp-content\/uploads\/2026\/04\/image_1920_AK081.jpeg","contentUrl":"https:\/\/lamillou.ch\/wp-content\/uploads\/2026\/04\/image_1920_AK081.jpeg","width":1920,"height":1920,"caption":"Einschlagdecke Babyschale multi BERRY VICHY Hauptbild"},{"@type":"BreadcrumbList","@id":"https:\/\/lamillou.ch\/produkt\/einschlagdecke-babyschale-multi-berry-vichy\/#breadcrumb","itemListElement":[{"@type":"ListItem","position":1,"name":"Home","item":"https:\/\/lamillou.ch\/"},{"@type":"ListItem","position":2,"name":"Shop","item":"https:\/\/lamillou.ch\/shop\/"},{"@type":"ListItem","position":3,"name":"Einschlagdecke Babyschale multi BERRY VICHY"}]},{"@type":"WebSite","@id":"https:\/\/lamillou.ch\/#website","url":"https:\/\/lamillou.ch\/","name":"lamillou.ch","description":"","potentialAction":[{"@type":"SearchAction","target":{"@type":"EntryPoint","urlTemplate":"https:\/\/lamillou.ch\/?s={search_term_string}"},"query-input":{"@type":"PropertyValueSpecification","valueRequired":true,"valueName":"search_term_string"}}],"inLanguage":"en-GB"}]}},"_links":{"self":[{"href":"https:\/\/lamillou.ch\/en\/wp-json\/wp\/v2\/product\/29996","targetHints":{"allow":["GET"]}}],"collection":[{"href":"https:\/\/lamillou.ch\/en\/wp-json\/wp\/v2\/product"}],"about":[{"href":"https:\/\/lamillou.ch\/en\/wp-json\/wp\/v2\/types\/product"}],"replies":[{"embeddable":true,"href":"https:\/\/lamillou.ch\/en\/wp-json\/wp\/v2\/comments?post=29996"}],"version-history":[{"count":0,"href":"https:\/\/lamillou.ch\/en\/wp-json\/wp\/v2\/product\/29996\/revisions"}],"wp:featuredmedia":[{"embeddable":true,"href":"https:\/\/lamillou.ch\/en\/wp-json\/wp\/v2\/media\/31427"}],"wp:attachment":[{"href":"https:\/\/lamillou.ch\/en\/wp-json\/wp\/v2\/media?parent=29996"}],"wp:term":[{"taxonomy":"product_brand","embeddable":true,"href":"https:\/\/lamillou.ch\/en\/wp-json\/wp\/v2\/product_brand?post=29996"},{"taxonomy":"product_cat","embeddable":true,"href":"https:\/\/lamillou.ch\/en\/wp-json\/wp\/v2\/product_cat?post=29996"},{"taxonomy":"product_tag","embeddable":true,"href":"https:\/\/lamillou.ch\/en\/wp-json\/wp\/v2\/product_tag?post=29996"}],"curies":[{"name":"wp","href":"https:\/\/api.w.org\/{rel}","templated":true}]}}