{"id":29918,"date":"2026-04-08T13:14:16","date_gmt":"2026-04-08T12:14:16","guid":{"rendered":"https:\/\/lamillou.ch\/produkt\/autositzeinlage-baby-bear\/"},"modified":"2026-04-16T23:44:42","modified_gmt":"2026-04-16T22:44:42","slug":"autositzeinlage-baby-bear","status":"publish","type":"product","link":"https:\/\/lamillou.ch\/en\/product\/autositzeinlage-baby-bear\/","title":{"rendered":"Autositzeinlage BABY BEAR"},"content":{"rendered":"<p>Die universelle Bambus-Autositzeinlage ist ein Muss, wenn Sie mit Ihrem Kind unterwegs sind. Dieses unscheinbare St\u00fcck aus weichem Material hilft, die \u00fcberm\u00e4ssige Schweissbildung Ihres Babys zu reduzieren und sorgt f\u00fcr eine ausreichende Luftzirkulation. *Die Oberseite der Einlage besteht aus Bambus, der auch f\u00fcr die empfindlichste Haut geeignet ist, w\u00e4hrend die Unterseite aus weichem, atmungsaktivem Netzstoff gefertigt ist, der dank seiner 3D-Struktur weich ist, sich nicht verformt und eine hervorragende Polsterung bietet. *Die Einlage ist ideal bei heissem Wetter. Dank der erstaunlichen Eigenschaften von Bambus erhitzt sich die Einlage nicht, so dass Verbrennungen des Babys vermieden werden. Dar\u00fcber hinaus hat Bambus antibakterielle, antimykotische und antiallergische Eigenschaften, was f\u00fcr die empfindliche Babyhaut von grosser Bedeutung ist. *Trotz ihrer Funktionalit\u00e4t ist die Autositzeinlage d\u00fcnn und ihre urspr\u00fcngliche Form wurde so konzipiert, dass sie sich vollst\u00e4ndig an den K\u00f6rper des Babys anpasst. Ausserdem ist sie an der Unterseite mit einem speziellen Klettverschluss versehen, der daf\u00fcr sorgt, dass der f\u00fcr die F\u00fcsse des Babys bestimmte Teil nicht verrutscht. Die schweisshemmende Sitzeinlage aus Bambus:<br- gew\u00e4hrleistet die Luftzirkulation,<br- verhindert das Schwitzen,<br- sch\u00fctzt Ihr Kind vor \u00dcberhitzung,<br- sch\u00fctzt den Sitz vor Verschmutzung,<br- macht das Reisen f\u00fcr Ihr Baby angenehmer,<br- saugt Wasser auf und absorbiert unangenehme Ger\u00fcche. Der Einsatz passt auf die meisten Autositze mit 3- und 5-Punkt-Gurtsystemen und ist f\u00fcr die ersten Autositze der Gruppe 0+ (0-13kg), d.h. f\u00fcr Kinder von der Geburt bis 12-15 Monate, konzipiert.\n<\/p>","protected":false},"excerpt":{"rendered":"<p>Die universelle Bambus-Autositzeinlage ist ein Muss, wenn Sie mit Ihrem Kind unterwegs sind. Dieses unscheinbare St\u00fcck aus weichem Material hilft,<\/p>","protected":false},"featured_media":31505,"comment_status":"open","ping_status":"closed","template":"","meta":[],"product_brand":[88],"product_cat":[320],"product_tag":[],"class_list":{"0":"post-29918","1":"product","2":"type-product","3":"status-publish","4":"has-post-thumbnail","6":"product_brand-la-millou","7":"product_cat-autositzeinlagen","9":"first","10":"instock","11":"taxable","12":"shipping-taxable","13":"purchasable","14":"product-type-simple"},"yoast_head":"<!-- This site is optimized with the Yoast SEO plugin v27.3 - https:\/\/yoast.com\/product\/yoast-seo-wordpress\/ -->\n<title>Autositzeinlage BABY BEAR - lamillou.ch<\/title>\n<meta name=\"description\" content=\"Die universelle Bambus-Autositzeinlage ist ein Muss, wenn Sie mit Ihrem Kind unterwegs sind. Dieses unscheinbare St\u00fcck aus weichem Material hilft, die\" \/>\n<meta name=\"robots\" content=\"index, follow, max-snippet:-1, max-image-preview:large, max-video-preview:-1\" \/>\n<link rel=\"canonical\" href=\"https:\/\/lamillou.ch\/en\/product\/autositzeinlage-baby-bear\/\" \/>\n<meta property=\"og:locale\" content=\"en_GB\" \/>\n<meta property=\"og:type\" content=\"article\" \/>\n<meta property=\"og:title\" content=\"Autositzeinlage BABY BEAR - lamillou.ch\" \/>\n<meta property=\"og:description\" content=\"Die universelle Bambus-Autositzeinlage ist ein Muss, wenn Sie mit Ihrem Kind unterwegs sind. Dieses unscheinbare St\u00fcck aus weichem Material hilft, die\" \/>\n<meta property=\"og:url\" content=\"https:\/\/lamillou.ch\/en\/product\/autositzeinlage-baby-bear\/\" \/>\n<meta property=\"og:site_name\" content=\"lamillou.ch\" \/>\n<meta property=\"article:modified_time\" content=\"2026-04-16T22:44:42+00:00\" \/>\n<meta property=\"og:image\" content=\"https:\/\/lamillou.ch\/wp-content\/uploads\/2026\/04\/image_1920_rCQ4C.jpeg\" \/>\n\t<meta property=\"og:image:width\" content=\"1920\" \/>\n\t<meta property=\"og:image:height\" content=\"1920\" \/>\n\t<meta property=\"og:image:type\" content=\"image\/jpeg\" \/>\n<meta name=\"twitter:card\" content=\"summary_large_image\" \/>\n<meta name=\"twitter:label1\" content=\"Estimated reading time\" \/>\n\t<meta name=\"twitter:data1\" content=\"1 minute\" \/>\n<script type=\"application\/ld+json\" class=\"yoast-schema-graph\">{\"@context\":\"https:\\\/\\\/schema.org\",\"@graph\":[{\"@type\":\"WebPage\",\"@id\":\"https:\\\/\\\/lamillou.ch\\\/produkt\\\/autositzeinlage-baby-bear\\\/\",\"url\":\"https:\\\/\\\/lamillou.ch\\\/produkt\\\/autositzeinlage-baby-bear\\\/\",\"name\":\"Autositzeinlage BABY BEAR - lamillou.ch\",\"isPartOf\":{\"@id\":\"https:\\\/\\\/lamillou.ch\\\/#website\"},\"primaryImageOfPage\":{\"@id\":\"https:\\\/\\\/lamillou.ch\\\/produkt\\\/autositzeinlage-baby-bear\\\/#primaryimage\"},\"image\":{\"@id\":\"https:\\\/\\\/lamillou.ch\\\/produkt\\\/autositzeinlage-baby-bear\\\/#primaryimage\"},\"thumbnailUrl\":\"https:\\\/\\\/lamillou.ch\\\/wp-content\\\/uploads\\\/2026\\\/04\\\/image_1920_rCQ4C.jpeg\",\"datePublished\":\"2026-04-08T12:14:16+00:00\",\"dateModified\":\"2026-04-16T22:44:42+00:00\",\"description\":\"Die universelle Bambus-Autositzeinlage ist ein Muss, wenn Sie mit Ihrem Kind unterwegs sind. Dieses unscheinbare St\u00fcck aus weichem Material hilft, die\",\"breadcrumb\":{\"@id\":\"https:\\\/\\\/lamillou.ch\\\/produkt\\\/autositzeinlage-baby-bear\\\/#breadcrumb\"},\"inLanguage\":\"en-GB\",\"potentialAction\":[{\"@type\":\"ReadAction\",\"target\":[\"https:\\\/\\\/lamillou.ch\\\/produkt\\\/autositzeinlage-baby-bear\\\/\"]}]},{\"@type\":\"ImageObject\",\"inLanguage\":\"en-GB\",\"@id\":\"https:\\\/\\\/lamillou.ch\\\/produkt\\\/autositzeinlage-baby-bear\\\/#primaryimage\",\"url\":\"https:\\\/\\\/lamillou.ch\\\/wp-content\\\/uploads\\\/2026\\\/04\\\/image_1920_rCQ4C.jpeg\",\"contentUrl\":\"https:\\\/\\\/lamillou.ch\\\/wp-content\\\/uploads\\\/2026\\\/04\\\/image_1920_rCQ4C.jpeg\",\"width\":1920,\"height\":1920,\"caption\":\"Autositzeinlage BABY BEAR Hauptbild\"},{\"@type\":\"BreadcrumbList\",\"@id\":\"https:\\\/\\\/lamillou.ch\\\/produkt\\\/autositzeinlage-baby-bear\\\/#breadcrumb\",\"itemListElement\":[{\"@type\":\"ListItem\",\"position\":1,\"name\":\"Home\",\"item\":\"https:\\\/\\\/lamillou.ch\\\/\"},{\"@type\":\"ListItem\",\"position\":2,\"name\":\"Shop\",\"item\":\"https:\\\/\\\/lamillou.ch\\\/shop\\\/\"},{\"@type\":\"ListItem\",\"position\":3,\"name\":\"Autositzeinlage BABY BEAR\"}]},{\"@type\":\"WebSite\",\"@id\":\"https:\\\/\\\/lamillou.ch\\\/#website\",\"url\":\"https:\\\/\\\/lamillou.ch\\\/\",\"name\":\"lamillou.ch\",\"description\":\"\",\"potentialAction\":[{\"@type\":\"SearchAction\",\"target\":{\"@type\":\"EntryPoint\",\"urlTemplate\":\"https:\\\/\\\/lamillou.ch\\\/?s={search_term_string}\"},\"query-input\":{\"@type\":\"PropertyValueSpecification\",\"valueRequired\":true,\"valueName\":\"search_term_string\"}}],\"inLanguage\":\"en-GB\"}]}<\/script>\n<!-- \/ Yoast SEO plugin. -->","yoast_head_json":{"title":"Autositzeinlage BABY BEAR - lamillou.ch","description":"Die universelle Bambus-Autositzeinlage ist ein Muss, wenn Sie mit Ihrem Kind unterwegs sind. Dieses unscheinbare St\u00fcck aus weichem Material hilft, die","robots":{"index":"index","follow":"follow","max-snippet":"max-snippet:-1","max-image-preview":"max-image-preview:large","max-video-preview":"max-video-preview:-1"},"canonical":"https:\/\/lamillou.ch\/en\/product\/autositzeinlage-baby-bear\/","og_locale":"en_GB","og_type":"article","og_title":"Autositzeinlage BABY BEAR - lamillou.ch","og_description":"Die universelle Bambus-Autositzeinlage ist ein Muss, wenn Sie mit Ihrem Kind unterwegs sind. Dieses unscheinbare St\u00fcck aus weichem Material hilft, die","og_url":"https:\/\/lamillou.ch\/en\/product\/autositzeinlage-baby-bear\/","og_site_name":"lamillou.ch","article_modified_time":"2026-04-16T22:44:42+00:00","og_image":[{"width":1920,"height":1920,"url":"https:\/\/lamillou.ch\/wp-content\/uploads\/2026\/04\/image_1920_rCQ4C.jpeg","type":"image\/jpeg"}],"twitter_card":"summary_large_image","twitter_misc":{"Estimated reading time":"1 minute"},"schema":{"@context":"https:\/\/schema.org","@graph":[{"@type":"WebPage","@id":"https:\/\/lamillou.ch\/produkt\/autositzeinlage-baby-bear\/","url":"https:\/\/lamillou.ch\/produkt\/autositzeinlage-baby-bear\/","name":"Autositzeinlage BABY BEAR - lamillou.ch","isPartOf":{"@id":"https:\/\/lamillou.ch\/#website"},"primaryImageOfPage":{"@id":"https:\/\/lamillou.ch\/produkt\/autositzeinlage-baby-bear\/#primaryimage"},"image":{"@id":"https:\/\/lamillou.ch\/produkt\/autositzeinlage-baby-bear\/#primaryimage"},"thumbnailUrl":"https:\/\/lamillou.ch\/wp-content\/uploads\/2026\/04\/image_1920_rCQ4C.jpeg","datePublished":"2026-04-08T12:14:16+00:00","dateModified":"2026-04-16T22:44:42+00:00","description":"Die universelle Bambus-Autositzeinlage ist ein Muss, wenn Sie mit Ihrem Kind unterwegs sind. Dieses unscheinbare St\u00fcck aus weichem Material hilft, die","breadcrumb":{"@id":"https:\/\/lamillou.ch\/produkt\/autositzeinlage-baby-bear\/#breadcrumb"},"inLanguage":"en-GB","potentialAction":[{"@type":"ReadAction","target":["https:\/\/lamillou.ch\/produkt\/autositzeinlage-baby-bear\/"]}]},{"@type":"ImageObject","inLanguage":"en-GB","@id":"https:\/\/lamillou.ch\/produkt\/autositzeinlage-baby-bear\/#primaryimage","url":"https:\/\/lamillou.ch\/wp-content\/uploads\/2026\/04\/image_1920_rCQ4C.jpeg","contentUrl":"https:\/\/lamillou.ch\/wp-content\/uploads\/2026\/04\/image_1920_rCQ4C.jpeg","width":1920,"height":1920,"caption":"Autositzeinlage BABY BEAR Hauptbild"},{"@type":"BreadcrumbList","@id":"https:\/\/lamillou.ch\/produkt\/autositzeinlage-baby-bear\/#breadcrumb","itemListElement":[{"@type":"ListItem","position":1,"name":"Home","item":"https:\/\/lamillou.ch\/"},{"@type":"ListItem","position":2,"name":"Shop","item":"https:\/\/lamillou.ch\/shop\/"},{"@type":"ListItem","position":3,"name":"Autositzeinlage BABY BEAR"}]},{"@type":"WebSite","@id":"https:\/\/lamillou.ch\/#website","url":"https:\/\/lamillou.ch\/","name":"lamillou.ch","description":"","potentialAction":[{"@type":"SearchAction","target":{"@type":"EntryPoint","urlTemplate":"https:\/\/lamillou.ch\/?s={search_term_string}"},"query-input":{"@type":"PropertyValueSpecification","valueRequired":true,"valueName":"search_term_string"}}],"inLanguage":"en-GB"}]}},"_links":{"self":[{"href":"https:\/\/lamillou.ch\/en\/wp-json\/wp\/v2\/product\/29918","targetHints":{"allow":["GET"]}}],"collection":[{"href":"https:\/\/lamillou.ch\/en\/wp-json\/wp\/v2\/product"}],"about":[{"href":"https:\/\/lamillou.ch\/en\/wp-json\/wp\/v2\/types\/product"}],"replies":[{"embeddable":true,"href":"https:\/\/lamillou.ch\/en\/wp-json\/wp\/v2\/comments?post=29918"}],"version-history":[{"count":0,"href":"https:\/\/lamillou.ch\/en\/wp-json\/wp\/v2\/product\/29918\/revisions"}],"wp:featuredmedia":[{"embeddable":true,"href":"https:\/\/lamillou.ch\/en\/wp-json\/wp\/v2\/media\/31505"}],"wp:attachment":[{"href":"https:\/\/lamillou.ch\/en\/wp-json\/wp\/v2\/media?parent=29918"}],"wp:term":[{"taxonomy":"product_brand","embeddable":true,"href":"https:\/\/lamillou.ch\/en\/wp-json\/wp\/v2\/product_brand?post=29918"},{"taxonomy":"product_cat","embeddable":true,"href":"https:\/\/lamillou.ch\/en\/wp-json\/wp\/v2\/product_cat?post=29918"},{"taxonomy":"product_tag","embeddable":true,"href":"https:\/\/lamillou.ch\/en\/wp-json\/wp\/v2\/product_tag?post=29918"}],"curies":[{"name":"wp","href":"https:\/\/api.w.org\/{rel}","templated":true}]}}