{"id":29875,"date":"2026-04-08T13:14:06","date_gmt":"2026-04-08T12:14:06","guid":{"rendered":"https:\/\/lamillou.ch\/produkt\/pucktuch-bambus-musselin-country-berry-115-x-140-cm\/"},"modified":"2026-04-16T23:42:04","modified_gmt":"2026-04-16T22:42:04","slug":"pucktuch-bambus-musselin-country-berry-115-x-140-cm","status":"publish","type":"product","link":"https:\/\/lamillou.ch\/en\/product\/pucktuch-bambus-musselin-country-berry-115-x-140-cm\/","title":{"rendered":"Pucktuch Bambus Musselin COUNTRY BERRY &#8211; 115 x 140 cm"},"content":{"rendered":"<p>Multifunktionales Musselin-Tuch. Leicht, weich und flexibel.  Es ist ein unverzichtbarer Bestandteil jeder Babyausstattung und wird fast ununterbrochen gebraucht: beim Stillen, Aufstossen, als Sonnenschutz, zum Baden, Abwischen und in vielen anderen Situationen. *Es besteht aus 100 % Bambusgewebe, das mit antibakteriellen Silber-Mikropartikeln (SilverPlus apprettee) beschichtet ist, die einen idealen Schutz gegen Bakterien bieten und auch gegen Schimmel- und Pilzbefall resistent sind. Die Silberpartikel werden vor allem im medizinischen Bereich eingesetzt, wo die Wahrung der Sterilit\u00e4t sehr wichtig ist. Da Mullwindeln fast immer in der N\u00e4he Ihres Babys sind, achten wir darauf, dass sie so hygienisch und sicher wie m\u00f6glich sind. *Bambusgarn ist unglaublich zart und weich und absorbiert die Feuchtigkeit perfekt.  *Empfohlen f\u00fcr AD (atopische Dermatitis).  Waschen vor dem ersten Gebrauch wird empfohlen. Mit jeder W\u00e4sche wird die Windel noch weicher.<\/p>","protected":false},"excerpt":{"rendered":"<p>Multifunktionales Musselin-Tuch. Leicht, weich und flexibel. Es ist ein unverzichtbarer Bestandteil jeder Babyausstattung und wird fast ununterbrochen gebraucht: beim Stillen,<\/p>","protected":false},"featured_media":31548,"comment_status":"open","ping_status":"closed","template":"","meta":[],"product_brand":[88],"product_cat":[302],"product_tag":[],"class_list":{"0":"post-29875","1":"product","2":"type-product","3":"status-publish","4":"has-post-thumbnail","6":"product_brand-la-millou","7":"product_cat-bambus-pucktuch","9":"first","10":"instock","11":"taxable","12":"shipping-taxable","13":"purchasable","14":"product-type-simple"},"yoast_head":"<!-- This site is optimized with the Yoast SEO plugin v27.3 - https:\/\/yoast.com\/product\/yoast-seo-wordpress\/ -->\n<title>Pucktuch Bambus Musselin COUNTRY BERRY - 115 x 140 cm - lamillou.ch<\/title>\n<meta name=\"description\" content=\"Multifunktionales Musselin-Tuch. Leicht, weich und flexibel. Es ist ein unverzichtbarer Bestandteil jeder Babyausstattung und wird fast ununterbrochen\" \/>\n<meta name=\"robots\" content=\"index, follow, max-snippet:-1, max-image-preview:large, max-video-preview:-1\" \/>\n<link rel=\"canonical\" href=\"https:\/\/lamillou.ch\/en\/product\/pucktuch-bambus-musselin-country-berry-115-x-140-cm\/\" \/>\n<meta property=\"og:locale\" content=\"en_GB\" \/>\n<meta property=\"og:type\" content=\"article\" \/>\n<meta property=\"og:title\" content=\"Pucktuch Bambus Musselin COUNTRY BERRY - 115 x 140 cm - lamillou.ch\" \/>\n<meta property=\"og:description\" content=\"Multifunktionales Musselin-Tuch. Leicht, weich und flexibel. Es ist ein unverzichtbarer Bestandteil jeder Babyausstattung und wird fast ununterbrochen\" \/>\n<meta property=\"og:url\" content=\"https:\/\/lamillou.ch\/en\/product\/pucktuch-bambus-musselin-country-berry-115-x-140-cm\/\" \/>\n<meta property=\"og:site_name\" content=\"lamillou.ch\" \/>\n<meta property=\"article:modified_time\" content=\"2026-04-16T22:42:04+00:00\" \/>\n<meta property=\"og:image\" content=\"https:\/\/lamillou.ch\/wp-content\/uploads\/2026\/04\/image_1920_PIuzN.jpeg\" \/>\n\t<meta property=\"og:image:width\" content=\"1920\" \/>\n\t<meta property=\"og:image:height\" content=\"1920\" \/>\n\t<meta property=\"og:image:type\" content=\"image\/jpeg\" \/>\n<meta name=\"twitter:card\" content=\"summary_large_image\" \/>\n<meta name=\"twitter:label1\" content=\"Estimated reading time\" \/>\n\t<meta name=\"twitter:data1\" content=\"1 minute\" \/>\n<script type=\"application\/ld+json\" class=\"yoast-schema-graph\">{\"@context\":\"https:\\\/\\\/schema.org\",\"@graph\":[{\"@type\":\"WebPage\",\"@id\":\"https:\\\/\\\/lamillou.ch\\\/produkt\\\/pucktuch-bambus-musselin-country-berry-115-x-140-cm\\\/\",\"url\":\"https:\\\/\\\/lamillou.ch\\\/produkt\\\/pucktuch-bambus-musselin-country-berry-115-x-140-cm\\\/\",\"name\":\"Pucktuch Bambus Musselin COUNTRY BERRY - 115 x 140 cm - lamillou.ch\",\"isPartOf\":{\"@id\":\"https:\\\/\\\/lamillou.ch\\\/#website\"},\"primaryImageOfPage\":{\"@id\":\"https:\\\/\\\/lamillou.ch\\\/produkt\\\/pucktuch-bambus-musselin-country-berry-115-x-140-cm\\\/#primaryimage\"},\"image\":{\"@id\":\"https:\\\/\\\/lamillou.ch\\\/produkt\\\/pucktuch-bambus-musselin-country-berry-115-x-140-cm\\\/#primaryimage\"},\"thumbnailUrl\":\"https:\\\/\\\/lamillou.ch\\\/wp-content\\\/uploads\\\/2026\\\/04\\\/image_1920_PIuzN.jpeg\",\"datePublished\":\"2026-04-08T12:14:06+00:00\",\"dateModified\":\"2026-04-16T22:42:04+00:00\",\"description\":\"Multifunktionales Musselin-Tuch. Leicht, weich und flexibel. Es ist ein unverzichtbarer Bestandteil jeder Babyausstattung und wird fast ununterbrochen\",\"breadcrumb\":{\"@id\":\"https:\\\/\\\/lamillou.ch\\\/produkt\\\/pucktuch-bambus-musselin-country-berry-115-x-140-cm\\\/#breadcrumb\"},\"inLanguage\":\"en-GB\",\"potentialAction\":[{\"@type\":\"ReadAction\",\"target\":[\"https:\\\/\\\/lamillou.ch\\\/produkt\\\/pucktuch-bambus-musselin-country-berry-115-x-140-cm\\\/\"]}]},{\"@type\":\"ImageObject\",\"inLanguage\":\"en-GB\",\"@id\":\"https:\\\/\\\/lamillou.ch\\\/produkt\\\/pucktuch-bambus-musselin-country-berry-115-x-140-cm\\\/#primaryimage\",\"url\":\"https:\\\/\\\/lamillou.ch\\\/wp-content\\\/uploads\\\/2026\\\/04\\\/image_1920_PIuzN.jpeg\",\"contentUrl\":\"https:\\\/\\\/lamillou.ch\\\/wp-content\\\/uploads\\\/2026\\\/04\\\/image_1920_PIuzN.jpeg\",\"width\":1920,\"height\":1920,\"caption\":\"Pucktuch Bambus Musselin COUNTRY BERRY - 115 x 140 cm Hauptbild\"},{\"@type\":\"BreadcrumbList\",\"@id\":\"https:\\\/\\\/lamillou.ch\\\/produkt\\\/pucktuch-bambus-musselin-country-berry-115-x-140-cm\\\/#breadcrumb\",\"itemListElement\":[{\"@type\":\"ListItem\",\"position\":1,\"name\":\"Home\",\"item\":\"https:\\\/\\\/lamillou.ch\\\/\"},{\"@type\":\"ListItem\",\"position\":2,\"name\":\"Shop\",\"item\":\"https:\\\/\\\/lamillou.ch\\\/shop\\\/\"},{\"@type\":\"ListItem\",\"position\":3,\"name\":\"Pucktuch Bambus Musselin COUNTRY BERRY &#8211; 115 x 140 cm\"}]},{\"@type\":\"WebSite\",\"@id\":\"https:\\\/\\\/lamillou.ch\\\/#website\",\"url\":\"https:\\\/\\\/lamillou.ch\\\/\",\"name\":\"lamillou.ch\",\"description\":\"\",\"potentialAction\":[{\"@type\":\"SearchAction\",\"target\":{\"@type\":\"EntryPoint\",\"urlTemplate\":\"https:\\\/\\\/lamillou.ch\\\/?s={search_term_string}\"},\"query-input\":{\"@type\":\"PropertyValueSpecification\",\"valueRequired\":true,\"valueName\":\"search_term_string\"}}],\"inLanguage\":\"en-GB\"}]}<\/script>\n<!-- \/ Yoast SEO plugin. -->","yoast_head_json":{"title":"Pucktuch Bambus Musselin COUNTRY BERRY - 115 x 140 cm - lamillou.ch","description":"Multifunktionales Musselin-Tuch. Leicht, weich und flexibel. Es ist ein unverzichtbarer Bestandteil jeder Babyausstattung und wird fast ununterbrochen","robots":{"index":"index","follow":"follow","max-snippet":"max-snippet:-1","max-image-preview":"max-image-preview:large","max-video-preview":"max-video-preview:-1"},"canonical":"https:\/\/lamillou.ch\/en\/product\/pucktuch-bambus-musselin-country-berry-115-x-140-cm\/","og_locale":"en_GB","og_type":"article","og_title":"Pucktuch Bambus Musselin COUNTRY BERRY - 115 x 140 cm - lamillou.ch","og_description":"Multifunktionales Musselin-Tuch. Leicht, weich und flexibel. Es ist ein unverzichtbarer Bestandteil jeder Babyausstattung und wird fast ununterbrochen","og_url":"https:\/\/lamillou.ch\/en\/product\/pucktuch-bambus-musselin-country-berry-115-x-140-cm\/","og_site_name":"lamillou.ch","article_modified_time":"2026-04-16T22:42:04+00:00","og_image":[{"width":1920,"height":1920,"url":"https:\/\/lamillou.ch\/wp-content\/uploads\/2026\/04\/image_1920_PIuzN.jpeg","type":"image\/jpeg"}],"twitter_card":"summary_large_image","twitter_misc":{"Estimated reading time":"1 minute"},"schema":{"@context":"https:\/\/schema.org","@graph":[{"@type":"WebPage","@id":"https:\/\/lamillou.ch\/produkt\/pucktuch-bambus-musselin-country-berry-115-x-140-cm\/","url":"https:\/\/lamillou.ch\/produkt\/pucktuch-bambus-musselin-country-berry-115-x-140-cm\/","name":"Pucktuch Bambus Musselin COUNTRY BERRY - 115 x 140 cm - lamillou.ch","isPartOf":{"@id":"https:\/\/lamillou.ch\/#website"},"primaryImageOfPage":{"@id":"https:\/\/lamillou.ch\/produkt\/pucktuch-bambus-musselin-country-berry-115-x-140-cm\/#primaryimage"},"image":{"@id":"https:\/\/lamillou.ch\/produkt\/pucktuch-bambus-musselin-country-berry-115-x-140-cm\/#primaryimage"},"thumbnailUrl":"https:\/\/lamillou.ch\/wp-content\/uploads\/2026\/04\/image_1920_PIuzN.jpeg","datePublished":"2026-04-08T12:14:06+00:00","dateModified":"2026-04-16T22:42:04+00:00","description":"Multifunktionales Musselin-Tuch. Leicht, weich und flexibel. Es ist ein unverzichtbarer Bestandteil jeder Babyausstattung und wird fast ununterbrochen","breadcrumb":{"@id":"https:\/\/lamillou.ch\/produkt\/pucktuch-bambus-musselin-country-berry-115-x-140-cm\/#breadcrumb"},"inLanguage":"en-GB","potentialAction":[{"@type":"ReadAction","target":["https:\/\/lamillou.ch\/produkt\/pucktuch-bambus-musselin-country-berry-115-x-140-cm\/"]}]},{"@type":"ImageObject","inLanguage":"en-GB","@id":"https:\/\/lamillou.ch\/produkt\/pucktuch-bambus-musselin-country-berry-115-x-140-cm\/#primaryimage","url":"https:\/\/lamillou.ch\/wp-content\/uploads\/2026\/04\/image_1920_PIuzN.jpeg","contentUrl":"https:\/\/lamillou.ch\/wp-content\/uploads\/2026\/04\/image_1920_PIuzN.jpeg","width":1920,"height":1920,"caption":"Pucktuch Bambus Musselin COUNTRY BERRY - 115 x 140 cm Hauptbild"},{"@type":"BreadcrumbList","@id":"https:\/\/lamillou.ch\/produkt\/pucktuch-bambus-musselin-country-berry-115-x-140-cm\/#breadcrumb","itemListElement":[{"@type":"ListItem","position":1,"name":"Home","item":"https:\/\/lamillou.ch\/"},{"@type":"ListItem","position":2,"name":"Shop","item":"https:\/\/lamillou.ch\/shop\/"},{"@type":"ListItem","position":3,"name":"Pucktuch Bambus Musselin COUNTRY BERRY &#8211; 115 x 140 cm"}]},{"@type":"WebSite","@id":"https:\/\/lamillou.ch\/#website","url":"https:\/\/lamillou.ch\/","name":"lamillou.ch","description":"","potentialAction":[{"@type":"SearchAction","target":{"@type":"EntryPoint","urlTemplate":"https:\/\/lamillou.ch\/?s={search_term_string}"},"query-input":{"@type":"PropertyValueSpecification","valueRequired":true,"valueName":"search_term_string"}}],"inLanguage":"en-GB"}]}},"_links":{"self":[{"href":"https:\/\/lamillou.ch\/en\/wp-json\/wp\/v2\/product\/29875","targetHints":{"allow":["GET"]}}],"collection":[{"href":"https:\/\/lamillou.ch\/en\/wp-json\/wp\/v2\/product"}],"about":[{"href":"https:\/\/lamillou.ch\/en\/wp-json\/wp\/v2\/types\/product"}],"replies":[{"embeddable":true,"href":"https:\/\/lamillou.ch\/en\/wp-json\/wp\/v2\/comments?post=29875"}],"version-history":[{"count":0,"href":"https:\/\/lamillou.ch\/en\/wp-json\/wp\/v2\/product\/29875\/revisions"}],"wp:featuredmedia":[{"embeddable":true,"href":"https:\/\/lamillou.ch\/en\/wp-json\/wp\/v2\/media\/31548"}],"wp:attachment":[{"href":"https:\/\/lamillou.ch\/en\/wp-json\/wp\/v2\/media?parent=29875"}],"wp:term":[{"taxonomy":"product_brand","embeddable":true,"href":"https:\/\/lamillou.ch\/en\/wp-json\/wp\/v2\/product_brand?post=29875"},{"taxonomy":"product_cat","embeddable":true,"href":"https:\/\/lamillou.ch\/en\/wp-json\/wp\/v2\/product_cat?post=29875"},{"taxonomy":"product_tag","embeddable":true,"href":"https:\/\/lamillou.ch\/en\/wp-json\/wp\/v2\/product_tag?post=29875"}],"curies":[{"name":"wp","href":"https:\/\/api.w.org\/{rel}","templated":true}]}}