{"id":29854,"date":"2026-04-08T13:14:02","date_gmt":"2026-04-08T12:14:02","guid":{"rendered":"https:\/\/lamillou.ch\/produkt\/windel-organizer-nylon-leopard-cream\/"},"modified":"2026-04-17T07:40:18","modified_gmt":"2026-04-17T06:40:18","slug":"windel-organizer-nylon-leopard-cream","status":"publish","type":"product","link":"https:\/\/lamillou.ch\/en\/product\/windel-organizer-nylon-leopard-cream\/","title":{"rendered":"Windel-Organizer Nylon LEOPARD CREAM"},"content":{"rendered":"<p>Der Windel Organizer darf in der Wickel- und Pflegeecke nicht fehlen. In unseren Organizer passen nicht nur Windeln, sondern auch Feuchtt\u00fccher oder anderes Wickelzubeh\u00f6r. Es wird nicht nur zu einem praktischen Gadget, sondern auch zu einer stilvollen Dekoration f\u00fcr ein Kinderzimmer. Was unseren Organizer auszeichnet, sind der Kordelzug und die Griffe, dank denen Sie ihn praktisch in einer Handtasche oder einem Koffer verstauen k\u00f6nnen.<\/p>","protected":false},"excerpt":{"rendered":"<p>Der Windel Organizer darf in der Wickel- und Pflegeecke nicht fehlen. In unseren Organizer passen nicht nur Windeln, sondern auch<\/p>","protected":false},"featured_media":31569,"comment_status":"open","ping_status":"closed","template":"","meta":[],"product_brand":[88],"product_cat":[397],"product_tag":[],"class_list":{"0":"post-29854","1":"product","2":"type-product","3":"status-publish","4":"has-post-thumbnail","6":"product_brand-la-millou","7":"product_cat-windeln-organizer","9":"first","10":"instock","11":"taxable","12":"shipping-taxable","13":"purchasable","14":"product-type-simple"},"yoast_head":"<!-- This site is optimized with the Yoast SEO plugin v27.3 - https:\/\/yoast.com\/product\/yoast-seo-wordpress\/ -->\n<title>Windel-Organizer Nylon LEOPARD CREAM - lamillou.ch<\/title>\n<meta name=\"description\" content=\"Der Windel Organizer darf in der Wickel- und Pflegeecke nicht fehlen. In unseren Organizer passen nicht nur Windeln, sondern auch Feuchtt\u00fccher oder\" \/>\n<meta name=\"robots\" content=\"index, follow, max-snippet:-1, max-image-preview:large, max-video-preview:-1\" \/>\n<link rel=\"canonical\" href=\"https:\/\/lamillou.ch\/en\/product\/windel-organizer-nylon-leopard-cream\/\" \/>\n<meta property=\"og:locale\" content=\"en_GB\" \/>\n<meta property=\"og:type\" content=\"article\" \/>\n<meta property=\"og:title\" content=\"Windel-Organizer Nylon LEOPARD CREAM - lamillou.ch\" \/>\n<meta property=\"og:description\" content=\"Der Windel Organizer darf in der Wickel- und Pflegeecke nicht fehlen. In unseren Organizer passen nicht nur Windeln, sondern auch Feuchtt\u00fccher oder\" \/>\n<meta property=\"og:url\" content=\"https:\/\/lamillou.ch\/en\/product\/windel-organizer-nylon-leopard-cream\/\" \/>\n<meta property=\"og:site_name\" content=\"lamillou.ch\" \/>\n<meta property=\"article:modified_time\" content=\"2026-04-17T06:40:18+00:00\" \/>\n<meta property=\"og:image\" content=\"https:\/\/lamillou.ch\/wp-content\/uploads\/2026\/04\/image_1920_sjHGa.jpeg\" \/>\n\t<meta property=\"og:image:width\" content=\"1920\" \/>\n\t<meta property=\"og:image:height\" content=\"1920\" \/>\n\t<meta property=\"og:image:type\" content=\"image\/jpeg\" \/>\n<meta name=\"twitter:card\" content=\"summary_large_image\" \/>\n<script type=\"application\/ld+json\" class=\"yoast-schema-graph\">{\"@context\":\"https:\\\/\\\/schema.org\",\"@graph\":[{\"@type\":\"WebPage\",\"@id\":\"https:\\\/\\\/lamillou.ch\\\/produkt\\\/windel-organizer-nylon-leopard-cream\\\/\",\"url\":\"https:\\\/\\\/lamillou.ch\\\/produkt\\\/windel-organizer-nylon-leopard-cream\\\/\",\"name\":\"Windel-Organizer Nylon LEOPARD CREAM - lamillou.ch\",\"isPartOf\":{\"@id\":\"https:\\\/\\\/lamillou.ch\\\/#website\"},\"primaryImageOfPage\":{\"@id\":\"https:\\\/\\\/lamillou.ch\\\/produkt\\\/windel-organizer-nylon-leopard-cream\\\/#primaryimage\"},\"image\":{\"@id\":\"https:\\\/\\\/lamillou.ch\\\/produkt\\\/windel-organizer-nylon-leopard-cream\\\/#primaryimage\"},\"thumbnailUrl\":\"https:\\\/\\\/lamillou.ch\\\/wp-content\\\/uploads\\\/2026\\\/04\\\/image_1920_sjHGa.jpeg\",\"datePublished\":\"2026-04-08T12:14:02+00:00\",\"dateModified\":\"2026-04-17T06:40:18+00:00\",\"description\":\"Der Windel Organizer darf in der Wickel- und Pflegeecke nicht fehlen. In unseren Organizer passen nicht nur Windeln, sondern auch Feuchtt\u00fccher oder\",\"breadcrumb\":{\"@id\":\"https:\\\/\\\/lamillou.ch\\\/produkt\\\/windel-organizer-nylon-leopard-cream\\\/#breadcrumb\"},\"inLanguage\":\"en-GB\",\"potentialAction\":[{\"@type\":\"ReadAction\",\"target\":[\"https:\\\/\\\/lamillou.ch\\\/produkt\\\/windel-organizer-nylon-leopard-cream\\\/\"]}]},{\"@type\":\"ImageObject\",\"inLanguage\":\"en-GB\",\"@id\":\"https:\\\/\\\/lamillou.ch\\\/produkt\\\/windel-organizer-nylon-leopard-cream\\\/#primaryimage\",\"url\":\"https:\\\/\\\/lamillou.ch\\\/wp-content\\\/uploads\\\/2026\\\/04\\\/image_1920_sjHGa.jpeg\",\"contentUrl\":\"https:\\\/\\\/lamillou.ch\\\/wp-content\\\/uploads\\\/2026\\\/04\\\/image_1920_sjHGa.jpeg\",\"width\":1920,\"height\":1920,\"caption\":\"Windel-Organizer Nylon LEOPARD CREAM Hauptbild\"},{\"@type\":\"BreadcrumbList\",\"@id\":\"https:\\\/\\\/lamillou.ch\\\/produkt\\\/windel-organizer-nylon-leopard-cream\\\/#breadcrumb\",\"itemListElement\":[{\"@type\":\"ListItem\",\"position\":1,\"name\":\"Home\",\"item\":\"https:\\\/\\\/lamillou.ch\\\/\"},{\"@type\":\"ListItem\",\"position\":2,\"name\":\"Shop\",\"item\":\"https:\\\/\\\/lamillou.ch\\\/shop\\\/\"},{\"@type\":\"ListItem\",\"position\":3,\"name\":\"Windel-Organizer Nylon LEOPARD CREAM\"}]},{\"@type\":\"WebSite\",\"@id\":\"https:\\\/\\\/lamillou.ch\\\/#website\",\"url\":\"https:\\\/\\\/lamillou.ch\\\/\",\"name\":\"lamillou.ch\",\"description\":\"\",\"potentialAction\":[{\"@type\":\"SearchAction\",\"target\":{\"@type\":\"EntryPoint\",\"urlTemplate\":\"https:\\\/\\\/lamillou.ch\\\/?s={search_term_string}\"},\"query-input\":{\"@type\":\"PropertyValueSpecification\",\"valueRequired\":true,\"valueName\":\"search_term_string\"}}],\"inLanguage\":\"en-GB\"}]}<\/script>\n<!-- \/ Yoast SEO plugin. -->","yoast_head_json":{"title":"Windel-Organizer Nylon LEOPARD CREAM - lamillou.ch","description":"Der Windel Organizer darf in der Wickel- und Pflegeecke nicht fehlen. In unseren Organizer passen nicht nur Windeln, sondern auch Feuchtt\u00fccher oder","robots":{"index":"index","follow":"follow","max-snippet":"max-snippet:-1","max-image-preview":"max-image-preview:large","max-video-preview":"max-video-preview:-1"},"canonical":"https:\/\/lamillou.ch\/en\/product\/windel-organizer-nylon-leopard-cream\/","og_locale":"en_GB","og_type":"article","og_title":"Windel-Organizer Nylon LEOPARD CREAM - lamillou.ch","og_description":"Der Windel Organizer darf in der Wickel- und Pflegeecke nicht fehlen. In unseren Organizer passen nicht nur Windeln, sondern auch Feuchtt\u00fccher oder","og_url":"https:\/\/lamillou.ch\/en\/product\/windel-organizer-nylon-leopard-cream\/","og_site_name":"lamillou.ch","article_modified_time":"2026-04-17T06:40:18+00:00","og_image":[{"width":1920,"height":1920,"url":"https:\/\/lamillou.ch\/wp-content\/uploads\/2026\/04\/image_1920_sjHGa.jpeg","type":"image\/jpeg"}],"twitter_card":"summary_large_image","schema":{"@context":"https:\/\/schema.org","@graph":[{"@type":"WebPage","@id":"https:\/\/lamillou.ch\/produkt\/windel-organizer-nylon-leopard-cream\/","url":"https:\/\/lamillou.ch\/produkt\/windel-organizer-nylon-leopard-cream\/","name":"Windel-Organizer Nylon LEOPARD CREAM - lamillou.ch","isPartOf":{"@id":"https:\/\/lamillou.ch\/#website"},"primaryImageOfPage":{"@id":"https:\/\/lamillou.ch\/produkt\/windel-organizer-nylon-leopard-cream\/#primaryimage"},"image":{"@id":"https:\/\/lamillou.ch\/produkt\/windel-organizer-nylon-leopard-cream\/#primaryimage"},"thumbnailUrl":"https:\/\/lamillou.ch\/wp-content\/uploads\/2026\/04\/image_1920_sjHGa.jpeg","datePublished":"2026-04-08T12:14:02+00:00","dateModified":"2026-04-17T06:40:18+00:00","description":"Der Windel Organizer darf in der Wickel- und Pflegeecke nicht fehlen. In unseren Organizer passen nicht nur Windeln, sondern auch Feuchtt\u00fccher oder","breadcrumb":{"@id":"https:\/\/lamillou.ch\/produkt\/windel-organizer-nylon-leopard-cream\/#breadcrumb"},"inLanguage":"en-GB","potentialAction":[{"@type":"ReadAction","target":["https:\/\/lamillou.ch\/produkt\/windel-organizer-nylon-leopard-cream\/"]}]},{"@type":"ImageObject","inLanguage":"en-GB","@id":"https:\/\/lamillou.ch\/produkt\/windel-organizer-nylon-leopard-cream\/#primaryimage","url":"https:\/\/lamillou.ch\/wp-content\/uploads\/2026\/04\/image_1920_sjHGa.jpeg","contentUrl":"https:\/\/lamillou.ch\/wp-content\/uploads\/2026\/04\/image_1920_sjHGa.jpeg","width":1920,"height":1920,"caption":"Windel-Organizer Nylon LEOPARD CREAM Hauptbild"},{"@type":"BreadcrumbList","@id":"https:\/\/lamillou.ch\/produkt\/windel-organizer-nylon-leopard-cream\/#breadcrumb","itemListElement":[{"@type":"ListItem","position":1,"name":"Home","item":"https:\/\/lamillou.ch\/"},{"@type":"ListItem","position":2,"name":"Shop","item":"https:\/\/lamillou.ch\/shop\/"},{"@type":"ListItem","position":3,"name":"Windel-Organizer Nylon LEOPARD CREAM"}]},{"@type":"WebSite","@id":"https:\/\/lamillou.ch\/#website","url":"https:\/\/lamillou.ch\/","name":"lamillou.ch","description":"","potentialAction":[{"@type":"SearchAction","target":{"@type":"EntryPoint","urlTemplate":"https:\/\/lamillou.ch\/?s={search_term_string}"},"query-input":{"@type":"PropertyValueSpecification","valueRequired":true,"valueName":"search_term_string"}}],"inLanguage":"en-GB"}]}},"_links":{"self":[{"href":"https:\/\/lamillou.ch\/en\/wp-json\/wp\/v2\/product\/29854","targetHints":{"allow":["GET"]}}],"collection":[{"href":"https:\/\/lamillou.ch\/en\/wp-json\/wp\/v2\/product"}],"about":[{"href":"https:\/\/lamillou.ch\/en\/wp-json\/wp\/v2\/types\/product"}],"replies":[{"embeddable":true,"href":"https:\/\/lamillou.ch\/en\/wp-json\/wp\/v2\/comments?post=29854"}],"version-history":[{"count":0,"href":"https:\/\/lamillou.ch\/en\/wp-json\/wp\/v2\/product\/29854\/revisions"}],"wp:featuredmedia":[{"embeddable":true,"href":"https:\/\/lamillou.ch\/en\/wp-json\/wp\/v2\/media\/31569"}],"wp:attachment":[{"href":"https:\/\/lamillou.ch\/en\/wp-json\/wp\/v2\/media?parent=29854"}],"wp:term":[{"taxonomy":"product_brand","embeddable":true,"href":"https:\/\/lamillou.ch\/en\/wp-json\/wp\/v2\/product_brand?post=29854"},{"taxonomy":"product_cat","embeddable":true,"href":"https:\/\/lamillou.ch\/en\/wp-json\/wp\/v2\/product_cat?post=29854"},{"taxonomy":"product_tag","embeddable":true,"href":"https:\/\/lamillou.ch\/en\/wp-json\/wp\/v2\/product_tag?post=29854"}],"curies":[{"name":"wp","href":"https:\/\/api.w.org\/{rel}","templated":true}]}}