{"id":29796,"date":"2026-04-08T13:13:51","date_gmt":"2026-04-08T12:13:51","guid":{"rendered":"https:\/\/lamillou.ch\/produkt\/rucksack-dolce-vita-pure-burgundy\/"},"modified":"2026-04-16T15:47:16","modified_gmt":"2026-04-16T14:47:16","slug":"rucksack-dolce-vita-pure-burgundy","status":"publish","type":"product","link":"https:\/\/lamillou.ch\/en\/product\/rucksack-dolce-vita-pure-burgundy\/","title":{"rendered":"Rucksack Dolce Vita Pure BURGUNDY"},"content":{"rendered":"<p>Ein einfarbiger, eleganter Rucksack f\u00fcr M\u00fctter Dolce Vita Pure. Eine leicht verkleinerte Version des Dolce Vita Rucksacks. Ein durchdachtes Design, ideal f\u00fcr Spazierg\u00e4nge mit dem Baby, aber auch f\u00fcr die Arbeit oder zum Ausgehen mit Freunden. Das durchdachte System von Innen- und Aussentaschen sorgt daf\u00fcr, dass Sie sich viele Jahre lang nicht von ihm trennen werden und immer alles an seinem Platz finden. Der Rucksack ist wirklich ger\u00e4umig und h\u00e4lt alles, was Sie brauchen, in Reichweite. Die hochwertige Verarbeitung und die vielseitigen Farben sorgen daf\u00fcr, dass er zu vielen Outfits passt und du damit eine super Mama sein kannst, eine super cool aussehende Kollegin auf der Arbeit oder du wirst dich nicht sch\u00e4men, ihn auf eine Party mitzunehmen. Das Innere des Rucksacks, in dem A4-Format Platz findet, ist ausgestattet mit: * eine Innentasche mit Gummiband und eine Reissverschlusstasche * eine Reissverschlusstasche aussen und zwei Seitentaschen * ein sehr praktischer Reissverschluss auf der R\u00fcckseite des Rucksacks erm\u00f6glicht es, in den Rucksack zu gelangen  * die Griffe des Rucksacks haben einen Verschluss &#8211; damit kann man ihn am Gel\u00e4nder eines Kinderwagens aufh\u00e4ngen, wenn man keine zus\u00e4tzlichen Haken verwendet (Haken zum Sonderpreis sollten im Warenkorb ausgew\u00e4hlt werden).<\/p>","protected":false},"excerpt":{"rendered":"<p>Ein einfarbiger, eleganter Rucksack f\u00fcr M\u00fctter Dolce Vita Pure. Eine leicht verkleinerte Version des Dolce Vita Rucksacks. Ein durchdachtes Design,<\/p>","protected":false},"featured_media":31627,"comment_status":"open","ping_status":"closed","template":"","meta":[],"product_brand":[88],"product_cat":[261],"product_tag":[],"class_list":{"0":"post-29796","1":"product","2":"type-product","3":"status-publish","4":"has-post-thumbnail","6":"product_brand-la-millou","7":"product_cat-rucksaecke-dolce-vita","9":"first","10":"instock","11":"taxable","12":"shipping-taxable","13":"purchasable","14":"product-type-simple"},"yoast_head":"<!-- This site is optimized with the Yoast SEO plugin v27.3 - https:\/\/yoast.com\/product\/yoast-seo-wordpress\/ -->\n<title>Rucksack Dolce Vita Pure BURGUNDY - lamillou.ch<\/title>\n<meta name=\"robots\" content=\"index, follow, max-snippet:-1, max-image-preview:large, max-video-preview:-1\" \/>\n<link rel=\"canonical\" href=\"https:\/\/lamillou.ch\/en\/product\/rucksack-dolce-vita-pure-burgundy\/\" \/>\n<meta property=\"og:locale\" content=\"en_GB\" \/>\n<meta property=\"og:type\" content=\"article\" \/>\n<meta property=\"og:title\" content=\"Rucksack Dolce Vita Pure BURGUNDY - lamillou.ch\" \/>\n<meta property=\"og:description\" content=\"Ein einfarbiger, eleganter Rucksack f\u00fcr M\u00fctter Dolce Vita Pure. Eine leicht verkleinerte Version des Dolce Vita Rucksacks. Ein durchdachtes Design,\" \/>\n<meta property=\"og:url\" content=\"https:\/\/lamillou.ch\/en\/product\/rucksack-dolce-vita-pure-burgundy\/\" \/>\n<meta property=\"og:site_name\" content=\"lamillou.ch\" \/>\n<meta property=\"article:modified_time\" content=\"2026-04-16T14:47:16+00:00\" \/>\n<meta property=\"og:image\" content=\"https:\/\/lamillou.ch\/wp-content\/uploads\/2026\/04\/image_1920_cinoQ.jpeg\" \/>\n\t<meta property=\"og:image:width\" content=\"1920\" \/>\n\t<meta property=\"og:image:height\" content=\"1920\" \/>\n\t<meta property=\"og:image:type\" content=\"image\/jpeg\" \/>\n<meta name=\"twitter:card\" content=\"summary_large_image\" \/>\n<meta name=\"twitter:label1\" content=\"Estimated reading time\" \/>\n\t<meta name=\"twitter:data1\" content=\"1 minute\" \/>\n<script type=\"application\/ld+json\" class=\"yoast-schema-graph\">{\"@context\":\"https:\\\/\\\/schema.org\",\"@graph\":[{\"@type\":\"WebPage\",\"@id\":\"https:\\\/\\\/lamillou.ch\\\/produkt\\\/rucksack-dolce-vita-pure-burgundy\\\/\",\"url\":\"https:\\\/\\\/lamillou.ch\\\/produkt\\\/rucksack-dolce-vita-pure-burgundy\\\/\",\"name\":\"Rucksack Dolce Vita Pure BURGUNDY - lamillou.ch\",\"isPartOf\":{\"@id\":\"https:\\\/\\\/lamillou.ch\\\/#website\"},\"primaryImageOfPage\":{\"@id\":\"https:\\\/\\\/lamillou.ch\\\/produkt\\\/rucksack-dolce-vita-pure-burgundy\\\/#primaryimage\"},\"image\":{\"@id\":\"https:\\\/\\\/lamillou.ch\\\/produkt\\\/rucksack-dolce-vita-pure-burgundy\\\/#primaryimage\"},\"thumbnailUrl\":\"https:\\\/\\\/lamillou.ch\\\/wp-content\\\/uploads\\\/2026\\\/04\\\/image_1920_cinoQ.jpeg\",\"datePublished\":\"2026-04-08T12:13:51+00:00\",\"dateModified\":\"2026-04-16T14:47:16+00:00\",\"breadcrumb\":{\"@id\":\"https:\\\/\\\/lamillou.ch\\\/produkt\\\/rucksack-dolce-vita-pure-burgundy\\\/#breadcrumb\"},\"inLanguage\":\"en-GB\",\"potentialAction\":[{\"@type\":\"ReadAction\",\"target\":[\"https:\\\/\\\/lamillou.ch\\\/produkt\\\/rucksack-dolce-vita-pure-burgundy\\\/\"]}]},{\"@type\":\"ImageObject\",\"inLanguage\":\"en-GB\",\"@id\":\"https:\\\/\\\/lamillou.ch\\\/produkt\\\/rucksack-dolce-vita-pure-burgundy\\\/#primaryimage\",\"url\":\"https:\\\/\\\/lamillou.ch\\\/wp-content\\\/uploads\\\/2026\\\/04\\\/image_1920_cinoQ.jpeg\",\"contentUrl\":\"https:\\\/\\\/lamillou.ch\\\/wp-content\\\/uploads\\\/2026\\\/04\\\/image_1920_cinoQ.jpeg\",\"width\":1920,\"height\":1920,\"caption\":\"Rucksack Dolce Vita Pure BURGUNDY Hauptbild\"},{\"@type\":\"BreadcrumbList\",\"@id\":\"https:\\\/\\\/lamillou.ch\\\/produkt\\\/rucksack-dolce-vita-pure-burgundy\\\/#breadcrumb\",\"itemListElement\":[{\"@type\":\"ListItem\",\"position\":1,\"name\":\"Home\",\"item\":\"https:\\\/\\\/lamillou.ch\\\/\"},{\"@type\":\"ListItem\",\"position\":2,\"name\":\"Shop\",\"item\":\"https:\\\/\\\/lamillou.ch\\\/shop\\\/\"},{\"@type\":\"ListItem\",\"position\":3,\"name\":\"Rucksack Dolce Vita Pure BURGUNDY\"}]},{\"@type\":\"WebSite\",\"@id\":\"https:\\\/\\\/lamillou.ch\\\/#website\",\"url\":\"https:\\\/\\\/lamillou.ch\\\/\",\"name\":\"lamillou.ch\",\"description\":\"\",\"potentialAction\":[{\"@type\":\"SearchAction\",\"target\":{\"@type\":\"EntryPoint\",\"urlTemplate\":\"https:\\\/\\\/lamillou.ch\\\/?s={search_term_string}\"},\"query-input\":{\"@type\":\"PropertyValueSpecification\",\"valueRequired\":true,\"valueName\":\"search_term_string\"}}],\"inLanguage\":\"en-GB\"}]}<\/script>\n<!-- \/ Yoast SEO plugin. -->","yoast_head_json":{"title":"Rucksack Dolce Vita Pure BURGUNDY - lamillou.ch","robots":{"index":"index","follow":"follow","max-snippet":"max-snippet:-1","max-image-preview":"max-image-preview:large","max-video-preview":"max-video-preview:-1"},"canonical":"https:\/\/lamillou.ch\/en\/product\/rucksack-dolce-vita-pure-burgundy\/","og_locale":"en_GB","og_type":"article","og_title":"Rucksack Dolce Vita Pure BURGUNDY - lamillou.ch","og_description":"Ein einfarbiger, eleganter Rucksack f\u00fcr M\u00fctter Dolce Vita Pure. Eine leicht verkleinerte Version des Dolce Vita Rucksacks. Ein durchdachtes Design,","og_url":"https:\/\/lamillou.ch\/en\/product\/rucksack-dolce-vita-pure-burgundy\/","og_site_name":"lamillou.ch","article_modified_time":"2026-04-16T14:47:16+00:00","og_image":[{"width":1920,"height":1920,"url":"https:\/\/lamillou.ch\/wp-content\/uploads\/2026\/04\/image_1920_cinoQ.jpeg","type":"image\/jpeg"}],"twitter_card":"summary_large_image","twitter_misc":{"Estimated reading time":"1 minute"},"schema":{"@context":"https:\/\/schema.org","@graph":[{"@type":"WebPage","@id":"https:\/\/lamillou.ch\/produkt\/rucksack-dolce-vita-pure-burgundy\/","url":"https:\/\/lamillou.ch\/produkt\/rucksack-dolce-vita-pure-burgundy\/","name":"Rucksack Dolce Vita Pure BURGUNDY - lamillou.ch","isPartOf":{"@id":"https:\/\/lamillou.ch\/#website"},"primaryImageOfPage":{"@id":"https:\/\/lamillou.ch\/produkt\/rucksack-dolce-vita-pure-burgundy\/#primaryimage"},"image":{"@id":"https:\/\/lamillou.ch\/produkt\/rucksack-dolce-vita-pure-burgundy\/#primaryimage"},"thumbnailUrl":"https:\/\/lamillou.ch\/wp-content\/uploads\/2026\/04\/image_1920_cinoQ.jpeg","datePublished":"2026-04-08T12:13:51+00:00","dateModified":"2026-04-16T14:47:16+00:00","breadcrumb":{"@id":"https:\/\/lamillou.ch\/produkt\/rucksack-dolce-vita-pure-burgundy\/#breadcrumb"},"inLanguage":"en-GB","potentialAction":[{"@type":"ReadAction","target":["https:\/\/lamillou.ch\/produkt\/rucksack-dolce-vita-pure-burgundy\/"]}]},{"@type":"ImageObject","inLanguage":"en-GB","@id":"https:\/\/lamillou.ch\/produkt\/rucksack-dolce-vita-pure-burgundy\/#primaryimage","url":"https:\/\/lamillou.ch\/wp-content\/uploads\/2026\/04\/image_1920_cinoQ.jpeg","contentUrl":"https:\/\/lamillou.ch\/wp-content\/uploads\/2026\/04\/image_1920_cinoQ.jpeg","width":1920,"height":1920,"caption":"Rucksack Dolce Vita Pure BURGUNDY Hauptbild"},{"@type":"BreadcrumbList","@id":"https:\/\/lamillou.ch\/produkt\/rucksack-dolce-vita-pure-burgundy\/#breadcrumb","itemListElement":[{"@type":"ListItem","position":1,"name":"Home","item":"https:\/\/lamillou.ch\/"},{"@type":"ListItem","position":2,"name":"Shop","item":"https:\/\/lamillou.ch\/shop\/"},{"@type":"ListItem","position":3,"name":"Rucksack Dolce Vita Pure BURGUNDY"}]},{"@type":"WebSite","@id":"https:\/\/lamillou.ch\/#website","url":"https:\/\/lamillou.ch\/","name":"lamillou.ch","description":"","potentialAction":[{"@type":"SearchAction","target":{"@type":"EntryPoint","urlTemplate":"https:\/\/lamillou.ch\/?s={search_term_string}"},"query-input":{"@type":"PropertyValueSpecification","valueRequired":true,"valueName":"search_term_string"}}],"inLanguage":"en-GB"}]}},"_links":{"self":[{"href":"https:\/\/lamillou.ch\/en\/wp-json\/wp\/v2\/product\/29796","targetHints":{"allow":["GET"]}}],"collection":[{"href":"https:\/\/lamillou.ch\/en\/wp-json\/wp\/v2\/product"}],"about":[{"href":"https:\/\/lamillou.ch\/en\/wp-json\/wp\/v2\/types\/product"}],"replies":[{"embeddable":true,"href":"https:\/\/lamillou.ch\/en\/wp-json\/wp\/v2\/comments?post=29796"}],"version-history":[{"count":1,"href":"https:\/\/lamillou.ch\/en\/wp-json\/wp\/v2\/product\/29796\/revisions"}],"predecessor-version":[{"id":32435,"href":"https:\/\/lamillou.ch\/en\/wp-json\/wp\/v2\/product\/29796\/revisions\/32435"}],"wp:featuredmedia":[{"embeddable":true,"href":"https:\/\/lamillou.ch\/en\/wp-json\/wp\/v2\/media\/31627"}],"wp:attachment":[{"href":"https:\/\/lamillou.ch\/en\/wp-json\/wp\/v2\/media?parent=29796"}],"wp:term":[{"taxonomy":"product_brand","embeddable":true,"href":"https:\/\/lamillou.ch\/en\/wp-json\/wp\/v2\/product_brand?post=29796"},{"taxonomy":"product_cat","embeddable":true,"href":"https:\/\/lamillou.ch\/en\/wp-json\/wp\/v2\/product_cat?post=29796"},{"taxonomy":"product_tag","embeddable":true,"href":"https:\/\/lamillou.ch\/en\/wp-json\/wp\/v2\/product_tag?post=29796"}],"curies":[{"name":"wp","href":"https:\/\/api.w.org\/{rel}","templated":true}]}}