{"id":29791,"date":"2026-04-08T13:13:51","date_gmt":"2026-04-08T12:13:51","guid":{"rendered":"https:\/\/lamillou.ch\/produkt\/rucksack-gummisack-beige\/"},"modified":"2026-04-15T11:37:57","modified_gmt":"2026-04-15T10:37:57","slug":"rucksack-gummisack-beige","status":"publish","type":"product","link":"https:\/\/lamillou.ch\/en\/product\/rucksack-gummisack-beige\/","title":{"rendered":"Rucksack gummisack BEIGE"},"content":{"rendered":"<p>Gummi-Turnbeutel BEIGE\u2013 Stil, Komfort und Funktionalit\u00e4t in einem Der Turnbeutel aus einzigartigem, satiniertem Gummi vereint modernes Design mit praktischen L\u00f6sungen. Er ist die perfekte Wahl f\u00fcr den Alltag sowie besondere Anl\u00e4sse.Wichtigste Merkmale: \u2022 Wasserdicht \u2013 sch\u00fctzt den Inhalt vor Feuchtigkeit und Schmutz und ist f\u00fcr jede Wetterlage geeignet. \u2022 Monochromes Design \u2013 eleganter, minimalistischer Look, der zu jedem Outfit passt. \u2022 Drei Tragevarianten \u2013 kann als Rucksack getragen, in der Hand gehalten oder am Kinderwagen befestigt werden. Der Rucksack kann mit Befestigungshaken am Kinderwagen befestigt werden, die zus\u00e4tzlich erh\u00e4ltich sind. \u2022 Durchdachte Organisation \u2013 zwei Reissverschlusstaschen: eine innen und eine aussen, sorgen f\u00fcr eine geordnete Aufbewahrung. \u2022 Einzigartiges Interieur \u2013 das Innenfutter des Rucksacks mit einem originellen La Millou-Print verleiht ihm einen unverwechselbaren Charakter \u2022 Einzigartiges Innenfutter \u2013 mit einem originellen La Millou-Print, der dem Rucksack eine besondere Note verleiht. Der Turnbeutel ist eine vielseitige L\u00f6sung f\u00fcr alle, die Stil und Komfort sch\u00e4tzen. Dank des wasserdichten Materials ist er f\u00fcr jede Situation geeignet \u2013 von Stadtspazierg\u00e4ngen \u00fcber Strandausfl\u00fcge bis hin zu Reisen und einem aktiven Lebensstil. Sein minimalistisches Design passt sowohl zu l\u00e4ssigen, sportlichen Outfits als auch zu eleganteren Looks Erh\u00e4ltlich in sechs zeitlosen Farben, die perfekt zu deinem Stil passenW\u00e4hle deine Lieblingsfarbe und geniesse Funktionalit\u00e4t sowie zeitloses Design \u2013 jeden Tag.<\/p>","protected":false},"excerpt":{"rendered":"<p>Gummi-Turnbeutel BEIGE\u2013 Stil, Komfort und Funktionalit\u00e4t in einem Der Turnbeutel aus einzigartigem, satiniertem Gummi vereint modernes Design mit praktischen L\u00f6sungen.<\/p>","protected":false},"featured_media":31632,"comment_status":"open","ping_status":"closed","template":"","meta":[],"product_brand":[88],"product_cat":[407],"product_tag":[],"class_list":{"0":"post-29791","1":"product","2":"type-product","3":"status-publish","4":"has-post-thumbnail","6":"product_brand-la-millou","7":"product_cat-alltags-rucksaecke","9":"first","10":"instock","11":"taxable","12":"shipping-taxable","13":"purchasable","14":"product-type-simple"},"yoast_head":"<!-- This site is optimized with the Yoast SEO plugin v27.3 - https:\/\/yoast.com\/product\/yoast-seo-wordpress\/ -->\n<title>Rucksack gummisack BEIGE - lamillou.ch<\/title>\n<meta name=\"robots\" content=\"index, follow, max-snippet:-1, max-image-preview:large, max-video-preview:-1\" \/>\n<link rel=\"canonical\" href=\"https:\/\/lamillou.ch\/en\/product\/rucksack-gummisack-beige\/\" \/>\n<meta property=\"og:locale\" content=\"en_GB\" \/>\n<meta property=\"og:type\" content=\"article\" \/>\n<meta property=\"og:title\" content=\"Rucksack gummisack BEIGE - lamillou.ch\" \/>\n<meta property=\"og:description\" content=\"Gummi-Turnbeutel BEIGE\u2013 Stil, Komfort und Funktionalit\u00e4t in einem Der Turnbeutel aus einzigartigem, satiniertem Gummi vereint modernes Design mit praktischen L\u00f6sungen.\" \/>\n<meta property=\"og:url\" content=\"https:\/\/lamillou.ch\/en\/product\/rucksack-gummisack-beige\/\" \/>\n<meta property=\"og:site_name\" content=\"lamillou.ch\" \/>\n<meta property=\"article:modified_time\" content=\"2026-04-15T10:37:57+00:00\" \/>\n<meta name=\"twitter:card\" content=\"summary_large_image\" \/>\n<meta name=\"twitter:label1\" content=\"Estimated reading time\" \/>\n\t<meta name=\"twitter:data1\" content=\"1 minute\" \/>\n<script type=\"application\/ld+json\" class=\"yoast-schema-graph\">{\"@context\":\"https:\\\/\\\/schema.org\",\"@graph\":[{\"@type\":\"WebPage\",\"@id\":\"https:\\\/\\\/lamillou.ch\\\/produkt\\\/rucksack-gummisack-beige\\\/\",\"url\":\"https:\\\/\\\/lamillou.ch\\\/produkt\\\/rucksack-gummisack-beige\\\/\",\"name\":\"Rucksack gummisack BEIGE - lamillou.ch\",\"isPartOf\":{\"@id\":\"https:\\\/\\\/lamillou.ch\\\/#website\"},\"primaryImageOfPage\":{\"@id\":\"https:\\\/\\\/lamillou.ch\\\/produkt\\\/rucksack-gummisack-beige\\\/#primaryimage\"},\"image\":{\"@id\":\"https:\\\/\\\/lamillou.ch\\\/produkt\\\/rucksack-gummisack-beige\\\/#primaryimage\"},\"thumbnailUrl\":\"https:\\\/\\\/lamillou.ch\\\/wp-content\\\/uploads\\\/2026\\\/04\\\/image_1920_vgu6N.jpeg\",\"datePublished\":\"2026-04-08T12:13:51+00:00\",\"dateModified\":\"2026-04-15T10:37:57+00:00\",\"breadcrumb\":{\"@id\":\"https:\\\/\\\/lamillou.ch\\\/produkt\\\/rucksack-gummisack-beige\\\/#breadcrumb\"},\"inLanguage\":\"en-GB\",\"potentialAction\":[{\"@type\":\"ReadAction\",\"target\":[\"https:\\\/\\\/lamillou.ch\\\/produkt\\\/rucksack-gummisack-beige\\\/\"]}]},{\"@type\":\"ImageObject\",\"inLanguage\":\"en-GB\",\"@id\":\"https:\\\/\\\/lamillou.ch\\\/produkt\\\/rucksack-gummisack-beige\\\/#primaryimage\",\"url\":\"https:\\\/\\\/lamillou.ch\\\/wp-content\\\/uploads\\\/2026\\\/04\\\/image_1920_vgu6N.jpeg\",\"contentUrl\":\"https:\\\/\\\/lamillou.ch\\\/wp-content\\\/uploads\\\/2026\\\/04\\\/image_1920_vgu6N.jpeg\",\"width\":1920,\"height\":1920,\"caption\":\"Rucksack gummisack BEIGE Hauptbild\"},{\"@type\":\"BreadcrumbList\",\"@id\":\"https:\\\/\\\/lamillou.ch\\\/produkt\\\/rucksack-gummisack-beige\\\/#breadcrumb\",\"itemListElement\":[{\"@type\":\"ListItem\",\"position\":1,\"name\":\"Home\",\"item\":\"https:\\\/\\\/lamillou.ch\\\/\"},{\"@type\":\"ListItem\",\"position\":2,\"name\":\"Shop\",\"item\":\"https:\\\/\\\/lamillou.ch\\\/shop\\\/\"},{\"@type\":\"ListItem\",\"position\":3,\"name\":\"Rucksack gummisack BEIGE\"}]},{\"@type\":\"WebSite\",\"@id\":\"https:\\\/\\\/lamillou.ch\\\/#website\",\"url\":\"https:\\\/\\\/lamillou.ch\\\/\",\"name\":\"lamillou.ch\",\"description\":\"\",\"potentialAction\":[{\"@type\":\"SearchAction\",\"target\":{\"@type\":\"EntryPoint\",\"urlTemplate\":\"https:\\\/\\\/lamillou.ch\\\/?s={search_term_string}\"},\"query-input\":{\"@type\":\"PropertyValueSpecification\",\"valueRequired\":true,\"valueName\":\"search_term_string\"}}],\"inLanguage\":\"en-GB\"}]}<\/script>\n<!-- \/ Yoast SEO plugin. -->","yoast_head_json":{"title":"Rucksack gummisack BEIGE - lamillou.ch","robots":{"index":"index","follow":"follow","max-snippet":"max-snippet:-1","max-image-preview":"max-image-preview:large","max-video-preview":"max-video-preview:-1"},"canonical":"https:\/\/lamillou.ch\/en\/product\/rucksack-gummisack-beige\/","og_locale":"en_GB","og_type":"article","og_title":"Rucksack gummisack BEIGE - lamillou.ch","og_description":"Gummi-Turnbeutel BEIGE\u2013 Stil, Komfort und Funktionalit\u00e4t in einem Der Turnbeutel aus einzigartigem, satiniertem Gummi vereint modernes Design mit praktischen L\u00f6sungen.","og_url":"https:\/\/lamillou.ch\/en\/product\/rucksack-gummisack-beige\/","og_site_name":"lamillou.ch","article_modified_time":"2026-04-15T10:37:57+00:00","twitter_card":"summary_large_image","twitter_misc":{"Estimated reading time":"1 minute"},"schema":{"@context":"https:\/\/schema.org","@graph":[{"@type":"WebPage","@id":"https:\/\/lamillou.ch\/produkt\/rucksack-gummisack-beige\/","url":"https:\/\/lamillou.ch\/produkt\/rucksack-gummisack-beige\/","name":"Rucksack gummisack BEIGE - lamillou.ch","isPartOf":{"@id":"https:\/\/lamillou.ch\/#website"},"primaryImageOfPage":{"@id":"https:\/\/lamillou.ch\/produkt\/rucksack-gummisack-beige\/#primaryimage"},"image":{"@id":"https:\/\/lamillou.ch\/produkt\/rucksack-gummisack-beige\/#primaryimage"},"thumbnailUrl":"https:\/\/lamillou.ch\/wp-content\/uploads\/2026\/04\/image_1920_vgu6N.jpeg","datePublished":"2026-04-08T12:13:51+00:00","dateModified":"2026-04-15T10:37:57+00:00","breadcrumb":{"@id":"https:\/\/lamillou.ch\/produkt\/rucksack-gummisack-beige\/#breadcrumb"},"inLanguage":"en-GB","potentialAction":[{"@type":"ReadAction","target":["https:\/\/lamillou.ch\/produkt\/rucksack-gummisack-beige\/"]}]},{"@type":"ImageObject","inLanguage":"en-GB","@id":"https:\/\/lamillou.ch\/produkt\/rucksack-gummisack-beige\/#primaryimage","url":"https:\/\/lamillou.ch\/wp-content\/uploads\/2026\/04\/image_1920_vgu6N.jpeg","contentUrl":"https:\/\/lamillou.ch\/wp-content\/uploads\/2026\/04\/image_1920_vgu6N.jpeg","width":1920,"height":1920,"caption":"Rucksack gummisack BEIGE Hauptbild"},{"@type":"BreadcrumbList","@id":"https:\/\/lamillou.ch\/produkt\/rucksack-gummisack-beige\/#breadcrumb","itemListElement":[{"@type":"ListItem","position":1,"name":"Home","item":"https:\/\/lamillou.ch\/"},{"@type":"ListItem","position":2,"name":"Shop","item":"https:\/\/lamillou.ch\/shop\/"},{"@type":"ListItem","position":3,"name":"Rucksack gummisack BEIGE"}]},{"@type":"WebSite","@id":"https:\/\/lamillou.ch\/#website","url":"https:\/\/lamillou.ch\/","name":"lamillou.ch","description":"","potentialAction":[{"@type":"SearchAction","target":{"@type":"EntryPoint","urlTemplate":"https:\/\/lamillou.ch\/?s={search_term_string}"},"query-input":{"@type":"PropertyValueSpecification","valueRequired":true,"valueName":"search_term_string"}}],"inLanguage":"en-GB"}]}},"_links":{"self":[{"href":"https:\/\/lamillou.ch\/en\/wp-json\/wp\/v2\/product\/29791","targetHints":{"allow":["GET"]}}],"collection":[{"href":"https:\/\/lamillou.ch\/en\/wp-json\/wp\/v2\/product"}],"about":[{"href":"https:\/\/lamillou.ch\/en\/wp-json\/wp\/v2\/types\/product"}],"replies":[{"embeddable":true,"href":"https:\/\/lamillou.ch\/en\/wp-json\/wp\/v2\/comments?post=29791"}],"version-history":[{"count":0,"href":"https:\/\/lamillou.ch\/en\/wp-json\/wp\/v2\/product\/29791\/revisions"}],"wp:featuredmedia":[{"embeddable":true,"href":"https:\/\/lamillou.ch\/en\/wp-json\/wp\/v2\/media\/31632"}],"wp:attachment":[{"href":"https:\/\/lamillou.ch\/en\/wp-json\/wp\/v2\/media?parent=29791"}],"wp:term":[{"taxonomy":"product_brand","embeddable":true,"href":"https:\/\/lamillou.ch\/en\/wp-json\/wp\/v2\/product_brand?post=29791"},{"taxonomy":"product_cat","embeddable":true,"href":"https:\/\/lamillou.ch\/en\/wp-json\/wp\/v2\/product_cat?post=29791"},{"taxonomy":"product_tag","embeddable":true,"href":"https:\/\/lamillou.ch\/en\/wp-json\/wp\/v2\/product_tag?post=29791"}],"curies":[{"name":"wp","href":"https:\/\/api.w.org\/{rel}","templated":true}]}}