{"id":29765,"date":"2026-04-08T13:13:46","date_gmt":"2026-04-08T12:13:46","guid":{"rendered":"https:\/\/lamillou.ch\/produkt\/windeln-set-bambus-grand-prix-s-70-x-70-cm\/"},"modified":"2026-04-16T23:35:02","modified_gmt":"2026-04-16T22:35:02","slug":"windeln-set-bambus-grand-prix-s-70-x-70-cm","status":"publish","type":"product","link":"https:\/\/lamillou.ch\/en\/product\/windeln-set-bambus-grand-prix-s-70-x-70-cm\/","title":{"rendered":"Windeln Set Bambus GRAND PRIX &#8211; S &#8211; 70 x 70 cm"},"content":{"rendered":"<p>100% Bambus-Musselin-Windeln sind ein Muss f\u00fcr jedes Baby! *Die Windeln sind mit antibakteriellen SilverPlus-Mikropartikeln beschichtet, die idealen Schutz vor Bakterien bieten und zudem resistent gegen Schimmel und Pilze sind. Silberpartikel werden haupts\u00e4chlich in der medizinischen Industrie verwendet, wo die Gew\u00e4hrleistung der Sterilit\u00e4t \u00e4usserst wichtig ist. Da Windeln fast immer in der N\u00e4he Ihres Babys sind, stellen wir sicher, dass sie so hygienisch und sicher wie m\u00f6glich sind. *Die Windeln werden ausschliesslich aus Bambusgarn hergestellt, das sich unglaublich zart und weich anf\u00fchlt. Bambusfasern nehmen Feuchtigkeit perfekt auf und haben antibakterielle Eigenschaften. *Windeln sind in fast jeder Situation praktisch: beim Stillen, Aufstossen, Hinlegen, Waschen, Abwischen Ihres Babys und sie k\u00f6nnen als Sonnenschutz und vieles mehr n\u00fctzlich sein. *100% Bambuswindeln k\u00f6nnen Ihnen und Ihrem Baby in jeder Situation Frische und Komfort bieten. *Empfohlen f\u00fcr AD (atopische Dermatitis). Waschen vor dem ersten Gebrauch wird empfohlen. Mit jeder W\u00e4sche wird die Windel noch weicher.<\/p>","protected":false},"excerpt":{"rendered":"<p>100% Bambus-Musselin-Windeln sind ein Muss f\u00fcr jedes Baby! *Die Windeln sind mit antibakteriellen SilverPlus-Mikropartikeln beschichtet, die idealen Schutz vor Bakterien<\/p>","protected":false},"featured_media":31658,"comment_status":"open","ping_status":"closed","template":"","meta":[],"product_brand":[88],"product_cat":[295],"product_tag":[],"class_list":{"0":"post-29765","1":"product","2":"type-product","3":"status-publish","4":"has-post-thumbnail","6":"product_brand-la-millou","7":"product_cat-bambus-mulltuecher","9":"first","10":"outofstock","11":"taxable","12":"shipping-taxable","13":"purchasable","14":"product-type-simple"},"yoast_head":"<!-- This site is optimized with the Yoast SEO plugin v27.3 - https:\/\/yoast.com\/product\/yoast-seo-wordpress\/ -->\n<title>Windeln Set Bambus GRAND PRIX - S - 70 x 70 cm - lamillou.ch<\/title>\n<meta name=\"description\" content=\"100% Bambus-Musselin-Windeln sind ein Muss f\u00fcr jedes Baby! *Die Windeln sind mit antibakteriellen SilverPlus-Mikropartikeln beschichtet, die idealen\" \/>\n<meta name=\"robots\" content=\"index, follow, max-snippet:-1, max-image-preview:large, max-video-preview:-1\" \/>\n<link rel=\"canonical\" href=\"https:\/\/lamillou.ch\/en\/product\/windeln-set-bambus-grand-prix-s-70-x-70-cm\/\" \/>\n<meta property=\"og:locale\" content=\"en_GB\" \/>\n<meta property=\"og:type\" content=\"article\" \/>\n<meta property=\"og:title\" content=\"Windeln Set Bambus GRAND PRIX - S - 70 x 70 cm - lamillou.ch\" \/>\n<meta property=\"og:description\" content=\"100% Bambus-Musselin-Windeln sind ein Muss f\u00fcr jedes Baby! *Die Windeln sind mit antibakteriellen SilverPlus-Mikropartikeln beschichtet, die idealen\" \/>\n<meta property=\"og:url\" content=\"https:\/\/lamillou.ch\/en\/product\/windeln-set-bambus-grand-prix-s-70-x-70-cm\/\" \/>\n<meta property=\"og:site_name\" content=\"lamillou.ch\" \/>\n<meta property=\"article:modified_time\" content=\"2026-04-16T22:35:02+00:00\" \/>\n<meta property=\"og:image\" content=\"https:\/\/lamillou.ch\/wp-content\/uploads\/2026\/04\/image_1920_zhyEc.jpeg\" \/>\n\t<meta property=\"og:image:width\" content=\"1920\" \/>\n\t<meta property=\"og:image:height\" content=\"1920\" \/>\n\t<meta property=\"og:image:type\" content=\"image\/jpeg\" \/>\n<meta name=\"twitter:card\" content=\"summary_large_image\" \/>\n<meta name=\"twitter:label1\" content=\"Estimated reading time\" \/>\n\t<meta name=\"twitter:data1\" content=\"1 minute\" \/>\n<script type=\"application\/ld+json\" class=\"yoast-schema-graph\">{\"@context\":\"https:\\\/\\\/schema.org\",\"@graph\":[{\"@type\":\"WebPage\",\"@id\":\"https:\\\/\\\/lamillou.ch\\\/produkt\\\/windeln-set-bambus-grand-prix-s-70-x-70-cm\\\/\",\"url\":\"https:\\\/\\\/lamillou.ch\\\/produkt\\\/windeln-set-bambus-grand-prix-s-70-x-70-cm\\\/\",\"name\":\"Windeln Set Bambus GRAND PRIX - S - 70 x 70 cm - lamillou.ch\",\"isPartOf\":{\"@id\":\"https:\\\/\\\/lamillou.ch\\\/#website\"},\"primaryImageOfPage\":{\"@id\":\"https:\\\/\\\/lamillou.ch\\\/produkt\\\/windeln-set-bambus-grand-prix-s-70-x-70-cm\\\/#primaryimage\"},\"image\":{\"@id\":\"https:\\\/\\\/lamillou.ch\\\/produkt\\\/windeln-set-bambus-grand-prix-s-70-x-70-cm\\\/#primaryimage\"},\"thumbnailUrl\":\"https:\\\/\\\/lamillou.ch\\\/wp-content\\\/uploads\\\/2026\\\/04\\\/image_1920_zhyEc.jpeg\",\"datePublished\":\"2026-04-08T12:13:46+00:00\",\"dateModified\":\"2026-04-16T22:35:02+00:00\",\"description\":\"100% Bambus-Musselin-Windeln sind ein Muss f\u00fcr jedes Baby! *Die Windeln sind mit antibakteriellen SilverPlus-Mikropartikeln beschichtet, die idealen\",\"breadcrumb\":{\"@id\":\"https:\\\/\\\/lamillou.ch\\\/produkt\\\/windeln-set-bambus-grand-prix-s-70-x-70-cm\\\/#breadcrumb\"},\"inLanguage\":\"en-GB\",\"potentialAction\":[{\"@type\":\"ReadAction\",\"target\":[\"https:\\\/\\\/lamillou.ch\\\/produkt\\\/windeln-set-bambus-grand-prix-s-70-x-70-cm\\\/\"]}]},{\"@type\":\"ImageObject\",\"inLanguage\":\"en-GB\",\"@id\":\"https:\\\/\\\/lamillou.ch\\\/produkt\\\/windeln-set-bambus-grand-prix-s-70-x-70-cm\\\/#primaryimage\",\"url\":\"https:\\\/\\\/lamillou.ch\\\/wp-content\\\/uploads\\\/2026\\\/04\\\/image_1920_zhyEc.jpeg\",\"contentUrl\":\"https:\\\/\\\/lamillou.ch\\\/wp-content\\\/uploads\\\/2026\\\/04\\\/image_1920_zhyEc.jpeg\",\"width\":1920,\"height\":1920,\"caption\":\"Windeln Set Bambus GRAND PRIX - S - 70 x 70 cm Hauptbild\"},{\"@type\":\"BreadcrumbList\",\"@id\":\"https:\\\/\\\/lamillou.ch\\\/produkt\\\/windeln-set-bambus-grand-prix-s-70-x-70-cm\\\/#breadcrumb\",\"itemListElement\":[{\"@type\":\"ListItem\",\"position\":1,\"name\":\"Home\",\"item\":\"https:\\\/\\\/lamillou.ch\\\/\"},{\"@type\":\"ListItem\",\"position\":2,\"name\":\"Shop\",\"item\":\"https:\\\/\\\/lamillou.ch\\\/shop\\\/\"},{\"@type\":\"ListItem\",\"position\":3,\"name\":\"Windeln Set Bambus GRAND PRIX &#8211; S &#8211; 70 x 70 cm\"}]},{\"@type\":\"WebSite\",\"@id\":\"https:\\\/\\\/lamillou.ch\\\/#website\",\"url\":\"https:\\\/\\\/lamillou.ch\\\/\",\"name\":\"lamillou.ch\",\"description\":\"\",\"potentialAction\":[{\"@type\":\"SearchAction\",\"target\":{\"@type\":\"EntryPoint\",\"urlTemplate\":\"https:\\\/\\\/lamillou.ch\\\/?s={search_term_string}\"},\"query-input\":{\"@type\":\"PropertyValueSpecification\",\"valueRequired\":true,\"valueName\":\"search_term_string\"}}],\"inLanguage\":\"en-GB\"}]}<\/script>\n<!-- \/ Yoast SEO plugin. -->","yoast_head_json":{"title":"Windeln Set Bambus GRAND PRIX - S - 70 x 70 cm - lamillou.ch","description":"100% Bambus-Musselin-Windeln sind ein Muss f\u00fcr jedes Baby! *Die Windeln sind mit antibakteriellen SilverPlus-Mikropartikeln beschichtet, die idealen","robots":{"index":"index","follow":"follow","max-snippet":"max-snippet:-1","max-image-preview":"max-image-preview:large","max-video-preview":"max-video-preview:-1"},"canonical":"https:\/\/lamillou.ch\/en\/product\/windeln-set-bambus-grand-prix-s-70-x-70-cm\/","og_locale":"en_GB","og_type":"article","og_title":"Windeln Set Bambus GRAND PRIX - S - 70 x 70 cm - lamillou.ch","og_description":"100% Bambus-Musselin-Windeln sind ein Muss f\u00fcr jedes Baby! *Die Windeln sind mit antibakteriellen SilverPlus-Mikropartikeln beschichtet, die idealen","og_url":"https:\/\/lamillou.ch\/en\/product\/windeln-set-bambus-grand-prix-s-70-x-70-cm\/","og_site_name":"lamillou.ch","article_modified_time":"2026-04-16T22:35:02+00:00","og_image":[{"width":1920,"height":1920,"url":"https:\/\/lamillou.ch\/wp-content\/uploads\/2026\/04\/image_1920_zhyEc.jpeg","type":"image\/jpeg"}],"twitter_card":"summary_large_image","twitter_misc":{"Estimated reading time":"1 minute"},"schema":{"@context":"https:\/\/schema.org","@graph":[{"@type":"WebPage","@id":"https:\/\/lamillou.ch\/produkt\/windeln-set-bambus-grand-prix-s-70-x-70-cm\/","url":"https:\/\/lamillou.ch\/produkt\/windeln-set-bambus-grand-prix-s-70-x-70-cm\/","name":"Windeln Set Bambus GRAND PRIX - S - 70 x 70 cm - lamillou.ch","isPartOf":{"@id":"https:\/\/lamillou.ch\/#website"},"primaryImageOfPage":{"@id":"https:\/\/lamillou.ch\/produkt\/windeln-set-bambus-grand-prix-s-70-x-70-cm\/#primaryimage"},"image":{"@id":"https:\/\/lamillou.ch\/produkt\/windeln-set-bambus-grand-prix-s-70-x-70-cm\/#primaryimage"},"thumbnailUrl":"https:\/\/lamillou.ch\/wp-content\/uploads\/2026\/04\/image_1920_zhyEc.jpeg","datePublished":"2026-04-08T12:13:46+00:00","dateModified":"2026-04-16T22:35:02+00:00","description":"100% Bambus-Musselin-Windeln sind ein Muss f\u00fcr jedes Baby! *Die Windeln sind mit antibakteriellen SilverPlus-Mikropartikeln beschichtet, die idealen","breadcrumb":{"@id":"https:\/\/lamillou.ch\/produkt\/windeln-set-bambus-grand-prix-s-70-x-70-cm\/#breadcrumb"},"inLanguage":"en-GB","potentialAction":[{"@type":"ReadAction","target":["https:\/\/lamillou.ch\/produkt\/windeln-set-bambus-grand-prix-s-70-x-70-cm\/"]}]},{"@type":"ImageObject","inLanguage":"en-GB","@id":"https:\/\/lamillou.ch\/produkt\/windeln-set-bambus-grand-prix-s-70-x-70-cm\/#primaryimage","url":"https:\/\/lamillou.ch\/wp-content\/uploads\/2026\/04\/image_1920_zhyEc.jpeg","contentUrl":"https:\/\/lamillou.ch\/wp-content\/uploads\/2026\/04\/image_1920_zhyEc.jpeg","width":1920,"height":1920,"caption":"Windeln Set Bambus GRAND PRIX - S - 70 x 70 cm Hauptbild"},{"@type":"BreadcrumbList","@id":"https:\/\/lamillou.ch\/produkt\/windeln-set-bambus-grand-prix-s-70-x-70-cm\/#breadcrumb","itemListElement":[{"@type":"ListItem","position":1,"name":"Home","item":"https:\/\/lamillou.ch\/"},{"@type":"ListItem","position":2,"name":"Shop","item":"https:\/\/lamillou.ch\/shop\/"},{"@type":"ListItem","position":3,"name":"Windeln Set Bambus GRAND PRIX &#8211; S &#8211; 70 x 70 cm"}]},{"@type":"WebSite","@id":"https:\/\/lamillou.ch\/#website","url":"https:\/\/lamillou.ch\/","name":"lamillou.ch","description":"","potentialAction":[{"@type":"SearchAction","target":{"@type":"EntryPoint","urlTemplate":"https:\/\/lamillou.ch\/?s={search_term_string}"},"query-input":{"@type":"PropertyValueSpecification","valueRequired":true,"valueName":"search_term_string"}}],"inLanguage":"en-GB"}]}},"_links":{"self":[{"href":"https:\/\/lamillou.ch\/en\/wp-json\/wp\/v2\/product\/29765","targetHints":{"allow":["GET"]}}],"collection":[{"href":"https:\/\/lamillou.ch\/en\/wp-json\/wp\/v2\/product"}],"about":[{"href":"https:\/\/lamillou.ch\/en\/wp-json\/wp\/v2\/types\/product"}],"replies":[{"embeddable":true,"href":"https:\/\/lamillou.ch\/en\/wp-json\/wp\/v2\/comments?post=29765"}],"version-history":[{"count":0,"href":"https:\/\/lamillou.ch\/en\/wp-json\/wp\/v2\/product\/29765\/revisions"}],"wp:featuredmedia":[{"embeddable":true,"href":"https:\/\/lamillou.ch\/en\/wp-json\/wp\/v2\/media\/31658"}],"wp:attachment":[{"href":"https:\/\/lamillou.ch\/en\/wp-json\/wp\/v2\/media?parent=29765"}],"wp:term":[{"taxonomy":"product_brand","embeddable":true,"href":"https:\/\/lamillou.ch\/en\/wp-json\/wp\/v2\/product_brand?post=29765"},{"taxonomy":"product_cat","embeddable":true,"href":"https:\/\/lamillou.ch\/en\/wp-json\/wp\/v2\/product_cat?post=29765"},{"taxonomy":"product_tag","embeddable":true,"href":"https:\/\/lamillou.ch\/en\/wp-json\/wp\/v2\/product_tag?post=29765"}],"curies":[{"name":"wp","href":"https:\/\/api.w.org\/{rel}","templated":true}]}}