{"id":29733,"date":"2026-04-08T13:13:40","date_gmt":"2026-04-08T12:13:40","guid":{"rendered":"https:\/\/lamillou.ch\/produkt\/shopper-tasche-gesteppt-pretty-black-l\/"},"modified":"2026-04-16T20:41:49","modified_gmt":"2026-04-16T19:41:49","slug":"shopper-tasche-gesteppt-pretty-black-l","status":"publish","type":"product","link":"https:\/\/lamillou.ch\/en\/product\/shopper-tasche-gesteppt-pretty-black-l\/","title":{"rendered":"Shopper Tasche gesteppt PRETTY BLACK &#8211; L"},"content":{"rendered":"<p>Shopper Bag Gestepptes Orthalion \u2013 Funktionalit\u00e4t im stilvollen Look Entdecke eine Tasche, die modernes Design mit absoluter Funktionalit\u00e4t vereint. Die<br \/>\nShopper Bag Gestepptes Orthalion ist ein Must-Have f\u00fcr jede Frau, die Stil und praktische<br \/>\nL\u00f6sungen sch\u00e4tzt. Dank der eleganten Steppung und des robusten, wasserabweisenden<br \/>\nMaterials ist sie der perfekte Begleiter f\u00fcr jede Gelegenheit \u2013 sei es f\u00fcr den Alltagseinkauf,<br \/>\nSpazierg\u00e4nge mit dem Kind, Wochenendtrips oder einen Besuch im Schwimmbad. Kein Kompromiss zwischen Stil und Funktionalit\u00e4t! Die Shopper Bag Gestepptes Orthalion<br \/>\nbietet beides in perfekter Harmonie. Egal, wohin du gehst \u2013 sie ist ein zuverl\u00e4ssiges<br \/>\nAccessoire, das all deine Essentials verstaut und gleichzeitig deinen Look unterstreicht. Warum wirst du diese Tasche lieben? Wasserabweisendes Orthalion \u2013 leicht, langlebig und schmutzabweisend \u2013 perfekt f\u00fcr<br \/>\njedes Wetter. Elegante Steppung \u2013 ein stilvolles Design, das deine Outfits aufwertet. Vielseitig &amp; ger\u00e4umig \u2013 bietet ausreichend Platz f\u00fcr alles, was du unterwegs brauchst. Kinderwagen-Modus \u2013 spezielle Befestigungen erm\u00f6glichen eine sichere Anbringung an deinem Kinderwagen. Die Tasche kann mit Befestigungshaken am Kinderwagen befestigt werden, die im Warenkorb zum Aktionspreis von  \u20ac11.90 erh\u00e4ltlich sind. Jede Shopper Bag Gestepptes Orthalion wird in handgefertigter Qualit\u00e4t hergestellt und<br \/>\nkombiniert \u00c4sthetik mit h\u00f6chster Funktionalit\u00e4t. Sie ist der perfekte Alltagsbegleiter, der<br \/>\nnicht nur praktisch ist, sondern auch deinem Stil das gewisse Etwas verleiht. Warte nicht \u2013 entscheide dich f\u00fcr eine Tasche, die immer bereit f\u00fcr deine Abenteuer ist!<\/p>","protected":false},"excerpt":{"rendered":"<p>Shopper Bag Gestepptes Orthalion \u2013 Funktionalit\u00e4t im stilvollen Look Entdecke eine Tasche, die modernes Design mit absoluter Funktionalit\u00e4t vereint. Die<\/p>","protected":false},"featured_media":31690,"comment_status":"open","ping_status":"closed","template":"","meta":[],"product_brand":[88],"product_cat":[406],"product_tag":[],"class_list":{"0":"post-29733","1":"product","2":"type-product","3":"status-publish","4":"has-post-thumbnail","6":"product_brand-la-millou","7":"product_cat-gesteppte-taschen","9":"first","10":"instock","11":"taxable","12":"shipping-taxable","13":"purchasable","14":"product-type-simple"},"yoast_head":"<!-- This site is optimized with the Yoast SEO plugin v27.3 - https:\/\/yoast.com\/product\/yoast-seo-wordpress\/ -->\n<title>Shopper Tasche gesteppt PRETTY BLACK - L - lamillou.ch<\/title>\n<meta name=\"description\" content=\"Shopper Bag Gestepptes Orthalion \u2013 Funktionalit\u00e4t im stilvollen Look Entdecke eine Tasche, die modernes Design mit absoluter Funktionalit\u00e4t vereint. Die\" \/>\n<meta name=\"robots\" content=\"index, follow, max-snippet:-1, max-image-preview:large, max-video-preview:-1\" \/>\n<link rel=\"canonical\" href=\"https:\/\/lamillou.ch\/en\/product\/shopper-tasche-gesteppt-pretty-black-l\/\" \/>\n<meta property=\"og:locale\" content=\"en_GB\" \/>\n<meta property=\"og:type\" content=\"article\" \/>\n<meta property=\"og:title\" content=\"Shopper Tasche gesteppt PRETTY BLACK - L - lamillou.ch\" \/>\n<meta property=\"og:description\" content=\"Shopper Bag Gestepptes Orthalion \u2013 Funktionalit\u00e4t im stilvollen Look Entdecke eine Tasche, die modernes Design mit absoluter Funktionalit\u00e4t vereint. Die\" \/>\n<meta property=\"og:url\" content=\"https:\/\/lamillou.ch\/en\/product\/shopper-tasche-gesteppt-pretty-black-l\/\" \/>\n<meta property=\"og:site_name\" content=\"lamillou.ch\" \/>\n<meta property=\"article:modified_time\" content=\"2026-04-16T19:41:49+00:00\" \/>\n<meta property=\"og:image\" content=\"https:\/\/lamillou.ch\/wp-content\/uploads\/2026\/04\/image_1920_S_Oen.jpeg\" \/>\n\t<meta property=\"og:image:width\" content=\"1920\" \/>\n\t<meta property=\"og:image:height\" content=\"1920\" \/>\n\t<meta property=\"og:image:type\" content=\"image\/jpeg\" \/>\n<meta name=\"twitter:card\" content=\"summary_large_image\" \/>\n<meta name=\"twitter:label1\" content=\"Estimated reading time\" \/>\n\t<meta name=\"twitter:data1\" content=\"1 minute\" \/>\n<script type=\"application\/ld+json\" class=\"yoast-schema-graph\">{\"@context\":\"https:\\\/\\\/schema.org\",\"@graph\":[{\"@type\":\"WebPage\",\"@id\":\"https:\\\/\\\/lamillou.ch\\\/produkt\\\/shopper-tasche-gesteppt-pretty-black-l\\\/\",\"url\":\"https:\\\/\\\/lamillou.ch\\\/produkt\\\/shopper-tasche-gesteppt-pretty-black-l\\\/\",\"name\":\"Shopper Tasche gesteppt PRETTY BLACK - L - lamillou.ch\",\"isPartOf\":{\"@id\":\"https:\\\/\\\/lamillou.ch\\\/#website\"},\"primaryImageOfPage\":{\"@id\":\"https:\\\/\\\/lamillou.ch\\\/produkt\\\/shopper-tasche-gesteppt-pretty-black-l\\\/#primaryimage\"},\"image\":{\"@id\":\"https:\\\/\\\/lamillou.ch\\\/produkt\\\/shopper-tasche-gesteppt-pretty-black-l\\\/#primaryimage\"},\"thumbnailUrl\":\"https:\\\/\\\/lamillou.ch\\\/wp-content\\\/uploads\\\/2026\\\/04\\\/image_1920_S_Oen.jpeg\",\"datePublished\":\"2026-04-08T12:13:40+00:00\",\"dateModified\":\"2026-04-16T19:41:49+00:00\",\"description\":\"Shopper Bag Gestepptes Orthalion \u2013 Funktionalit\u00e4t im stilvollen Look Entdecke eine Tasche, die modernes Design mit absoluter Funktionalit\u00e4t vereint. Die\",\"breadcrumb\":{\"@id\":\"https:\\\/\\\/lamillou.ch\\\/produkt\\\/shopper-tasche-gesteppt-pretty-black-l\\\/#breadcrumb\"},\"inLanguage\":\"en-GB\",\"potentialAction\":[{\"@type\":\"ReadAction\",\"target\":[\"https:\\\/\\\/lamillou.ch\\\/produkt\\\/shopper-tasche-gesteppt-pretty-black-l\\\/\"]}]},{\"@type\":\"ImageObject\",\"inLanguage\":\"en-GB\",\"@id\":\"https:\\\/\\\/lamillou.ch\\\/produkt\\\/shopper-tasche-gesteppt-pretty-black-l\\\/#primaryimage\",\"url\":\"https:\\\/\\\/lamillou.ch\\\/wp-content\\\/uploads\\\/2026\\\/04\\\/image_1920_S_Oen.jpeg\",\"contentUrl\":\"https:\\\/\\\/lamillou.ch\\\/wp-content\\\/uploads\\\/2026\\\/04\\\/image_1920_S_Oen.jpeg\",\"width\":1920,\"height\":1920,\"caption\":\"Shopper Tasche gesteppt PRETTY BLACK - L Hauptbild\"},{\"@type\":\"BreadcrumbList\",\"@id\":\"https:\\\/\\\/lamillou.ch\\\/produkt\\\/shopper-tasche-gesteppt-pretty-black-l\\\/#breadcrumb\",\"itemListElement\":[{\"@type\":\"ListItem\",\"position\":1,\"name\":\"Home\",\"item\":\"https:\\\/\\\/lamillou.ch\\\/\"},{\"@type\":\"ListItem\",\"position\":2,\"name\":\"Shop\",\"item\":\"https:\\\/\\\/lamillou.ch\\\/shop\\\/\"},{\"@type\":\"ListItem\",\"position\":3,\"name\":\"Shopper Tasche gesteppt PRETTY BLACK &#8211; L\"}]},{\"@type\":\"WebSite\",\"@id\":\"https:\\\/\\\/lamillou.ch\\\/#website\",\"url\":\"https:\\\/\\\/lamillou.ch\\\/\",\"name\":\"lamillou.ch\",\"description\":\"\",\"potentialAction\":[{\"@type\":\"SearchAction\",\"target\":{\"@type\":\"EntryPoint\",\"urlTemplate\":\"https:\\\/\\\/lamillou.ch\\\/?s={search_term_string}\"},\"query-input\":{\"@type\":\"PropertyValueSpecification\",\"valueRequired\":true,\"valueName\":\"search_term_string\"}}],\"inLanguage\":\"en-GB\"}]}<\/script>\n<!-- \/ Yoast SEO plugin. -->","yoast_head_json":{"title":"Shopper Tasche gesteppt PRETTY BLACK - L - lamillou.ch","description":"Shopper Bag Gestepptes Orthalion \u2013 Funktionalit\u00e4t im stilvollen Look Entdecke eine Tasche, die modernes Design mit absoluter Funktionalit\u00e4t vereint. Die","robots":{"index":"index","follow":"follow","max-snippet":"max-snippet:-1","max-image-preview":"max-image-preview:large","max-video-preview":"max-video-preview:-1"},"canonical":"https:\/\/lamillou.ch\/en\/product\/shopper-tasche-gesteppt-pretty-black-l\/","og_locale":"en_GB","og_type":"article","og_title":"Shopper Tasche gesteppt PRETTY BLACK - L - lamillou.ch","og_description":"Shopper Bag Gestepptes Orthalion \u2013 Funktionalit\u00e4t im stilvollen Look Entdecke eine Tasche, die modernes Design mit absoluter Funktionalit\u00e4t vereint. Die","og_url":"https:\/\/lamillou.ch\/en\/product\/shopper-tasche-gesteppt-pretty-black-l\/","og_site_name":"lamillou.ch","article_modified_time":"2026-04-16T19:41:49+00:00","og_image":[{"width":1920,"height":1920,"url":"https:\/\/lamillou.ch\/wp-content\/uploads\/2026\/04\/image_1920_S_Oen.jpeg","type":"image\/jpeg"}],"twitter_card":"summary_large_image","twitter_misc":{"Estimated reading time":"1 minute"},"schema":{"@context":"https:\/\/schema.org","@graph":[{"@type":"WebPage","@id":"https:\/\/lamillou.ch\/produkt\/shopper-tasche-gesteppt-pretty-black-l\/","url":"https:\/\/lamillou.ch\/produkt\/shopper-tasche-gesteppt-pretty-black-l\/","name":"Shopper Tasche gesteppt PRETTY BLACK - L - lamillou.ch","isPartOf":{"@id":"https:\/\/lamillou.ch\/#website"},"primaryImageOfPage":{"@id":"https:\/\/lamillou.ch\/produkt\/shopper-tasche-gesteppt-pretty-black-l\/#primaryimage"},"image":{"@id":"https:\/\/lamillou.ch\/produkt\/shopper-tasche-gesteppt-pretty-black-l\/#primaryimage"},"thumbnailUrl":"https:\/\/lamillou.ch\/wp-content\/uploads\/2026\/04\/image_1920_S_Oen.jpeg","datePublished":"2026-04-08T12:13:40+00:00","dateModified":"2026-04-16T19:41:49+00:00","description":"Shopper Bag Gestepptes Orthalion \u2013 Funktionalit\u00e4t im stilvollen Look Entdecke eine Tasche, die modernes Design mit absoluter Funktionalit\u00e4t vereint. Die","breadcrumb":{"@id":"https:\/\/lamillou.ch\/produkt\/shopper-tasche-gesteppt-pretty-black-l\/#breadcrumb"},"inLanguage":"en-GB","potentialAction":[{"@type":"ReadAction","target":["https:\/\/lamillou.ch\/produkt\/shopper-tasche-gesteppt-pretty-black-l\/"]}]},{"@type":"ImageObject","inLanguage":"en-GB","@id":"https:\/\/lamillou.ch\/produkt\/shopper-tasche-gesteppt-pretty-black-l\/#primaryimage","url":"https:\/\/lamillou.ch\/wp-content\/uploads\/2026\/04\/image_1920_S_Oen.jpeg","contentUrl":"https:\/\/lamillou.ch\/wp-content\/uploads\/2026\/04\/image_1920_S_Oen.jpeg","width":1920,"height":1920,"caption":"Shopper Tasche gesteppt PRETTY BLACK - L Hauptbild"},{"@type":"BreadcrumbList","@id":"https:\/\/lamillou.ch\/produkt\/shopper-tasche-gesteppt-pretty-black-l\/#breadcrumb","itemListElement":[{"@type":"ListItem","position":1,"name":"Home","item":"https:\/\/lamillou.ch\/"},{"@type":"ListItem","position":2,"name":"Shop","item":"https:\/\/lamillou.ch\/shop\/"},{"@type":"ListItem","position":3,"name":"Shopper Tasche gesteppt PRETTY BLACK &#8211; L"}]},{"@type":"WebSite","@id":"https:\/\/lamillou.ch\/#website","url":"https:\/\/lamillou.ch\/","name":"lamillou.ch","description":"","potentialAction":[{"@type":"SearchAction","target":{"@type":"EntryPoint","urlTemplate":"https:\/\/lamillou.ch\/?s={search_term_string}"},"query-input":{"@type":"PropertyValueSpecification","valueRequired":true,"valueName":"search_term_string"}}],"inLanguage":"en-GB"}]}},"_links":{"self":[{"href":"https:\/\/lamillou.ch\/en\/wp-json\/wp\/v2\/product\/29733","targetHints":{"allow":["GET"]}}],"collection":[{"href":"https:\/\/lamillou.ch\/en\/wp-json\/wp\/v2\/product"}],"about":[{"href":"https:\/\/lamillou.ch\/en\/wp-json\/wp\/v2\/types\/product"}],"replies":[{"embeddable":true,"href":"https:\/\/lamillou.ch\/en\/wp-json\/wp\/v2\/comments?post=29733"}],"version-history":[{"count":0,"href":"https:\/\/lamillou.ch\/en\/wp-json\/wp\/v2\/product\/29733\/revisions"}],"wp:featuredmedia":[{"embeddable":true,"href":"https:\/\/lamillou.ch\/en\/wp-json\/wp\/v2\/media\/31690"}],"wp:attachment":[{"href":"https:\/\/lamillou.ch\/en\/wp-json\/wp\/v2\/media?parent=29733"}],"wp:term":[{"taxonomy":"product_brand","embeddable":true,"href":"https:\/\/lamillou.ch\/en\/wp-json\/wp\/v2\/product_brand?post=29733"},{"taxonomy":"product_cat","embeddable":true,"href":"https:\/\/lamillou.ch\/en\/wp-json\/wp\/v2\/product_cat?post=29733"},{"taxonomy":"product_tag","embeddable":true,"href":"https:\/\/lamillou.ch\/en\/wp-json\/wp\/v2\/product_tag?post=29733"}],"curies":[{"name":"wp","href":"https:\/\/api.w.org\/{rel}","templated":true}]}}