{"id":29711,"date":"2026-04-08T13:13:36","date_gmt":"2026-04-08T12:13:36","guid":{"rendered":"https:\/\/lamillou.ch\/produkt\/shopper-tasche-leopard-choco-l\/"},"modified":"2026-04-16T15:41:40","modified_gmt":"2026-04-16T14:41:40","slug":"shopper-tasche-leopard-choco-l","status":"publish","type":"product","link":"https:\/\/lamillou.ch\/en\/product\/shopper-tasche-leopard-choco-l\/","title":{"rendered":"Shopper Tasche LEOPARD CHOCO  &#8211; L"},"content":{"rendered":"<p>Eine ger\u00e4umige und praktische Shopper Tasche. Sie ist eine unersetzliche Tasche zum Einkaufen, zum Spazierengehen oder ins Schwimmbad oder sogar f\u00fcr einen Wochenendausflug. Sie k\u00f6nnen alles einpacken, was Sie wollen, und m\u00fcssen sich keine Sorgen um den Platz machen, denn es wird viel davon geben! * Die Tasche ist leicht, sehr robust und kompakt, zusammengeklappt nimmt sie sehr wenig Platz ein, sodass Sie sie immer bei sich haben k\u00f6nnen. * Die Shopper Tasche hat eine praktische Innentasche mit Druckknopf und die Oberseite der Tasche kann mit einem Kordelzug festgezogen werden. * An den Seiten eingen\u00e4hte Metallr\u00e4der erm\u00f6glichen die Befestigung der Tasche am Kinderwagen. Die Tasche kann mit Befestigungshaken am Kinderwagen befestigt werden, die im Warenkorb zum Aktionspreis von  \u20ac11.90 erh\u00e4ltlich sind. * Die Tasche ist aus schnell trocknendem und schmutzabweisendem Polyestergewebe handgen\u00e4ht.<\/p>","protected":false},"excerpt":{"rendered":"<p>Eine ger\u00e4umige und praktische Shopper Tasche. Sie ist eine unersetzliche Tasche zum Einkaufen, zum Spazierengehen oder ins Schwimmbad oder sogar<\/p>","protected":false},"featured_media":31712,"comment_status":"open","ping_status":"closed","template":"","meta":[],"product_brand":[88],"product_cat":[319],"product_tag":[],"class_list":{"0":"post-29711","1":"product","2":"type-product","3":"status-publish","4":"has-post-thumbnail","6":"product_brand-la-millou","7":"product_cat-shopper-taschen","9":"first","10":"instock","11":"taxable","12":"shipping-taxable","13":"purchasable","14":"product-type-simple"},"yoast_head":"<!-- This site is optimized with the Yoast SEO plugin v27.3 - https:\/\/yoast.com\/product\/yoast-seo-wordpress\/ -->\n<title>Shopper Tasche LEOPARD CHOCO - L - lamillou.ch<\/title>\n<meta name=\"robots\" content=\"index, follow, max-snippet:-1, max-image-preview:large, max-video-preview:-1\" \/>\n<link rel=\"canonical\" href=\"https:\/\/lamillou.ch\/en\/product\/shopper-tasche-leopard-choco-l\/\" \/>\n<meta property=\"og:locale\" content=\"en_GB\" \/>\n<meta property=\"og:type\" content=\"article\" \/>\n<meta property=\"og:title\" content=\"Shopper Tasche LEOPARD CHOCO - L - lamillou.ch\" \/>\n<meta property=\"og:description\" content=\"Eine ger\u00e4umige und praktische Shopper Tasche. Sie ist eine unersetzliche Tasche zum Einkaufen, zum Spazierengehen oder ins Schwimmbad oder sogar\" \/>\n<meta property=\"og:url\" content=\"https:\/\/lamillou.ch\/en\/product\/shopper-tasche-leopard-choco-l\/\" \/>\n<meta property=\"og:site_name\" content=\"lamillou.ch\" \/>\n<meta property=\"article:modified_time\" content=\"2026-04-16T14:41:40+00:00\" \/>\n<meta name=\"twitter:card\" content=\"summary_large_image\" \/>\n<meta name=\"twitter:label1\" content=\"Estimated reading time\" \/>\n\t<meta name=\"twitter:data1\" content=\"1 minute\" \/>\n<script type=\"application\/ld+json\" class=\"yoast-schema-graph\">{\"@context\":\"https:\\\/\\\/schema.org\",\"@graph\":[{\"@type\":\"WebPage\",\"@id\":\"https:\\\/\\\/lamillou.ch\\\/produkt\\\/shopper-tasche-leopard-choco-l\\\/\",\"url\":\"https:\\\/\\\/lamillou.ch\\\/produkt\\\/shopper-tasche-leopard-choco-l\\\/\",\"name\":\"Shopper Tasche LEOPARD CHOCO - L - lamillou.ch\",\"isPartOf\":{\"@id\":\"https:\\\/\\\/lamillou.ch\\\/#website\"},\"primaryImageOfPage\":{\"@id\":\"https:\\\/\\\/lamillou.ch\\\/produkt\\\/shopper-tasche-leopard-choco-l\\\/#primaryimage\"},\"image\":{\"@id\":\"https:\\\/\\\/lamillou.ch\\\/produkt\\\/shopper-tasche-leopard-choco-l\\\/#primaryimage\"},\"thumbnailUrl\":\"https:\\\/\\\/lamillou.ch\\\/wp-content\\\/uploads\\\/2026\\\/04\\\/image_1920_XTkO2.jpeg\",\"datePublished\":\"2026-04-08T12:13:36+00:00\",\"dateModified\":\"2026-04-16T14:41:40+00:00\",\"breadcrumb\":{\"@id\":\"https:\\\/\\\/lamillou.ch\\\/produkt\\\/shopper-tasche-leopard-choco-l\\\/#breadcrumb\"},\"inLanguage\":\"en-GB\",\"potentialAction\":[{\"@type\":\"ReadAction\",\"target\":[\"https:\\\/\\\/lamillou.ch\\\/produkt\\\/shopper-tasche-leopard-choco-l\\\/\"]}]},{\"@type\":\"ImageObject\",\"inLanguage\":\"en-GB\",\"@id\":\"https:\\\/\\\/lamillou.ch\\\/produkt\\\/shopper-tasche-leopard-choco-l\\\/#primaryimage\",\"url\":\"https:\\\/\\\/lamillou.ch\\\/wp-content\\\/uploads\\\/2026\\\/04\\\/image_1920_XTkO2.jpeg\",\"contentUrl\":\"https:\\\/\\\/lamillou.ch\\\/wp-content\\\/uploads\\\/2026\\\/04\\\/image_1920_XTkO2.jpeg\",\"width\":1920,\"height\":1920,\"caption\":\"Shopper Tasche LEOPARD CHOCO - L Hauptbild\"},{\"@type\":\"BreadcrumbList\",\"@id\":\"https:\\\/\\\/lamillou.ch\\\/produkt\\\/shopper-tasche-leopard-choco-l\\\/#breadcrumb\",\"itemListElement\":[{\"@type\":\"ListItem\",\"position\":1,\"name\":\"Home\",\"item\":\"https:\\\/\\\/lamillou.ch\\\/\"},{\"@type\":\"ListItem\",\"position\":2,\"name\":\"Shop\",\"item\":\"https:\\\/\\\/lamillou.ch\\\/shop\\\/\"},{\"@type\":\"ListItem\",\"position\":3,\"name\":\"Shopper Tasche LEOPARD CHOCO &#8211; L\"}]},{\"@type\":\"WebSite\",\"@id\":\"https:\\\/\\\/lamillou.ch\\\/#website\",\"url\":\"https:\\\/\\\/lamillou.ch\\\/\",\"name\":\"lamillou.ch\",\"description\":\"\",\"potentialAction\":[{\"@type\":\"SearchAction\",\"target\":{\"@type\":\"EntryPoint\",\"urlTemplate\":\"https:\\\/\\\/lamillou.ch\\\/?s={search_term_string}\"},\"query-input\":{\"@type\":\"PropertyValueSpecification\",\"valueRequired\":true,\"valueName\":\"search_term_string\"}}],\"inLanguage\":\"en-GB\"}]}<\/script>\n<!-- \/ Yoast SEO plugin. -->","yoast_head_json":{"title":"Shopper Tasche LEOPARD CHOCO - L - lamillou.ch","robots":{"index":"index","follow":"follow","max-snippet":"max-snippet:-1","max-image-preview":"max-image-preview:large","max-video-preview":"max-video-preview:-1"},"canonical":"https:\/\/lamillou.ch\/en\/product\/shopper-tasche-leopard-choco-l\/","og_locale":"en_GB","og_type":"article","og_title":"Shopper Tasche LEOPARD CHOCO - L - lamillou.ch","og_description":"Eine ger\u00e4umige und praktische Shopper Tasche. Sie ist eine unersetzliche Tasche zum Einkaufen, zum Spazierengehen oder ins Schwimmbad oder sogar","og_url":"https:\/\/lamillou.ch\/en\/product\/shopper-tasche-leopard-choco-l\/","og_site_name":"lamillou.ch","article_modified_time":"2026-04-16T14:41:40+00:00","twitter_card":"summary_large_image","twitter_misc":{"Estimated reading time":"1 minute"},"schema":{"@context":"https:\/\/schema.org","@graph":[{"@type":"WebPage","@id":"https:\/\/lamillou.ch\/produkt\/shopper-tasche-leopard-choco-l\/","url":"https:\/\/lamillou.ch\/produkt\/shopper-tasche-leopard-choco-l\/","name":"Shopper Tasche LEOPARD CHOCO - L - lamillou.ch","isPartOf":{"@id":"https:\/\/lamillou.ch\/#website"},"primaryImageOfPage":{"@id":"https:\/\/lamillou.ch\/produkt\/shopper-tasche-leopard-choco-l\/#primaryimage"},"image":{"@id":"https:\/\/lamillou.ch\/produkt\/shopper-tasche-leopard-choco-l\/#primaryimage"},"thumbnailUrl":"https:\/\/lamillou.ch\/wp-content\/uploads\/2026\/04\/image_1920_XTkO2.jpeg","datePublished":"2026-04-08T12:13:36+00:00","dateModified":"2026-04-16T14:41:40+00:00","breadcrumb":{"@id":"https:\/\/lamillou.ch\/produkt\/shopper-tasche-leopard-choco-l\/#breadcrumb"},"inLanguage":"en-GB","potentialAction":[{"@type":"ReadAction","target":["https:\/\/lamillou.ch\/produkt\/shopper-tasche-leopard-choco-l\/"]}]},{"@type":"ImageObject","inLanguage":"en-GB","@id":"https:\/\/lamillou.ch\/produkt\/shopper-tasche-leopard-choco-l\/#primaryimage","url":"https:\/\/lamillou.ch\/wp-content\/uploads\/2026\/04\/image_1920_XTkO2.jpeg","contentUrl":"https:\/\/lamillou.ch\/wp-content\/uploads\/2026\/04\/image_1920_XTkO2.jpeg","width":1920,"height":1920,"caption":"Shopper Tasche LEOPARD CHOCO - L Hauptbild"},{"@type":"BreadcrumbList","@id":"https:\/\/lamillou.ch\/produkt\/shopper-tasche-leopard-choco-l\/#breadcrumb","itemListElement":[{"@type":"ListItem","position":1,"name":"Home","item":"https:\/\/lamillou.ch\/"},{"@type":"ListItem","position":2,"name":"Shop","item":"https:\/\/lamillou.ch\/shop\/"},{"@type":"ListItem","position":3,"name":"Shopper Tasche LEOPARD CHOCO &#8211; L"}]},{"@type":"WebSite","@id":"https:\/\/lamillou.ch\/#website","url":"https:\/\/lamillou.ch\/","name":"lamillou.ch","description":"","potentialAction":[{"@type":"SearchAction","target":{"@type":"EntryPoint","urlTemplate":"https:\/\/lamillou.ch\/?s={search_term_string}"},"query-input":{"@type":"PropertyValueSpecification","valueRequired":true,"valueName":"search_term_string"}}],"inLanguage":"en-GB"}]}},"_links":{"self":[{"href":"https:\/\/lamillou.ch\/en\/wp-json\/wp\/v2\/product\/29711","targetHints":{"allow":["GET"]}}],"collection":[{"href":"https:\/\/lamillou.ch\/en\/wp-json\/wp\/v2\/product"}],"about":[{"href":"https:\/\/lamillou.ch\/en\/wp-json\/wp\/v2\/types\/product"}],"replies":[{"embeddable":true,"href":"https:\/\/lamillou.ch\/en\/wp-json\/wp\/v2\/comments?post=29711"}],"version-history":[{"count":0,"href":"https:\/\/lamillou.ch\/en\/wp-json\/wp\/v2\/product\/29711\/revisions"}],"wp:featuredmedia":[{"embeddable":true,"href":"https:\/\/lamillou.ch\/en\/wp-json\/wp\/v2\/media\/31712"}],"wp:attachment":[{"href":"https:\/\/lamillou.ch\/en\/wp-json\/wp\/v2\/media?parent=29711"}],"wp:term":[{"taxonomy":"product_brand","embeddable":true,"href":"https:\/\/lamillou.ch\/en\/wp-json\/wp\/v2\/product_brand?post=29711"},{"taxonomy":"product_cat","embeddable":true,"href":"https:\/\/lamillou.ch\/en\/wp-json\/wp\/v2\/product_cat?post=29711"},{"taxonomy":"product_tag","embeddable":true,"href":"https:\/\/lamillou.ch\/en\/wp-json\/wp\/v2\/product_tag?post=29711"}],"curies":[{"name":"wp","href":"https:\/\/api.w.org\/{rel}","templated":true}]}}