{"id":29708,"date":"2026-04-08T13:13:36","date_gmt":"2026-04-08T12:13:36","guid":{"rendered":"https:\/\/lamillou.ch\/produkt\/tasche-feeria-heartbeat-beige-m\/"},"modified":"2026-04-16T15:41:24","modified_gmt":"2026-04-16T14:41:24","slug":"tasche-feeria-heartbeat-beige-m","status":"publish","type":"product","link":"https:\/\/lamillou.ch\/en\/product\/tasche-feeria-heartbeat-beige-m\/","title":{"rendered":"Tasche Feeria HEARTBEAT BEIGE &#8211; M"},"content":{"rendered":"<p>Organisation ist das A und O! Genau mit diesem Gedanken wurde die Feeria-Tasche entworfen. Sie bietet Platz f\u00fcr alle wichtigen Dinge bei Spazierg\u00e4ngen, Einkaufstouren oder sogar gesch\u00e4ftlichen Terminen. Innen ist sie eine typische Mama-Tasche, w\u00e4hrend sie von aussen die zeitlose Form einer Shopper-Bag hat. Die Tasche besteht aus langlebigem, wasserdichtem Material und ist mit einem Reissverschluss ausgestattet. Auch das Innenfutter ist wasserdicht, sodass unerwartete nasse Abenteuer kein Problem sind! Zus\u00e4tzlich kann die Tasche mit einem langen, verstellbaren Gurt sowie speziellen Haken (zum Aktionspreis beim Kauf der Tasche) erg\u00e4nzt werden, um sie am Kinderwagen zu befestigen. Die Tasche ist in zwei Gr\u00f6ssen erh\u00e4ltlich: M und L. Taschen: &#8211; 1 grosse Reissverschlusstasche (33 cm breit, 22 cm hoch) &#8211; 2 kleine F\u00e4cher f\u00fcr Handy, Schnuller oder Geldb\u00f6rse &#8211; 2 grosse elastische F\u00e4cher (26 cm breit, 25 cm hoch) &#8211; 1 Reissverschlussverschluss<\/p>","protected":false},"excerpt":{"rendered":"<p>Organisation ist das A und O! Genau mit diesem Gedanken wurde die Feeria-Tasche entworfen. Sie bietet Platz f\u00fcr alle wichtigen<\/p>","protected":false},"featured_media":31715,"comment_status":"open","ping_status":"closed","template":"","meta":[],"product_brand":[88],"product_cat":[318],"product_tag":[],"class_list":{"0":"post-29708","1":"product","2":"type-product","3":"status-publish","4":"has-post-thumbnail","6":"product_brand-la-millou","7":"product_cat-feeria-taschen","9":"first","10":"instock","11":"taxable","12":"shipping-taxable","13":"purchasable","14":"product-type-simple"},"yoast_head":"<!-- This site is optimized with the Yoast SEO plugin v27.3 - https:\/\/yoast.com\/product\/yoast-seo-wordpress\/ -->\n<title>Tasche Feeria HEARTBEAT BEIGE - M - lamillou.ch<\/title>\n<meta name=\"robots\" content=\"index, follow, max-snippet:-1, max-image-preview:large, max-video-preview:-1\" \/>\n<link rel=\"canonical\" href=\"https:\/\/lamillou.ch\/en\/product\/tasche-feeria-heartbeat-beige-m\/\" \/>\n<meta property=\"og:locale\" content=\"en_GB\" \/>\n<meta property=\"og:type\" content=\"article\" \/>\n<meta property=\"og:title\" content=\"Tasche Feeria HEARTBEAT BEIGE - M - lamillou.ch\" \/>\n<meta property=\"og:description\" content=\"Organisation ist das A und O! Genau mit diesem Gedanken wurde die Feeria-Tasche entworfen. Sie bietet Platz f\u00fcr alle wichtigen\" \/>\n<meta property=\"og:url\" content=\"https:\/\/lamillou.ch\/en\/product\/tasche-feeria-heartbeat-beige-m\/\" \/>\n<meta property=\"og:site_name\" content=\"lamillou.ch\" \/>\n<meta property=\"article:modified_time\" content=\"2026-04-16T14:41:24+00:00\" \/>\n<meta name=\"twitter:card\" content=\"summary_large_image\" \/>\n<meta name=\"twitter:label1\" content=\"Estimated reading time\" \/>\n\t<meta name=\"twitter:data1\" content=\"1 minute\" \/>\n<script type=\"application\/ld+json\" class=\"yoast-schema-graph\">{\"@context\":\"https:\\\/\\\/schema.org\",\"@graph\":[{\"@type\":\"WebPage\",\"@id\":\"https:\\\/\\\/lamillou.ch\\\/produkt\\\/tasche-feeria-heartbeat-beige-m\\\/\",\"url\":\"https:\\\/\\\/lamillou.ch\\\/produkt\\\/tasche-feeria-heartbeat-beige-m\\\/\",\"name\":\"Tasche Feeria HEARTBEAT BEIGE - M - lamillou.ch\",\"isPartOf\":{\"@id\":\"https:\\\/\\\/lamillou.ch\\\/#website\"},\"primaryImageOfPage\":{\"@id\":\"https:\\\/\\\/lamillou.ch\\\/produkt\\\/tasche-feeria-heartbeat-beige-m\\\/#primaryimage\"},\"image\":{\"@id\":\"https:\\\/\\\/lamillou.ch\\\/produkt\\\/tasche-feeria-heartbeat-beige-m\\\/#primaryimage\"},\"thumbnailUrl\":\"https:\\\/\\\/lamillou.ch\\\/wp-content\\\/uploads\\\/2026\\\/04\\\/image_1920_AyPQM.jpeg\",\"datePublished\":\"2026-04-08T12:13:36+00:00\",\"dateModified\":\"2026-04-16T14:41:24+00:00\",\"breadcrumb\":{\"@id\":\"https:\\\/\\\/lamillou.ch\\\/produkt\\\/tasche-feeria-heartbeat-beige-m\\\/#breadcrumb\"},\"inLanguage\":\"en-GB\",\"potentialAction\":[{\"@type\":\"ReadAction\",\"target\":[\"https:\\\/\\\/lamillou.ch\\\/produkt\\\/tasche-feeria-heartbeat-beige-m\\\/\"]}]},{\"@type\":\"ImageObject\",\"inLanguage\":\"en-GB\",\"@id\":\"https:\\\/\\\/lamillou.ch\\\/produkt\\\/tasche-feeria-heartbeat-beige-m\\\/#primaryimage\",\"url\":\"https:\\\/\\\/lamillou.ch\\\/wp-content\\\/uploads\\\/2026\\\/04\\\/image_1920_AyPQM.jpeg\",\"contentUrl\":\"https:\\\/\\\/lamillou.ch\\\/wp-content\\\/uploads\\\/2026\\\/04\\\/image_1920_AyPQM.jpeg\",\"width\":1920,\"height\":1920,\"caption\":\"Tasche Feeria HEARTBEAT BEIGE - M Hauptbild\"},{\"@type\":\"BreadcrumbList\",\"@id\":\"https:\\\/\\\/lamillou.ch\\\/produkt\\\/tasche-feeria-heartbeat-beige-m\\\/#breadcrumb\",\"itemListElement\":[{\"@type\":\"ListItem\",\"position\":1,\"name\":\"Home\",\"item\":\"https:\\\/\\\/lamillou.ch\\\/\"},{\"@type\":\"ListItem\",\"position\":2,\"name\":\"Shop\",\"item\":\"https:\\\/\\\/lamillou.ch\\\/shop\\\/\"},{\"@type\":\"ListItem\",\"position\":3,\"name\":\"Tasche Feeria HEARTBEAT BEIGE &#8211; M\"}]},{\"@type\":\"WebSite\",\"@id\":\"https:\\\/\\\/lamillou.ch\\\/#website\",\"url\":\"https:\\\/\\\/lamillou.ch\\\/\",\"name\":\"lamillou.ch\",\"description\":\"\",\"potentialAction\":[{\"@type\":\"SearchAction\",\"target\":{\"@type\":\"EntryPoint\",\"urlTemplate\":\"https:\\\/\\\/lamillou.ch\\\/?s={search_term_string}\"},\"query-input\":{\"@type\":\"PropertyValueSpecification\",\"valueRequired\":true,\"valueName\":\"search_term_string\"}}],\"inLanguage\":\"en-GB\"}]}<\/script>\n<!-- \/ Yoast SEO plugin. -->","yoast_head_json":{"title":"Tasche Feeria HEARTBEAT BEIGE - M - lamillou.ch","robots":{"index":"index","follow":"follow","max-snippet":"max-snippet:-1","max-image-preview":"max-image-preview:large","max-video-preview":"max-video-preview:-1"},"canonical":"https:\/\/lamillou.ch\/en\/product\/tasche-feeria-heartbeat-beige-m\/","og_locale":"en_GB","og_type":"article","og_title":"Tasche Feeria HEARTBEAT BEIGE - M - lamillou.ch","og_description":"Organisation ist das A und O! Genau mit diesem Gedanken wurde die Feeria-Tasche entworfen. Sie bietet Platz f\u00fcr alle wichtigen","og_url":"https:\/\/lamillou.ch\/en\/product\/tasche-feeria-heartbeat-beige-m\/","og_site_name":"lamillou.ch","article_modified_time":"2026-04-16T14:41:24+00:00","twitter_card":"summary_large_image","twitter_misc":{"Estimated reading time":"1 minute"},"schema":{"@context":"https:\/\/schema.org","@graph":[{"@type":"WebPage","@id":"https:\/\/lamillou.ch\/produkt\/tasche-feeria-heartbeat-beige-m\/","url":"https:\/\/lamillou.ch\/produkt\/tasche-feeria-heartbeat-beige-m\/","name":"Tasche Feeria HEARTBEAT BEIGE - M - lamillou.ch","isPartOf":{"@id":"https:\/\/lamillou.ch\/#website"},"primaryImageOfPage":{"@id":"https:\/\/lamillou.ch\/produkt\/tasche-feeria-heartbeat-beige-m\/#primaryimage"},"image":{"@id":"https:\/\/lamillou.ch\/produkt\/tasche-feeria-heartbeat-beige-m\/#primaryimage"},"thumbnailUrl":"https:\/\/lamillou.ch\/wp-content\/uploads\/2026\/04\/image_1920_AyPQM.jpeg","datePublished":"2026-04-08T12:13:36+00:00","dateModified":"2026-04-16T14:41:24+00:00","breadcrumb":{"@id":"https:\/\/lamillou.ch\/produkt\/tasche-feeria-heartbeat-beige-m\/#breadcrumb"},"inLanguage":"en-GB","potentialAction":[{"@type":"ReadAction","target":["https:\/\/lamillou.ch\/produkt\/tasche-feeria-heartbeat-beige-m\/"]}]},{"@type":"ImageObject","inLanguage":"en-GB","@id":"https:\/\/lamillou.ch\/produkt\/tasche-feeria-heartbeat-beige-m\/#primaryimage","url":"https:\/\/lamillou.ch\/wp-content\/uploads\/2026\/04\/image_1920_AyPQM.jpeg","contentUrl":"https:\/\/lamillou.ch\/wp-content\/uploads\/2026\/04\/image_1920_AyPQM.jpeg","width":1920,"height":1920,"caption":"Tasche Feeria HEARTBEAT BEIGE - M Hauptbild"},{"@type":"BreadcrumbList","@id":"https:\/\/lamillou.ch\/produkt\/tasche-feeria-heartbeat-beige-m\/#breadcrumb","itemListElement":[{"@type":"ListItem","position":1,"name":"Home","item":"https:\/\/lamillou.ch\/"},{"@type":"ListItem","position":2,"name":"Shop","item":"https:\/\/lamillou.ch\/shop\/"},{"@type":"ListItem","position":3,"name":"Tasche Feeria HEARTBEAT BEIGE &#8211; M"}]},{"@type":"WebSite","@id":"https:\/\/lamillou.ch\/#website","url":"https:\/\/lamillou.ch\/","name":"lamillou.ch","description":"","potentialAction":[{"@type":"SearchAction","target":{"@type":"EntryPoint","urlTemplate":"https:\/\/lamillou.ch\/?s={search_term_string}"},"query-input":{"@type":"PropertyValueSpecification","valueRequired":true,"valueName":"search_term_string"}}],"inLanguage":"en-GB"}]}},"_links":{"self":[{"href":"https:\/\/lamillou.ch\/en\/wp-json\/wp\/v2\/product\/29708","targetHints":{"allow":["GET"]}}],"collection":[{"href":"https:\/\/lamillou.ch\/en\/wp-json\/wp\/v2\/product"}],"about":[{"href":"https:\/\/lamillou.ch\/en\/wp-json\/wp\/v2\/types\/product"}],"replies":[{"embeddable":true,"href":"https:\/\/lamillou.ch\/en\/wp-json\/wp\/v2\/comments?post=29708"}],"version-history":[{"count":0,"href":"https:\/\/lamillou.ch\/en\/wp-json\/wp\/v2\/product\/29708\/revisions"}],"wp:featuredmedia":[{"embeddable":true,"href":"https:\/\/lamillou.ch\/en\/wp-json\/wp\/v2\/media\/31715"}],"wp:attachment":[{"href":"https:\/\/lamillou.ch\/en\/wp-json\/wp\/v2\/media?parent=29708"}],"wp:term":[{"taxonomy":"product_brand","embeddable":true,"href":"https:\/\/lamillou.ch\/en\/wp-json\/wp\/v2\/product_brand?post=29708"},{"taxonomy":"product_cat","embeddable":true,"href":"https:\/\/lamillou.ch\/en\/wp-json\/wp\/v2\/product_cat?post=29708"},{"taxonomy":"product_tag","embeddable":true,"href":"https:\/\/lamillou.ch\/en\/wp-json\/wp\/v2\/product_tag?post=29708"}],"curies":[{"name":"wp","href":"https:\/\/api.w.org\/{rel}","templated":true}]}}