{"id":29679,"date":"2026-04-08T13:13:31","date_gmt":"2026-04-08T12:13:31","guid":{"rendered":"https:\/\/lamillou.ch\/produkt\/bettdecke-baumwolle-mom-cherie-xxl-200-x-220-cm\/"},"modified":"2026-04-16T20:41:47","modified_gmt":"2026-04-16T19:41:47","slug":"bettdecke-baumwolle-mom-cherie-xxl-200-x-220-cm","status":"publish","type":"product","link":"https:\/\/lamillou.ch\/en\/product\/bettdecke-baumwolle-mom-cherie-xxl-200-x-220-cm\/","title":{"rendered":"Bettdecke Baumwolle MOM CHERIE &#8211; XXL &#8211; 200 x 220 cm"},"content":{"rendered":"<p>Die Baumwollbettdecke mit F\u00fcllung ist aus Baumwolle h\u00f6chster Qualit\u00e4t hergestellt. Die F\u00fcllung besteht aus einer antiallergischen Polyesterfaser, die f\u00fcr die richtige Temperatur, den Sauerstofftransport und den Feuchtigkeitstransport sorgt, was einen hervorragenden Schlafkomfort zur Folge hat. Wir f\u00f6rdern den Trend zu &#171;gebrauchsfertigen&#187; Bettwaren, d. h. mit eingen\u00e4hter F\u00fcllung. Derzeit wird der Markt von Kopfkissenbez\u00fcgen und separat gekauften Bettdecken und Kissen beherrscht. Wir m\u00f6chten dies \u00e4ndern und Sie dazu ermutigen, die gesamten Bettwaren und nicht nur die Bettw\u00e4sche zu waschen, um eine 100%ige Reinheit zu erreichen, was f\u00fcr Allergiker sehr wichtig ist. Die La Millou-Bettdecke kann in der Maschine gewaschen werden, ohne dass sie an Qualit\u00e4t verliert.<\/p>","protected":false},"excerpt":{"rendered":"<p>Die Baumwollbettdecke mit F\u00fcllung ist aus Baumwolle h\u00f6chster Qualit\u00e4t hergestellt. Die F\u00fcllung besteht aus einer antiallergischen Polyesterfaser, die f\u00fcr die<\/p>","protected":false},"featured_media":31744,"comment_status":"open","ping_status":"closed","template":"","meta":[],"product_brand":[88],"product_cat":[290],"product_tag":[],"class_list":{"0":"post-29679","1":"product","2":"type-product","3":"status-publish","4":"has-post-thumbnail","6":"product_brand-la-millou","7":"product_cat-baumwolle-steppdecken","9":"first","10":"instock","11":"taxable","12":"shipping-taxable","13":"purchasable","14":"product-type-simple"},"yoast_head":"<!-- This site is optimized with the Yoast SEO plugin v27.3 - https:\/\/yoast.com\/product\/yoast-seo-wordpress\/ -->\n<title>Bettdecke Baumwolle MOM CHERIE - XXL - 200 x 220 cm - lamillou.ch<\/title>\n<meta name=\"description\" content=\"Die Baumwollbettdecke mit F\u00fcllung ist aus Baumwolle h\u00f6chster Qualit\u00e4t hergestellt. Die F\u00fcllung besteht aus einer antiallergischen Polyesterfaser, die f\u00fcr\" \/>\n<meta name=\"robots\" content=\"index, follow, max-snippet:-1, max-image-preview:large, max-video-preview:-1\" \/>\n<link rel=\"canonical\" href=\"https:\/\/lamillou.ch\/en\/product\/bettdecke-baumwolle-mom-cherie-xxl-200-x-220-cm\/\" \/>\n<meta property=\"og:locale\" content=\"en_GB\" \/>\n<meta property=\"og:type\" content=\"article\" \/>\n<meta property=\"og:title\" content=\"Bettdecke Baumwolle MOM CHERIE - XXL - 200 x 220 cm - lamillou.ch\" \/>\n<meta property=\"og:description\" content=\"Die Baumwollbettdecke mit F\u00fcllung ist aus Baumwolle h\u00f6chster Qualit\u00e4t hergestellt. Die F\u00fcllung besteht aus einer antiallergischen Polyesterfaser, die f\u00fcr\" \/>\n<meta property=\"og:url\" content=\"https:\/\/lamillou.ch\/en\/product\/bettdecke-baumwolle-mom-cherie-xxl-200-x-220-cm\/\" \/>\n<meta property=\"og:site_name\" content=\"lamillou.ch\" \/>\n<meta property=\"article:modified_time\" content=\"2026-04-16T19:41:47+00:00\" \/>\n<meta property=\"og:image\" content=\"https:\/\/lamillou.ch\/wp-content\/uploads\/2026\/04\/image_1920_tIls5.jpeg\" \/>\n\t<meta property=\"og:image:width\" content=\"1920\" \/>\n\t<meta property=\"og:image:height\" content=\"1920\" \/>\n\t<meta property=\"og:image:type\" content=\"image\/jpeg\" \/>\n<meta name=\"twitter:card\" content=\"summary_large_image\" \/>\n<meta name=\"twitter:label1\" content=\"Estimated reading time\" \/>\n\t<meta name=\"twitter:data1\" content=\"1 minute\" \/>\n<script type=\"application\/ld+json\" class=\"yoast-schema-graph\">{\"@context\":\"https:\\\/\\\/schema.org\",\"@graph\":[{\"@type\":\"WebPage\",\"@id\":\"https:\\\/\\\/lamillou.ch\\\/produkt\\\/bettdecke-baumwolle-mom-cherie-xxl-200-x-220-cm\\\/\",\"url\":\"https:\\\/\\\/lamillou.ch\\\/produkt\\\/bettdecke-baumwolle-mom-cherie-xxl-200-x-220-cm\\\/\",\"name\":\"Bettdecke Baumwolle MOM CHERIE - XXL - 200 x 220 cm - lamillou.ch\",\"isPartOf\":{\"@id\":\"https:\\\/\\\/lamillou.ch\\\/#website\"},\"primaryImageOfPage\":{\"@id\":\"https:\\\/\\\/lamillou.ch\\\/produkt\\\/bettdecke-baumwolle-mom-cherie-xxl-200-x-220-cm\\\/#primaryimage\"},\"image\":{\"@id\":\"https:\\\/\\\/lamillou.ch\\\/produkt\\\/bettdecke-baumwolle-mom-cherie-xxl-200-x-220-cm\\\/#primaryimage\"},\"thumbnailUrl\":\"https:\\\/\\\/lamillou.ch\\\/wp-content\\\/uploads\\\/2026\\\/04\\\/image_1920_tIls5.jpeg\",\"datePublished\":\"2026-04-08T12:13:31+00:00\",\"dateModified\":\"2026-04-16T19:41:47+00:00\",\"description\":\"Die Baumwollbettdecke mit F\u00fcllung ist aus Baumwolle h\u00f6chster Qualit\u00e4t hergestellt. Die F\u00fcllung besteht aus einer antiallergischen Polyesterfaser, die f\u00fcr\",\"breadcrumb\":{\"@id\":\"https:\\\/\\\/lamillou.ch\\\/produkt\\\/bettdecke-baumwolle-mom-cherie-xxl-200-x-220-cm\\\/#breadcrumb\"},\"inLanguage\":\"en-GB\",\"potentialAction\":[{\"@type\":\"ReadAction\",\"target\":[\"https:\\\/\\\/lamillou.ch\\\/produkt\\\/bettdecke-baumwolle-mom-cherie-xxl-200-x-220-cm\\\/\"]}]},{\"@type\":\"ImageObject\",\"inLanguage\":\"en-GB\",\"@id\":\"https:\\\/\\\/lamillou.ch\\\/produkt\\\/bettdecke-baumwolle-mom-cherie-xxl-200-x-220-cm\\\/#primaryimage\",\"url\":\"https:\\\/\\\/lamillou.ch\\\/wp-content\\\/uploads\\\/2026\\\/04\\\/image_1920_tIls5.jpeg\",\"contentUrl\":\"https:\\\/\\\/lamillou.ch\\\/wp-content\\\/uploads\\\/2026\\\/04\\\/image_1920_tIls5.jpeg\",\"width\":1920,\"height\":1920,\"caption\":\"Bettdecke Baumwolle MOM CHERIE - XXL - 200 x 220 cm Hauptbild\"},{\"@type\":\"BreadcrumbList\",\"@id\":\"https:\\\/\\\/lamillou.ch\\\/produkt\\\/bettdecke-baumwolle-mom-cherie-xxl-200-x-220-cm\\\/#breadcrumb\",\"itemListElement\":[{\"@type\":\"ListItem\",\"position\":1,\"name\":\"Home\",\"item\":\"https:\\\/\\\/lamillou.ch\\\/\"},{\"@type\":\"ListItem\",\"position\":2,\"name\":\"Shop\",\"item\":\"https:\\\/\\\/lamillou.ch\\\/shop\\\/\"},{\"@type\":\"ListItem\",\"position\":3,\"name\":\"Bettdecke Baumwolle MOM CHERIE &#8211; XXL &#8211; 200 x 220 cm\"}]},{\"@type\":\"WebSite\",\"@id\":\"https:\\\/\\\/lamillou.ch\\\/#website\",\"url\":\"https:\\\/\\\/lamillou.ch\\\/\",\"name\":\"lamillou.ch\",\"description\":\"\",\"potentialAction\":[{\"@type\":\"SearchAction\",\"target\":{\"@type\":\"EntryPoint\",\"urlTemplate\":\"https:\\\/\\\/lamillou.ch\\\/?s={search_term_string}\"},\"query-input\":{\"@type\":\"PropertyValueSpecification\",\"valueRequired\":true,\"valueName\":\"search_term_string\"}}],\"inLanguage\":\"en-GB\"}]}<\/script>\n<!-- \/ Yoast SEO plugin. -->","yoast_head_json":{"title":"Bettdecke Baumwolle MOM CHERIE - XXL - 200 x 220 cm - lamillou.ch","description":"Die Baumwollbettdecke mit F\u00fcllung ist aus Baumwolle h\u00f6chster Qualit\u00e4t hergestellt. Die F\u00fcllung besteht aus einer antiallergischen Polyesterfaser, die f\u00fcr","robots":{"index":"index","follow":"follow","max-snippet":"max-snippet:-1","max-image-preview":"max-image-preview:large","max-video-preview":"max-video-preview:-1"},"canonical":"https:\/\/lamillou.ch\/en\/product\/bettdecke-baumwolle-mom-cherie-xxl-200-x-220-cm\/","og_locale":"en_GB","og_type":"article","og_title":"Bettdecke Baumwolle MOM CHERIE - XXL - 200 x 220 cm - lamillou.ch","og_description":"Die Baumwollbettdecke mit F\u00fcllung ist aus Baumwolle h\u00f6chster Qualit\u00e4t hergestellt. Die F\u00fcllung besteht aus einer antiallergischen Polyesterfaser, die f\u00fcr","og_url":"https:\/\/lamillou.ch\/en\/product\/bettdecke-baumwolle-mom-cherie-xxl-200-x-220-cm\/","og_site_name":"lamillou.ch","article_modified_time":"2026-04-16T19:41:47+00:00","og_image":[{"width":1920,"height":1920,"url":"https:\/\/lamillou.ch\/wp-content\/uploads\/2026\/04\/image_1920_tIls5.jpeg","type":"image\/jpeg"}],"twitter_card":"summary_large_image","twitter_misc":{"Estimated reading time":"1 minute"},"schema":{"@context":"https:\/\/schema.org","@graph":[{"@type":"WebPage","@id":"https:\/\/lamillou.ch\/produkt\/bettdecke-baumwolle-mom-cherie-xxl-200-x-220-cm\/","url":"https:\/\/lamillou.ch\/produkt\/bettdecke-baumwolle-mom-cherie-xxl-200-x-220-cm\/","name":"Bettdecke Baumwolle MOM CHERIE - XXL - 200 x 220 cm - lamillou.ch","isPartOf":{"@id":"https:\/\/lamillou.ch\/#website"},"primaryImageOfPage":{"@id":"https:\/\/lamillou.ch\/produkt\/bettdecke-baumwolle-mom-cherie-xxl-200-x-220-cm\/#primaryimage"},"image":{"@id":"https:\/\/lamillou.ch\/produkt\/bettdecke-baumwolle-mom-cherie-xxl-200-x-220-cm\/#primaryimage"},"thumbnailUrl":"https:\/\/lamillou.ch\/wp-content\/uploads\/2026\/04\/image_1920_tIls5.jpeg","datePublished":"2026-04-08T12:13:31+00:00","dateModified":"2026-04-16T19:41:47+00:00","description":"Die Baumwollbettdecke mit F\u00fcllung ist aus Baumwolle h\u00f6chster Qualit\u00e4t hergestellt. Die F\u00fcllung besteht aus einer antiallergischen Polyesterfaser, die f\u00fcr","breadcrumb":{"@id":"https:\/\/lamillou.ch\/produkt\/bettdecke-baumwolle-mom-cherie-xxl-200-x-220-cm\/#breadcrumb"},"inLanguage":"en-GB","potentialAction":[{"@type":"ReadAction","target":["https:\/\/lamillou.ch\/produkt\/bettdecke-baumwolle-mom-cherie-xxl-200-x-220-cm\/"]}]},{"@type":"ImageObject","inLanguage":"en-GB","@id":"https:\/\/lamillou.ch\/produkt\/bettdecke-baumwolle-mom-cherie-xxl-200-x-220-cm\/#primaryimage","url":"https:\/\/lamillou.ch\/wp-content\/uploads\/2026\/04\/image_1920_tIls5.jpeg","contentUrl":"https:\/\/lamillou.ch\/wp-content\/uploads\/2026\/04\/image_1920_tIls5.jpeg","width":1920,"height":1920,"caption":"Bettdecke Baumwolle MOM CHERIE - XXL - 200 x 220 cm Hauptbild"},{"@type":"BreadcrumbList","@id":"https:\/\/lamillou.ch\/produkt\/bettdecke-baumwolle-mom-cherie-xxl-200-x-220-cm\/#breadcrumb","itemListElement":[{"@type":"ListItem","position":1,"name":"Home","item":"https:\/\/lamillou.ch\/"},{"@type":"ListItem","position":2,"name":"Shop","item":"https:\/\/lamillou.ch\/shop\/"},{"@type":"ListItem","position":3,"name":"Bettdecke Baumwolle MOM CHERIE &#8211; XXL &#8211; 200 x 220 cm"}]},{"@type":"WebSite","@id":"https:\/\/lamillou.ch\/#website","url":"https:\/\/lamillou.ch\/","name":"lamillou.ch","description":"","potentialAction":[{"@type":"SearchAction","target":{"@type":"EntryPoint","urlTemplate":"https:\/\/lamillou.ch\/?s={search_term_string}"},"query-input":{"@type":"PropertyValueSpecification","valueRequired":true,"valueName":"search_term_string"}}],"inLanguage":"en-GB"}]}},"_links":{"self":[{"href":"https:\/\/lamillou.ch\/en\/wp-json\/wp\/v2\/product\/29679","targetHints":{"allow":["GET"]}}],"collection":[{"href":"https:\/\/lamillou.ch\/en\/wp-json\/wp\/v2\/product"}],"about":[{"href":"https:\/\/lamillou.ch\/en\/wp-json\/wp\/v2\/types\/product"}],"replies":[{"embeddable":true,"href":"https:\/\/lamillou.ch\/en\/wp-json\/wp\/v2\/comments?post=29679"}],"version-history":[{"count":0,"href":"https:\/\/lamillou.ch\/en\/wp-json\/wp\/v2\/product\/29679\/revisions"}],"wp:featuredmedia":[{"embeddable":true,"href":"https:\/\/lamillou.ch\/en\/wp-json\/wp\/v2\/media\/31744"}],"wp:attachment":[{"href":"https:\/\/lamillou.ch\/en\/wp-json\/wp\/v2\/media?parent=29679"}],"wp:term":[{"taxonomy":"product_brand","embeddable":true,"href":"https:\/\/lamillou.ch\/en\/wp-json\/wp\/v2\/product_brand?post=29679"},{"taxonomy":"product_cat","embeddable":true,"href":"https:\/\/lamillou.ch\/en\/wp-json\/wp\/v2\/product_cat?post=29679"},{"taxonomy":"product_tag","embeddable":true,"href":"https:\/\/lamillou.ch\/en\/wp-json\/wp\/v2\/product_tag?post=29679"}],"curies":[{"name":"wp","href":"https:\/\/api.w.org\/{rel}","templated":true}]}}