{"id":29658,"date":"2026-04-08T13:13:28","date_gmt":"2026-04-08T12:13:28","guid":{"rendered":"https:\/\/lamillou.ch\/produkt\/warme-decke-velvet-ballerine-xl-140-x-200-cm\/"},"modified":"2026-04-16T20:41:47","modified_gmt":"2026-04-16T19:41:47","slug":"warme-decke-velvet-ballerine-xl-140-x-200-cm","status":"publish","type":"product","link":"https:\/\/lamillou.ch\/en\/product\/warme-decke-velvet-ballerine-xl-140-x-200-cm\/","title":{"rendered":"Warme Decke Velvet BALLERINE &#8211; XL &#8211; 140 x 200 cm"},"content":{"rendered":"<p>Doppelseitige Decke f\u00fcr das Kinderzimmer, die sich auch gut als Bettdecke oder kuschelige Decke f\u00fcr ein Nickerchen im Kinderzimmer eignet. Eine Seite der Decke besteht aus hochwertigster Baumwolle in einem unserer vier Muster und die andere Seite aus elegantem Samt. Die Decke ist mit hypoallergenem Silikonvlies gef\u00fcllt, was sie extrem leicht macht und gleichzeitig wohlige W\u00e4rme spendet. Die Decke kann mit einem Kissen im gleichen Design kombiniert werden, um ein einzigartiges Set f\u00fcr die Schlafenszeit oder f\u00fcr das Kinderzimmer zu schaffen!<\/p>","protected":false},"excerpt":{"rendered":"<p>Doppelseitige Decke f\u00fcr das Kinderzimmer, die sich auch gut als Bettdecke oder kuschelige Decke f\u00fcr ein Nickerchen im Kinderzimmer eignet.<\/p>","protected":false},"featured_media":31765,"comment_status":"open","ping_status":"closed","template":"","meta":[],"product_brand":[88],"product_cat":[193],"product_tag":[],"class_list":{"0":"post-29658","1":"product","2":"type-product","3":"status-publish","4":"has-post-thumbnail","6":"product_brand-la-millou","7":"product_cat-warme-decken","9":"first","10":"instock","11":"taxable","12":"shipping-taxable","13":"purchasable","14":"product-type-simple"},"yoast_head":"<!-- This site is optimized with the Yoast SEO plugin v27.3 - https:\/\/yoast.com\/product\/yoast-seo-wordpress\/ -->\n<title>Warme Decke Velvet BALLERINE - XL - 140 x 200 cm - lamillou.ch<\/title>\n<meta name=\"description\" content=\"Doppelseitige Decke f\u00fcr das Kinderzimmer, die sich auch gut als Bettdecke oder kuschelige Decke f\u00fcr ein Nickerchen im Kinderzimmer eignet. Eine Seite der\" \/>\n<meta name=\"robots\" content=\"index, follow, max-snippet:-1, max-image-preview:large, max-video-preview:-1\" \/>\n<link rel=\"canonical\" href=\"https:\/\/lamillou.ch\/en\/product\/warme-decke-velvet-ballerine-xl-140-x-200-cm\/\" \/>\n<meta property=\"og:locale\" content=\"en_GB\" \/>\n<meta property=\"og:type\" content=\"article\" \/>\n<meta property=\"og:title\" content=\"Warme Decke Velvet BALLERINE - XL - 140 x 200 cm - lamillou.ch\" \/>\n<meta property=\"og:description\" content=\"Doppelseitige Decke f\u00fcr das Kinderzimmer, die sich auch gut als Bettdecke oder kuschelige Decke f\u00fcr ein Nickerchen im Kinderzimmer eignet. Eine Seite der\" \/>\n<meta property=\"og:url\" content=\"https:\/\/lamillou.ch\/en\/product\/warme-decke-velvet-ballerine-xl-140-x-200-cm\/\" \/>\n<meta property=\"og:site_name\" content=\"lamillou.ch\" \/>\n<meta property=\"article:modified_time\" content=\"2026-04-16T19:41:47+00:00\" \/>\n<meta property=\"og:image\" content=\"https:\/\/lamillou.ch\/wp-content\/uploads\/2026\/04\/image_1920_eVlzL.jpeg\" \/>\n\t<meta property=\"og:image:width\" content=\"1920\" \/>\n\t<meta property=\"og:image:height\" content=\"1920\" \/>\n\t<meta property=\"og:image:type\" content=\"image\/jpeg\" \/>\n<meta name=\"twitter:card\" content=\"summary_large_image\" \/>\n<script type=\"application\/ld+json\" class=\"yoast-schema-graph\">{\"@context\":\"https:\\\/\\\/schema.org\",\"@graph\":[{\"@type\":\"WebPage\",\"@id\":\"https:\\\/\\\/lamillou.ch\\\/produkt\\\/warme-decke-velvet-ballerine-xl-140-x-200-cm\\\/\",\"url\":\"https:\\\/\\\/lamillou.ch\\\/produkt\\\/warme-decke-velvet-ballerine-xl-140-x-200-cm\\\/\",\"name\":\"Warme Decke Velvet BALLERINE - XL - 140 x 200 cm - lamillou.ch\",\"isPartOf\":{\"@id\":\"https:\\\/\\\/lamillou.ch\\\/#website\"},\"primaryImageOfPage\":{\"@id\":\"https:\\\/\\\/lamillou.ch\\\/produkt\\\/warme-decke-velvet-ballerine-xl-140-x-200-cm\\\/#primaryimage\"},\"image\":{\"@id\":\"https:\\\/\\\/lamillou.ch\\\/produkt\\\/warme-decke-velvet-ballerine-xl-140-x-200-cm\\\/#primaryimage\"},\"thumbnailUrl\":\"https:\\\/\\\/lamillou.ch\\\/wp-content\\\/uploads\\\/2026\\\/04\\\/image_1920_eVlzL.jpeg\",\"datePublished\":\"2026-04-08T12:13:28+00:00\",\"dateModified\":\"2026-04-16T19:41:47+00:00\",\"description\":\"Doppelseitige Decke f\u00fcr das Kinderzimmer, die sich auch gut als Bettdecke oder kuschelige Decke f\u00fcr ein Nickerchen im Kinderzimmer eignet. Eine Seite der\",\"breadcrumb\":{\"@id\":\"https:\\\/\\\/lamillou.ch\\\/produkt\\\/warme-decke-velvet-ballerine-xl-140-x-200-cm\\\/#breadcrumb\"},\"inLanguage\":\"en-GB\",\"potentialAction\":[{\"@type\":\"ReadAction\",\"target\":[\"https:\\\/\\\/lamillou.ch\\\/produkt\\\/warme-decke-velvet-ballerine-xl-140-x-200-cm\\\/\"]}]},{\"@type\":\"ImageObject\",\"inLanguage\":\"en-GB\",\"@id\":\"https:\\\/\\\/lamillou.ch\\\/produkt\\\/warme-decke-velvet-ballerine-xl-140-x-200-cm\\\/#primaryimage\",\"url\":\"https:\\\/\\\/lamillou.ch\\\/wp-content\\\/uploads\\\/2026\\\/04\\\/image_1920_eVlzL.jpeg\",\"contentUrl\":\"https:\\\/\\\/lamillou.ch\\\/wp-content\\\/uploads\\\/2026\\\/04\\\/image_1920_eVlzL.jpeg\",\"width\":1920,\"height\":1920,\"caption\":\"Warme Decke Velvet BALLERINE - XL - 140 x 200 cm Hauptbild\"},{\"@type\":\"BreadcrumbList\",\"@id\":\"https:\\\/\\\/lamillou.ch\\\/produkt\\\/warme-decke-velvet-ballerine-xl-140-x-200-cm\\\/#breadcrumb\",\"itemListElement\":[{\"@type\":\"ListItem\",\"position\":1,\"name\":\"Home\",\"item\":\"https:\\\/\\\/lamillou.ch\\\/\"},{\"@type\":\"ListItem\",\"position\":2,\"name\":\"Shop\",\"item\":\"https:\\\/\\\/lamillou.ch\\\/shop\\\/\"},{\"@type\":\"ListItem\",\"position\":3,\"name\":\"Warme Decke Velvet BALLERINE &#8211; XL &#8211; 140 x 200 cm\"}]},{\"@type\":\"WebSite\",\"@id\":\"https:\\\/\\\/lamillou.ch\\\/#website\",\"url\":\"https:\\\/\\\/lamillou.ch\\\/\",\"name\":\"lamillou.ch\",\"description\":\"\",\"potentialAction\":[{\"@type\":\"SearchAction\",\"target\":{\"@type\":\"EntryPoint\",\"urlTemplate\":\"https:\\\/\\\/lamillou.ch\\\/?s={search_term_string}\"},\"query-input\":{\"@type\":\"PropertyValueSpecification\",\"valueRequired\":true,\"valueName\":\"search_term_string\"}}],\"inLanguage\":\"en-GB\"}]}<\/script>\n<!-- \/ Yoast SEO plugin. -->","yoast_head_json":{"title":"Warme Decke Velvet BALLERINE - XL - 140 x 200 cm - lamillou.ch","description":"Doppelseitige Decke f\u00fcr das Kinderzimmer, die sich auch gut als Bettdecke oder kuschelige Decke f\u00fcr ein Nickerchen im Kinderzimmer eignet. Eine Seite der","robots":{"index":"index","follow":"follow","max-snippet":"max-snippet:-1","max-image-preview":"max-image-preview:large","max-video-preview":"max-video-preview:-1"},"canonical":"https:\/\/lamillou.ch\/en\/product\/warme-decke-velvet-ballerine-xl-140-x-200-cm\/","og_locale":"en_GB","og_type":"article","og_title":"Warme Decke Velvet BALLERINE - XL - 140 x 200 cm - lamillou.ch","og_description":"Doppelseitige Decke f\u00fcr das Kinderzimmer, die sich auch gut als Bettdecke oder kuschelige Decke f\u00fcr ein Nickerchen im Kinderzimmer eignet. Eine Seite der","og_url":"https:\/\/lamillou.ch\/en\/product\/warme-decke-velvet-ballerine-xl-140-x-200-cm\/","og_site_name":"lamillou.ch","article_modified_time":"2026-04-16T19:41:47+00:00","og_image":[{"width":1920,"height":1920,"url":"https:\/\/lamillou.ch\/wp-content\/uploads\/2026\/04\/image_1920_eVlzL.jpeg","type":"image\/jpeg"}],"twitter_card":"summary_large_image","schema":{"@context":"https:\/\/schema.org","@graph":[{"@type":"WebPage","@id":"https:\/\/lamillou.ch\/produkt\/warme-decke-velvet-ballerine-xl-140-x-200-cm\/","url":"https:\/\/lamillou.ch\/produkt\/warme-decke-velvet-ballerine-xl-140-x-200-cm\/","name":"Warme Decke Velvet BALLERINE - XL - 140 x 200 cm - lamillou.ch","isPartOf":{"@id":"https:\/\/lamillou.ch\/#website"},"primaryImageOfPage":{"@id":"https:\/\/lamillou.ch\/produkt\/warme-decke-velvet-ballerine-xl-140-x-200-cm\/#primaryimage"},"image":{"@id":"https:\/\/lamillou.ch\/produkt\/warme-decke-velvet-ballerine-xl-140-x-200-cm\/#primaryimage"},"thumbnailUrl":"https:\/\/lamillou.ch\/wp-content\/uploads\/2026\/04\/image_1920_eVlzL.jpeg","datePublished":"2026-04-08T12:13:28+00:00","dateModified":"2026-04-16T19:41:47+00:00","description":"Doppelseitige Decke f\u00fcr das Kinderzimmer, die sich auch gut als Bettdecke oder kuschelige Decke f\u00fcr ein Nickerchen im Kinderzimmer eignet. Eine Seite der","breadcrumb":{"@id":"https:\/\/lamillou.ch\/produkt\/warme-decke-velvet-ballerine-xl-140-x-200-cm\/#breadcrumb"},"inLanguage":"en-GB","potentialAction":[{"@type":"ReadAction","target":["https:\/\/lamillou.ch\/produkt\/warme-decke-velvet-ballerine-xl-140-x-200-cm\/"]}]},{"@type":"ImageObject","inLanguage":"en-GB","@id":"https:\/\/lamillou.ch\/produkt\/warme-decke-velvet-ballerine-xl-140-x-200-cm\/#primaryimage","url":"https:\/\/lamillou.ch\/wp-content\/uploads\/2026\/04\/image_1920_eVlzL.jpeg","contentUrl":"https:\/\/lamillou.ch\/wp-content\/uploads\/2026\/04\/image_1920_eVlzL.jpeg","width":1920,"height":1920,"caption":"Warme Decke Velvet BALLERINE - XL - 140 x 200 cm Hauptbild"},{"@type":"BreadcrumbList","@id":"https:\/\/lamillou.ch\/produkt\/warme-decke-velvet-ballerine-xl-140-x-200-cm\/#breadcrumb","itemListElement":[{"@type":"ListItem","position":1,"name":"Home","item":"https:\/\/lamillou.ch\/"},{"@type":"ListItem","position":2,"name":"Shop","item":"https:\/\/lamillou.ch\/shop\/"},{"@type":"ListItem","position":3,"name":"Warme Decke Velvet BALLERINE &#8211; XL &#8211; 140 x 200 cm"}]},{"@type":"WebSite","@id":"https:\/\/lamillou.ch\/#website","url":"https:\/\/lamillou.ch\/","name":"lamillou.ch","description":"","potentialAction":[{"@type":"SearchAction","target":{"@type":"EntryPoint","urlTemplate":"https:\/\/lamillou.ch\/?s={search_term_string}"},"query-input":{"@type":"PropertyValueSpecification","valueRequired":true,"valueName":"search_term_string"}}],"inLanguage":"en-GB"}]}},"_links":{"self":[{"href":"https:\/\/lamillou.ch\/en\/wp-json\/wp\/v2\/product\/29658","targetHints":{"allow":["GET"]}}],"collection":[{"href":"https:\/\/lamillou.ch\/en\/wp-json\/wp\/v2\/product"}],"about":[{"href":"https:\/\/lamillou.ch\/en\/wp-json\/wp\/v2\/types\/product"}],"replies":[{"embeddable":true,"href":"https:\/\/lamillou.ch\/en\/wp-json\/wp\/v2\/comments?post=29658"}],"version-history":[{"count":0,"href":"https:\/\/lamillou.ch\/en\/wp-json\/wp\/v2\/product\/29658\/revisions"}],"wp:featuredmedia":[{"embeddable":true,"href":"https:\/\/lamillou.ch\/en\/wp-json\/wp\/v2\/media\/31765"}],"wp:attachment":[{"href":"https:\/\/lamillou.ch\/en\/wp-json\/wp\/v2\/media?parent=29658"}],"wp:term":[{"taxonomy":"product_brand","embeddable":true,"href":"https:\/\/lamillou.ch\/en\/wp-json\/wp\/v2\/product_brand?post=29658"},{"taxonomy":"product_cat","embeddable":true,"href":"https:\/\/lamillou.ch\/en\/wp-json\/wp\/v2\/product_cat?post=29658"},{"taxonomy":"product_tag","embeddable":true,"href":"https:\/\/lamillou.ch\/en\/wp-json\/wp\/v2\/product_tag?post=29658"}],"curies":[{"name":"wp","href":"https:\/\/api.w.org\/{rel}","templated":true}]}}