{"id":29648,"date":"2026-04-08T13:13:26","date_gmt":"2026-04-08T12:13:26","guid":{"rendered":"https:\/\/lamillou.ch\/produkt\/picknickdecke-velvet-grand-prix-xl-145-x-170-cm\/"},"modified":"2026-04-16T23:27:06","modified_gmt":"2026-04-16T22:27:06","slug":"picknickdecke-velvet-grand-prix-xl-145-x-170-cm","status":"publish","type":"product","link":"https:\/\/lamillou.ch\/en\/product\/picknickdecke-velvet-grand-prix-xl-145-x-170-cm\/","title":{"rendered":"Picknickdecke Velvet GRAND PRIX &#8211; XL &#8211; 145 x 170 cm"},"content":{"rendered":"<p>Eine praktische Picknickmatte, die dringend f\u00fcr Fluchten ausserhalb der Stadt, Spass am Strand und Familienpicknicks sowie als Spielmatte f\u00fcr Ihr Kind ben\u00f6tigt wird, wenn Sie im Freien sind. Die Matte ist mit einer Reissverschlusstasche ausgestattet, die sich perfekt f\u00fcr die Aufbewahrung von Schl\u00fcsseln, Geld oder Brieftasche eignet. An einer der Seiten sind B\u00e4nder zum bequemen Falten der Decke eingen\u00e4ht, w\u00e4hrend ein anderes, l\u00e4ngeres Band das Tragen erleichtert. Das Picknick ist von unten durch einen wasserdichten Stoff gesch\u00fctzt, der es vor feuchten Oberfl\u00e4chen sch\u00fctzt.<\/p>","protected":false},"excerpt":{"rendered":"<p>Eine praktische Picknickmatte, die dringend f\u00fcr Fluchten ausserhalb der Stadt, Spass am Strand und Familienpicknicks sowie als Spielmatte f\u00fcr Ihr<\/p>","protected":false},"featured_media":31775,"comment_status":"open","ping_status":"closed","template":"","meta":[],"product_brand":[88],"product_cat":[301],"product_tag":[],"class_list":{"0":"post-29648","1":"product","2":"type-product","3":"status-publish","4":"has-post-thumbnail","6":"product_brand-la-millou","7":"product_cat-picknickdecken","9":"first","10":"instock","11":"taxable","12":"shipping-taxable","13":"purchasable","14":"product-type-simple"},"yoast_head":"<!-- This site is optimized with the Yoast SEO plugin v27.3 - https:\/\/yoast.com\/product\/yoast-seo-wordpress\/ -->\n<title>Picknickdecke Velvet GRAND PRIX - XL - 145 x 170 cm - lamillou.ch<\/title>\n<meta name=\"description\" content=\"Eine praktische Picknickmatte, die dringend f\u00fcr Fluchten ausserhalb der Stadt, Spass am Strand und Familienpicknicks sowie als Spielmatte f\u00fcr Ihr Kind\" \/>\n<meta name=\"robots\" content=\"index, follow, max-snippet:-1, max-image-preview:large, max-video-preview:-1\" \/>\n<link rel=\"canonical\" href=\"https:\/\/lamillou.ch\/en\/product\/picknickdecke-velvet-grand-prix-xl-145-x-170-cm\/\" \/>\n<meta property=\"og:locale\" content=\"en_GB\" \/>\n<meta property=\"og:type\" content=\"article\" \/>\n<meta property=\"og:title\" content=\"Picknickdecke Velvet GRAND PRIX - XL - 145 x 170 cm - lamillou.ch\" \/>\n<meta property=\"og:description\" content=\"Eine praktische Picknickmatte, die dringend f\u00fcr Fluchten ausserhalb der Stadt, Spass am Strand und Familienpicknicks sowie als Spielmatte f\u00fcr Ihr Kind\" \/>\n<meta property=\"og:url\" content=\"https:\/\/lamillou.ch\/en\/product\/picknickdecke-velvet-grand-prix-xl-145-x-170-cm\/\" \/>\n<meta property=\"og:site_name\" content=\"lamillou.ch\" \/>\n<meta property=\"article:modified_time\" content=\"2026-04-16T22:27:06+00:00\" \/>\n<meta property=\"og:image\" content=\"https:\/\/lamillou.ch\/wp-content\/uploads\/2026\/04\/image_1920_4raTl.jpeg\" \/>\n\t<meta property=\"og:image:width\" content=\"1920\" \/>\n\t<meta property=\"og:image:height\" content=\"1920\" \/>\n\t<meta property=\"og:image:type\" content=\"image\/jpeg\" \/>\n<meta name=\"twitter:card\" content=\"summary_large_image\" \/>\n<script type=\"application\/ld+json\" class=\"yoast-schema-graph\">{\"@context\":\"https:\\\/\\\/schema.org\",\"@graph\":[{\"@type\":\"WebPage\",\"@id\":\"https:\\\/\\\/lamillou.ch\\\/produkt\\\/picknickdecke-velvet-grand-prix-xl-145-x-170-cm\\\/\",\"url\":\"https:\\\/\\\/lamillou.ch\\\/produkt\\\/picknickdecke-velvet-grand-prix-xl-145-x-170-cm\\\/\",\"name\":\"Picknickdecke Velvet GRAND PRIX - XL - 145 x 170 cm - lamillou.ch\",\"isPartOf\":{\"@id\":\"https:\\\/\\\/lamillou.ch\\\/#website\"},\"primaryImageOfPage\":{\"@id\":\"https:\\\/\\\/lamillou.ch\\\/produkt\\\/picknickdecke-velvet-grand-prix-xl-145-x-170-cm\\\/#primaryimage\"},\"image\":{\"@id\":\"https:\\\/\\\/lamillou.ch\\\/produkt\\\/picknickdecke-velvet-grand-prix-xl-145-x-170-cm\\\/#primaryimage\"},\"thumbnailUrl\":\"https:\\\/\\\/lamillou.ch\\\/wp-content\\\/uploads\\\/2026\\\/04\\\/image_1920_4raTl.jpeg\",\"datePublished\":\"2026-04-08T12:13:26+00:00\",\"dateModified\":\"2026-04-16T22:27:06+00:00\",\"description\":\"Eine praktische Picknickmatte, die dringend f\u00fcr Fluchten ausserhalb der Stadt, Spass am Strand und Familienpicknicks sowie als Spielmatte f\u00fcr Ihr Kind\",\"breadcrumb\":{\"@id\":\"https:\\\/\\\/lamillou.ch\\\/produkt\\\/picknickdecke-velvet-grand-prix-xl-145-x-170-cm\\\/#breadcrumb\"},\"inLanguage\":\"en-GB\",\"potentialAction\":[{\"@type\":\"ReadAction\",\"target\":[\"https:\\\/\\\/lamillou.ch\\\/produkt\\\/picknickdecke-velvet-grand-prix-xl-145-x-170-cm\\\/\"]}]},{\"@type\":\"ImageObject\",\"inLanguage\":\"en-GB\",\"@id\":\"https:\\\/\\\/lamillou.ch\\\/produkt\\\/picknickdecke-velvet-grand-prix-xl-145-x-170-cm\\\/#primaryimage\",\"url\":\"https:\\\/\\\/lamillou.ch\\\/wp-content\\\/uploads\\\/2026\\\/04\\\/image_1920_4raTl.jpeg\",\"contentUrl\":\"https:\\\/\\\/lamillou.ch\\\/wp-content\\\/uploads\\\/2026\\\/04\\\/image_1920_4raTl.jpeg\",\"width\":1920,\"height\":1920,\"caption\":\"Picknickdecke Velvet GRAND PRIX - XL - 145 x 170 cm Hauptbild\"},{\"@type\":\"BreadcrumbList\",\"@id\":\"https:\\\/\\\/lamillou.ch\\\/produkt\\\/picknickdecke-velvet-grand-prix-xl-145-x-170-cm\\\/#breadcrumb\",\"itemListElement\":[{\"@type\":\"ListItem\",\"position\":1,\"name\":\"Home\",\"item\":\"https:\\\/\\\/lamillou.ch\\\/\"},{\"@type\":\"ListItem\",\"position\":2,\"name\":\"Shop\",\"item\":\"https:\\\/\\\/lamillou.ch\\\/shop\\\/\"},{\"@type\":\"ListItem\",\"position\":3,\"name\":\"Picknickdecke Velvet GRAND PRIX &#8211; XL &#8211; 145 x 170 cm\"}]},{\"@type\":\"WebSite\",\"@id\":\"https:\\\/\\\/lamillou.ch\\\/#website\",\"url\":\"https:\\\/\\\/lamillou.ch\\\/\",\"name\":\"lamillou.ch\",\"description\":\"\",\"potentialAction\":[{\"@type\":\"SearchAction\",\"target\":{\"@type\":\"EntryPoint\",\"urlTemplate\":\"https:\\\/\\\/lamillou.ch\\\/?s={search_term_string}\"},\"query-input\":{\"@type\":\"PropertyValueSpecification\",\"valueRequired\":true,\"valueName\":\"search_term_string\"}}],\"inLanguage\":\"en-GB\"}]}<\/script>\n<!-- \/ Yoast SEO plugin. -->","yoast_head_json":{"title":"Picknickdecke Velvet GRAND PRIX - XL - 145 x 170 cm - lamillou.ch","description":"Eine praktische Picknickmatte, die dringend f\u00fcr Fluchten ausserhalb der Stadt, Spass am Strand und Familienpicknicks sowie als Spielmatte f\u00fcr Ihr Kind","robots":{"index":"index","follow":"follow","max-snippet":"max-snippet:-1","max-image-preview":"max-image-preview:large","max-video-preview":"max-video-preview:-1"},"canonical":"https:\/\/lamillou.ch\/en\/product\/picknickdecke-velvet-grand-prix-xl-145-x-170-cm\/","og_locale":"en_GB","og_type":"article","og_title":"Picknickdecke Velvet GRAND PRIX - XL - 145 x 170 cm - lamillou.ch","og_description":"Eine praktische Picknickmatte, die dringend f\u00fcr Fluchten ausserhalb der Stadt, Spass am Strand und Familienpicknicks sowie als Spielmatte f\u00fcr Ihr Kind","og_url":"https:\/\/lamillou.ch\/en\/product\/picknickdecke-velvet-grand-prix-xl-145-x-170-cm\/","og_site_name":"lamillou.ch","article_modified_time":"2026-04-16T22:27:06+00:00","og_image":[{"width":1920,"height":1920,"url":"https:\/\/lamillou.ch\/wp-content\/uploads\/2026\/04\/image_1920_4raTl.jpeg","type":"image\/jpeg"}],"twitter_card":"summary_large_image","schema":{"@context":"https:\/\/schema.org","@graph":[{"@type":"WebPage","@id":"https:\/\/lamillou.ch\/produkt\/picknickdecke-velvet-grand-prix-xl-145-x-170-cm\/","url":"https:\/\/lamillou.ch\/produkt\/picknickdecke-velvet-grand-prix-xl-145-x-170-cm\/","name":"Picknickdecke Velvet GRAND PRIX - XL - 145 x 170 cm - lamillou.ch","isPartOf":{"@id":"https:\/\/lamillou.ch\/#website"},"primaryImageOfPage":{"@id":"https:\/\/lamillou.ch\/produkt\/picknickdecke-velvet-grand-prix-xl-145-x-170-cm\/#primaryimage"},"image":{"@id":"https:\/\/lamillou.ch\/produkt\/picknickdecke-velvet-grand-prix-xl-145-x-170-cm\/#primaryimage"},"thumbnailUrl":"https:\/\/lamillou.ch\/wp-content\/uploads\/2026\/04\/image_1920_4raTl.jpeg","datePublished":"2026-04-08T12:13:26+00:00","dateModified":"2026-04-16T22:27:06+00:00","description":"Eine praktische Picknickmatte, die dringend f\u00fcr Fluchten ausserhalb der Stadt, Spass am Strand und Familienpicknicks sowie als Spielmatte f\u00fcr Ihr Kind","breadcrumb":{"@id":"https:\/\/lamillou.ch\/produkt\/picknickdecke-velvet-grand-prix-xl-145-x-170-cm\/#breadcrumb"},"inLanguage":"en-GB","potentialAction":[{"@type":"ReadAction","target":["https:\/\/lamillou.ch\/produkt\/picknickdecke-velvet-grand-prix-xl-145-x-170-cm\/"]}]},{"@type":"ImageObject","inLanguage":"en-GB","@id":"https:\/\/lamillou.ch\/produkt\/picknickdecke-velvet-grand-prix-xl-145-x-170-cm\/#primaryimage","url":"https:\/\/lamillou.ch\/wp-content\/uploads\/2026\/04\/image_1920_4raTl.jpeg","contentUrl":"https:\/\/lamillou.ch\/wp-content\/uploads\/2026\/04\/image_1920_4raTl.jpeg","width":1920,"height":1920,"caption":"Picknickdecke Velvet GRAND PRIX - XL - 145 x 170 cm Hauptbild"},{"@type":"BreadcrumbList","@id":"https:\/\/lamillou.ch\/produkt\/picknickdecke-velvet-grand-prix-xl-145-x-170-cm\/#breadcrumb","itemListElement":[{"@type":"ListItem","position":1,"name":"Home","item":"https:\/\/lamillou.ch\/"},{"@type":"ListItem","position":2,"name":"Shop","item":"https:\/\/lamillou.ch\/shop\/"},{"@type":"ListItem","position":3,"name":"Picknickdecke Velvet GRAND PRIX &#8211; XL &#8211; 145 x 170 cm"}]},{"@type":"WebSite","@id":"https:\/\/lamillou.ch\/#website","url":"https:\/\/lamillou.ch\/","name":"lamillou.ch","description":"","potentialAction":[{"@type":"SearchAction","target":{"@type":"EntryPoint","urlTemplate":"https:\/\/lamillou.ch\/?s={search_term_string}"},"query-input":{"@type":"PropertyValueSpecification","valueRequired":true,"valueName":"search_term_string"}}],"inLanguage":"en-GB"}]}},"_links":{"self":[{"href":"https:\/\/lamillou.ch\/en\/wp-json\/wp\/v2\/product\/29648","targetHints":{"allow":["GET"]}}],"collection":[{"href":"https:\/\/lamillou.ch\/en\/wp-json\/wp\/v2\/product"}],"about":[{"href":"https:\/\/lamillou.ch\/en\/wp-json\/wp\/v2\/types\/product"}],"replies":[{"embeddable":true,"href":"https:\/\/lamillou.ch\/en\/wp-json\/wp\/v2\/comments?post=29648"}],"version-history":[{"count":0,"href":"https:\/\/lamillou.ch\/en\/wp-json\/wp\/v2\/product\/29648\/revisions"}],"wp:featuredmedia":[{"embeddable":true,"href":"https:\/\/lamillou.ch\/en\/wp-json\/wp\/v2\/media\/31775"}],"wp:attachment":[{"href":"https:\/\/lamillou.ch\/en\/wp-json\/wp\/v2\/media?parent=29648"}],"wp:term":[{"taxonomy":"product_brand","embeddable":true,"href":"https:\/\/lamillou.ch\/en\/wp-json\/wp\/v2\/product_brand?post=29648"},{"taxonomy":"product_cat","embeddable":true,"href":"https:\/\/lamillou.ch\/en\/wp-json\/wp\/v2\/product_cat?post=29648"},{"taxonomy":"product_tag","embeddable":true,"href":"https:\/\/lamillou.ch\/en\/wp-json\/wp\/v2\/product_tag?post=29648"}],"curies":[{"name":"wp","href":"https:\/\/api.w.org\/{rel}","templated":true}]}}