{"id":29646,"date":"2026-04-08T13:13:26","date_gmt":"2026-04-08T12:13:26","guid":{"rendered":"https:\/\/lamillou.ch\/produkt\/einschlagdecke-grand-prix-s-75-x-75-cm\/"},"modified":"2026-04-22T11:34:57","modified_gmt":"2026-04-22T10:34:57","slug":"einschlagdecke-grand-prix-s-75-x-75-cm","status":"publish","type":"product","link":"https:\/\/lamillou.ch\/en\/product\/einschlagdecke-grand-prix-s-75-x-75-cm\/","title":{"rendered":"Einschlagdecke GRAND PRIX &#8211; S &#8211; 75 x 75 cm"},"content":{"rendered":"<p>Eine klassische und bezaubernde Einschlagdecke GRAND PRIX &#8211; S &#8211; 75 x 75 cm  oder Babyh\u00f6rnchen, das Ihr Baby ab dem Tag der Geburt umh\u00fcllt. Die H\u00f6rnchen geben dem Baby das Gef\u00fchl von Geborgenheit wie in Mamas Bauch, beruhigen das Baby und erleichtern ihm das Einschlafen. Es ist aus hochwertigster Baumwolle gefertigt und mit zwei F\u00fcllschichten gef\u00fcllt. Die erste Schicht ist eine Standard-H\u00f6rnchenf\u00fcllung, die steif genug ist, um das Baby von den ersten Momenten an sicher und fest zu halten. Die zweite Schicht ist viel d\u00fcnner und luftiger, damit es f\u00fcr das Baby bequemer ist.  In das H\u00f6rnchen sind ausserdem B\u00e4nder eingen\u00e4ht, die es erm\u00f6glichen, die Gr\u00f6sse zu verstellen.<\/p>","protected":false},"excerpt":{"rendered":"<p>Eine klassische und bezaubernde Einschlagdecke GRAND PRIX &#8211; S &#8211; 75 x 75 cm oder Babyh\u00f6rnchen, das Ihr Baby ab<\/p>","protected":false},"featured_media":31777,"comment_status":"open","ping_status":"closed","template":"","meta":[],"product_brand":[88],"product_cat":[297],"product_tag":[],"class_list":{"0":"post-29646","1":"product","2":"type-product","3":"status-publish","4":"has-post-thumbnail","6":"product_brand-la-millou","7":"product_cat-einschlagdecke","9":"first","10":"instock","11":"taxable","12":"shipping-taxable","13":"purchasable","14":"product-type-simple"},"yoast_head":"<!-- This site is optimized with the Yoast SEO plugin v27.3 - https:\/\/yoast.com\/product\/yoast-seo-wordpress\/ -->\n<title>Einschlagdecke GRAND PRIX - S - 75 x 75 cm - lamillou.ch<\/title>\n<meta name=\"description\" content=\"Eine klassische und bezaubernde Einschlagdecke GRAND PRIX - S - 75 x 75 cm oder Babyh\u00f6rnchen, das Ihr Baby ab dem Tag der Geburt umh\u00fcllt. Die H\u00f6rnchen\" \/>\n<meta name=\"robots\" content=\"index, follow, max-snippet:-1, max-image-preview:large, max-video-preview:-1\" \/>\n<link rel=\"canonical\" href=\"https:\/\/lamillou.ch\/en\/product\/einschlagdecke-grand-prix-s-75-x-75-cm\/\" \/>\n<meta property=\"og:locale\" content=\"en_GB\" \/>\n<meta property=\"og:type\" content=\"article\" \/>\n<meta property=\"og:title\" content=\"Einschlagdecke GRAND PRIX - S - 75 x 75 cm - lamillou.ch\" \/>\n<meta property=\"og:description\" content=\"Eine klassische und bezaubernde Einschlagdecke GRAND PRIX - S - 75 x 75 cm oder Babyh\u00f6rnchen, das Ihr Baby ab dem Tag der Geburt umh\u00fcllt. Die H\u00f6rnchen\" \/>\n<meta property=\"og:url\" content=\"https:\/\/lamillou.ch\/en\/product\/einschlagdecke-grand-prix-s-75-x-75-cm\/\" \/>\n<meta property=\"og:site_name\" content=\"lamillou.ch\" \/>\n<meta property=\"article:modified_time\" content=\"2026-04-22T10:34:57+00:00\" \/>\n<meta property=\"og:image\" content=\"https:\/\/lamillou.ch\/wp-content\/uploads\/2026\/04\/image_1920_DOKHX.jpeg\" \/>\n\t<meta property=\"og:image:width\" content=\"1920\" \/>\n\t<meta property=\"og:image:height\" content=\"1920\" \/>\n\t<meta property=\"og:image:type\" content=\"image\/jpeg\" \/>\n<meta name=\"twitter:card\" content=\"summary_large_image\" \/>\n<meta name=\"twitter:label1\" content=\"Estimated reading time\" \/>\n\t<meta name=\"twitter:data1\" content=\"1 minute\" \/>\n<script type=\"application\/ld+json\" class=\"yoast-schema-graph\">{\"@context\":\"https:\\\/\\\/schema.org\",\"@graph\":[{\"@type\":\"WebPage\",\"@id\":\"https:\\\/\\\/lamillou.ch\\\/produkt\\\/einschlagdecke-grand-prix-s-75-x-75-cm\\\/\",\"url\":\"https:\\\/\\\/lamillou.ch\\\/produkt\\\/einschlagdecke-grand-prix-s-75-x-75-cm\\\/\",\"name\":\"Einschlagdecke GRAND PRIX - S - 75 x 75 cm - lamillou.ch\",\"isPartOf\":{\"@id\":\"https:\\\/\\\/lamillou.ch\\\/#website\"},\"primaryImageOfPage\":{\"@id\":\"https:\\\/\\\/lamillou.ch\\\/produkt\\\/einschlagdecke-grand-prix-s-75-x-75-cm\\\/#primaryimage\"},\"image\":{\"@id\":\"https:\\\/\\\/lamillou.ch\\\/produkt\\\/einschlagdecke-grand-prix-s-75-x-75-cm\\\/#primaryimage\"},\"thumbnailUrl\":\"https:\\\/\\\/lamillou.ch\\\/wp-content\\\/uploads\\\/2026\\\/04\\\/image_1920_DOKHX.jpeg\",\"datePublished\":\"2026-04-08T12:13:26+00:00\",\"dateModified\":\"2026-04-22T10:34:57+00:00\",\"description\":\"Eine klassische und bezaubernde Einschlagdecke GRAND PRIX - S - 75 x 75 cm oder Babyh\u00f6rnchen, das Ihr Baby ab dem Tag der Geburt umh\u00fcllt. Die H\u00f6rnchen\",\"breadcrumb\":{\"@id\":\"https:\\\/\\\/lamillou.ch\\\/produkt\\\/einschlagdecke-grand-prix-s-75-x-75-cm\\\/#breadcrumb\"},\"inLanguage\":\"en-GB\",\"potentialAction\":[{\"@type\":\"ReadAction\",\"target\":[\"https:\\\/\\\/lamillou.ch\\\/produkt\\\/einschlagdecke-grand-prix-s-75-x-75-cm\\\/\"]}]},{\"@type\":\"ImageObject\",\"inLanguage\":\"en-GB\",\"@id\":\"https:\\\/\\\/lamillou.ch\\\/produkt\\\/einschlagdecke-grand-prix-s-75-x-75-cm\\\/#primaryimage\",\"url\":\"https:\\\/\\\/lamillou.ch\\\/wp-content\\\/uploads\\\/2026\\\/04\\\/image_1920_DOKHX.jpeg\",\"contentUrl\":\"https:\\\/\\\/lamillou.ch\\\/wp-content\\\/uploads\\\/2026\\\/04\\\/image_1920_DOKHX.jpeg\",\"width\":1920,\"height\":1920,\"caption\":\"Einschlagdecke GRAND PRIX - S - 75 x 75 cm Hauptbild\"},{\"@type\":\"BreadcrumbList\",\"@id\":\"https:\\\/\\\/lamillou.ch\\\/produkt\\\/einschlagdecke-grand-prix-s-75-x-75-cm\\\/#breadcrumb\",\"itemListElement\":[{\"@type\":\"ListItem\",\"position\":1,\"name\":\"Home\",\"item\":\"https:\\\/\\\/lamillou.ch\\\/\"},{\"@type\":\"ListItem\",\"position\":2,\"name\":\"Shop\",\"item\":\"https:\\\/\\\/lamillou.ch\\\/shop\\\/\"},{\"@type\":\"ListItem\",\"position\":3,\"name\":\"Einschlagdecke GRAND PRIX &#8211; S &#8211; 75 x 75 cm\"}]},{\"@type\":\"WebSite\",\"@id\":\"https:\\\/\\\/lamillou.ch\\\/#website\",\"url\":\"https:\\\/\\\/lamillou.ch\\\/\",\"name\":\"lamillou.ch\",\"description\":\"\",\"potentialAction\":[{\"@type\":\"SearchAction\",\"target\":{\"@type\":\"EntryPoint\",\"urlTemplate\":\"https:\\\/\\\/lamillou.ch\\\/?s={search_term_string}\"},\"query-input\":{\"@type\":\"PropertyValueSpecification\",\"valueRequired\":true,\"valueName\":\"search_term_string\"}}],\"inLanguage\":\"en-GB\"}]}<\/script>\n<!-- \/ Yoast SEO plugin. -->","yoast_head_json":{"title":"Einschlagdecke GRAND PRIX - S - 75 x 75 cm - lamillou.ch","description":"Eine klassische und bezaubernde Einschlagdecke GRAND PRIX - S - 75 x 75 cm oder Babyh\u00f6rnchen, das Ihr Baby ab dem Tag der Geburt umh\u00fcllt. Die H\u00f6rnchen","robots":{"index":"index","follow":"follow","max-snippet":"max-snippet:-1","max-image-preview":"max-image-preview:large","max-video-preview":"max-video-preview:-1"},"canonical":"https:\/\/lamillou.ch\/en\/product\/einschlagdecke-grand-prix-s-75-x-75-cm\/","og_locale":"en_GB","og_type":"article","og_title":"Einschlagdecke GRAND PRIX - S - 75 x 75 cm - lamillou.ch","og_description":"Eine klassische und bezaubernde Einschlagdecke GRAND PRIX - S - 75 x 75 cm oder Babyh\u00f6rnchen, das Ihr Baby ab dem Tag der Geburt umh\u00fcllt. Die H\u00f6rnchen","og_url":"https:\/\/lamillou.ch\/en\/product\/einschlagdecke-grand-prix-s-75-x-75-cm\/","og_site_name":"lamillou.ch","article_modified_time":"2026-04-22T10:34:57+00:00","og_image":[{"width":1920,"height":1920,"url":"https:\/\/lamillou.ch\/wp-content\/uploads\/2026\/04\/image_1920_DOKHX.jpeg","type":"image\/jpeg"}],"twitter_card":"summary_large_image","twitter_misc":{"Estimated reading time":"1 minute"},"schema":{"@context":"https:\/\/schema.org","@graph":[{"@type":"WebPage","@id":"https:\/\/lamillou.ch\/produkt\/einschlagdecke-grand-prix-s-75-x-75-cm\/","url":"https:\/\/lamillou.ch\/produkt\/einschlagdecke-grand-prix-s-75-x-75-cm\/","name":"Einschlagdecke GRAND PRIX - S - 75 x 75 cm - lamillou.ch","isPartOf":{"@id":"https:\/\/lamillou.ch\/#website"},"primaryImageOfPage":{"@id":"https:\/\/lamillou.ch\/produkt\/einschlagdecke-grand-prix-s-75-x-75-cm\/#primaryimage"},"image":{"@id":"https:\/\/lamillou.ch\/produkt\/einschlagdecke-grand-prix-s-75-x-75-cm\/#primaryimage"},"thumbnailUrl":"https:\/\/lamillou.ch\/wp-content\/uploads\/2026\/04\/image_1920_DOKHX.jpeg","datePublished":"2026-04-08T12:13:26+00:00","dateModified":"2026-04-22T10:34:57+00:00","description":"Eine klassische und bezaubernde Einschlagdecke GRAND PRIX - S - 75 x 75 cm oder Babyh\u00f6rnchen, das Ihr Baby ab dem Tag der Geburt umh\u00fcllt. Die H\u00f6rnchen","breadcrumb":{"@id":"https:\/\/lamillou.ch\/produkt\/einschlagdecke-grand-prix-s-75-x-75-cm\/#breadcrumb"},"inLanguage":"en-GB","potentialAction":[{"@type":"ReadAction","target":["https:\/\/lamillou.ch\/produkt\/einschlagdecke-grand-prix-s-75-x-75-cm\/"]}]},{"@type":"ImageObject","inLanguage":"en-GB","@id":"https:\/\/lamillou.ch\/produkt\/einschlagdecke-grand-prix-s-75-x-75-cm\/#primaryimage","url":"https:\/\/lamillou.ch\/wp-content\/uploads\/2026\/04\/image_1920_DOKHX.jpeg","contentUrl":"https:\/\/lamillou.ch\/wp-content\/uploads\/2026\/04\/image_1920_DOKHX.jpeg","width":1920,"height":1920,"caption":"Einschlagdecke GRAND PRIX - S - 75 x 75 cm Hauptbild"},{"@type":"BreadcrumbList","@id":"https:\/\/lamillou.ch\/produkt\/einschlagdecke-grand-prix-s-75-x-75-cm\/#breadcrumb","itemListElement":[{"@type":"ListItem","position":1,"name":"Home","item":"https:\/\/lamillou.ch\/"},{"@type":"ListItem","position":2,"name":"Shop","item":"https:\/\/lamillou.ch\/shop\/"},{"@type":"ListItem","position":3,"name":"Einschlagdecke GRAND PRIX &#8211; S &#8211; 75 x 75 cm"}]},{"@type":"WebSite","@id":"https:\/\/lamillou.ch\/#website","url":"https:\/\/lamillou.ch\/","name":"lamillou.ch","description":"","potentialAction":[{"@type":"SearchAction","target":{"@type":"EntryPoint","urlTemplate":"https:\/\/lamillou.ch\/?s={search_term_string}"},"query-input":{"@type":"PropertyValueSpecification","valueRequired":true,"valueName":"search_term_string"}}],"inLanguage":"en-GB"}]}},"_links":{"self":[{"href":"https:\/\/lamillou.ch\/en\/wp-json\/wp\/v2\/product\/29646","targetHints":{"allow":["GET"]}}],"collection":[{"href":"https:\/\/lamillou.ch\/en\/wp-json\/wp\/v2\/product"}],"about":[{"href":"https:\/\/lamillou.ch\/en\/wp-json\/wp\/v2\/types\/product"}],"replies":[{"embeddable":true,"href":"https:\/\/lamillou.ch\/en\/wp-json\/wp\/v2\/comments?post=29646"}],"version-history":[{"count":0,"href":"https:\/\/lamillou.ch\/en\/wp-json\/wp\/v2\/product\/29646\/revisions"}],"wp:featuredmedia":[{"embeddable":true,"href":"https:\/\/lamillou.ch\/en\/wp-json\/wp\/v2\/media\/31777"}],"wp:attachment":[{"href":"https:\/\/lamillou.ch\/en\/wp-json\/wp\/v2\/media?parent=29646"}],"wp:term":[{"taxonomy":"product_brand","embeddable":true,"href":"https:\/\/lamillou.ch\/en\/wp-json\/wp\/v2\/product_brand?post=29646"},{"taxonomy":"product_cat","embeddable":true,"href":"https:\/\/lamillou.ch\/en\/wp-json\/wp\/v2\/product_cat?post=29646"},{"taxonomy":"product_tag","embeddable":true,"href":"https:\/\/lamillou.ch\/en\/wp-json\/wp\/v2\/product_tag?post=29646"}],"curies":[{"name":"wp","href":"https:\/\/api.w.org\/{rel}","templated":true}]}}