{"id":29629,"date":"2026-04-08T13:13:24","date_gmt":"2026-04-08T12:13:24","guid":{"rendered":"https:\/\/lamillou.ch\/produkt\/kinderwagen-organizer-nylon-heartbeat-beige\/"},"modified":"2026-04-16T20:41:46","modified_gmt":"2026-04-16T19:41:46","slug":"kinderwagen-organizer-nylon-heartbeat-beige","status":"publish","type":"product","link":"https:\/\/lamillou.ch\/en\/product\/kinderwagen-organizer-nylon-heartbeat-beige\/","title":{"rendered":"Kinderwagen-Organizer Nylon HEARTBEAT BEIGE"},"content":{"rendered":"<p>Der gesteppten Organizer ist eine funktionale und stilvolle L\u00f6sung f\u00fcr Eltern, die schmale Kinderwagen wie den Cybex Coya, Cybex Mios oder Babyzen YOYO besitzen. Dank des durchdachten Befestigungssystems kann der Organizer einfach am B\u00fcgel des Kinderwagens aufgeh\u00e4ngt oder als elegante Handtasche getragen werden. Dar\u00fcber hinaus verf\u00fcgt der Organizer \u00fcber eingen\u00e4hte B\u00e4nder mit Halbringen, mit denen er mithilfe von Haken am Kinderwagen befestigt oder nach dem Anbringen eines Gurtes als Umh\u00e4ngetasche verwendet werden kann. Der Organizer kann mit Befestigungshaken am Kinderwagen befestigt werden, die im Warenkorb zum Aktionspreis von  \u20ac11.90 erh\u00e4ltlich sind. Der Organizer wird mit einem Druckknopf verschlossen und verf\u00fcgt \u00fcber seitliche Taschen f\u00fcr eine Flasche oder Trinkflasche. Der Organizer zeichnet sich nicht nur durch Funktionalit\u00e4t, sondern auch durch sein elegantes Design aus, das perfekt zu jedem Kinderwagen passt. Dank hochwertiger Materialien ist er langlebig und widerstandsf\u00e4hig gegen den t\u00e4glichen Gebrauch.  Die Vielseitigkeit des Organizers macht ihn zu einem unverzichtbaren Begleiter bei Spazierg\u00e4ngen und Reisen. Eine L\u00f6sung, die selbst die anspruchsvollsten Eltern zufriedenstellt.<\/p>","protected":false},"excerpt":{"rendered":"<p>Der gesteppten Organizer ist eine funktionale und stilvolle L\u00f6sung f\u00fcr Eltern, die schmale Kinderwagen wie den Cybex Coya, Cybex Mios<\/p>","protected":false},"featured_media":31794,"comment_status":"open","ping_status":"closed","template":"","meta":[],"product_brand":[88],"product_cat":[360],"product_tag":[],"class_list":{"0":"post-29629","1":"product","2":"type-product","3":"status-publish","4":"has-post-thumbnail","6":"product_brand-la-millou","7":"product_cat-kinderwagen-organizer","9":"first","10":"instock","11":"taxable","12":"shipping-taxable","13":"purchasable","14":"product-type-simple"},"yoast_head":"<!-- This site is optimized with the Yoast SEO plugin v27.3 - https:\/\/yoast.com\/product\/yoast-seo-wordpress\/ -->\n<title>Kinderwagen-Organizer Nylon HEARTBEAT BEIGE - lamillou.ch<\/title>\n<meta name=\"description\" content=\"Der gesteppten Organizer ist eine funktionale und stilvolle L\u00f6sung f\u00fcr Eltern, die schmale Kinderwagen wie den Cybex Coya, Cybex Mios oder Babyzen YOYO\" \/>\n<meta name=\"robots\" content=\"index, follow, max-snippet:-1, max-image-preview:large, max-video-preview:-1\" \/>\n<link rel=\"canonical\" href=\"https:\/\/lamillou.ch\/en\/product\/kinderwagen-organizer-nylon-heartbeat-beige\/\" \/>\n<meta property=\"og:locale\" content=\"en_GB\" \/>\n<meta property=\"og:type\" content=\"article\" \/>\n<meta property=\"og:title\" content=\"Kinderwagen-Organizer Nylon HEARTBEAT BEIGE - lamillou.ch\" \/>\n<meta property=\"og:description\" content=\"Der gesteppten Organizer ist eine funktionale und stilvolle L\u00f6sung f\u00fcr Eltern, die schmale Kinderwagen wie den Cybex Coya, Cybex Mios oder Babyzen YOYO\" \/>\n<meta property=\"og:url\" content=\"https:\/\/lamillou.ch\/en\/product\/kinderwagen-organizer-nylon-heartbeat-beige\/\" \/>\n<meta property=\"og:site_name\" content=\"lamillou.ch\" \/>\n<meta property=\"article:modified_time\" content=\"2026-04-16T19:41:46+00:00\" \/>\n<meta property=\"og:image\" content=\"https:\/\/lamillou.ch\/wp-content\/uploads\/2026\/04\/image_1920_4fQG-.jpeg\" \/>\n\t<meta property=\"og:image:width\" content=\"1920\" \/>\n\t<meta property=\"og:image:height\" content=\"1920\" \/>\n\t<meta property=\"og:image:type\" content=\"image\/jpeg\" \/>\n<meta name=\"twitter:card\" content=\"summary_large_image\" \/>\n<meta name=\"twitter:label1\" content=\"Estimated reading time\" \/>\n\t<meta name=\"twitter:data1\" content=\"1 minute\" \/>\n<script type=\"application\/ld+json\" class=\"yoast-schema-graph\">{\"@context\":\"https:\\\/\\\/schema.org\",\"@graph\":[{\"@type\":\"WebPage\",\"@id\":\"https:\\\/\\\/lamillou.ch\\\/produkt\\\/kinderwagen-organizer-nylon-heartbeat-beige\\\/\",\"url\":\"https:\\\/\\\/lamillou.ch\\\/produkt\\\/kinderwagen-organizer-nylon-heartbeat-beige\\\/\",\"name\":\"Kinderwagen-Organizer Nylon HEARTBEAT BEIGE - lamillou.ch\",\"isPartOf\":{\"@id\":\"https:\\\/\\\/lamillou.ch\\\/#website\"},\"primaryImageOfPage\":{\"@id\":\"https:\\\/\\\/lamillou.ch\\\/produkt\\\/kinderwagen-organizer-nylon-heartbeat-beige\\\/#primaryimage\"},\"image\":{\"@id\":\"https:\\\/\\\/lamillou.ch\\\/produkt\\\/kinderwagen-organizer-nylon-heartbeat-beige\\\/#primaryimage\"},\"thumbnailUrl\":\"https:\\\/\\\/lamillou.ch\\\/wp-content\\\/uploads\\\/2026\\\/04\\\/image_1920_4fQG-.jpeg\",\"datePublished\":\"2026-04-08T12:13:24+00:00\",\"dateModified\":\"2026-04-16T19:41:46+00:00\",\"description\":\"Der gesteppten Organizer ist eine funktionale und stilvolle L\u00f6sung f\u00fcr Eltern, die schmale Kinderwagen wie den Cybex Coya, Cybex Mios oder Babyzen YOYO\",\"breadcrumb\":{\"@id\":\"https:\\\/\\\/lamillou.ch\\\/produkt\\\/kinderwagen-organizer-nylon-heartbeat-beige\\\/#breadcrumb\"},\"inLanguage\":\"en-GB\",\"potentialAction\":[{\"@type\":\"ReadAction\",\"target\":[\"https:\\\/\\\/lamillou.ch\\\/produkt\\\/kinderwagen-organizer-nylon-heartbeat-beige\\\/\"]}]},{\"@type\":\"ImageObject\",\"inLanguage\":\"en-GB\",\"@id\":\"https:\\\/\\\/lamillou.ch\\\/produkt\\\/kinderwagen-organizer-nylon-heartbeat-beige\\\/#primaryimage\",\"url\":\"https:\\\/\\\/lamillou.ch\\\/wp-content\\\/uploads\\\/2026\\\/04\\\/image_1920_4fQG-.jpeg\",\"contentUrl\":\"https:\\\/\\\/lamillou.ch\\\/wp-content\\\/uploads\\\/2026\\\/04\\\/image_1920_4fQG-.jpeg\",\"width\":1920,\"height\":1920,\"caption\":\"Kinderwagen-Organizer Nylon HEARTBEAT BEIGE Hauptbild\"},{\"@type\":\"BreadcrumbList\",\"@id\":\"https:\\\/\\\/lamillou.ch\\\/produkt\\\/kinderwagen-organizer-nylon-heartbeat-beige\\\/#breadcrumb\",\"itemListElement\":[{\"@type\":\"ListItem\",\"position\":1,\"name\":\"Home\",\"item\":\"https:\\\/\\\/lamillou.ch\\\/\"},{\"@type\":\"ListItem\",\"position\":2,\"name\":\"Shop\",\"item\":\"https:\\\/\\\/lamillou.ch\\\/shop\\\/\"},{\"@type\":\"ListItem\",\"position\":3,\"name\":\"Kinderwagen-Organizer Nylon HEARTBEAT BEIGE\"}]},{\"@type\":\"WebSite\",\"@id\":\"https:\\\/\\\/lamillou.ch\\\/#website\",\"url\":\"https:\\\/\\\/lamillou.ch\\\/\",\"name\":\"lamillou.ch\",\"description\":\"\",\"potentialAction\":[{\"@type\":\"SearchAction\",\"target\":{\"@type\":\"EntryPoint\",\"urlTemplate\":\"https:\\\/\\\/lamillou.ch\\\/?s={search_term_string}\"},\"query-input\":{\"@type\":\"PropertyValueSpecification\",\"valueRequired\":true,\"valueName\":\"search_term_string\"}}],\"inLanguage\":\"en-GB\"}]}<\/script>\n<!-- \/ Yoast SEO plugin. -->","yoast_head_json":{"title":"Kinderwagen-Organizer Nylon HEARTBEAT BEIGE - lamillou.ch","description":"Der gesteppten Organizer ist eine funktionale und stilvolle L\u00f6sung f\u00fcr Eltern, die schmale Kinderwagen wie den Cybex Coya, Cybex Mios oder Babyzen YOYO","robots":{"index":"index","follow":"follow","max-snippet":"max-snippet:-1","max-image-preview":"max-image-preview:large","max-video-preview":"max-video-preview:-1"},"canonical":"https:\/\/lamillou.ch\/en\/product\/kinderwagen-organizer-nylon-heartbeat-beige\/","og_locale":"en_GB","og_type":"article","og_title":"Kinderwagen-Organizer Nylon HEARTBEAT BEIGE - lamillou.ch","og_description":"Der gesteppten Organizer ist eine funktionale und stilvolle L\u00f6sung f\u00fcr Eltern, die schmale Kinderwagen wie den Cybex Coya, Cybex Mios oder Babyzen YOYO","og_url":"https:\/\/lamillou.ch\/en\/product\/kinderwagen-organizer-nylon-heartbeat-beige\/","og_site_name":"lamillou.ch","article_modified_time":"2026-04-16T19:41:46+00:00","og_image":[{"width":1920,"height":1920,"url":"https:\/\/lamillou.ch\/wp-content\/uploads\/2026\/04\/image_1920_4fQG-.jpeg","type":"image\/jpeg"}],"twitter_card":"summary_large_image","twitter_misc":{"Estimated reading time":"1 minute"},"schema":{"@context":"https:\/\/schema.org","@graph":[{"@type":"WebPage","@id":"https:\/\/lamillou.ch\/produkt\/kinderwagen-organizer-nylon-heartbeat-beige\/","url":"https:\/\/lamillou.ch\/produkt\/kinderwagen-organizer-nylon-heartbeat-beige\/","name":"Kinderwagen-Organizer Nylon HEARTBEAT BEIGE - lamillou.ch","isPartOf":{"@id":"https:\/\/lamillou.ch\/#website"},"primaryImageOfPage":{"@id":"https:\/\/lamillou.ch\/produkt\/kinderwagen-organizer-nylon-heartbeat-beige\/#primaryimage"},"image":{"@id":"https:\/\/lamillou.ch\/produkt\/kinderwagen-organizer-nylon-heartbeat-beige\/#primaryimage"},"thumbnailUrl":"https:\/\/lamillou.ch\/wp-content\/uploads\/2026\/04\/image_1920_4fQG-.jpeg","datePublished":"2026-04-08T12:13:24+00:00","dateModified":"2026-04-16T19:41:46+00:00","description":"Der gesteppten Organizer ist eine funktionale und stilvolle L\u00f6sung f\u00fcr Eltern, die schmale Kinderwagen wie den Cybex Coya, Cybex Mios oder Babyzen YOYO","breadcrumb":{"@id":"https:\/\/lamillou.ch\/produkt\/kinderwagen-organizer-nylon-heartbeat-beige\/#breadcrumb"},"inLanguage":"en-GB","potentialAction":[{"@type":"ReadAction","target":["https:\/\/lamillou.ch\/produkt\/kinderwagen-organizer-nylon-heartbeat-beige\/"]}]},{"@type":"ImageObject","inLanguage":"en-GB","@id":"https:\/\/lamillou.ch\/produkt\/kinderwagen-organizer-nylon-heartbeat-beige\/#primaryimage","url":"https:\/\/lamillou.ch\/wp-content\/uploads\/2026\/04\/image_1920_4fQG-.jpeg","contentUrl":"https:\/\/lamillou.ch\/wp-content\/uploads\/2026\/04\/image_1920_4fQG-.jpeg","width":1920,"height":1920,"caption":"Kinderwagen-Organizer Nylon HEARTBEAT BEIGE Hauptbild"},{"@type":"BreadcrumbList","@id":"https:\/\/lamillou.ch\/produkt\/kinderwagen-organizer-nylon-heartbeat-beige\/#breadcrumb","itemListElement":[{"@type":"ListItem","position":1,"name":"Home","item":"https:\/\/lamillou.ch\/"},{"@type":"ListItem","position":2,"name":"Shop","item":"https:\/\/lamillou.ch\/shop\/"},{"@type":"ListItem","position":3,"name":"Kinderwagen-Organizer Nylon HEARTBEAT BEIGE"}]},{"@type":"WebSite","@id":"https:\/\/lamillou.ch\/#website","url":"https:\/\/lamillou.ch\/","name":"lamillou.ch","description":"","potentialAction":[{"@type":"SearchAction","target":{"@type":"EntryPoint","urlTemplate":"https:\/\/lamillou.ch\/?s={search_term_string}"},"query-input":{"@type":"PropertyValueSpecification","valueRequired":true,"valueName":"search_term_string"}}],"inLanguage":"en-GB"}]}},"_links":{"self":[{"href":"https:\/\/lamillou.ch\/en\/wp-json\/wp\/v2\/product\/29629","targetHints":{"allow":["GET"]}}],"collection":[{"href":"https:\/\/lamillou.ch\/en\/wp-json\/wp\/v2\/product"}],"about":[{"href":"https:\/\/lamillou.ch\/en\/wp-json\/wp\/v2\/types\/product"}],"replies":[{"embeddable":true,"href":"https:\/\/lamillou.ch\/en\/wp-json\/wp\/v2\/comments?post=29629"}],"version-history":[{"count":0,"href":"https:\/\/lamillou.ch\/en\/wp-json\/wp\/v2\/product\/29629\/revisions"}],"wp:featuredmedia":[{"embeddable":true,"href":"https:\/\/lamillou.ch\/en\/wp-json\/wp\/v2\/media\/31794"}],"wp:attachment":[{"href":"https:\/\/lamillou.ch\/en\/wp-json\/wp\/v2\/media?parent=29629"}],"wp:term":[{"taxonomy":"product_brand","embeddable":true,"href":"https:\/\/lamillou.ch\/en\/wp-json\/wp\/v2\/product_brand?post=29629"},{"taxonomy":"product_cat","embeddable":true,"href":"https:\/\/lamillou.ch\/en\/wp-json\/wp\/v2\/product_cat?post=29629"},{"taxonomy":"product_tag","embeddable":true,"href":"https:\/\/lamillou.ch\/en\/wp-json\/wp\/v2\/product_tag?post=29629"}],"curies":[{"name":"wp","href":"https:\/\/api.w.org\/{rel}","templated":true}]}}