{"id":29600,"date":"2026-04-08T13:12:24","date_gmt":"2026-04-08T12:12:24","guid":{"rendered":"https:\/\/lamillou.ch\/produkt\/rucksack-teddy-bear-latte\/"},"modified":"2026-04-16T19:25:04","modified_gmt":"2026-04-16T18:25:04","slug":"rucksack-teddy-bear-latte","status":"publish","type":"product","link":"https:\/\/lamillou.ch\/en\/product\/rucksack-teddy-bear-latte\/","title":{"rendered":"Rucksack Teddy Bear LATTE"},"content":{"rendered":"<p>Ein gesteppter Nylon-Rucksack ist die perfekte L\u00f6sung f\u00fcr Eltern, die schmale Kinderwagen wie den Cybex Coya, Cybex Mios oder Babyzen YOYO verwenden. Dank seines durchdachten Designs l\u00e4sst sich der Rucksack leicht mit Kordeln zusammenziehen, was Komfort und schnellen Zugriff auf die verstauten Gegenst\u00e4nde erm\u00f6glicht. *Im Inneren befindet sich eine kleine Tasche, die f\u00fcr die sichere Aufbewahrung von Wertgegenst\u00e4nden wie Schl\u00fcsseln oder einem Telefon sorgt. *Der Rucksack kann mit Haken am Kinderwagen befestigt werden. *Die angen\u00e4hten Griffe erm\u00f6glichen es Ihn auch als Tasche zu tragen. Er l\u00e4sst sich leicht auf dem R\u00fccken tragen, was ihn \u00e4usserst vielseitig und praktisch macht. Sein elegantes Design passt perfekt zu jedem Kinderwagen und bietet Komfort und Stil in einem. Eine L\u00f6sung, die selbst den anspruchsvollsten Eltern gerecht wird.<\/p>","protected":false},"excerpt":{"rendered":"<p>Ein gesteppter Nylon-Rucksack ist die perfekte L\u00f6sung f\u00fcr Eltern, die schmale Kinderwagen wie den Cybex Coya, Cybex Mios oder Babyzen<\/p>","protected":false},"featured_media":31823,"comment_status":"open","ping_status":"closed","template":"","meta":[],"product_brand":[88],"product_cat":[393],"product_tag":[],"class_list":{"0":"post-29600","1":"product","2":"type-product","3":"status-publish","4":"has-post-thumbnail","6":"product_brand-la-millou","7":"product_cat-kinderwagenrucksaecke","9":"first","10":"instock","11":"taxable","12":"shipping-taxable","13":"purchasable","14":"product-type-simple"},"yoast_head":"<!-- This site is optimized with the Yoast SEO plugin v27.3 - https:\/\/yoast.com\/product\/yoast-seo-wordpress\/ -->\n<title>Rucksack Teddy Bear LATTE - lamillou.ch<\/title>\n<meta name=\"robots\" content=\"index, follow, max-snippet:-1, max-image-preview:large, max-video-preview:-1\" \/>\n<link rel=\"canonical\" href=\"https:\/\/lamillou.ch\/en\/product\/rucksack-teddy-bear-latte\/\" \/>\n<meta property=\"og:locale\" content=\"en_GB\" \/>\n<meta property=\"og:type\" content=\"article\" \/>\n<meta property=\"og:title\" content=\"Rucksack Teddy Bear LATTE - lamillou.ch\" \/>\n<meta property=\"og:description\" content=\"Ein gesteppter Nylon-Rucksack ist die perfekte L\u00f6sung f\u00fcr Eltern, die schmale Kinderwagen wie den Cybex Coya, Cybex Mios oder Babyzen\" \/>\n<meta property=\"og:url\" content=\"https:\/\/lamillou.ch\/en\/product\/rucksack-teddy-bear-latte\/\" \/>\n<meta property=\"og:site_name\" content=\"lamillou.ch\" \/>\n<meta property=\"article:modified_time\" content=\"2026-04-16T18:25:04+00:00\" \/>\n<meta name=\"twitter:card\" content=\"summary_large_image\" \/>\n<meta name=\"twitter:label1\" content=\"Estimated reading time\" \/>\n\t<meta name=\"twitter:data1\" content=\"1 minute\" \/>\n<script type=\"application\/ld+json\" class=\"yoast-schema-graph\">{\"@context\":\"https:\\\/\\\/schema.org\",\"@graph\":[{\"@type\":\"WebPage\",\"@id\":\"https:\\\/\\\/lamillou.ch\\\/produkt\\\/rucksack-teddy-bear-latte\\\/\",\"url\":\"https:\\\/\\\/lamillou.ch\\\/produkt\\\/rucksack-teddy-bear-latte\\\/\",\"name\":\"Rucksack Teddy Bear LATTE - lamillou.ch\",\"isPartOf\":{\"@id\":\"https:\\\/\\\/lamillou.ch\\\/#website\"},\"primaryImageOfPage\":{\"@id\":\"https:\\\/\\\/lamillou.ch\\\/produkt\\\/rucksack-teddy-bear-latte\\\/#primaryimage\"},\"image\":{\"@id\":\"https:\\\/\\\/lamillou.ch\\\/produkt\\\/rucksack-teddy-bear-latte\\\/#primaryimage\"},\"thumbnailUrl\":\"https:\\\/\\\/lamillou.ch\\\/wp-content\\\/uploads\\\/2026\\\/04\\\/image_1920_FokQR.jpeg\",\"datePublished\":\"2026-04-08T12:12:24+00:00\",\"dateModified\":\"2026-04-16T18:25:04+00:00\",\"breadcrumb\":{\"@id\":\"https:\\\/\\\/lamillou.ch\\\/produkt\\\/rucksack-teddy-bear-latte\\\/#breadcrumb\"},\"inLanguage\":\"en-GB\",\"potentialAction\":[{\"@type\":\"ReadAction\",\"target\":[\"https:\\\/\\\/lamillou.ch\\\/produkt\\\/rucksack-teddy-bear-latte\\\/\"]}]},{\"@type\":\"ImageObject\",\"inLanguage\":\"en-GB\",\"@id\":\"https:\\\/\\\/lamillou.ch\\\/produkt\\\/rucksack-teddy-bear-latte\\\/#primaryimage\",\"url\":\"https:\\\/\\\/lamillou.ch\\\/wp-content\\\/uploads\\\/2026\\\/04\\\/image_1920_FokQR.jpeg\",\"contentUrl\":\"https:\\\/\\\/lamillou.ch\\\/wp-content\\\/uploads\\\/2026\\\/04\\\/image_1920_FokQR.jpeg\",\"width\":1920,\"height\":1920,\"caption\":\"Rucksack Teddy Bear LATTE Hauptbild\"},{\"@type\":\"BreadcrumbList\",\"@id\":\"https:\\\/\\\/lamillou.ch\\\/produkt\\\/rucksack-teddy-bear-latte\\\/#breadcrumb\",\"itemListElement\":[{\"@type\":\"ListItem\",\"position\":1,\"name\":\"Home\",\"item\":\"https:\\\/\\\/lamillou.ch\\\/\"},{\"@type\":\"ListItem\",\"position\":2,\"name\":\"Shop\",\"item\":\"https:\\\/\\\/lamillou.ch\\\/shop\\\/\"},{\"@type\":\"ListItem\",\"position\":3,\"name\":\"Rucksack Teddy Bear LATTE\"}]},{\"@type\":\"WebSite\",\"@id\":\"https:\\\/\\\/lamillou.ch\\\/#website\",\"url\":\"https:\\\/\\\/lamillou.ch\\\/\",\"name\":\"lamillou.ch\",\"description\":\"\",\"potentialAction\":[{\"@type\":\"SearchAction\",\"target\":{\"@type\":\"EntryPoint\",\"urlTemplate\":\"https:\\\/\\\/lamillou.ch\\\/?s={search_term_string}\"},\"query-input\":{\"@type\":\"PropertyValueSpecification\",\"valueRequired\":true,\"valueName\":\"search_term_string\"}}],\"inLanguage\":\"en-GB\"}]}<\/script>\n<!-- \/ Yoast SEO plugin. -->","yoast_head_json":{"title":"Rucksack Teddy Bear LATTE - lamillou.ch","robots":{"index":"index","follow":"follow","max-snippet":"max-snippet:-1","max-image-preview":"max-image-preview:large","max-video-preview":"max-video-preview:-1"},"canonical":"https:\/\/lamillou.ch\/en\/product\/rucksack-teddy-bear-latte\/","og_locale":"en_GB","og_type":"article","og_title":"Rucksack Teddy Bear LATTE - lamillou.ch","og_description":"Ein gesteppter Nylon-Rucksack ist die perfekte L\u00f6sung f\u00fcr Eltern, die schmale Kinderwagen wie den Cybex Coya, Cybex Mios oder Babyzen","og_url":"https:\/\/lamillou.ch\/en\/product\/rucksack-teddy-bear-latte\/","og_site_name":"lamillou.ch","article_modified_time":"2026-04-16T18:25:04+00:00","twitter_card":"summary_large_image","twitter_misc":{"Estimated reading time":"1 minute"},"schema":{"@context":"https:\/\/schema.org","@graph":[{"@type":"WebPage","@id":"https:\/\/lamillou.ch\/produkt\/rucksack-teddy-bear-latte\/","url":"https:\/\/lamillou.ch\/produkt\/rucksack-teddy-bear-latte\/","name":"Rucksack Teddy Bear LATTE - lamillou.ch","isPartOf":{"@id":"https:\/\/lamillou.ch\/#website"},"primaryImageOfPage":{"@id":"https:\/\/lamillou.ch\/produkt\/rucksack-teddy-bear-latte\/#primaryimage"},"image":{"@id":"https:\/\/lamillou.ch\/produkt\/rucksack-teddy-bear-latte\/#primaryimage"},"thumbnailUrl":"https:\/\/lamillou.ch\/wp-content\/uploads\/2026\/04\/image_1920_FokQR.jpeg","datePublished":"2026-04-08T12:12:24+00:00","dateModified":"2026-04-16T18:25:04+00:00","breadcrumb":{"@id":"https:\/\/lamillou.ch\/produkt\/rucksack-teddy-bear-latte\/#breadcrumb"},"inLanguage":"en-GB","potentialAction":[{"@type":"ReadAction","target":["https:\/\/lamillou.ch\/produkt\/rucksack-teddy-bear-latte\/"]}]},{"@type":"ImageObject","inLanguage":"en-GB","@id":"https:\/\/lamillou.ch\/produkt\/rucksack-teddy-bear-latte\/#primaryimage","url":"https:\/\/lamillou.ch\/wp-content\/uploads\/2026\/04\/image_1920_FokQR.jpeg","contentUrl":"https:\/\/lamillou.ch\/wp-content\/uploads\/2026\/04\/image_1920_FokQR.jpeg","width":1920,"height":1920,"caption":"Rucksack Teddy Bear LATTE Hauptbild"},{"@type":"BreadcrumbList","@id":"https:\/\/lamillou.ch\/produkt\/rucksack-teddy-bear-latte\/#breadcrumb","itemListElement":[{"@type":"ListItem","position":1,"name":"Home","item":"https:\/\/lamillou.ch\/"},{"@type":"ListItem","position":2,"name":"Shop","item":"https:\/\/lamillou.ch\/shop\/"},{"@type":"ListItem","position":3,"name":"Rucksack Teddy Bear LATTE"}]},{"@type":"WebSite","@id":"https:\/\/lamillou.ch\/#website","url":"https:\/\/lamillou.ch\/","name":"lamillou.ch","description":"","potentialAction":[{"@type":"SearchAction","target":{"@type":"EntryPoint","urlTemplate":"https:\/\/lamillou.ch\/?s={search_term_string}"},"query-input":{"@type":"PropertyValueSpecification","valueRequired":true,"valueName":"search_term_string"}}],"inLanguage":"en-GB"}]}},"_links":{"self":[{"href":"https:\/\/lamillou.ch\/en\/wp-json\/wp\/v2\/product\/29600","targetHints":{"allow":["GET"]}}],"collection":[{"href":"https:\/\/lamillou.ch\/en\/wp-json\/wp\/v2\/product"}],"about":[{"href":"https:\/\/lamillou.ch\/en\/wp-json\/wp\/v2\/types\/product"}],"replies":[{"embeddable":true,"href":"https:\/\/lamillou.ch\/en\/wp-json\/wp\/v2\/comments?post=29600"}],"version-history":[{"count":0,"href":"https:\/\/lamillou.ch\/en\/wp-json\/wp\/v2\/product\/29600\/revisions"}],"wp:featuredmedia":[{"embeddable":true,"href":"https:\/\/lamillou.ch\/en\/wp-json\/wp\/v2\/media\/31823"}],"wp:attachment":[{"href":"https:\/\/lamillou.ch\/en\/wp-json\/wp\/v2\/media?parent=29600"}],"wp:term":[{"taxonomy":"product_brand","embeddable":true,"href":"https:\/\/lamillou.ch\/en\/wp-json\/wp\/v2\/product_brand?post=29600"},{"taxonomy":"product_cat","embeddable":true,"href":"https:\/\/lamillou.ch\/en\/wp-json\/wp\/v2\/product_cat?post=29600"},{"taxonomy":"product_tag","embeddable":true,"href":"https:\/\/lamillou.ch\/en\/wp-json\/wp\/v2\/product_tag?post=29600"}],"curies":[{"name":"wp","href":"https:\/\/api.w.org\/{rel}","templated":true}]}}