{"id":29590,"date":"2026-04-08T13:12:22","date_gmt":"2026-04-08T12:12:22","guid":{"rendered":"https:\/\/lamillou.ch\/produkt\/felldecke-teddy-bear-cream-xl-160-x-200-cm\/"},"modified":"2026-04-16T19:24:26","modified_gmt":"2026-04-16T18:24:26","slug":"felldecke-teddy-bear-cream-xl-160-x-200-cm","status":"publish","type":"product","link":"https:\/\/lamillou.ch\/en\/product\/felldecke-teddy-bear-cream-xl-160-x-200-cm\/","title":{"rendered":"Felldecke Teddy Bear CREAM &#8211; XL &#8211; 160 x 200 cm"},"content":{"rendered":"<p>Die Felldecke wurde aus einem besonders weichen und flauschigen Teddy-Stoff gen\u00e4ht. Sie ist leicht, wickelt aber perfekt ein und w\u00e4rmt angenehm.<br \/>\nIdeal f\u00fcr Spazierg\u00e4nge &#8211; sie eignet sich perfekt als Decke im Kinderwagen und bietet dem Kleinen Komfort und Schutz vor K\u00e4lte. Durch seine weiche Textur f\u00fchlt sie sich angenehm an, und dank ihrer Zweiseitigkeit l\u00e4sst sie sich ganz nach Belieben an den eigenen Stil und die eigenen Bed\u00fcrfnisse anpassen.<\/p>","protected":false},"excerpt":{"rendered":"<p>Die Felldecke wurde aus einem besonders weichen und flauschigen Teddy-Stoff gen\u00e4ht. Sie ist leicht, wickelt aber perfekt ein und w\u00e4rmt<\/p>","protected":false},"featured_media":31833,"comment_status":"open","ping_status":"closed","template":"","meta":[],"product_brand":[88],"product_cat":[193],"product_tag":[],"class_list":{"0":"post-29590","1":"product","2":"type-product","3":"status-publish","4":"has-post-thumbnail","6":"product_brand-la-millou","7":"product_cat-warme-decken","9":"first","10":"instock","11":"taxable","12":"shipping-taxable","13":"purchasable","14":"product-type-simple"},"yoast_head":"<!-- This site is optimized with the Yoast SEO plugin v27.3 - https:\/\/yoast.com\/product\/yoast-seo-wordpress\/ -->\n<title>Felldecke Teddy Bear CREAM - XL - 160 x 200 cm - lamillou.ch<\/title>\n<meta name=\"robots\" content=\"index, follow, max-snippet:-1, max-image-preview:large, max-video-preview:-1\" \/>\n<link rel=\"canonical\" href=\"https:\/\/lamillou.ch\/en\/product\/felldecke-teddy-bear-cream-xl-160-x-200-cm\/\" \/>\n<meta property=\"og:locale\" content=\"en_GB\" \/>\n<meta property=\"og:type\" content=\"article\" \/>\n<meta property=\"og:title\" content=\"Felldecke Teddy Bear CREAM - XL - 160 x 200 cm - lamillou.ch\" \/>\n<meta property=\"og:description\" content=\"Die Felldecke wurde aus einem besonders weichen und flauschigen Teddy-Stoff gen\u00e4ht. Sie ist leicht, wickelt aber perfekt ein und w\u00e4rmt\" \/>\n<meta property=\"og:url\" content=\"https:\/\/lamillou.ch\/en\/product\/felldecke-teddy-bear-cream-xl-160-x-200-cm\/\" \/>\n<meta property=\"og:site_name\" content=\"lamillou.ch\" \/>\n<meta property=\"article:modified_time\" content=\"2026-04-16T18:24:26+00:00\" \/>\n<meta name=\"twitter:card\" content=\"summary_large_image\" \/>\n<script type=\"application\/ld+json\" class=\"yoast-schema-graph\">{\"@context\":\"https:\\\/\\\/schema.org\",\"@graph\":[{\"@type\":\"WebPage\",\"@id\":\"https:\\\/\\\/lamillou.ch\\\/produkt\\\/felldecke-teddy-bear-cream-xl-160-x-200-cm\\\/\",\"url\":\"https:\\\/\\\/lamillou.ch\\\/produkt\\\/felldecke-teddy-bear-cream-xl-160-x-200-cm\\\/\",\"name\":\"Felldecke Teddy Bear CREAM - XL - 160 x 200 cm - lamillou.ch\",\"isPartOf\":{\"@id\":\"https:\\\/\\\/lamillou.ch\\\/#website\"},\"primaryImageOfPage\":{\"@id\":\"https:\\\/\\\/lamillou.ch\\\/produkt\\\/felldecke-teddy-bear-cream-xl-160-x-200-cm\\\/#primaryimage\"},\"image\":{\"@id\":\"https:\\\/\\\/lamillou.ch\\\/produkt\\\/felldecke-teddy-bear-cream-xl-160-x-200-cm\\\/#primaryimage\"},\"thumbnailUrl\":\"https:\\\/\\\/lamillou.ch\\\/wp-content\\\/uploads\\\/2026\\\/04\\\/image_1920_BHJW1.jpeg\",\"datePublished\":\"2026-04-08T12:12:22+00:00\",\"dateModified\":\"2026-04-16T18:24:26+00:00\",\"breadcrumb\":{\"@id\":\"https:\\\/\\\/lamillou.ch\\\/produkt\\\/felldecke-teddy-bear-cream-xl-160-x-200-cm\\\/#breadcrumb\"},\"inLanguage\":\"en-GB\",\"potentialAction\":[{\"@type\":\"ReadAction\",\"target\":[\"https:\\\/\\\/lamillou.ch\\\/produkt\\\/felldecke-teddy-bear-cream-xl-160-x-200-cm\\\/\"]}]},{\"@type\":\"ImageObject\",\"inLanguage\":\"en-GB\",\"@id\":\"https:\\\/\\\/lamillou.ch\\\/produkt\\\/felldecke-teddy-bear-cream-xl-160-x-200-cm\\\/#primaryimage\",\"url\":\"https:\\\/\\\/lamillou.ch\\\/wp-content\\\/uploads\\\/2026\\\/04\\\/image_1920_BHJW1.jpeg\",\"contentUrl\":\"https:\\\/\\\/lamillou.ch\\\/wp-content\\\/uploads\\\/2026\\\/04\\\/image_1920_BHJW1.jpeg\",\"width\":1920,\"height\":1920,\"caption\":\"Felldecke Teddy Bear CREAM - XL - 160 x 200 cm Hauptbild\"},{\"@type\":\"BreadcrumbList\",\"@id\":\"https:\\\/\\\/lamillou.ch\\\/produkt\\\/felldecke-teddy-bear-cream-xl-160-x-200-cm\\\/#breadcrumb\",\"itemListElement\":[{\"@type\":\"ListItem\",\"position\":1,\"name\":\"Home\",\"item\":\"https:\\\/\\\/lamillou.ch\\\/\"},{\"@type\":\"ListItem\",\"position\":2,\"name\":\"Shop\",\"item\":\"https:\\\/\\\/lamillou.ch\\\/shop\\\/\"},{\"@type\":\"ListItem\",\"position\":3,\"name\":\"Felldecke Teddy Bear CREAM &#8211; XL &#8211; 160 x 200 cm\"}]},{\"@type\":\"WebSite\",\"@id\":\"https:\\\/\\\/lamillou.ch\\\/#website\",\"url\":\"https:\\\/\\\/lamillou.ch\\\/\",\"name\":\"lamillou.ch\",\"description\":\"\",\"potentialAction\":[{\"@type\":\"SearchAction\",\"target\":{\"@type\":\"EntryPoint\",\"urlTemplate\":\"https:\\\/\\\/lamillou.ch\\\/?s={search_term_string}\"},\"query-input\":{\"@type\":\"PropertyValueSpecification\",\"valueRequired\":true,\"valueName\":\"search_term_string\"}}],\"inLanguage\":\"en-GB\"}]}<\/script>\n<!-- \/ Yoast SEO plugin. -->","yoast_head_json":{"title":"Felldecke Teddy Bear CREAM - XL - 160 x 200 cm - lamillou.ch","robots":{"index":"index","follow":"follow","max-snippet":"max-snippet:-1","max-image-preview":"max-image-preview:large","max-video-preview":"max-video-preview:-1"},"canonical":"https:\/\/lamillou.ch\/en\/product\/felldecke-teddy-bear-cream-xl-160-x-200-cm\/","og_locale":"en_GB","og_type":"article","og_title":"Felldecke Teddy Bear CREAM - XL - 160 x 200 cm - lamillou.ch","og_description":"Die Felldecke wurde aus einem besonders weichen und flauschigen Teddy-Stoff gen\u00e4ht. Sie ist leicht, wickelt aber perfekt ein und w\u00e4rmt","og_url":"https:\/\/lamillou.ch\/en\/product\/felldecke-teddy-bear-cream-xl-160-x-200-cm\/","og_site_name":"lamillou.ch","article_modified_time":"2026-04-16T18:24:26+00:00","twitter_card":"summary_large_image","schema":{"@context":"https:\/\/schema.org","@graph":[{"@type":"WebPage","@id":"https:\/\/lamillou.ch\/produkt\/felldecke-teddy-bear-cream-xl-160-x-200-cm\/","url":"https:\/\/lamillou.ch\/produkt\/felldecke-teddy-bear-cream-xl-160-x-200-cm\/","name":"Felldecke Teddy Bear CREAM - XL - 160 x 200 cm - lamillou.ch","isPartOf":{"@id":"https:\/\/lamillou.ch\/#website"},"primaryImageOfPage":{"@id":"https:\/\/lamillou.ch\/produkt\/felldecke-teddy-bear-cream-xl-160-x-200-cm\/#primaryimage"},"image":{"@id":"https:\/\/lamillou.ch\/produkt\/felldecke-teddy-bear-cream-xl-160-x-200-cm\/#primaryimage"},"thumbnailUrl":"https:\/\/lamillou.ch\/wp-content\/uploads\/2026\/04\/image_1920_BHJW1.jpeg","datePublished":"2026-04-08T12:12:22+00:00","dateModified":"2026-04-16T18:24:26+00:00","breadcrumb":{"@id":"https:\/\/lamillou.ch\/produkt\/felldecke-teddy-bear-cream-xl-160-x-200-cm\/#breadcrumb"},"inLanguage":"en-GB","potentialAction":[{"@type":"ReadAction","target":["https:\/\/lamillou.ch\/produkt\/felldecke-teddy-bear-cream-xl-160-x-200-cm\/"]}]},{"@type":"ImageObject","inLanguage":"en-GB","@id":"https:\/\/lamillou.ch\/produkt\/felldecke-teddy-bear-cream-xl-160-x-200-cm\/#primaryimage","url":"https:\/\/lamillou.ch\/wp-content\/uploads\/2026\/04\/image_1920_BHJW1.jpeg","contentUrl":"https:\/\/lamillou.ch\/wp-content\/uploads\/2026\/04\/image_1920_BHJW1.jpeg","width":1920,"height":1920,"caption":"Felldecke Teddy Bear CREAM - XL - 160 x 200 cm Hauptbild"},{"@type":"BreadcrumbList","@id":"https:\/\/lamillou.ch\/produkt\/felldecke-teddy-bear-cream-xl-160-x-200-cm\/#breadcrumb","itemListElement":[{"@type":"ListItem","position":1,"name":"Home","item":"https:\/\/lamillou.ch\/"},{"@type":"ListItem","position":2,"name":"Shop","item":"https:\/\/lamillou.ch\/shop\/"},{"@type":"ListItem","position":3,"name":"Felldecke Teddy Bear CREAM &#8211; XL &#8211; 160 x 200 cm"}]},{"@type":"WebSite","@id":"https:\/\/lamillou.ch\/#website","url":"https:\/\/lamillou.ch\/","name":"lamillou.ch","description":"","potentialAction":[{"@type":"SearchAction","target":{"@type":"EntryPoint","urlTemplate":"https:\/\/lamillou.ch\/?s={search_term_string}"},"query-input":{"@type":"PropertyValueSpecification","valueRequired":true,"valueName":"search_term_string"}}],"inLanguage":"en-GB"}]}},"_links":{"self":[{"href":"https:\/\/lamillou.ch\/en\/wp-json\/wp\/v2\/product\/29590","targetHints":{"allow":["GET"]}}],"collection":[{"href":"https:\/\/lamillou.ch\/en\/wp-json\/wp\/v2\/product"}],"about":[{"href":"https:\/\/lamillou.ch\/en\/wp-json\/wp\/v2\/types\/product"}],"replies":[{"embeddable":true,"href":"https:\/\/lamillou.ch\/en\/wp-json\/wp\/v2\/comments?post=29590"}],"version-history":[{"count":0,"href":"https:\/\/lamillou.ch\/en\/wp-json\/wp\/v2\/product\/29590\/revisions"}],"wp:featuredmedia":[{"embeddable":true,"href":"https:\/\/lamillou.ch\/en\/wp-json\/wp\/v2\/media\/31833"}],"wp:attachment":[{"href":"https:\/\/lamillou.ch\/en\/wp-json\/wp\/v2\/media?parent=29590"}],"wp:term":[{"taxonomy":"product_brand","embeddable":true,"href":"https:\/\/lamillou.ch\/en\/wp-json\/wp\/v2\/product_brand?post=29590"},{"taxonomy":"product_cat","embeddable":true,"href":"https:\/\/lamillou.ch\/en\/wp-json\/wp\/v2\/product_cat?post=29590"},{"taxonomy":"product_tag","embeddable":true,"href":"https:\/\/lamillou.ch\/en\/wp-json\/wp\/v2\/product_tag?post=29590"}],"curies":[{"name":"wp","href":"https:\/\/api.w.org\/{rel}","templated":true}]}}