{"id":29589,"date":"2026-04-08T13:12:22","date_gmt":"2026-04-08T12:12:22","guid":{"rendered":"https:\/\/lamillou.ch\/produkt\/kinderwagen-organizer-feeria-pierre-thr-dog\/"},"modified":"2026-04-17T07:23:15","modified_gmt":"2026-04-17T06:23:15","slug":"kinderwagen-organizer-feeria-pierre-thr-dog","status":"publish","type":"product","link":"https:\/\/lamillou.ch\/en\/product\/kinderwagen-organizer-feeria-pierre-thr-dog\/","title":{"rendered":"Kinderwagen Organizer Feeria PIERRE THR DOG"},"content":{"rendered":"<p>Niemand weiss besser als Eltern, wie viele Dinge auf einem Spaziergang ben\u00f6tigt werden und wie gut man vorbereitet sein muss, um nichts zu verpassen. Deshalb haben wir den Feeria-Organizer entwickelt! 4 F\u00e4cher: zwei innen und zwei aussen fassen viel und sind immer griffbereit. Es bietet Platz f\u00fcr alles, was Sie w\u00e4hrend des Spaziergangs ben\u00f6tigen: Flasche, Kleidung, Windeln, Kosmetik und Spielzeug. Die Aussenseite des Produkts besteht aus wasserdichtem und strapazierf\u00e4higem Material, und die Innenseite ist auch wasserfest, was keine Angst vor unerwarteten Abenteuern im Regen hat. Magnetverschluss oben verhindert das Herausfallen von Gegenst\u00e4nden. Der Organizer ist mit stabilen Griffen aus einem elastischen Spezialmaterial ausgestattet, das ein Abrutschen des Organizers vom Kinderwagengriff verhindert. Sie k\u00f6nnen auch einen Riemen f\u00fcr den Organizer kaufen und ihn als Tasche verwenden. Sie k\u00f6nnen die Feeria-Tasche w\u00e4hlen und Ihr eigenes funktionales und stilvolles Set zusammenstellen.<\/p>","protected":false},"excerpt":{"rendered":"<p>Niemand weiss besser als Eltern, wie viele Dinge auf einem Spaziergang ben\u00f6tigt werden und wie gut man vorbereitet sein muss,<\/p>","protected":false},"featured_media":31834,"comment_status":"open","ping_status":"closed","template":"","meta":[],"product_brand":[88],"product_cat":[360],"product_tag":[],"class_list":{"0":"post-29589","1":"product","2":"type-product","3":"status-publish","4":"has-post-thumbnail","6":"product_brand-la-millou","7":"product_cat-kinderwagen-organizer","9":"first","10":"outofstock","11":"taxable","12":"shipping-taxable","13":"purchasable","14":"product-type-simple"},"yoast_head":"<!-- This site is optimized with the Yoast SEO plugin v27.3 - https:\/\/yoast.com\/product\/yoast-seo-wordpress\/ -->\n<title>Kinderwagen Organizer Feeria PIERRE THR DOG - lamillou.ch<\/title>\n<meta name=\"description\" content=\"Niemand weiss besser als Eltern, wie viele Dinge auf einem Spaziergang ben\u00f6tigt werden und wie gut man vorbereitet sein muss, um nichts zu verpassen.\" \/>\n<meta name=\"robots\" content=\"index, follow, max-snippet:-1, max-image-preview:large, max-video-preview:-1\" \/>\n<link rel=\"canonical\" href=\"https:\/\/lamillou.ch\/en\/product\/kinderwagen-organizer-feeria-pierre-thr-dog\/\" \/>\n<meta property=\"og:locale\" content=\"en_GB\" \/>\n<meta property=\"og:type\" content=\"article\" \/>\n<meta property=\"og:title\" content=\"Kinderwagen Organizer Feeria PIERRE THR DOG - lamillou.ch\" \/>\n<meta property=\"og:description\" content=\"Niemand weiss besser als Eltern, wie viele Dinge auf einem Spaziergang ben\u00f6tigt werden und wie gut man vorbereitet sein muss, um nichts zu verpassen.\" \/>\n<meta property=\"og:url\" content=\"https:\/\/lamillou.ch\/en\/product\/kinderwagen-organizer-feeria-pierre-thr-dog\/\" \/>\n<meta property=\"og:site_name\" content=\"lamillou.ch\" \/>\n<meta property=\"article:modified_time\" content=\"2026-04-17T06:23:15+00:00\" \/>\n<meta property=\"og:image\" content=\"https:\/\/lamillou.ch\/wp-content\/uploads\/2026\/04\/image_1920_otXNk.jpeg\" \/>\n\t<meta property=\"og:image:width\" content=\"1920\" \/>\n\t<meta property=\"og:image:height\" content=\"1920\" \/>\n\t<meta property=\"og:image:type\" content=\"image\/jpeg\" \/>\n<meta name=\"twitter:card\" content=\"summary_large_image\" \/>\n<meta name=\"twitter:label1\" content=\"Estimated reading time\" \/>\n\t<meta name=\"twitter:data1\" content=\"1 minute\" \/>\n<script type=\"application\/ld+json\" class=\"yoast-schema-graph\">{\"@context\":\"https:\\\/\\\/schema.org\",\"@graph\":[{\"@type\":\"WebPage\",\"@id\":\"https:\\\/\\\/lamillou.ch\\\/produkt\\\/kinderwagen-organizer-feeria-pierre-thr-dog\\\/\",\"url\":\"https:\\\/\\\/lamillou.ch\\\/produkt\\\/kinderwagen-organizer-feeria-pierre-thr-dog\\\/\",\"name\":\"Kinderwagen Organizer Feeria PIERRE THR DOG - lamillou.ch\",\"isPartOf\":{\"@id\":\"https:\\\/\\\/lamillou.ch\\\/#website\"},\"primaryImageOfPage\":{\"@id\":\"https:\\\/\\\/lamillou.ch\\\/produkt\\\/kinderwagen-organizer-feeria-pierre-thr-dog\\\/#primaryimage\"},\"image\":{\"@id\":\"https:\\\/\\\/lamillou.ch\\\/produkt\\\/kinderwagen-organizer-feeria-pierre-thr-dog\\\/#primaryimage\"},\"thumbnailUrl\":\"https:\\\/\\\/lamillou.ch\\\/wp-content\\\/uploads\\\/2026\\\/04\\\/image_1920_otXNk.jpeg\",\"datePublished\":\"2026-04-08T12:12:22+00:00\",\"dateModified\":\"2026-04-17T06:23:15+00:00\",\"description\":\"Niemand weiss besser als Eltern, wie viele Dinge auf einem Spaziergang ben\u00f6tigt werden und wie gut man vorbereitet sein muss, um nichts zu verpassen.\",\"breadcrumb\":{\"@id\":\"https:\\\/\\\/lamillou.ch\\\/produkt\\\/kinderwagen-organizer-feeria-pierre-thr-dog\\\/#breadcrumb\"},\"inLanguage\":\"en-GB\",\"potentialAction\":[{\"@type\":\"ReadAction\",\"target\":[\"https:\\\/\\\/lamillou.ch\\\/produkt\\\/kinderwagen-organizer-feeria-pierre-thr-dog\\\/\"]}]},{\"@type\":\"ImageObject\",\"inLanguage\":\"en-GB\",\"@id\":\"https:\\\/\\\/lamillou.ch\\\/produkt\\\/kinderwagen-organizer-feeria-pierre-thr-dog\\\/#primaryimage\",\"url\":\"https:\\\/\\\/lamillou.ch\\\/wp-content\\\/uploads\\\/2026\\\/04\\\/image_1920_otXNk.jpeg\",\"contentUrl\":\"https:\\\/\\\/lamillou.ch\\\/wp-content\\\/uploads\\\/2026\\\/04\\\/image_1920_otXNk.jpeg\",\"width\":1920,\"height\":1920,\"caption\":\"Kinderwagen Organizer Feeria PIERRE THR DOG Hauptbild\"},{\"@type\":\"BreadcrumbList\",\"@id\":\"https:\\\/\\\/lamillou.ch\\\/produkt\\\/kinderwagen-organizer-feeria-pierre-thr-dog\\\/#breadcrumb\",\"itemListElement\":[{\"@type\":\"ListItem\",\"position\":1,\"name\":\"Home\",\"item\":\"https:\\\/\\\/lamillou.ch\\\/\"},{\"@type\":\"ListItem\",\"position\":2,\"name\":\"Shop\",\"item\":\"https:\\\/\\\/lamillou.ch\\\/shop\\\/\"},{\"@type\":\"ListItem\",\"position\":3,\"name\":\"Kinderwagen Organizer Feeria PIERRE THR DOG\"}]},{\"@type\":\"WebSite\",\"@id\":\"https:\\\/\\\/lamillou.ch\\\/#website\",\"url\":\"https:\\\/\\\/lamillou.ch\\\/\",\"name\":\"lamillou.ch\",\"description\":\"\",\"potentialAction\":[{\"@type\":\"SearchAction\",\"target\":{\"@type\":\"EntryPoint\",\"urlTemplate\":\"https:\\\/\\\/lamillou.ch\\\/?s={search_term_string}\"},\"query-input\":{\"@type\":\"PropertyValueSpecification\",\"valueRequired\":true,\"valueName\":\"search_term_string\"}}],\"inLanguage\":\"en-GB\"}]}<\/script>\n<!-- \/ Yoast SEO plugin. -->","yoast_head_json":{"title":"Kinderwagen Organizer Feeria PIERRE THR DOG - lamillou.ch","description":"Niemand weiss besser als Eltern, wie viele Dinge auf einem Spaziergang ben\u00f6tigt werden und wie gut man vorbereitet sein muss, um nichts zu verpassen.","robots":{"index":"index","follow":"follow","max-snippet":"max-snippet:-1","max-image-preview":"max-image-preview:large","max-video-preview":"max-video-preview:-1"},"canonical":"https:\/\/lamillou.ch\/en\/product\/kinderwagen-organizer-feeria-pierre-thr-dog\/","og_locale":"en_GB","og_type":"article","og_title":"Kinderwagen Organizer Feeria PIERRE THR DOG - lamillou.ch","og_description":"Niemand weiss besser als Eltern, wie viele Dinge auf einem Spaziergang ben\u00f6tigt werden und wie gut man vorbereitet sein muss, um nichts zu verpassen.","og_url":"https:\/\/lamillou.ch\/en\/product\/kinderwagen-organizer-feeria-pierre-thr-dog\/","og_site_name":"lamillou.ch","article_modified_time":"2026-04-17T06:23:15+00:00","og_image":[{"width":1920,"height":1920,"url":"https:\/\/lamillou.ch\/wp-content\/uploads\/2026\/04\/image_1920_otXNk.jpeg","type":"image\/jpeg"}],"twitter_card":"summary_large_image","twitter_misc":{"Estimated reading time":"1 minute"},"schema":{"@context":"https:\/\/schema.org","@graph":[{"@type":"WebPage","@id":"https:\/\/lamillou.ch\/produkt\/kinderwagen-organizer-feeria-pierre-thr-dog\/","url":"https:\/\/lamillou.ch\/produkt\/kinderwagen-organizer-feeria-pierre-thr-dog\/","name":"Kinderwagen Organizer Feeria PIERRE THR DOG - lamillou.ch","isPartOf":{"@id":"https:\/\/lamillou.ch\/#website"},"primaryImageOfPage":{"@id":"https:\/\/lamillou.ch\/produkt\/kinderwagen-organizer-feeria-pierre-thr-dog\/#primaryimage"},"image":{"@id":"https:\/\/lamillou.ch\/produkt\/kinderwagen-organizer-feeria-pierre-thr-dog\/#primaryimage"},"thumbnailUrl":"https:\/\/lamillou.ch\/wp-content\/uploads\/2026\/04\/image_1920_otXNk.jpeg","datePublished":"2026-04-08T12:12:22+00:00","dateModified":"2026-04-17T06:23:15+00:00","description":"Niemand weiss besser als Eltern, wie viele Dinge auf einem Spaziergang ben\u00f6tigt werden und wie gut man vorbereitet sein muss, um nichts zu verpassen.","breadcrumb":{"@id":"https:\/\/lamillou.ch\/produkt\/kinderwagen-organizer-feeria-pierre-thr-dog\/#breadcrumb"},"inLanguage":"en-GB","potentialAction":[{"@type":"ReadAction","target":["https:\/\/lamillou.ch\/produkt\/kinderwagen-organizer-feeria-pierre-thr-dog\/"]}]},{"@type":"ImageObject","inLanguage":"en-GB","@id":"https:\/\/lamillou.ch\/produkt\/kinderwagen-organizer-feeria-pierre-thr-dog\/#primaryimage","url":"https:\/\/lamillou.ch\/wp-content\/uploads\/2026\/04\/image_1920_otXNk.jpeg","contentUrl":"https:\/\/lamillou.ch\/wp-content\/uploads\/2026\/04\/image_1920_otXNk.jpeg","width":1920,"height":1920,"caption":"Kinderwagen Organizer Feeria PIERRE THR DOG Hauptbild"},{"@type":"BreadcrumbList","@id":"https:\/\/lamillou.ch\/produkt\/kinderwagen-organizer-feeria-pierre-thr-dog\/#breadcrumb","itemListElement":[{"@type":"ListItem","position":1,"name":"Home","item":"https:\/\/lamillou.ch\/"},{"@type":"ListItem","position":2,"name":"Shop","item":"https:\/\/lamillou.ch\/shop\/"},{"@type":"ListItem","position":3,"name":"Kinderwagen Organizer Feeria PIERRE THR DOG"}]},{"@type":"WebSite","@id":"https:\/\/lamillou.ch\/#website","url":"https:\/\/lamillou.ch\/","name":"lamillou.ch","description":"","potentialAction":[{"@type":"SearchAction","target":{"@type":"EntryPoint","urlTemplate":"https:\/\/lamillou.ch\/?s={search_term_string}"},"query-input":{"@type":"PropertyValueSpecification","valueRequired":true,"valueName":"search_term_string"}}],"inLanguage":"en-GB"}]}},"_links":{"self":[{"href":"https:\/\/lamillou.ch\/en\/wp-json\/wp\/v2\/product\/29589","targetHints":{"allow":["GET"]}}],"collection":[{"href":"https:\/\/lamillou.ch\/en\/wp-json\/wp\/v2\/product"}],"about":[{"href":"https:\/\/lamillou.ch\/en\/wp-json\/wp\/v2\/types\/product"}],"replies":[{"embeddable":true,"href":"https:\/\/lamillou.ch\/en\/wp-json\/wp\/v2\/comments?post=29589"}],"version-history":[{"count":0,"href":"https:\/\/lamillou.ch\/en\/wp-json\/wp\/v2\/product\/29589\/revisions"}],"wp:featuredmedia":[{"embeddable":true,"href":"https:\/\/lamillou.ch\/en\/wp-json\/wp\/v2\/media\/31834"}],"wp:attachment":[{"href":"https:\/\/lamillou.ch\/en\/wp-json\/wp\/v2\/media?parent=29589"}],"wp:term":[{"taxonomy":"product_brand","embeddable":true,"href":"https:\/\/lamillou.ch\/en\/wp-json\/wp\/v2\/product_brand?post=29589"},{"taxonomy":"product_cat","embeddable":true,"href":"https:\/\/lamillou.ch\/en\/wp-json\/wp\/v2\/product_cat?post=29589"},{"taxonomy":"product_tag","embeddable":true,"href":"https:\/\/lamillou.ch\/en\/wp-json\/wp\/v2\/product_tag?post=29589"}],"curies":[{"name":"wp","href":"https:\/\/api.w.org\/{rel}","templated":true}]}}