{"id":29572,"date":"2026-04-08T13:12:20","date_gmt":"2026-04-08T12:12:20","guid":{"rendered":"https:\/\/lamillou.ch\/produkt\/einschlagdecke-babyschale-teddybaer-cream\/"},"modified":"2026-04-19T07:29:14","modified_gmt":"2026-04-19T06:29:14","slug":"einschlagdecke-babyschale-teddybaer-cream","status":"publish","type":"product","link":"https:\/\/lamillou.ch\/en\/product\/einschlagdecke-babyschale-teddybaer-cream\/","title":{"rendered":"Einschlagdecke Babyschale Teddyb\u00e4r CREAM"},"content":{"rendered":"<p>Die MULTI Einschlagdecke f\u00fcr die Autoschale ist eine neuere Version unseres Bestsellers, die sich durch ihre Gurt\u00f6ffnungen auszeichnet. Die Decke eignet sich f\u00fcr die meisten Autositze mit 5-Punkt-Gurten sowie f\u00fcr solche mit nicht abnehmbaren CYBEX-Gurten, dank der 2 gestickten, langen L\u00f6cher, die umrandet sind. Die MULTI-Einschlagdecke ist doppelseitig verwendbar. Die Aussenseite besteht aus weichem, gestepptem Samt, w\u00e4hrend die Innenseite aus flauschigem, weichem Teddy-Stoff gefertigt ist. Die F\u00fcllung besteht aus einer d\u00fcnnen Schicht aus antiallergischem Silikonvlies. Die Decke ist praktisch und bequem zu benutzen. Dank des Klettverschlusses kann das Baby leicht zugedeckt werden, um Komfort, W\u00e4rme und ein Gef\u00fchl der Geborgenheit w\u00e4hrend der Reise zu gew\u00e4hrleisten. Wenn die Decke befestigt ist, bildet sich oben eine weiche Kapuze, die sich um den Kopf des Babys wickelt. Die Decke hat 4 Gurt\u00f6ffnungen, einen druckfreien Klettverschluss, der verhindert, dass die Decke verrutscht, und zwei Klettb\u00e4nder. Passt f\u00fcr die meisten Autositze und Babyschalen.<br \/>\nMULTI-Einschlagdecke:<br \/>\n&#8211; sorgt f\u00fcr eine bequeme und sichere Fahrt des Kindes,<br \/>\n&#8211; sch\u00fctzt vor Verschmutzung des Autositzes,<br \/>\n&#8211; ist praktisch und bequem in der Anwendung,<br \/>\n -ist einfach und schnell zu montieren.<\/p>","protected":false},"excerpt":{"rendered":"<p>Die MULTI Einschlagdecke f\u00fcr die Autoschale ist eine neuere Version unseres Bestsellers, die sich durch ihre Gurt\u00f6ffnungen auszeichnet. Die Decke<\/p>","protected":false},"featured_media":31851,"comment_status":"open","ping_status":"closed","template":"","meta":[],"product_brand":[88],"product_cat":[353],"product_tag":[],"class_list":{"0":"post-29572","1":"product","2":"type-product","3":"status-publish","4":"has-post-thumbnail","6":"product_brand-la-millou","7":"product_cat-einschlagdecke-fuer-babyschale","9":"first","10":"instock","11":"taxable","12":"shipping-taxable","13":"purchasable","14":"product-type-simple"},"yoast_head":"<!-- This site is optimized with the Yoast SEO plugin v27.3 - https:\/\/yoast.com\/product\/yoast-seo-wordpress\/ -->\n<title>Einschlagdecke Babyschale Teddyb\u00e4r CREAM - lamillou.ch<\/title>\n<meta name=\"description\" content=\"Die MULTI Einschlagdecke f\u00fcr die Autoschale ist eine neuere Version unseres Bestsellers, die sich durch ihre Gurt\u00f6ffnungen auszeichnet. Die Decke eignet\" \/>\n<meta name=\"robots\" content=\"index, follow, max-snippet:-1, max-image-preview:large, max-video-preview:-1\" \/>\n<link rel=\"canonical\" href=\"https:\/\/lamillou.ch\/en\/product\/einschlagdecke-babyschale-teddybaer-cream\/\" \/>\n<meta property=\"og:locale\" content=\"en_GB\" \/>\n<meta property=\"og:type\" content=\"article\" \/>\n<meta property=\"og:title\" content=\"Einschlagdecke Babyschale Teddyb\u00e4r CREAM - lamillou.ch\" \/>\n<meta property=\"og:description\" content=\"Die MULTI Einschlagdecke f\u00fcr die Autoschale ist eine neuere Version unseres Bestsellers, die sich durch ihre Gurt\u00f6ffnungen auszeichnet. Die Decke eignet\" \/>\n<meta property=\"og:url\" content=\"https:\/\/lamillou.ch\/en\/product\/einschlagdecke-babyschale-teddybaer-cream\/\" \/>\n<meta property=\"og:site_name\" content=\"lamillou.ch\" \/>\n<meta property=\"article:modified_time\" content=\"2026-04-19T06:29:14+00:00\" \/>\n<meta property=\"og:image\" content=\"https:\/\/lamillou.ch\/wp-content\/uploads\/2026\/04\/image_1920_hxOg_.jpeg\" \/>\n\t<meta property=\"og:image:width\" content=\"1920\" \/>\n\t<meta property=\"og:image:height\" content=\"1920\" \/>\n\t<meta property=\"og:image:type\" content=\"image\/jpeg\" \/>\n<meta name=\"twitter:card\" content=\"summary_large_image\" \/>\n<meta name=\"twitter:label1\" content=\"Estimated reading time\" \/>\n\t<meta name=\"twitter:data1\" content=\"1 minute\" \/>\n<script type=\"application\/ld+json\" class=\"yoast-schema-graph\">{\"@context\":\"https:\\\/\\\/schema.org\",\"@graph\":[{\"@type\":\"WebPage\",\"@id\":\"https:\\\/\\\/lamillou.ch\\\/produkt\\\/einschlagdecke-babyschale-teddybaer-cream\\\/\",\"url\":\"https:\\\/\\\/lamillou.ch\\\/produkt\\\/einschlagdecke-babyschale-teddybaer-cream\\\/\",\"name\":\"Einschlagdecke Babyschale Teddyb\u00e4r CREAM - lamillou.ch\",\"isPartOf\":{\"@id\":\"https:\\\/\\\/lamillou.ch\\\/#website\"},\"primaryImageOfPage\":{\"@id\":\"https:\\\/\\\/lamillou.ch\\\/produkt\\\/einschlagdecke-babyschale-teddybaer-cream\\\/#primaryimage\"},\"image\":{\"@id\":\"https:\\\/\\\/lamillou.ch\\\/produkt\\\/einschlagdecke-babyschale-teddybaer-cream\\\/#primaryimage\"},\"thumbnailUrl\":\"https:\\\/\\\/lamillou.ch\\\/wp-content\\\/uploads\\\/2026\\\/04\\\/image_1920_hxOg_.jpeg\",\"datePublished\":\"2026-04-08T12:12:20+00:00\",\"dateModified\":\"2026-04-19T06:29:14+00:00\",\"description\":\"Die MULTI Einschlagdecke f\u00fcr die Autoschale ist eine neuere Version unseres Bestsellers, die sich durch ihre Gurt\u00f6ffnungen auszeichnet. Die Decke eignet\",\"breadcrumb\":{\"@id\":\"https:\\\/\\\/lamillou.ch\\\/produkt\\\/einschlagdecke-babyschale-teddybaer-cream\\\/#breadcrumb\"},\"inLanguage\":\"en-GB\",\"potentialAction\":[{\"@type\":\"ReadAction\",\"target\":[\"https:\\\/\\\/lamillou.ch\\\/produkt\\\/einschlagdecke-babyschale-teddybaer-cream\\\/\"]}]},{\"@type\":\"ImageObject\",\"inLanguage\":\"en-GB\",\"@id\":\"https:\\\/\\\/lamillou.ch\\\/produkt\\\/einschlagdecke-babyschale-teddybaer-cream\\\/#primaryimage\",\"url\":\"https:\\\/\\\/lamillou.ch\\\/wp-content\\\/uploads\\\/2026\\\/04\\\/image_1920_hxOg_.jpeg\",\"contentUrl\":\"https:\\\/\\\/lamillou.ch\\\/wp-content\\\/uploads\\\/2026\\\/04\\\/image_1920_hxOg_.jpeg\",\"width\":1920,\"height\":1920,\"caption\":\"Einschlagdecke Babyschale Teddyb\u00e4r CREAM Hauptbild\"},{\"@type\":\"BreadcrumbList\",\"@id\":\"https:\\\/\\\/lamillou.ch\\\/produkt\\\/einschlagdecke-babyschale-teddybaer-cream\\\/#breadcrumb\",\"itemListElement\":[{\"@type\":\"ListItem\",\"position\":1,\"name\":\"Home\",\"item\":\"https:\\\/\\\/lamillou.ch\\\/\"},{\"@type\":\"ListItem\",\"position\":2,\"name\":\"Shop\",\"item\":\"https:\\\/\\\/lamillou.ch\\\/shop\\\/\"},{\"@type\":\"ListItem\",\"position\":3,\"name\":\"Einschlagdecke Babyschale Teddyb\u00e4r CREAM\"}]},{\"@type\":\"WebSite\",\"@id\":\"https:\\\/\\\/lamillou.ch\\\/#website\",\"url\":\"https:\\\/\\\/lamillou.ch\\\/\",\"name\":\"lamillou.ch\",\"description\":\"\",\"potentialAction\":[{\"@type\":\"SearchAction\",\"target\":{\"@type\":\"EntryPoint\",\"urlTemplate\":\"https:\\\/\\\/lamillou.ch\\\/?s={search_term_string}\"},\"query-input\":{\"@type\":\"PropertyValueSpecification\",\"valueRequired\":true,\"valueName\":\"search_term_string\"}}],\"inLanguage\":\"en-GB\"}]}<\/script>\n<!-- \/ Yoast SEO plugin. -->","yoast_head_json":{"title":"Einschlagdecke Babyschale Teddyb\u00e4r CREAM - lamillou.ch","description":"Die MULTI Einschlagdecke f\u00fcr die Autoschale ist eine neuere Version unseres Bestsellers, die sich durch ihre Gurt\u00f6ffnungen auszeichnet. Die Decke eignet","robots":{"index":"index","follow":"follow","max-snippet":"max-snippet:-1","max-image-preview":"max-image-preview:large","max-video-preview":"max-video-preview:-1"},"canonical":"https:\/\/lamillou.ch\/en\/product\/einschlagdecke-babyschale-teddybaer-cream\/","og_locale":"en_GB","og_type":"article","og_title":"Einschlagdecke Babyschale Teddyb\u00e4r CREAM - lamillou.ch","og_description":"Die MULTI Einschlagdecke f\u00fcr die Autoschale ist eine neuere Version unseres Bestsellers, die sich durch ihre Gurt\u00f6ffnungen auszeichnet. Die Decke eignet","og_url":"https:\/\/lamillou.ch\/en\/product\/einschlagdecke-babyschale-teddybaer-cream\/","og_site_name":"lamillou.ch","article_modified_time":"2026-04-19T06:29:14+00:00","og_image":[{"width":1920,"height":1920,"url":"https:\/\/lamillou.ch\/wp-content\/uploads\/2026\/04\/image_1920_hxOg_.jpeg","type":"image\/jpeg"}],"twitter_card":"summary_large_image","twitter_misc":{"Estimated reading time":"1 minute"},"schema":{"@context":"https:\/\/schema.org","@graph":[{"@type":"WebPage","@id":"https:\/\/lamillou.ch\/produkt\/einschlagdecke-babyschale-teddybaer-cream\/","url":"https:\/\/lamillou.ch\/produkt\/einschlagdecke-babyschale-teddybaer-cream\/","name":"Einschlagdecke Babyschale Teddyb\u00e4r CREAM - lamillou.ch","isPartOf":{"@id":"https:\/\/lamillou.ch\/#website"},"primaryImageOfPage":{"@id":"https:\/\/lamillou.ch\/produkt\/einschlagdecke-babyschale-teddybaer-cream\/#primaryimage"},"image":{"@id":"https:\/\/lamillou.ch\/produkt\/einschlagdecke-babyschale-teddybaer-cream\/#primaryimage"},"thumbnailUrl":"https:\/\/lamillou.ch\/wp-content\/uploads\/2026\/04\/image_1920_hxOg_.jpeg","datePublished":"2026-04-08T12:12:20+00:00","dateModified":"2026-04-19T06:29:14+00:00","description":"Die MULTI Einschlagdecke f\u00fcr die Autoschale ist eine neuere Version unseres Bestsellers, die sich durch ihre Gurt\u00f6ffnungen auszeichnet. Die Decke eignet","breadcrumb":{"@id":"https:\/\/lamillou.ch\/produkt\/einschlagdecke-babyschale-teddybaer-cream\/#breadcrumb"},"inLanguage":"en-GB","potentialAction":[{"@type":"ReadAction","target":["https:\/\/lamillou.ch\/produkt\/einschlagdecke-babyschale-teddybaer-cream\/"]}]},{"@type":"ImageObject","inLanguage":"en-GB","@id":"https:\/\/lamillou.ch\/produkt\/einschlagdecke-babyschale-teddybaer-cream\/#primaryimage","url":"https:\/\/lamillou.ch\/wp-content\/uploads\/2026\/04\/image_1920_hxOg_.jpeg","contentUrl":"https:\/\/lamillou.ch\/wp-content\/uploads\/2026\/04\/image_1920_hxOg_.jpeg","width":1920,"height":1920,"caption":"Einschlagdecke Babyschale Teddyb\u00e4r CREAM Hauptbild"},{"@type":"BreadcrumbList","@id":"https:\/\/lamillou.ch\/produkt\/einschlagdecke-babyschale-teddybaer-cream\/#breadcrumb","itemListElement":[{"@type":"ListItem","position":1,"name":"Home","item":"https:\/\/lamillou.ch\/"},{"@type":"ListItem","position":2,"name":"Shop","item":"https:\/\/lamillou.ch\/shop\/"},{"@type":"ListItem","position":3,"name":"Einschlagdecke Babyschale Teddyb\u00e4r CREAM"}]},{"@type":"WebSite","@id":"https:\/\/lamillou.ch\/#website","url":"https:\/\/lamillou.ch\/","name":"lamillou.ch","description":"","potentialAction":[{"@type":"SearchAction","target":{"@type":"EntryPoint","urlTemplate":"https:\/\/lamillou.ch\/?s={search_term_string}"},"query-input":{"@type":"PropertyValueSpecification","valueRequired":true,"valueName":"search_term_string"}}],"inLanguage":"en-GB"}]}},"_links":{"self":[{"href":"https:\/\/lamillou.ch\/en\/wp-json\/wp\/v2\/product\/29572","targetHints":{"allow":["GET"]}}],"collection":[{"href":"https:\/\/lamillou.ch\/en\/wp-json\/wp\/v2\/product"}],"about":[{"href":"https:\/\/lamillou.ch\/en\/wp-json\/wp\/v2\/types\/product"}],"replies":[{"embeddable":true,"href":"https:\/\/lamillou.ch\/en\/wp-json\/wp\/v2\/comments?post=29572"}],"version-history":[{"count":0,"href":"https:\/\/lamillou.ch\/en\/wp-json\/wp\/v2\/product\/29572\/revisions"}],"wp:featuredmedia":[{"embeddable":true,"href":"https:\/\/lamillou.ch\/en\/wp-json\/wp\/v2\/media\/31851"}],"wp:attachment":[{"href":"https:\/\/lamillou.ch\/en\/wp-json\/wp\/v2\/media?parent=29572"}],"wp:term":[{"taxonomy":"product_brand","embeddable":true,"href":"https:\/\/lamillou.ch\/en\/wp-json\/wp\/v2\/product_brand?post=29572"},{"taxonomy":"product_cat","embeddable":true,"href":"https:\/\/lamillou.ch\/en\/wp-json\/wp\/v2\/product_cat?post=29572"},{"taxonomy":"product_tag","embeddable":true,"href":"https:\/\/lamillou.ch\/en\/wp-json\/wp\/v2\/product_tag?post=29572"}],"curies":[{"name":"wp","href":"https:\/\/api.w.org\/{rel}","templated":true}]}}