{"id":29561,"date":"2026-04-08T13:12:16","date_gmt":"2026-04-08T12:12:16","guid":{"rendered":"https:\/\/lamillou.ch\/produkt\/kinderwagenhaken-camel\/"},"modified":"2026-04-16T23:21:47","modified_gmt":"2026-04-16T22:21:47","slug":"kinderwagenhaken-camel","status":"publish","type":"product","link":"https:\/\/lamillou.ch\/en\/product\/kinderwagenhaken-camel\/","title":{"rendered":"Kinderwagenhaken CAMEL"},"content":{"rendered":"<p>Universelle Kinderwagenhaken erm\u00f6glichen das einfache Anbringen eines Rucksacks oder einer Tasche am Kinderwagen. Das Material, aus dem die Haken gefertigt sind, ist strapazierf\u00e4higes Kunstleder. Der Klettverschluss macht die Haken universell und passend f\u00fcr den Griff jedes Kinderwagens. Dank der Karabiner erm\u00f6glichen die Haken eine schnelle und sehr einfache Montage und Demontage. Sie passen zu allen Taschen und Rucks\u00e4cken aus den Kollektionen Feeria und Dolce Vita. Das Set enth\u00e4lt 2 St\u00fcck.<\/p>","protected":false},"excerpt":{"rendered":"<p>Universelle Kinderwagenhaken erm\u00f6glichen das einfache Anbringen eines Rucksacks oder einer Tasche am Kinderwagen. Das Material, aus dem die Haken gefertigt<\/p>","protected":false},"featured_media":31862,"comment_status":"open","ping_status":"closed","template":"","meta":[],"product_brand":[88],"product_cat":[392],"product_tag":[],"class_list":{"0":"post-29561","1":"product","2":"type-product","3":"status-publish","4":"has-post-thumbnail","6":"product_brand-la-millou","7":"product_cat-buggy-haken","9":"first","10":"instock","11":"taxable","12":"shipping-taxable","13":"purchasable","14":"product-type-simple"},"yoast_head":"<!-- This site is optimized with the Yoast SEO plugin v27.3 - https:\/\/yoast.com\/product\/yoast-seo-wordpress\/ -->\n<title>Kinderwagenhaken CAMEL - lamillou.ch<\/title>\n<meta name=\"description\" content=\"Universelle Kinderwagenhaken erm\u00f6glichen das einfache Anbringen eines Rucksacks oder einer Tasche am Kinderwagen. Das Material, aus dem die Haken\" \/>\n<meta name=\"robots\" content=\"index, follow, max-snippet:-1, max-image-preview:large, max-video-preview:-1\" \/>\n<link rel=\"canonical\" href=\"https:\/\/lamillou.ch\/en\/product\/kinderwagenhaken-camel\/\" \/>\n<meta property=\"og:locale\" content=\"en_GB\" \/>\n<meta property=\"og:type\" content=\"article\" \/>\n<meta property=\"og:title\" content=\"Kinderwagenhaken CAMEL - lamillou.ch\" \/>\n<meta property=\"og:description\" content=\"Universelle Kinderwagenhaken erm\u00f6glichen das einfache Anbringen eines Rucksacks oder einer Tasche am Kinderwagen. Das Material, aus dem die Haken\" \/>\n<meta property=\"og:url\" content=\"https:\/\/lamillou.ch\/en\/product\/kinderwagenhaken-camel\/\" \/>\n<meta property=\"og:site_name\" content=\"lamillou.ch\" \/>\n<meta property=\"article:modified_time\" content=\"2026-04-16T22:21:47+00:00\" \/>\n<meta property=\"og:image\" content=\"https:\/\/lamillou.ch\/wp-content\/uploads\/2026\/04\/image_1920_moUCI.jpeg\" \/>\n\t<meta property=\"og:image:width\" content=\"1920\" \/>\n\t<meta property=\"og:image:height\" content=\"1920\" \/>\n\t<meta property=\"og:image:type\" content=\"image\/jpeg\" \/>\n<meta name=\"twitter:card\" content=\"summary_large_image\" \/>\n<script type=\"application\/ld+json\" class=\"yoast-schema-graph\">{\"@context\":\"https:\\\/\\\/schema.org\",\"@graph\":[{\"@type\":\"WebPage\",\"@id\":\"https:\\\/\\\/lamillou.ch\\\/produkt\\\/kinderwagenhaken-camel\\\/\",\"url\":\"https:\\\/\\\/lamillou.ch\\\/produkt\\\/kinderwagenhaken-camel\\\/\",\"name\":\"Kinderwagenhaken CAMEL - lamillou.ch\",\"isPartOf\":{\"@id\":\"https:\\\/\\\/lamillou.ch\\\/#website\"},\"primaryImageOfPage\":{\"@id\":\"https:\\\/\\\/lamillou.ch\\\/produkt\\\/kinderwagenhaken-camel\\\/#primaryimage\"},\"image\":{\"@id\":\"https:\\\/\\\/lamillou.ch\\\/produkt\\\/kinderwagenhaken-camel\\\/#primaryimage\"},\"thumbnailUrl\":\"https:\\\/\\\/lamillou.ch\\\/wp-content\\\/uploads\\\/2026\\\/04\\\/image_1920_moUCI.jpeg\",\"datePublished\":\"2026-04-08T12:12:16+00:00\",\"dateModified\":\"2026-04-16T22:21:47+00:00\",\"description\":\"Universelle Kinderwagenhaken erm\u00f6glichen das einfache Anbringen eines Rucksacks oder einer Tasche am Kinderwagen. Das Material, aus dem die Haken\",\"breadcrumb\":{\"@id\":\"https:\\\/\\\/lamillou.ch\\\/produkt\\\/kinderwagenhaken-camel\\\/#breadcrumb\"},\"inLanguage\":\"en-GB\",\"potentialAction\":[{\"@type\":\"ReadAction\",\"target\":[\"https:\\\/\\\/lamillou.ch\\\/produkt\\\/kinderwagenhaken-camel\\\/\"]}]},{\"@type\":\"ImageObject\",\"inLanguage\":\"en-GB\",\"@id\":\"https:\\\/\\\/lamillou.ch\\\/produkt\\\/kinderwagenhaken-camel\\\/#primaryimage\",\"url\":\"https:\\\/\\\/lamillou.ch\\\/wp-content\\\/uploads\\\/2026\\\/04\\\/image_1920_moUCI.jpeg\",\"contentUrl\":\"https:\\\/\\\/lamillou.ch\\\/wp-content\\\/uploads\\\/2026\\\/04\\\/image_1920_moUCI.jpeg\",\"width\":1920,\"height\":1920,\"caption\":\"Kinderwagenhaken CAMEL Hauptbild\"},{\"@type\":\"BreadcrumbList\",\"@id\":\"https:\\\/\\\/lamillou.ch\\\/produkt\\\/kinderwagenhaken-camel\\\/#breadcrumb\",\"itemListElement\":[{\"@type\":\"ListItem\",\"position\":1,\"name\":\"Home\",\"item\":\"https:\\\/\\\/lamillou.ch\\\/\"},{\"@type\":\"ListItem\",\"position\":2,\"name\":\"Shop\",\"item\":\"https:\\\/\\\/lamillou.ch\\\/shop\\\/\"},{\"@type\":\"ListItem\",\"position\":3,\"name\":\"Kinderwagenhaken CAMEL\"}]},{\"@type\":\"WebSite\",\"@id\":\"https:\\\/\\\/lamillou.ch\\\/#website\",\"url\":\"https:\\\/\\\/lamillou.ch\\\/\",\"name\":\"lamillou.ch\",\"description\":\"\",\"potentialAction\":[{\"@type\":\"SearchAction\",\"target\":{\"@type\":\"EntryPoint\",\"urlTemplate\":\"https:\\\/\\\/lamillou.ch\\\/?s={search_term_string}\"},\"query-input\":{\"@type\":\"PropertyValueSpecification\",\"valueRequired\":true,\"valueName\":\"search_term_string\"}}],\"inLanguage\":\"en-GB\"}]}<\/script>\n<!-- \/ Yoast SEO plugin. -->","yoast_head_json":{"title":"Kinderwagenhaken CAMEL - lamillou.ch","description":"Universelle Kinderwagenhaken erm\u00f6glichen das einfache Anbringen eines Rucksacks oder einer Tasche am Kinderwagen. Das Material, aus dem die Haken","robots":{"index":"index","follow":"follow","max-snippet":"max-snippet:-1","max-image-preview":"max-image-preview:large","max-video-preview":"max-video-preview:-1"},"canonical":"https:\/\/lamillou.ch\/en\/product\/kinderwagenhaken-camel\/","og_locale":"en_GB","og_type":"article","og_title":"Kinderwagenhaken CAMEL - lamillou.ch","og_description":"Universelle Kinderwagenhaken erm\u00f6glichen das einfache Anbringen eines Rucksacks oder einer Tasche am Kinderwagen. Das Material, aus dem die Haken","og_url":"https:\/\/lamillou.ch\/en\/product\/kinderwagenhaken-camel\/","og_site_name":"lamillou.ch","article_modified_time":"2026-04-16T22:21:47+00:00","og_image":[{"width":1920,"height":1920,"url":"https:\/\/lamillou.ch\/wp-content\/uploads\/2026\/04\/image_1920_moUCI.jpeg","type":"image\/jpeg"}],"twitter_card":"summary_large_image","schema":{"@context":"https:\/\/schema.org","@graph":[{"@type":"WebPage","@id":"https:\/\/lamillou.ch\/produkt\/kinderwagenhaken-camel\/","url":"https:\/\/lamillou.ch\/produkt\/kinderwagenhaken-camel\/","name":"Kinderwagenhaken CAMEL - lamillou.ch","isPartOf":{"@id":"https:\/\/lamillou.ch\/#website"},"primaryImageOfPage":{"@id":"https:\/\/lamillou.ch\/produkt\/kinderwagenhaken-camel\/#primaryimage"},"image":{"@id":"https:\/\/lamillou.ch\/produkt\/kinderwagenhaken-camel\/#primaryimage"},"thumbnailUrl":"https:\/\/lamillou.ch\/wp-content\/uploads\/2026\/04\/image_1920_moUCI.jpeg","datePublished":"2026-04-08T12:12:16+00:00","dateModified":"2026-04-16T22:21:47+00:00","description":"Universelle Kinderwagenhaken erm\u00f6glichen das einfache Anbringen eines Rucksacks oder einer Tasche am Kinderwagen. Das Material, aus dem die Haken","breadcrumb":{"@id":"https:\/\/lamillou.ch\/produkt\/kinderwagenhaken-camel\/#breadcrumb"},"inLanguage":"en-GB","potentialAction":[{"@type":"ReadAction","target":["https:\/\/lamillou.ch\/produkt\/kinderwagenhaken-camel\/"]}]},{"@type":"ImageObject","inLanguage":"en-GB","@id":"https:\/\/lamillou.ch\/produkt\/kinderwagenhaken-camel\/#primaryimage","url":"https:\/\/lamillou.ch\/wp-content\/uploads\/2026\/04\/image_1920_moUCI.jpeg","contentUrl":"https:\/\/lamillou.ch\/wp-content\/uploads\/2026\/04\/image_1920_moUCI.jpeg","width":1920,"height":1920,"caption":"Kinderwagenhaken CAMEL Hauptbild"},{"@type":"BreadcrumbList","@id":"https:\/\/lamillou.ch\/produkt\/kinderwagenhaken-camel\/#breadcrumb","itemListElement":[{"@type":"ListItem","position":1,"name":"Home","item":"https:\/\/lamillou.ch\/"},{"@type":"ListItem","position":2,"name":"Shop","item":"https:\/\/lamillou.ch\/shop\/"},{"@type":"ListItem","position":3,"name":"Kinderwagenhaken CAMEL"}]},{"@type":"WebSite","@id":"https:\/\/lamillou.ch\/#website","url":"https:\/\/lamillou.ch\/","name":"lamillou.ch","description":"","potentialAction":[{"@type":"SearchAction","target":{"@type":"EntryPoint","urlTemplate":"https:\/\/lamillou.ch\/?s={search_term_string}"},"query-input":{"@type":"PropertyValueSpecification","valueRequired":true,"valueName":"search_term_string"}}],"inLanguage":"en-GB"}]}},"_links":{"self":[{"href":"https:\/\/lamillou.ch\/en\/wp-json\/wp\/v2\/product\/29561","targetHints":{"allow":["GET"]}}],"collection":[{"href":"https:\/\/lamillou.ch\/en\/wp-json\/wp\/v2\/product"}],"about":[{"href":"https:\/\/lamillou.ch\/en\/wp-json\/wp\/v2\/types\/product"}],"replies":[{"embeddable":true,"href":"https:\/\/lamillou.ch\/en\/wp-json\/wp\/v2\/comments?post=29561"}],"version-history":[{"count":0,"href":"https:\/\/lamillou.ch\/en\/wp-json\/wp\/v2\/product\/29561\/revisions"}],"wp:featuredmedia":[{"embeddable":true,"href":"https:\/\/lamillou.ch\/en\/wp-json\/wp\/v2\/media\/31862"}],"wp:attachment":[{"href":"https:\/\/lamillou.ch\/en\/wp-json\/wp\/v2\/media?parent=29561"}],"wp:term":[{"taxonomy":"product_brand","embeddable":true,"href":"https:\/\/lamillou.ch\/en\/wp-json\/wp\/v2\/product_brand?post=29561"},{"taxonomy":"product_cat","embeddable":true,"href":"https:\/\/lamillou.ch\/en\/wp-json\/wp\/v2\/product_cat?post=29561"},{"taxonomy":"product_tag","embeddable":true,"href":"https:\/\/lamillou.ch\/en\/wp-json\/wp\/v2\/product_tag?post=29561"}],"curies":[{"name":"wp","href":"https:\/\/api.w.org\/{rel}","templated":true}]}}