{"id":29548,"date":"2026-04-08T13:12:15","date_gmt":"2026-04-08T12:12:15","guid":{"rendered":"https:\/\/lamillou.ch\/produkt\/beissring-teddy-bear-cream\/"},"modified":"2026-04-16T23:21:00","modified_gmt":"2026-04-16T22:21:00","slug":"beissring-teddy-bear-cream","status":"publish","type":"product","link":"https:\/\/lamillou.ch\/en\/product\/beissring-teddy-bear-cream\/","title":{"rendered":"Beissring Teddy Bear CREAM"},"content":{"rendered":"<p>Ein einzigartiger sensorischer Beissring, der speziell f\u00fcr die Kleinen entwickelt wurde. Der runde Beissring ist aus umweltfreundlichem Ahornholz gefertigt, das Nat\u00fcrlichkeit und Sicherheit garantiert. Am Ring ist ein niedliches Band in Form von Hasenohren angebracht, das aus weichem und flauschigem Teddy-Material gen\u00e4ht ist, das sich angenehm anf\u00fchlt und ideal f\u00fcr kleine H\u00e4nde ist.<\/p>\n<p>In einem Ohr ist eine Knisterfolie eingen\u00e4ht, die die Sinne des Babys anregt und f\u00fcr zus\u00e4tzliche Stimulation beim Spielen sorgt. Der Beissring eignet sich hervorragend beim Zahnen, zur Linderung von wunden Zahnfleischstellen und auch als sensorisches Spielzeug zur F\u00f6rderung der Koordination und der manuellen F\u00e4higkeiten.<\/p>","protected":false},"excerpt":{"rendered":"<p>Ein einzigartiger sensorischer Beissring, der speziell f\u00fcr die Kleinen entwickelt wurde. Der runde Beissring ist aus umweltfreundlichem Ahornholz gefertigt, das<\/p>","protected":false},"featured_media":31875,"comment_status":"open","ping_status":"closed","template":"","meta":[],"product_brand":[88],"product_cat":[391],"product_tag":[],"class_list":{"0":"post-29548","1":"product","2":"type-product","3":"status-publish","4":"has-post-thumbnail","6":"product_brand-la-millou","7":"product_cat-beissring","9":"first","10":"instock","11":"taxable","12":"shipping-taxable","13":"purchasable","14":"product-type-simple"},"yoast_head":"<!-- This site is optimized with the Yoast SEO plugin v27.3 - https:\/\/yoast.com\/product\/yoast-seo-wordpress\/ -->\n<title>Beissring Teddy Bear CREAM - lamillou.ch<\/title>\n<meta name=\"description\" content=\"Ein einzigartiger sensorischer Beissring, der speziell f\u00fcr die Kleinen entwickelt wurde. Der runde Beissring ist aus umweltfreundlichem Ahornholz\" \/>\n<meta name=\"robots\" content=\"index, follow, max-snippet:-1, max-image-preview:large, max-video-preview:-1\" \/>\n<link rel=\"canonical\" href=\"https:\/\/lamillou.ch\/en\/product\/beissring-teddy-bear-cream\/\" \/>\n<meta property=\"og:locale\" content=\"en_GB\" \/>\n<meta property=\"og:type\" content=\"article\" \/>\n<meta property=\"og:title\" content=\"Beissring Teddy Bear CREAM - lamillou.ch\" \/>\n<meta property=\"og:description\" content=\"Ein einzigartiger sensorischer Beissring, der speziell f\u00fcr die Kleinen entwickelt wurde. Der runde Beissring ist aus umweltfreundlichem Ahornholz\" \/>\n<meta property=\"og:url\" content=\"https:\/\/lamillou.ch\/en\/product\/beissring-teddy-bear-cream\/\" \/>\n<meta property=\"og:site_name\" content=\"lamillou.ch\" \/>\n<meta property=\"article:modified_time\" content=\"2026-04-16T22:21:00+00:00\" \/>\n<meta property=\"og:image\" content=\"https:\/\/lamillou.ch\/wp-content\/uploads\/2026\/04\/image_1920_lg3Jq.jpeg\" \/>\n\t<meta property=\"og:image:width\" content=\"1920\" \/>\n\t<meta property=\"og:image:height\" content=\"1920\" \/>\n\t<meta property=\"og:image:type\" content=\"image\/jpeg\" \/>\n<meta name=\"twitter:card\" content=\"summary_large_image\" \/>\n<meta name=\"twitter:label1\" content=\"Estimated reading time\" \/>\n\t<meta name=\"twitter:data1\" content=\"1 minute\" \/>\n<script type=\"application\/ld+json\" class=\"yoast-schema-graph\">{\"@context\":\"https:\\\/\\\/schema.org\",\"@graph\":[{\"@type\":\"WebPage\",\"@id\":\"https:\\\/\\\/lamillou.ch\\\/produkt\\\/beissring-teddy-bear-cream\\\/\",\"url\":\"https:\\\/\\\/lamillou.ch\\\/produkt\\\/beissring-teddy-bear-cream\\\/\",\"name\":\"Beissring Teddy Bear CREAM - lamillou.ch\",\"isPartOf\":{\"@id\":\"https:\\\/\\\/lamillou.ch\\\/#website\"},\"primaryImageOfPage\":{\"@id\":\"https:\\\/\\\/lamillou.ch\\\/produkt\\\/beissring-teddy-bear-cream\\\/#primaryimage\"},\"image\":{\"@id\":\"https:\\\/\\\/lamillou.ch\\\/produkt\\\/beissring-teddy-bear-cream\\\/#primaryimage\"},\"thumbnailUrl\":\"https:\\\/\\\/lamillou.ch\\\/wp-content\\\/uploads\\\/2026\\\/04\\\/image_1920_lg3Jq.jpeg\",\"datePublished\":\"2026-04-08T12:12:15+00:00\",\"dateModified\":\"2026-04-16T22:21:00+00:00\",\"description\":\"Ein einzigartiger sensorischer Beissring, der speziell f\u00fcr die Kleinen entwickelt wurde. Der runde Beissring ist aus umweltfreundlichem Ahornholz\",\"breadcrumb\":{\"@id\":\"https:\\\/\\\/lamillou.ch\\\/produkt\\\/beissring-teddy-bear-cream\\\/#breadcrumb\"},\"inLanguage\":\"en-GB\",\"potentialAction\":[{\"@type\":\"ReadAction\",\"target\":[\"https:\\\/\\\/lamillou.ch\\\/produkt\\\/beissring-teddy-bear-cream\\\/\"]}]},{\"@type\":\"ImageObject\",\"inLanguage\":\"en-GB\",\"@id\":\"https:\\\/\\\/lamillou.ch\\\/produkt\\\/beissring-teddy-bear-cream\\\/#primaryimage\",\"url\":\"https:\\\/\\\/lamillou.ch\\\/wp-content\\\/uploads\\\/2026\\\/04\\\/image_1920_lg3Jq.jpeg\",\"contentUrl\":\"https:\\\/\\\/lamillou.ch\\\/wp-content\\\/uploads\\\/2026\\\/04\\\/image_1920_lg3Jq.jpeg\",\"width\":1920,\"height\":1920,\"caption\":\"Beissring Teddy Bear CREAM Hauptbild\"},{\"@type\":\"BreadcrumbList\",\"@id\":\"https:\\\/\\\/lamillou.ch\\\/produkt\\\/beissring-teddy-bear-cream\\\/#breadcrumb\",\"itemListElement\":[{\"@type\":\"ListItem\",\"position\":1,\"name\":\"Home\",\"item\":\"https:\\\/\\\/lamillou.ch\\\/\"},{\"@type\":\"ListItem\",\"position\":2,\"name\":\"Shop\",\"item\":\"https:\\\/\\\/lamillou.ch\\\/shop\\\/\"},{\"@type\":\"ListItem\",\"position\":3,\"name\":\"Beissring Teddy Bear CREAM\"}]},{\"@type\":\"WebSite\",\"@id\":\"https:\\\/\\\/lamillou.ch\\\/#website\",\"url\":\"https:\\\/\\\/lamillou.ch\\\/\",\"name\":\"lamillou.ch\",\"description\":\"\",\"potentialAction\":[{\"@type\":\"SearchAction\",\"target\":{\"@type\":\"EntryPoint\",\"urlTemplate\":\"https:\\\/\\\/lamillou.ch\\\/?s={search_term_string}\"},\"query-input\":{\"@type\":\"PropertyValueSpecification\",\"valueRequired\":true,\"valueName\":\"search_term_string\"}}],\"inLanguage\":\"en-GB\"}]}<\/script>\n<!-- \/ Yoast SEO plugin. -->","yoast_head_json":{"title":"Beissring Teddy Bear CREAM - lamillou.ch","description":"Ein einzigartiger sensorischer Beissring, der speziell f\u00fcr die Kleinen entwickelt wurde. Der runde Beissring ist aus umweltfreundlichem Ahornholz","robots":{"index":"index","follow":"follow","max-snippet":"max-snippet:-1","max-image-preview":"max-image-preview:large","max-video-preview":"max-video-preview:-1"},"canonical":"https:\/\/lamillou.ch\/en\/product\/beissring-teddy-bear-cream\/","og_locale":"en_GB","og_type":"article","og_title":"Beissring Teddy Bear CREAM - lamillou.ch","og_description":"Ein einzigartiger sensorischer Beissring, der speziell f\u00fcr die Kleinen entwickelt wurde. Der runde Beissring ist aus umweltfreundlichem Ahornholz","og_url":"https:\/\/lamillou.ch\/en\/product\/beissring-teddy-bear-cream\/","og_site_name":"lamillou.ch","article_modified_time":"2026-04-16T22:21:00+00:00","og_image":[{"width":1920,"height":1920,"url":"https:\/\/lamillou.ch\/wp-content\/uploads\/2026\/04\/image_1920_lg3Jq.jpeg","type":"image\/jpeg"}],"twitter_card":"summary_large_image","twitter_misc":{"Estimated reading time":"1 minute"},"schema":{"@context":"https:\/\/schema.org","@graph":[{"@type":"WebPage","@id":"https:\/\/lamillou.ch\/produkt\/beissring-teddy-bear-cream\/","url":"https:\/\/lamillou.ch\/produkt\/beissring-teddy-bear-cream\/","name":"Beissring Teddy Bear CREAM - lamillou.ch","isPartOf":{"@id":"https:\/\/lamillou.ch\/#website"},"primaryImageOfPage":{"@id":"https:\/\/lamillou.ch\/produkt\/beissring-teddy-bear-cream\/#primaryimage"},"image":{"@id":"https:\/\/lamillou.ch\/produkt\/beissring-teddy-bear-cream\/#primaryimage"},"thumbnailUrl":"https:\/\/lamillou.ch\/wp-content\/uploads\/2026\/04\/image_1920_lg3Jq.jpeg","datePublished":"2026-04-08T12:12:15+00:00","dateModified":"2026-04-16T22:21:00+00:00","description":"Ein einzigartiger sensorischer Beissring, der speziell f\u00fcr die Kleinen entwickelt wurde. Der runde Beissring ist aus umweltfreundlichem Ahornholz","breadcrumb":{"@id":"https:\/\/lamillou.ch\/produkt\/beissring-teddy-bear-cream\/#breadcrumb"},"inLanguage":"en-GB","potentialAction":[{"@type":"ReadAction","target":["https:\/\/lamillou.ch\/produkt\/beissring-teddy-bear-cream\/"]}]},{"@type":"ImageObject","inLanguage":"en-GB","@id":"https:\/\/lamillou.ch\/produkt\/beissring-teddy-bear-cream\/#primaryimage","url":"https:\/\/lamillou.ch\/wp-content\/uploads\/2026\/04\/image_1920_lg3Jq.jpeg","contentUrl":"https:\/\/lamillou.ch\/wp-content\/uploads\/2026\/04\/image_1920_lg3Jq.jpeg","width":1920,"height":1920,"caption":"Beissring Teddy Bear CREAM Hauptbild"},{"@type":"BreadcrumbList","@id":"https:\/\/lamillou.ch\/produkt\/beissring-teddy-bear-cream\/#breadcrumb","itemListElement":[{"@type":"ListItem","position":1,"name":"Home","item":"https:\/\/lamillou.ch\/"},{"@type":"ListItem","position":2,"name":"Shop","item":"https:\/\/lamillou.ch\/shop\/"},{"@type":"ListItem","position":3,"name":"Beissring Teddy Bear CREAM"}]},{"@type":"WebSite","@id":"https:\/\/lamillou.ch\/#website","url":"https:\/\/lamillou.ch\/","name":"lamillou.ch","description":"","potentialAction":[{"@type":"SearchAction","target":{"@type":"EntryPoint","urlTemplate":"https:\/\/lamillou.ch\/?s={search_term_string}"},"query-input":{"@type":"PropertyValueSpecification","valueRequired":true,"valueName":"search_term_string"}}],"inLanguage":"en-GB"}]}},"_links":{"self":[{"href":"https:\/\/lamillou.ch\/en\/wp-json\/wp\/v2\/product\/29548","targetHints":{"allow":["GET"]}}],"collection":[{"href":"https:\/\/lamillou.ch\/en\/wp-json\/wp\/v2\/product"}],"about":[{"href":"https:\/\/lamillou.ch\/en\/wp-json\/wp\/v2\/types\/product"}],"replies":[{"embeddable":true,"href":"https:\/\/lamillou.ch\/en\/wp-json\/wp\/v2\/comments?post=29548"}],"version-history":[{"count":0,"href":"https:\/\/lamillou.ch\/en\/wp-json\/wp\/v2\/product\/29548\/revisions"}],"wp:featuredmedia":[{"embeddable":true,"href":"https:\/\/lamillou.ch\/en\/wp-json\/wp\/v2\/media\/31875"}],"wp:attachment":[{"href":"https:\/\/lamillou.ch\/en\/wp-json\/wp\/v2\/media?parent=29548"}],"wp:term":[{"taxonomy":"product_brand","embeddable":true,"href":"https:\/\/lamillou.ch\/en\/wp-json\/wp\/v2\/product_brand?post=29548"},{"taxonomy":"product_cat","embeddable":true,"href":"https:\/\/lamillou.ch\/en\/wp-json\/wp\/v2\/product_cat?post=29548"},{"taxonomy":"product_tag","embeddable":true,"href":"https:\/\/lamillou.ch\/en\/wp-json\/wp\/v2\/product_tag?post=29548"}],"curies":[{"name":"wp","href":"https:\/\/api.w.org\/{rel}","templated":true}]}}