{"id":29546,"date":"2026-04-08T13:12:15","date_gmt":"2026-04-08T12:12:15","guid":{"rendered":"https:\/\/lamillou.ch\/produkt\/oma-danas-henne-kissen-teddy-bear-cream\/"},"modified":"2026-04-16T23:20:52","modified_gmt":"2026-04-16T22:20:52","slug":"oma-danas-henne-kissen-teddy-bear-cream","status":"publish","type":"product","link":"https:\/\/lamillou.ch\/en\/product\/oma-danas-henne-kissen-teddy-bear-cream\/","title":{"rendered":"Oma Dana&#8217;s Henne Kissen Teddy Bear CREAM"},"content":{"rendered":"<p>Oma Danas Teddy Henne ist unsere Variante des kultigen Kissens, das unsere Kunden so lieben!  Die Henne eignet sich f\u00fcr Kinder und Erwachsene zum Schlafen, Ausruhen, Spielen, als Reisekissen und sogar als Laptopunterlage! Mit seinem einzigartigen Design passt es in jeden Raum und bringt Abwechslung hinein. Es ist aus kuscheligem und flauschigem Teddy-Stoff gefertigt und mit zertifizierten, antiallergenen Silikondaunen gef\u00fcllt, wodurch es unglaublich elastisch und perfekt an unsere Bed\u00fcrfnisse angepasst ist. Bei La Millou sagen wir immer, dass jeder seine eigene Henne haben sollte. W\u00e4hle also das perfekte Kissen f\u00fcr dich und werde sein n\u00e4chster Liebhaber, wir versprechen, dass du es vom ersten Gebrauch an lieben wirst!<\/p>","protected":false},"excerpt":{"rendered":"<p>Oma Danas Teddy Henne ist unsere Variante des kultigen Kissens, das unsere Kunden so lieben! Die Henne eignet sich f\u00fcr<\/p>","protected":false},"featured_media":31877,"comment_status":"open","ping_status":"closed","template":"","meta":[],"product_brand":[88],"product_cat":[257],"product_tag":[],"class_list":{"0":"post-29546","1":"product","2":"type-product","3":"status-publish","4":"has-post-thumbnail","6":"product_brand-la-millou","7":"product_cat-kissen-oma-danas-henne","9":"first","10":"instock","11":"taxable","12":"shipping-taxable","13":"purchasable","14":"product-type-simple"},"yoast_head":"<!-- This site is optimized with the Yoast SEO plugin v27.3 - https:\/\/yoast.com\/product\/yoast-seo-wordpress\/ -->\n<title>Oma Dana&#039;s Henne Kissen Teddy Bear CREAM - lamillou.ch<\/title>\n<meta name=\"description\" content=\"Oma Danas Teddy Henne ist unsere Variante des kultigen Kissens, das unsere Kunden so lieben! Die Henne eignet sich f\u00fcr Kinder und Erwachsene zum Schlafen,\" \/>\n<meta name=\"robots\" content=\"index, follow, max-snippet:-1, max-image-preview:large, max-video-preview:-1\" \/>\n<link rel=\"canonical\" href=\"https:\/\/lamillou.ch\/en\/product\/oma-danas-henne-kissen-teddy-bear-cream\/\" \/>\n<meta property=\"og:locale\" content=\"en_GB\" \/>\n<meta property=\"og:type\" content=\"article\" \/>\n<meta property=\"og:title\" content=\"Oma Dana&#039;s Henne Kissen Teddy Bear CREAM - lamillou.ch\" \/>\n<meta property=\"og:description\" content=\"Oma Danas Teddy Henne ist unsere Variante des kultigen Kissens, das unsere Kunden so lieben! Die Henne eignet sich f\u00fcr Kinder und Erwachsene zum Schlafen,\" \/>\n<meta property=\"og:url\" content=\"https:\/\/lamillou.ch\/en\/product\/oma-danas-henne-kissen-teddy-bear-cream\/\" \/>\n<meta property=\"og:site_name\" content=\"lamillou.ch\" \/>\n<meta property=\"article:modified_time\" content=\"2026-04-16T22:20:52+00:00\" \/>\n<meta property=\"og:image\" content=\"https:\/\/lamillou.ch\/wp-content\/uploads\/2026\/04\/image_1920_07H8J.jpeg\" \/>\n\t<meta property=\"og:image:width\" content=\"1920\" \/>\n\t<meta property=\"og:image:height\" content=\"1920\" \/>\n\t<meta property=\"og:image:type\" content=\"image\/jpeg\" \/>\n<meta name=\"twitter:card\" content=\"summary_large_image\" \/>\n<meta name=\"twitter:label1\" content=\"Estimated reading time\" \/>\n\t<meta name=\"twitter:data1\" content=\"1 minute\" \/>\n<script type=\"application\/ld+json\" class=\"yoast-schema-graph\">{\"@context\":\"https:\\\/\\\/schema.org\",\"@graph\":[{\"@type\":\"WebPage\",\"@id\":\"https:\\\/\\\/lamillou.ch\\\/produkt\\\/oma-danas-henne-kissen-teddy-bear-cream\\\/\",\"url\":\"https:\\\/\\\/lamillou.ch\\\/produkt\\\/oma-danas-henne-kissen-teddy-bear-cream\\\/\",\"name\":\"Oma Dana's Henne Kissen Teddy Bear CREAM - lamillou.ch\",\"isPartOf\":{\"@id\":\"https:\\\/\\\/lamillou.ch\\\/#website\"},\"primaryImageOfPage\":{\"@id\":\"https:\\\/\\\/lamillou.ch\\\/produkt\\\/oma-danas-henne-kissen-teddy-bear-cream\\\/#primaryimage\"},\"image\":{\"@id\":\"https:\\\/\\\/lamillou.ch\\\/produkt\\\/oma-danas-henne-kissen-teddy-bear-cream\\\/#primaryimage\"},\"thumbnailUrl\":\"https:\\\/\\\/lamillou.ch\\\/wp-content\\\/uploads\\\/2026\\\/04\\\/image_1920_07H8J.jpeg\",\"datePublished\":\"2026-04-08T12:12:15+00:00\",\"dateModified\":\"2026-04-16T22:20:52+00:00\",\"description\":\"Oma Danas Teddy Henne ist unsere Variante des kultigen Kissens, das unsere Kunden so lieben! Die Henne eignet sich f\u00fcr Kinder und Erwachsene zum Schlafen,\",\"breadcrumb\":{\"@id\":\"https:\\\/\\\/lamillou.ch\\\/produkt\\\/oma-danas-henne-kissen-teddy-bear-cream\\\/#breadcrumb\"},\"inLanguage\":\"en-GB\",\"potentialAction\":[{\"@type\":\"ReadAction\",\"target\":[\"https:\\\/\\\/lamillou.ch\\\/produkt\\\/oma-danas-henne-kissen-teddy-bear-cream\\\/\"]}]},{\"@type\":\"ImageObject\",\"inLanguage\":\"en-GB\",\"@id\":\"https:\\\/\\\/lamillou.ch\\\/produkt\\\/oma-danas-henne-kissen-teddy-bear-cream\\\/#primaryimage\",\"url\":\"https:\\\/\\\/lamillou.ch\\\/wp-content\\\/uploads\\\/2026\\\/04\\\/image_1920_07H8J.jpeg\",\"contentUrl\":\"https:\\\/\\\/lamillou.ch\\\/wp-content\\\/uploads\\\/2026\\\/04\\\/image_1920_07H8J.jpeg\",\"width\":1920,\"height\":1920,\"caption\":\"Oma Dana's Henne Kissen Teddy Bear CREAM Hauptbild\"},{\"@type\":\"BreadcrumbList\",\"@id\":\"https:\\\/\\\/lamillou.ch\\\/produkt\\\/oma-danas-henne-kissen-teddy-bear-cream\\\/#breadcrumb\",\"itemListElement\":[{\"@type\":\"ListItem\",\"position\":1,\"name\":\"Home\",\"item\":\"https:\\\/\\\/lamillou.ch\\\/\"},{\"@type\":\"ListItem\",\"position\":2,\"name\":\"Shop\",\"item\":\"https:\\\/\\\/lamillou.ch\\\/shop\\\/\"},{\"@type\":\"ListItem\",\"position\":3,\"name\":\"Oma Dana&#8217;s Henne Kissen Teddy Bear CREAM\"}]},{\"@type\":\"WebSite\",\"@id\":\"https:\\\/\\\/lamillou.ch\\\/#website\",\"url\":\"https:\\\/\\\/lamillou.ch\\\/\",\"name\":\"lamillou.ch\",\"description\":\"\",\"potentialAction\":[{\"@type\":\"SearchAction\",\"target\":{\"@type\":\"EntryPoint\",\"urlTemplate\":\"https:\\\/\\\/lamillou.ch\\\/?s={search_term_string}\"},\"query-input\":{\"@type\":\"PropertyValueSpecification\",\"valueRequired\":true,\"valueName\":\"search_term_string\"}}],\"inLanguage\":\"en-GB\"}]}<\/script>\n<!-- \/ Yoast SEO plugin. -->","yoast_head_json":{"title":"Oma Dana's Henne Kissen Teddy Bear CREAM - lamillou.ch","description":"Oma Danas Teddy Henne ist unsere Variante des kultigen Kissens, das unsere Kunden so lieben! Die Henne eignet sich f\u00fcr Kinder und Erwachsene zum Schlafen,","robots":{"index":"index","follow":"follow","max-snippet":"max-snippet:-1","max-image-preview":"max-image-preview:large","max-video-preview":"max-video-preview:-1"},"canonical":"https:\/\/lamillou.ch\/en\/product\/oma-danas-henne-kissen-teddy-bear-cream\/","og_locale":"en_GB","og_type":"article","og_title":"Oma Dana's Henne Kissen Teddy Bear CREAM - lamillou.ch","og_description":"Oma Danas Teddy Henne ist unsere Variante des kultigen Kissens, das unsere Kunden so lieben! Die Henne eignet sich f\u00fcr Kinder und Erwachsene zum Schlafen,","og_url":"https:\/\/lamillou.ch\/en\/product\/oma-danas-henne-kissen-teddy-bear-cream\/","og_site_name":"lamillou.ch","article_modified_time":"2026-04-16T22:20:52+00:00","og_image":[{"width":1920,"height":1920,"url":"https:\/\/lamillou.ch\/wp-content\/uploads\/2026\/04\/image_1920_07H8J.jpeg","type":"image\/jpeg"}],"twitter_card":"summary_large_image","twitter_misc":{"Estimated reading time":"1 minute"},"schema":{"@context":"https:\/\/schema.org","@graph":[{"@type":"WebPage","@id":"https:\/\/lamillou.ch\/produkt\/oma-danas-henne-kissen-teddy-bear-cream\/","url":"https:\/\/lamillou.ch\/produkt\/oma-danas-henne-kissen-teddy-bear-cream\/","name":"Oma Dana's Henne Kissen Teddy Bear CREAM - lamillou.ch","isPartOf":{"@id":"https:\/\/lamillou.ch\/#website"},"primaryImageOfPage":{"@id":"https:\/\/lamillou.ch\/produkt\/oma-danas-henne-kissen-teddy-bear-cream\/#primaryimage"},"image":{"@id":"https:\/\/lamillou.ch\/produkt\/oma-danas-henne-kissen-teddy-bear-cream\/#primaryimage"},"thumbnailUrl":"https:\/\/lamillou.ch\/wp-content\/uploads\/2026\/04\/image_1920_07H8J.jpeg","datePublished":"2026-04-08T12:12:15+00:00","dateModified":"2026-04-16T22:20:52+00:00","description":"Oma Danas Teddy Henne ist unsere Variante des kultigen Kissens, das unsere Kunden so lieben! Die Henne eignet sich f\u00fcr Kinder und Erwachsene zum Schlafen,","breadcrumb":{"@id":"https:\/\/lamillou.ch\/produkt\/oma-danas-henne-kissen-teddy-bear-cream\/#breadcrumb"},"inLanguage":"en-GB","potentialAction":[{"@type":"ReadAction","target":["https:\/\/lamillou.ch\/produkt\/oma-danas-henne-kissen-teddy-bear-cream\/"]}]},{"@type":"ImageObject","inLanguage":"en-GB","@id":"https:\/\/lamillou.ch\/produkt\/oma-danas-henne-kissen-teddy-bear-cream\/#primaryimage","url":"https:\/\/lamillou.ch\/wp-content\/uploads\/2026\/04\/image_1920_07H8J.jpeg","contentUrl":"https:\/\/lamillou.ch\/wp-content\/uploads\/2026\/04\/image_1920_07H8J.jpeg","width":1920,"height":1920,"caption":"Oma Dana's Henne Kissen Teddy Bear CREAM Hauptbild"},{"@type":"BreadcrumbList","@id":"https:\/\/lamillou.ch\/produkt\/oma-danas-henne-kissen-teddy-bear-cream\/#breadcrumb","itemListElement":[{"@type":"ListItem","position":1,"name":"Home","item":"https:\/\/lamillou.ch\/"},{"@type":"ListItem","position":2,"name":"Shop","item":"https:\/\/lamillou.ch\/shop\/"},{"@type":"ListItem","position":3,"name":"Oma Dana&#8217;s Henne Kissen Teddy Bear CREAM"}]},{"@type":"WebSite","@id":"https:\/\/lamillou.ch\/#website","url":"https:\/\/lamillou.ch\/","name":"lamillou.ch","description":"","potentialAction":[{"@type":"SearchAction","target":{"@type":"EntryPoint","urlTemplate":"https:\/\/lamillou.ch\/?s={search_term_string}"},"query-input":{"@type":"PropertyValueSpecification","valueRequired":true,"valueName":"search_term_string"}}],"inLanguage":"en-GB"}]}},"_links":{"self":[{"href":"https:\/\/lamillou.ch\/en\/wp-json\/wp\/v2\/product\/29546","targetHints":{"allow":["GET"]}}],"collection":[{"href":"https:\/\/lamillou.ch\/en\/wp-json\/wp\/v2\/product"}],"about":[{"href":"https:\/\/lamillou.ch\/en\/wp-json\/wp\/v2\/types\/product"}],"replies":[{"embeddable":true,"href":"https:\/\/lamillou.ch\/en\/wp-json\/wp\/v2\/comments?post=29546"}],"version-history":[{"count":0,"href":"https:\/\/lamillou.ch\/en\/wp-json\/wp\/v2\/product\/29546\/revisions"}],"wp:featuredmedia":[{"embeddable":true,"href":"https:\/\/lamillou.ch\/en\/wp-json\/wp\/v2\/media\/31877"}],"wp:attachment":[{"href":"https:\/\/lamillou.ch\/en\/wp-json\/wp\/v2\/media?parent=29546"}],"wp:term":[{"taxonomy":"product_brand","embeddable":true,"href":"https:\/\/lamillou.ch\/en\/wp-json\/wp\/v2\/product_brand?post=29546"},{"taxonomy":"product_cat","embeddable":true,"href":"https:\/\/lamillou.ch\/en\/wp-json\/wp\/v2\/product_cat?post=29546"},{"taxonomy":"product_tag","embeddable":true,"href":"https:\/\/lamillou.ch\/en\/wp-json\/wp\/v2\/product_tag?post=29546"}],"curies":[{"name":"wp","href":"https:\/\/api.w.org\/{rel}","templated":true}]}}