{"id":29544,"date":"2026-04-08T13:12:15","date_gmt":"2026-04-08T12:12:15","guid":{"rendered":"https:\/\/lamillou.ch\/produkt\/einschlagdecke-babyschale-mirella\/"},"modified":"2026-04-16T23:20:45","modified_gmt":"2026-04-16T22:20:45","slug":"einschlagdecke-babyschale-mirella","status":"publish","type":"product","link":"https:\/\/lamillou.ch\/en\/product\/einschlagdecke-babyschale-mirella\/","title":{"rendered":"Einschlagdecke Babyschale MIRELLA"},"content":{"rendered":"<p>Die Autositzdecke ist ein unverzichtbares Element jeder Babyausstattung! Sie bietet dem Baby Komfort, sch\u00fctzt es vor K\u00e4lte und umh\u00fcllt es angenehm w\u00e4hrend der Reise oder des Spaziergangs. Sie ist eine ideale Abdeckung, um den Sitzbezug vor Verschmutzungen zu sch\u00fctzen und eignet sich auch f\u00fcr den Einsatz im Kinderwagen w\u00e4hrend des Spaziergangs. Der \u00e4ussere Teil besteht aus besonders weichem gestepptem Samt, w\u00e4hrend der innere Teil aus luftdurchl\u00e4ssiger und angenehm anzufassender 100% organischer Baumwolle (Jersey) besteht. Die Decke ist \u00e4usserst praktisch und bequem in der Anwendung. Der einfache Klettverschluss erm\u00f6glicht es, das Baby mit einer Bewegung zuzudecken oder freizulegen. Der Klettverschluss erm\u00f6glicht die Anpassung der Breite der Decke an individuelle Bed\u00fcrfnisse und sch\u00fctzt das Kind vor dem Aufdecken. Nach dem Verschliessen der Decke mit dem auf der Oberseite der Decke angebrachten Klettverschluss entsteht eine weiche Kapuze, die den Kopf des Babys umh\u00fcllt. Die Decke verf\u00fcgt \u00fcber 6 \u00d6ffnungen f\u00fcr Sicherheitsgurte, die auf das 3-Punkt-Sicherheitssystem in Autositzschalen abgestimmt sind. Sie passt zu den meisten Autositzen, Tragen und Kinderwagen.<\/p>","protected":false},"excerpt":{"rendered":"<p>Die Autositzdecke ist ein unverzichtbares Element jeder Babyausstattung! Sie bietet dem Baby Komfort, sch\u00fctzt es vor K\u00e4lte und umh\u00fcllt es<\/p>","protected":false},"featured_media":31879,"comment_status":"open","ping_status":"closed","template":"","meta":[],"product_brand":[88],"product_cat":[353],"product_tag":[],"class_list":{"0":"post-29544","1":"product","2":"type-product","3":"status-publish","4":"has-post-thumbnail","6":"product_brand-la-millou","7":"product_cat-einschlagdecke-fuer-babyschale","9":"first","10":"instock","11":"taxable","12":"shipping-taxable","13":"purchasable","14":"product-type-simple"},"yoast_head":"<!-- This site is optimized with the Yoast SEO plugin v27.3 - https:\/\/yoast.com\/product\/yoast-seo-wordpress\/ -->\n<title>Einschlagdecke Babyschale MIRELLA - lamillou.ch<\/title>\n<meta name=\"description\" content=\"Die Autositzdecke ist ein unverzichtbares Element jeder Babyausstattung! Sie bietet dem Baby Komfort, sch\u00fctzt es vor K\u00e4lte und umh\u00fcllt es angenehm w\u00e4hrend\" \/>\n<meta name=\"robots\" content=\"index, follow, max-snippet:-1, max-image-preview:large, max-video-preview:-1\" \/>\n<link rel=\"canonical\" href=\"https:\/\/lamillou.ch\/en\/product\/einschlagdecke-babyschale-mirella\/\" \/>\n<meta property=\"og:locale\" content=\"en_GB\" \/>\n<meta property=\"og:type\" content=\"article\" \/>\n<meta property=\"og:title\" content=\"Einschlagdecke Babyschale MIRELLA - lamillou.ch\" \/>\n<meta property=\"og:description\" content=\"Die Autositzdecke ist ein unverzichtbares Element jeder Babyausstattung! Sie bietet dem Baby Komfort, sch\u00fctzt es vor K\u00e4lte und umh\u00fcllt es angenehm w\u00e4hrend\" \/>\n<meta property=\"og:url\" content=\"https:\/\/lamillou.ch\/en\/product\/einschlagdecke-babyschale-mirella\/\" \/>\n<meta property=\"og:site_name\" content=\"lamillou.ch\" \/>\n<meta property=\"article:modified_time\" content=\"2026-04-16T22:20:45+00:00\" \/>\n<meta property=\"og:image\" content=\"https:\/\/lamillou.ch\/wp-content\/uploads\/2026\/04\/image_1920_SEhQS.jpeg\" \/>\n\t<meta property=\"og:image:width\" content=\"1920\" \/>\n\t<meta property=\"og:image:height\" content=\"1920\" \/>\n\t<meta property=\"og:image:type\" content=\"image\/jpeg\" \/>\n<meta name=\"twitter:card\" content=\"summary_large_image\" \/>\n<meta name=\"twitter:label1\" content=\"Estimated reading time\" \/>\n\t<meta name=\"twitter:data1\" content=\"1 minute\" \/>\n<script type=\"application\/ld+json\" class=\"yoast-schema-graph\">{\"@context\":\"https:\\\/\\\/schema.org\",\"@graph\":[{\"@type\":\"WebPage\",\"@id\":\"https:\\\/\\\/lamillou.ch\\\/produkt\\\/einschlagdecke-babyschale-mirella\\\/\",\"url\":\"https:\\\/\\\/lamillou.ch\\\/produkt\\\/einschlagdecke-babyschale-mirella\\\/\",\"name\":\"Einschlagdecke Babyschale MIRELLA - lamillou.ch\",\"isPartOf\":{\"@id\":\"https:\\\/\\\/lamillou.ch\\\/#website\"},\"primaryImageOfPage\":{\"@id\":\"https:\\\/\\\/lamillou.ch\\\/produkt\\\/einschlagdecke-babyschale-mirella\\\/#primaryimage\"},\"image\":{\"@id\":\"https:\\\/\\\/lamillou.ch\\\/produkt\\\/einschlagdecke-babyschale-mirella\\\/#primaryimage\"},\"thumbnailUrl\":\"https:\\\/\\\/lamillou.ch\\\/wp-content\\\/uploads\\\/2026\\\/04\\\/image_1920_SEhQS.jpeg\",\"datePublished\":\"2026-04-08T12:12:15+00:00\",\"dateModified\":\"2026-04-16T22:20:45+00:00\",\"description\":\"Die Autositzdecke ist ein unverzichtbares Element jeder Babyausstattung! Sie bietet dem Baby Komfort, sch\u00fctzt es vor K\u00e4lte und umh\u00fcllt es angenehm w\u00e4hrend\",\"breadcrumb\":{\"@id\":\"https:\\\/\\\/lamillou.ch\\\/produkt\\\/einschlagdecke-babyschale-mirella\\\/#breadcrumb\"},\"inLanguage\":\"en-GB\",\"potentialAction\":[{\"@type\":\"ReadAction\",\"target\":[\"https:\\\/\\\/lamillou.ch\\\/produkt\\\/einschlagdecke-babyschale-mirella\\\/\"]}]},{\"@type\":\"ImageObject\",\"inLanguage\":\"en-GB\",\"@id\":\"https:\\\/\\\/lamillou.ch\\\/produkt\\\/einschlagdecke-babyschale-mirella\\\/#primaryimage\",\"url\":\"https:\\\/\\\/lamillou.ch\\\/wp-content\\\/uploads\\\/2026\\\/04\\\/image_1920_SEhQS.jpeg\",\"contentUrl\":\"https:\\\/\\\/lamillou.ch\\\/wp-content\\\/uploads\\\/2026\\\/04\\\/image_1920_SEhQS.jpeg\",\"width\":1920,\"height\":1920,\"caption\":\"Einschlagdecke Babyschale MIRELLA Hauptbild\"},{\"@type\":\"BreadcrumbList\",\"@id\":\"https:\\\/\\\/lamillou.ch\\\/produkt\\\/einschlagdecke-babyschale-mirella\\\/#breadcrumb\",\"itemListElement\":[{\"@type\":\"ListItem\",\"position\":1,\"name\":\"Home\",\"item\":\"https:\\\/\\\/lamillou.ch\\\/\"},{\"@type\":\"ListItem\",\"position\":2,\"name\":\"Shop\",\"item\":\"https:\\\/\\\/lamillou.ch\\\/shop\\\/\"},{\"@type\":\"ListItem\",\"position\":3,\"name\":\"Einschlagdecke Babyschale MIRELLA\"}]},{\"@type\":\"WebSite\",\"@id\":\"https:\\\/\\\/lamillou.ch\\\/#website\",\"url\":\"https:\\\/\\\/lamillou.ch\\\/\",\"name\":\"lamillou.ch\",\"description\":\"\",\"potentialAction\":[{\"@type\":\"SearchAction\",\"target\":{\"@type\":\"EntryPoint\",\"urlTemplate\":\"https:\\\/\\\/lamillou.ch\\\/?s={search_term_string}\"},\"query-input\":{\"@type\":\"PropertyValueSpecification\",\"valueRequired\":true,\"valueName\":\"search_term_string\"}}],\"inLanguage\":\"en-GB\"}]}<\/script>\n<!-- \/ Yoast SEO plugin. -->","yoast_head_json":{"title":"Einschlagdecke Babyschale MIRELLA - lamillou.ch","description":"Die Autositzdecke ist ein unverzichtbares Element jeder Babyausstattung! Sie bietet dem Baby Komfort, sch\u00fctzt es vor K\u00e4lte und umh\u00fcllt es angenehm w\u00e4hrend","robots":{"index":"index","follow":"follow","max-snippet":"max-snippet:-1","max-image-preview":"max-image-preview:large","max-video-preview":"max-video-preview:-1"},"canonical":"https:\/\/lamillou.ch\/en\/product\/einschlagdecke-babyschale-mirella\/","og_locale":"en_GB","og_type":"article","og_title":"Einschlagdecke Babyschale MIRELLA - lamillou.ch","og_description":"Die Autositzdecke ist ein unverzichtbares Element jeder Babyausstattung! Sie bietet dem Baby Komfort, sch\u00fctzt es vor K\u00e4lte und umh\u00fcllt es angenehm w\u00e4hrend","og_url":"https:\/\/lamillou.ch\/en\/product\/einschlagdecke-babyschale-mirella\/","og_site_name":"lamillou.ch","article_modified_time":"2026-04-16T22:20:45+00:00","og_image":[{"width":1920,"height":1920,"url":"https:\/\/lamillou.ch\/wp-content\/uploads\/2026\/04\/image_1920_SEhQS.jpeg","type":"image\/jpeg"}],"twitter_card":"summary_large_image","twitter_misc":{"Estimated reading time":"1 minute"},"schema":{"@context":"https:\/\/schema.org","@graph":[{"@type":"WebPage","@id":"https:\/\/lamillou.ch\/produkt\/einschlagdecke-babyschale-mirella\/","url":"https:\/\/lamillou.ch\/produkt\/einschlagdecke-babyschale-mirella\/","name":"Einschlagdecke Babyschale MIRELLA - lamillou.ch","isPartOf":{"@id":"https:\/\/lamillou.ch\/#website"},"primaryImageOfPage":{"@id":"https:\/\/lamillou.ch\/produkt\/einschlagdecke-babyschale-mirella\/#primaryimage"},"image":{"@id":"https:\/\/lamillou.ch\/produkt\/einschlagdecke-babyschale-mirella\/#primaryimage"},"thumbnailUrl":"https:\/\/lamillou.ch\/wp-content\/uploads\/2026\/04\/image_1920_SEhQS.jpeg","datePublished":"2026-04-08T12:12:15+00:00","dateModified":"2026-04-16T22:20:45+00:00","description":"Die Autositzdecke ist ein unverzichtbares Element jeder Babyausstattung! Sie bietet dem Baby Komfort, sch\u00fctzt es vor K\u00e4lte und umh\u00fcllt es angenehm w\u00e4hrend","breadcrumb":{"@id":"https:\/\/lamillou.ch\/produkt\/einschlagdecke-babyschale-mirella\/#breadcrumb"},"inLanguage":"en-GB","potentialAction":[{"@type":"ReadAction","target":["https:\/\/lamillou.ch\/produkt\/einschlagdecke-babyschale-mirella\/"]}]},{"@type":"ImageObject","inLanguage":"en-GB","@id":"https:\/\/lamillou.ch\/produkt\/einschlagdecke-babyschale-mirella\/#primaryimage","url":"https:\/\/lamillou.ch\/wp-content\/uploads\/2026\/04\/image_1920_SEhQS.jpeg","contentUrl":"https:\/\/lamillou.ch\/wp-content\/uploads\/2026\/04\/image_1920_SEhQS.jpeg","width":1920,"height":1920,"caption":"Einschlagdecke Babyschale MIRELLA Hauptbild"},{"@type":"BreadcrumbList","@id":"https:\/\/lamillou.ch\/produkt\/einschlagdecke-babyschale-mirella\/#breadcrumb","itemListElement":[{"@type":"ListItem","position":1,"name":"Home","item":"https:\/\/lamillou.ch\/"},{"@type":"ListItem","position":2,"name":"Shop","item":"https:\/\/lamillou.ch\/shop\/"},{"@type":"ListItem","position":3,"name":"Einschlagdecke Babyschale MIRELLA"}]},{"@type":"WebSite","@id":"https:\/\/lamillou.ch\/#website","url":"https:\/\/lamillou.ch\/","name":"lamillou.ch","description":"","potentialAction":[{"@type":"SearchAction","target":{"@type":"EntryPoint","urlTemplate":"https:\/\/lamillou.ch\/?s={search_term_string}"},"query-input":{"@type":"PropertyValueSpecification","valueRequired":true,"valueName":"search_term_string"}}],"inLanguage":"en-GB"}]}},"_links":{"self":[{"href":"https:\/\/lamillou.ch\/en\/wp-json\/wp\/v2\/product\/29544","targetHints":{"allow":["GET"]}}],"collection":[{"href":"https:\/\/lamillou.ch\/en\/wp-json\/wp\/v2\/product"}],"about":[{"href":"https:\/\/lamillou.ch\/en\/wp-json\/wp\/v2\/types\/product"}],"replies":[{"embeddable":true,"href":"https:\/\/lamillou.ch\/en\/wp-json\/wp\/v2\/comments?post=29544"}],"version-history":[{"count":0,"href":"https:\/\/lamillou.ch\/en\/wp-json\/wp\/v2\/product\/29544\/revisions"}],"wp:featuredmedia":[{"embeddable":true,"href":"https:\/\/lamillou.ch\/en\/wp-json\/wp\/v2\/media\/31879"}],"wp:attachment":[{"href":"https:\/\/lamillou.ch\/en\/wp-json\/wp\/v2\/media?parent=29544"}],"wp:term":[{"taxonomy":"product_brand","embeddable":true,"href":"https:\/\/lamillou.ch\/en\/wp-json\/wp\/v2\/product_brand?post=29544"},{"taxonomy":"product_cat","embeddable":true,"href":"https:\/\/lamillou.ch\/en\/wp-json\/wp\/v2\/product_cat?post=29544"},{"taxonomy":"product_tag","embeddable":true,"href":"https:\/\/lamillou.ch\/en\/wp-json\/wp\/v2\/product_tag?post=29544"}],"curies":[{"name":"wp","href":"https:\/\/api.w.org\/{rel}","templated":true}]}}