{"id":29541,"date":"2026-04-08T13:12:14","date_gmt":"2026-04-08T12:12:14","guid":{"rendered":"https:\/\/lamillou.ch\/produkt\/kinderwagenauflage-jersey-mirella\/"},"modified":"2026-04-16T23:20:34","modified_gmt":"2026-04-16T22:20:34","slug":"kinderwagenauflage-jersey-mirella","status":"publish","type":"product","link":"https:\/\/lamillou.ch\/en\/product\/kinderwagenauflage-jersey-mirella\/","title":{"rendered":"Kinderwagenauflage Jersey MIRELLA"},"content":{"rendered":"<p>Komfortabel und stilvoll! Genauso sehen Spazierg\u00e4nge mit dem beidseitig verwendbaren Kinderwagen-Einsatz aus. *Der Einsatz bietet maximalen Komfort bei Spazierg\u00e4ngen, sch\u00fctzt die Haut Ihres Kindes vor direktem Kontakt mit dem synthetischen, unbequemen Kinderwagenstoff, verhindert Verschmutzungen im Kinderwagen und verleiht ihm ein einzigartiges, stilvolles Aussehen. *Eine Seite des Einsatzes besteht aus biologischer Baumwolle in Jersey-Qualit\u00e4t \u2013 weich, atmungsaktiv und sanft \u2013 w\u00e4hrend die andere Seite aus elegantem, kuscheligem Samt gefertigt ist. *Der Einsatz ist mit einer dicken, sehr elastischen Schaumstoffschicht gef\u00fcllt, die f\u00fcr Komfort und Bequemlichkeit sorgt. *Er ist mit einem Gurt\u00f6ffnungssystem ausgestattet, das mit den meisten Kinderwagen kompatibel ist, sowie mit zwei elastischen B\u00e4ndern, die eine sekundenschnelle Befestigung erm\u00f6glichen. Zudem kann ein Band erworben werden, um ein \u201eAngel\u2019s Wings\u201c-Kissen am Einsatz zu befestigen. Die Eins\u00e4tze mit STANDARD-\u00d6ffnungen passen zu Kinderwagenmodellen wie:ADAMEX BELISSA, ANEX E TYPE, BABY JOGGER CITY MINI, BUGABOO BUTTERFLY, BUGABOO FOX, CYBEX BALIOS S, CYBEX PRIAM 2.0, EASYWALKER JACKEY, EASYWALKER MILEY 2, ELODIE MONDO, ESPIRO ONLY WAY, ESPIRO WAVE, FUTURE DESIGN X-RAY, GREENTOM, JOIE LITETRAX 4 DLX AIR, JOOLS AER +, MUUVO QUICK 3.0, MUUVO QUICK 4.0, MUTSY NIO, ROAN IVI, SNAP4, VALCO BABY TREND, VALCO DUO TREND SPORT, VENICCI TINUM EDGE, VENICCI UPLINE.<\/p>","protected":false},"excerpt":{"rendered":"<p>Komfortabel und stilvoll! Genauso sehen Spazierg\u00e4nge mit dem beidseitig verwendbaren Kinderwagen-Einsatz aus. *Der Einsatz bietet maximalen Komfort bei Spazierg\u00e4ngen, sch\u00fctzt<\/p>","protected":false},"featured_media":31882,"comment_status":"open","ping_status":"closed","template":"","meta":[],"product_brand":[88],"product_cat":[300],"product_tag":[],"class_list":{"0":"post-29541","1":"product","2":"type-product","3":"status-publish","4":"has-post-thumbnail","6":"product_brand-la-millou","7":"product_cat-kinderwagen-sitzauflagen","9":"first","10":"instock","11":"taxable","12":"shipping-taxable","13":"purchasable","14":"product-type-simple"},"yoast_head":"<!-- This site is optimized with the Yoast SEO plugin v27.3 - https:\/\/yoast.com\/product\/yoast-seo-wordpress\/ -->\n<title>Kinderwagenauflage Jersey MIRELLA - lamillou.ch<\/title>\n<meta name=\"description\" content=\"Komfortabel und stilvoll! Genauso sehen Spazierg\u00e4nge mit dem beidseitig verwendbaren Kinderwagen-Einsatz aus. *Der Einsatz bietet maximalen Komfort bei\" \/>\n<meta name=\"robots\" content=\"index, follow, max-snippet:-1, max-image-preview:large, max-video-preview:-1\" \/>\n<link rel=\"canonical\" href=\"https:\/\/lamillou.ch\/en\/product\/kinderwagenauflage-jersey-mirella\/\" \/>\n<meta property=\"og:locale\" content=\"en_GB\" \/>\n<meta property=\"og:type\" content=\"article\" \/>\n<meta property=\"og:title\" content=\"Kinderwagenauflage Jersey MIRELLA - lamillou.ch\" \/>\n<meta property=\"og:description\" content=\"Komfortabel und stilvoll! Genauso sehen Spazierg\u00e4nge mit dem beidseitig verwendbaren Kinderwagen-Einsatz aus. *Der Einsatz bietet maximalen Komfort bei\" \/>\n<meta property=\"og:url\" content=\"https:\/\/lamillou.ch\/en\/product\/kinderwagenauflage-jersey-mirella\/\" \/>\n<meta property=\"og:site_name\" content=\"lamillou.ch\" \/>\n<meta property=\"article:modified_time\" content=\"2026-04-16T22:20:34+00:00\" \/>\n<meta property=\"og:image\" content=\"https:\/\/lamillou.ch\/wp-content\/uploads\/2026\/04\/image_1920_o1RCt.jpeg\" \/>\n\t<meta property=\"og:image:width\" content=\"1920\" \/>\n\t<meta property=\"og:image:height\" content=\"1920\" \/>\n\t<meta property=\"og:image:type\" content=\"image\/jpeg\" \/>\n<meta name=\"twitter:card\" content=\"summary_large_image\" \/>\n<meta name=\"twitter:label1\" content=\"Estimated reading time\" \/>\n\t<meta name=\"twitter:data1\" content=\"1 minute\" \/>\n<script type=\"application\/ld+json\" class=\"yoast-schema-graph\">{\"@context\":\"https:\\\/\\\/schema.org\",\"@graph\":[{\"@type\":\"WebPage\",\"@id\":\"https:\\\/\\\/lamillou.ch\\\/produkt\\\/kinderwagenauflage-jersey-mirella\\\/\",\"url\":\"https:\\\/\\\/lamillou.ch\\\/produkt\\\/kinderwagenauflage-jersey-mirella\\\/\",\"name\":\"Kinderwagenauflage Jersey MIRELLA - lamillou.ch\",\"isPartOf\":{\"@id\":\"https:\\\/\\\/lamillou.ch\\\/#website\"},\"primaryImageOfPage\":{\"@id\":\"https:\\\/\\\/lamillou.ch\\\/produkt\\\/kinderwagenauflage-jersey-mirella\\\/#primaryimage\"},\"image\":{\"@id\":\"https:\\\/\\\/lamillou.ch\\\/produkt\\\/kinderwagenauflage-jersey-mirella\\\/#primaryimage\"},\"thumbnailUrl\":\"https:\\\/\\\/lamillou.ch\\\/wp-content\\\/uploads\\\/2026\\\/04\\\/image_1920_o1RCt.jpeg\",\"datePublished\":\"2026-04-08T12:12:14+00:00\",\"dateModified\":\"2026-04-16T22:20:34+00:00\",\"description\":\"Komfortabel und stilvoll! Genauso sehen Spazierg\u00e4nge mit dem beidseitig verwendbaren Kinderwagen-Einsatz aus. *Der Einsatz bietet maximalen Komfort bei\",\"breadcrumb\":{\"@id\":\"https:\\\/\\\/lamillou.ch\\\/produkt\\\/kinderwagenauflage-jersey-mirella\\\/#breadcrumb\"},\"inLanguage\":\"en-GB\",\"potentialAction\":[{\"@type\":\"ReadAction\",\"target\":[\"https:\\\/\\\/lamillou.ch\\\/produkt\\\/kinderwagenauflage-jersey-mirella\\\/\"]}]},{\"@type\":\"ImageObject\",\"inLanguage\":\"en-GB\",\"@id\":\"https:\\\/\\\/lamillou.ch\\\/produkt\\\/kinderwagenauflage-jersey-mirella\\\/#primaryimage\",\"url\":\"https:\\\/\\\/lamillou.ch\\\/wp-content\\\/uploads\\\/2026\\\/04\\\/image_1920_o1RCt.jpeg\",\"contentUrl\":\"https:\\\/\\\/lamillou.ch\\\/wp-content\\\/uploads\\\/2026\\\/04\\\/image_1920_o1RCt.jpeg\",\"width\":1920,\"height\":1920,\"caption\":\"Kinderwagenauflage Jersey MIRELLA Hauptbild\"},{\"@type\":\"BreadcrumbList\",\"@id\":\"https:\\\/\\\/lamillou.ch\\\/produkt\\\/kinderwagenauflage-jersey-mirella\\\/#breadcrumb\",\"itemListElement\":[{\"@type\":\"ListItem\",\"position\":1,\"name\":\"Home\",\"item\":\"https:\\\/\\\/lamillou.ch\\\/\"},{\"@type\":\"ListItem\",\"position\":2,\"name\":\"Shop\",\"item\":\"https:\\\/\\\/lamillou.ch\\\/shop\\\/\"},{\"@type\":\"ListItem\",\"position\":3,\"name\":\"Kinderwagenauflage Jersey MIRELLA\"}]},{\"@type\":\"WebSite\",\"@id\":\"https:\\\/\\\/lamillou.ch\\\/#website\",\"url\":\"https:\\\/\\\/lamillou.ch\\\/\",\"name\":\"lamillou.ch\",\"description\":\"\",\"potentialAction\":[{\"@type\":\"SearchAction\",\"target\":{\"@type\":\"EntryPoint\",\"urlTemplate\":\"https:\\\/\\\/lamillou.ch\\\/?s={search_term_string}\"},\"query-input\":{\"@type\":\"PropertyValueSpecification\",\"valueRequired\":true,\"valueName\":\"search_term_string\"}}],\"inLanguage\":\"en-GB\"}]}<\/script>\n<!-- \/ Yoast SEO plugin. -->","yoast_head_json":{"title":"Kinderwagenauflage Jersey MIRELLA - lamillou.ch","description":"Komfortabel und stilvoll! Genauso sehen Spazierg\u00e4nge mit dem beidseitig verwendbaren Kinderwagen-Einsatz aus. *Der Einsatz bietet maximalen Komfort bei","robots":{"index":"index","follow":"follow","max-snippet":"max-snippet:-1","max-image-preview":"max-image-preview:large","max-video-preview":"max-video-preview:-1"},"canonical":"https:\/\/lamillou.ch\/en\/product\/kinderwagenauflage-jersey-mirella\/","og_locale":"en_GB","og_type":"article","og_title":"Kinderwagenauflage Jersey MIRELLA - lamillou.ch","og_description":"Komfortabel und stilvoll! Genauso sehen Spazierg\u00e4nge mit dem beidseitig verwendbaren Kinderwagen-Einsatz aus. *Der Einsatz bietet maximalen Komfort bei","og_url":"https:\/\/lamillou.ch\/en\/product\/kinderwagenauflage-jersey-mirella\/","og_site_name":"lamillou.ch","article_modified_time":"2026-04-16T22:20:34+00:00","og_image":[{"width":1920,"height":1920,"url":"https:\/\/lamillou.ch\/wp-content\/uploads\/2026\/04\/image_1920_o1RCt.jpeg","type":"image\/jpeg"}],"twitter_card":"summary_large_image","twitter_misc":{"Estimated reading time":"1 minute"},"schema":{"@context":"https:\/\/schema.org","@graph":[{"@type":"WebPage","@id":"https:\/\/lamillou.ch\/produkt\/kinderwagenauflage-jersey-mirella\/","url":"https:\/\/lamillou.ch\/produkt\/kinderwagenauflage-jersey-mirella\/","name":"Kinderwagenauflage Jersey MIRELLA - lamillou.ch","isPartOf":{"@id":"https:\/\/lamillou.ch\/#website"},"primaryImageOfPage":{"@id":"https:\/\/lamillou.ch\/produkt\/kinderwagenauflage-jersey-mirella\/#primaryimage"},"image":{"@id":"https:\/\/lamillou.ch\/produkt\/kinderwagenauflage-jersey-mirella\/#primaryimage"},"thumbnailUrl":"https:\/\/lamillou.ch\/wp-content\/uploads\/2026\/04\/image_1920_o1RCt.jpeg","datePublished":"2026-04-08T12:12:14+00:00","dateModified":"2026-04-16T22:20:34+00:00","description":"Komfortabel und stilvoll! Genauso sehen Spazierg\u00e4nge mit dem beidseitig verwendbaren Kinderwagen-Einsatz aus. *Der Einsatz bietet maximalen Komfort bei","breadcrumb":{"@id":"https:\/\/lamillou.ch\/produkt\/kinderwagenauflage-jersey-mirella\/#breadcrumb"},"inLanguage":"en-GB","potentialAction":[{"@type":"ReadAction","target":["https:\/\/lamillou.ch\/produkt\/kinderwagenauflage-jersey-mirella\/"]}]},{"@type":"ImageObject","inLanguage":"en-GB","@id":"https:\/\/lamillou.ch\/produkt\/kinderwagenauflage-jersey-mirella\/#primaryimage","url":"https:\/\/lamillou.ch\/wp-content\/uploads\/2026\/04\/image_1920_o1RCt.jpeg","contentUrl":"https:\/\/lamillou.ch\/wp-content\/uploads\/2026\/04\/image_1920_o1RCt.jpeg","width":1920,"height":1920,"caption":"Kinderwagenauflage Jersey MIRELLA Hauptbild"},{"@type":"BreadcrumbList","@id":"https:\/\/lamillou.ch\/produkt\/kinderwagenauflage-jersey-mirella\/#breadcrumb","itemListElement":[{"@type":"ListItem","position":1,"name":"Home","item":"https:\/\/lamillou.ch\/"},{"@type":"ListItem","position":2,"name":"Shop","item":"https:\/\/lamillou.ch\/shop\/"},{"@type":"ListItem","position":3,"name":"Kinderwagenauflage Jersey MIRELLA"}]},{"@type":"WebSite","@id":"https:\/\/lamillou.ch\/#website","url":"https:\/\/lamillou.ch\/","name":"lamillou.ch","description":"","potentialAction":[{"@type":"SearchAction","target":{"@type":"EntryPoint","urlTemplate":"https:\/\/lamillou.ch\/?s={search_term_string}"},"query-input":{"@type":"PropertyValueSpecification","valueRequired":true,"valueName":"search_term_string"}}],"inLanguage":"en-GB"}]}},"_links":{"self":[{"href":"https:\/\/lamillou.ch\/en\/wp-json\/wp\/v2\/product\/29541","targetHints":{"allow":["GET"]}}],"collection":[{"href":"https:\/\/lamillou.ch\/en\/wp-json\/wp\/v2\/product"}],"about":[{"href":"https:\/\/lamillou.ch\/en\/wp-json\/wp\/v2\/types\/product"}],"replies":[{"embeddable":true,"href":"https:\/\/lamillou.ch\/en\/wp-json\/wp\/v2\/comments?post=29541"}],"version-history":[{"count":0,"href":"https:\/\/lamillou.ch\/en\/wp-json\/wp\/v2\/product\/29541\/revisions"}],"wp:featuredmedia":[{"embeddable":true,"href":"https:\/\/lamillou.ch\/en\/wp-json\/wp\/v2\/media\/31882"}],"wp:attachment":[{"href":"https:\/\/lamillou.ch\/en\/wp-json\/wp\/v2\/media?parent=29541"}],"wp:term":[{"taxonomy":"product_brand","embeddable":true,"href":"https:\/\/lamillou.ch\/en\/wp-json\/wp\/v2\/product_brand?post=29541"},{"taxonomy":"product_cat","embeddable":true,"href":"https:\/\/lamillou.ch\/en\/wp-json\/wp\/v2\/product_cat?post=29541"},{"taxonomy":"product_tag","embeddable":true,"href":"https:\/\/lamillou.ch\/en\/wp-json\/wp\/v2\/product_tag?post=29541"}],"curies":[{"name":"wp","href":"https:\/\/api.w.org\/{rel}","templated":true}]}}