{"id":29498,"date":"2026-04-08T13:10:01","date_gmt":"2026-04-08T12:10:01","guid":{"rendered":"https:\/\/lamillou.ch\/produkt\/fixleintuch-baumwolle-mirella-s-60-x-120-cm\/"},"modified":"2026-04-16T15:26:26","modified_gmt":"2026-04-16T14:26:26","slug":"fixleintuch-baumwolle-mirella-s-60-x-120-cm","status":"publish","type":"product","link":"https:\/\/lamillou.ch\/en\/product\/fixleintuch-baumwolle-mirella-s-60-x-120-cm\/","title":{"rendered":"Fixleintuch Baumwolle MIRELLA &#8211; S &#8211; 60 x 120 cm"},"content":{"rendered":"<p>Bettlaken mit Gummizug, gen\u00e4ht aus 100% hochwertiger Baumwolle. Ein &#171;Muss&#187; f\u00fcr die Ausstattung jedes Babys! Um die Tr\u00e4ume noch farbenfroher zu machen, k\u00f6nnen Sie das Produkt mit Bettzeug, einer Bettumrandung und anderen La Millou-Produkten kombinieren.<\/p>","protected":false},"excerpt":{"rendered":"<p>Bettlaken mit Gummizug, gen\u00e4ht aus 100% hochwertiger Baumwolle. Ein &#171;Muss&#187; f\u00fcr die Ausstattung jedes Babys! Um die Tr\u00e4ume noch farbenfroher<\/p>","protected":false},"featured_media":31925,"comment_status":"open","ping_status":"closed","template":"","meta":[],"product_brand":[88],"product_cat":[387],"product_tag":[],"class_list":{"0":"post-29498","1":"product","2":"type-product","3":"status-publish","4":"has-post-thumbnail","6":"product_brand-la-millou","7":"product_cat-fixleintunch-und-spannbettlaken","9":"first","10":"instock","11":"taxable","12":"shipping-taxable","13":"purchasable","14":"product-type-simple"},"yoast_head":"<!-- This site is optimized with the Yoast SEO plugin v27.3 - https:\/\/yoast.com\/product\/yoast-seo-wordpress\/ -->\n<title>Fixleintuch Baumwolle MIRELLA - S - 60 x 120 cm - lamillou.ch<\/title>\n<meta name=\"robots\" content=\"index, follow, max-snippet:-1, max-image-preview:large, max-video-preview:-1\" \/>\n<link rel=\"canonical\" href=\"https:\/\/lamillou.ch\/en\/product\/fixleintuch-baumwolle-mirella-s-60-x-120-cm\/\" \/>\n<meta property=\"og:locale\" content=\"en_GB\" \/>\n<meta property=\"og:type\" content=\"article\" \/>\n<meta property=\"og:title\" content=\"Fixleintuch Baumwolle MIRELLA - S - 60 x 120 cm - lamillou.ch\" \/>\n<meta property=\"og:description\" content=\"Bettlaken mit Gummizug, gen\u00e4ht aus 100% hochwertiger Baumwolle. Ein &#171;Muss&#187; f\u00fcr die Ausstattung jedes Babys! Um die Tr\u00e4ume noch farbenfroher\" \/>\n<meta property=\"og:url\" content=\"https:\/\/lamillou.ch\/en\/product\/fixleintuch-baumwolle-mirella-s-60-x-120-cm\/\" \/>\n<meta property=\"og:site_name\" content=\"lamillou.ch\" \/>\n<meta property=\"article:modified_time\" content=\"2026-04-16T14:26:26+00:00\" \/>\n<meta name=\"twitter:card\" content=\"summary_large_image\" \/>\n<script type=\"application\/ld+json\" class=\"yoast-schema-graph\">{\"@context\":\"https:\\\/\\\/schema.org\",\"@graph\":[{\"@type\":\"WebPage\",\"@id\":\"https:\\\/\\\/lamillou.ch\\\/produkt\\\/fixleintuch-baumwolle-mirella-s-60-x-120-cm\\\/\",\"url\":\"https:\\\/\\\/lamillou.ch\\\/produkt\\\/fixleintuch-baumwolle-mirella-s-60-x-120-cm\\\/\",\"name\":\"Fixleintuch Baumwolle MIRELLA - S - 60 x 120 cm - lamillou.ch\",\"isPartOf\":{\"@id\":\"https:\\\/\\\/lamillou.ch\\\/#website\"},\"primaryImageOfPage\":{\"@id\":\"https:\\\/\\\/lamillou.ch\\\/produkt\\\/fixleintuch-baumwolle-mirella-s-60-x-120-cm\\\/#primaryimage\"},\"image\":{\"@id\":\"https:\\\/\\\/lamillou.ch\\\/produkt\\\/fixleintuch-baumwolle-mirella-s-60-x-120-cm\\\/#primaryimage\"},\"thumbnailUrl\":\"https:\\\/\\\/lamillou.ch\\\/wp-content\\\/uploads\\\/2026\\\/04\\\/image_1920_uuRA1.jpeg\",\"datePublished\":\"2026-04-08T12:10:01+00:00\",\"dateModified\":\"2026-04-16T14:26:26+00:00\",\"breadcrumb\":{\"@id\":\"https:\\\/\\\/lamillou.ch\\\/produkt\\\/fixleintuch-baumwolle-mirella-s-60-x-120-cm\\\/#breadcrumb\"},\"inLanguage\":\"en-GB\",\"potentialAction\":[{\"@type\":\"ReadAction\",\"target\":[\"https:\\\/\\\/lamillou.ch\\\/produkt\\\/fixleintuch-baumwolle-mirella-s-60-x-120-cm\\\/\"]}]},{\"@type\":\"ImageObject\",\"inLanguage\":\"en-GB\",\"@id\":\"https:\\\/\\\/lamillou.ch\\\/produkt\\\/fixleintuch-baumwolle-mirella-s-60-x-120-cm\\\/#primaryimage\",\"url\":\"https:\\\/\\\/lamillou.ch\\\/wp-content\\\/uploads\\\/2026\\\/04\\\/image_1920_uuRA1.jpeg\",\"contentUrl\":\"https:\\\/\\\/lamillou.ch\\\/wp-content\\\/uploads\\\/2026\\\/04\\\/image_1920_uuRA1.jpeg\",\"width\":1920,\"height\":1920,\"caption\":\"Fixleintuch Baumwolle MIRELLA - S - 60 x 120 cm Hauptbild\"},{\"@type\":\"BreadcrumbList\",\"@id\":\"https:\\\/\\\/lamillou.ch\\\/produkt\\\/fixleintuch-baumwolle-mirella-s-60-x-120-cm\\\/#breadcrumb\",\"itemListElement\":[{\"@type\":\"ListItem\",\"position\":1,\"name\":\"Home\",\"item\":\"https:\\\/\\\/lamillou.ch\\\/\"},{\"@type\":\"ListItem\",\"position\":2,\"name\":\"Shop\",\"item\":\"https:\\\/\\\/lamillou.ch\\\/shop\\\/\"},{\"@type\":\"ListItem\",\"position\":3,\"name\":\"Fixleintuch Baumwolle MIRELLA &#8211; S &#8211; 60 x 120 cm\"}]},{\"@type\":\"WebSite\",\"@id\":\"https:\\\/\\\/lamillou.ch\\\/#website\",\"url\":\"https:\\\/\\\/lamillou.ch\\\/\",\"name\":\"lamillou.ch\",\"description\":\"\",\"potentialAction\":[{\"@type\":\"SearchAction\",\"target\":{\"@type\":\"EntryPoint\",\"urlTemplate\":\"https:\\\/\\\/lamillou.ch\\\/?s={search_term_string}\"},\"query-input\":{\"@type\":\"PropertyValueSpecification\",\"valueRequired\":true,\"valueName\":\"search_term_string\"}}],\"inLanguage\":\"en-GB\"}]}<\/script>\n<!-- \/ Yoast SEO plugin. -->","yoast_head_json":{"title":"Fixleintuch Baumwolle MIRELLA - S - 60 x 120 cm - lamillou.ch","robots":{"index":"index","follow":"follow","max-snippet":"max-snippet:-1","max-image-preview":"max-image-preview:large","max-video-preview":"max-video-preview:-1"},"canonical":"https:\/\/lamillou.ch\/en\/product\/fixleintuch-baumwolle-mirella-s-60-x-120-cm\/","og_locale":"en_GB","og_type":"article","og_title":"Fixleintuch Baumwolle MIRELLA - S - 60 x 120 cm - lamillou.ch","og_description":"Bettlaken mit Gummizug, gen\u00e4ht aus 100% hochwertiger Baumwolle. Ein &#171;Muss&#187; f\u00fcr die Ausstattung jedes Babys! Um die Tr\u00e4ume noch farbenfroher","og_url":"https:\/\/lamillou.ch\/en\/product\/fixleintuch-baumwolle-mirella-s-60-x-120-cm\/","og_site_name":"lamillou.ch","article_modified_time":"2026-04-16T14:26:26+00:00","twitter_card":"summary_large_image","schema":{"@context":"https:\/\/schema.org","@graph":[{"@type":"WebPage","@id":"https:\/\/lamillou.ch\/produkt\/fixleintuch-baumwolle-mirella-s-60-x-120-cm\/","url":"https:\/\/lamillou.ch\/produkt\/fixleintuch-baumwolle-mirella-s-60-x-120-cm\/","name":"Fixleintuch Baumwolle MIRELLA - S - 60 x 120 cm - lamillou.ch","isPartOf":{"@id":"https:\/\/lamillou.ch\/#website"},"primaryImageOfPage":{"@id":"https:\/\/lamillou.ch\/produkt\/fixleintuch-baumwolle-mirella-s-60-x-120-cm\/#primaryimage"},"image":{"@id":"https:\/\/lamillou.ch\/produkt\/fixleintuch-baumwolle-mirella-s-60-x-120-cm\/#primaryimage"},"thumbnailUrl":"https:\/\/lamillou.ch\/wp-content\/uploads\/2026\/04\/image_1920_uuRA1.jpeg","datePublished":"2026-04-08T12:10:01+00:00","dateModified":"2026-04-16T14:26:26+00:00","breadcrumb":{"@id":"https:\/\/lamillou.ch\/produkt\/fixleintuch-baumwolle-mirella-s-60-x-120-cm\/#breadcrumb"},"inLanguage":"en-GB","potentialAction":[{"@type":"ReadAction","target":["https:\/\/lamillou.ch\/produkt\/fixleintuch-baumwolle-mirella-s-60-x-120-cm\/"]}]},{"@type":"ImageObject","inLanguage":"en-GB","@id":"https:\/\/lamillou.ch\/produkt\/fixleintuch-baumwolle-mirella-s-60-x-120-cm\/#primaryimage","url":"https:\/\/lamillou.ch\/wp-content\/uploads\/2026\/04\/image_1920_uuRA1.jpeg","contentUrl":"https:\/\/lamillou.ch\/wp-content\/uploads\/2026\/04\/image_1920_uuRA1.jpeg","width":1920,"height":1920,"caption":"Fixleintuch Baumwolle MIRELLA - S - 60 x 120 cm Hauptbild"},{"@type":"BreadcrumbList","@id":"https:\/\/lamillou.ch\/produkt\/fixleintuch-baumwolle-mirella-s-60-x-120-cm\/#breadcrumb","itemListElement":[{"@type":"ListItem","position":1,"name":"Home","item":"https:\/\/lamillou.ch\/"},{"@type":"ListItem","position":2,"name":"Shop","item":"https:\/\/lamillou.ch\/shop\/"},{"@type":"ListItem","position":3,"name":"Fixleintuch Baumwolle MIRELLA &#8211; S &#8211; 60 x 120 cm"}]},{"@type":"WebSite","@id":"https:\/\/lamillou.ch\/#website","url":"https:\/\/lamillou.ch\/","name":"lamillou.ch","description":"","potentialAction":[{"@type":"SearchAction","target":{"@type":"EntryPoint","urlTemplate":"https:\/\/lamillou.ch\/?s={search_term_string}"},"query-input":{"@type":"PropertyValueSpecification","valueRequired":true,"valueName":"search_term_string"}}],"inLanguage":"en-GB"}]}},"_links":{"self":[{"href":"https:\/\/lamillou.ch\/en\/wp-json\/wp\/v2\/product\/29498","targetHints":{"allow":["GET"]}}],"collection":[{"href":"https:\/\/lamillou.ch\/en\/wp-json\/wp\/v2\/product"}],"about":[{"href":"https:\/\/lamillou.ch\/en\/wp-json\/wp\/v2\/types\/product"}],"replies":[{"embeddable":true,"href":"https:\/\/lamillou.ch\/en\/wp-json\/wp\/v2\/comments?post=29498"}],"version-history":[{"count":0,"href":"https:\/\/lamillou.ch\/en\/wp-json\/wp\/v2\/product\/29498\/revisions"}],"wp:featuredmedia":[{"embeddable":true,"href":"https:\/\/lamillou.ch\/en\/wp-json\/wp\/v2\/media\/31925"}],"wp:attachment":[{"href":"https:\/\/lamillou.ch\/en\/wp-json\/wp\/v2\/media?parent=29498"}],"wp:term":[{"taxonomy":"product_brand","embeddable":true,"href":"https:\/\/lamillou.ch\/en\/wp-json\/wp\/v2\/product_brand?post=29498"},{"taxonomy":"product_cat","embeddable":true,"href":"https:\/\/lamillou.ch\/en\/wp-json\/wp\/v2\/product_cat?post=29498"},{"taxonomy":"product_tag","embeddable":true,"href":"https:\/\/lamillou.ch\/en\/wp-json\/wp\/v2\/product_tag?post=29498"}],"curies":[{"name":"wp","href":"https:\/\/api.w.org\/{rel}","templated":true}]}}