{"id":29457,"date":"2026-04-08T13:09:54","date_gmt":"2026-04-08T12:09:54","guid":{"rendered":"https:\/\/lamillou.ch\/produkt\/bambusdecke-light-denim-s-80-x-90-cm\/"},"modified":"2026-04-16T20:41:39","modified_gmt":"2026-04-16T19:41:39","slug":"bambusdecke-light-denim-s-80-x-90-cm","status":"publish","type":"product","link":"https:\/\/lamillou.ch\/en\/product\/bambusdecke-light-denim-s-80-x-90-cm\/","title":{"rendered":"Bambusdecke LIGHT DENIM &#8211; S &#8211; 80 x 90 cm"},"content":{"rendered":"<p>Die Bambusdecken &#187; Fischgr\u00e4t &#187; sind eine einzigartige Art von Babydecken, die den Kleinen einen aussergew\u00f6hnlichen Komfort und ein Gef\u00fchl der Freude bieten. Sie sind die perfekte Erg\u00e4nzung f\u00fcr die Welt eines jeden Babys!<br \/>\nBambusdecken, auch Fischgr\u00e4tdecken genannt, werden aus dem weichen, angenehm zu ber\u00fchrenden Material Bambus hergestellt.<br \/>\nEs ist ein nat\u00fcrliches Material, das viele Vorteile f\u00fcr die Haut von zarten Babys und Kindern hat. Seine Fasern sind nicht nur weich und zart, sondern auch hypoallergen, antibakteriell und vor allem luftdurchl\u00e4ssig, was eine optimale Regulierung der K\u00f6rpertemperatur und Feuchtigkeit gew\u00e4hrleistet.<br \/>\nDie  &#187; Fischgr\u00e4t &#187; -Bambusdecken sind nicht nur praktisch, sondern auch wundersch\u00f6n gestaltet. Sie sind in einer Vielzahl von Farben erh\u00e4ltlich, die die Aufmerksamkeit auf sich ziehen und die Sinne des Babys anregen.<br \/>\nDie Decke hat ein Fischgr\u00e4tenmuster, das f\u00fcr Originalit\u00e4t und einen einzigartigen Charme sorgt. Ausserdem hat jede Decke ein Original-Lederschild mit dem La Millou-Logo.<br \/>\nDie Decken sind \u00e4usserst vielseitig und n\u00fctzlich. Sie k\u00f6nnen als Bettdecke im Kinderbett, als Tagesdecke im Kinderwagen, zum Kuscheln oder zum Zudecken beim Mittagsschlaf verwendet werden. Egal, wie sie verwendet werden, sie bieten Gem\u00fctlichkeit und Komfort und h\u00fcllen Ihr Kind in Weichheit und W\u00e4rme ein.<\/p>","protected":false},"excerpt":{"rendered":"<p>Die Bambusdecken &#187; Fischgr\u00e4t &#187; sind eine einzigartige Art von Babydecken, die den Kleinen einen aussergew\u00f6hnlichen Komfort und ein Gef\u00fchl<\/p>","protected":false},"featured_media":31966,"comment_status":"open","ping_status":"closed","template":"","meta":[],"product_brand":[88],"product_cat":[293],"product_tag":[],"class_list":{"0":"post-29457","1":"product","2":"type-product","3":"status-publish","4":"has-post-thumbnail","6":"product_brand-la-millou","7":"product_cat-leichte-decken","9":"first","10":"instock","11":"taxable","12":"shipping-taxable","13":"purchasable","14":"product-type-simple"},"yoast_head":"<!-- This site is optimized with the Yoast SEO plugin v27.3 - https:\/\/yoast.com\/product\/yoast-seo-wordpress\/ -->\n<title>Bambusdecke LIGHT DENIM - S - 80 x 90 cm - lamillou.ch<\/title>\n<meta name=\"description\" content=\"Die Bambusdecken &quot; Fischgr\u00e4t &quot; sind eine einzigartige Art von Babydecken, die den Kleinen einen aussergew\u00f6hnlichen Komfort und ein Gef\u00fchl der Freude\" \/>\n<meta name=\"robots\" content=\"index, follow, max-snippet:-1, max-image-preview:large, max-video-preview:-1\" \/>\n<link rel=\"canonical\" href=\"https:\/\/lamillou.ch\/en\/product\/bambusdecke-light-denim-s-80-x-90-cm\/\" \/>\n<meta property=\"og:locale\" content=\"en_GB\" \/>\n<meta property=\"og:type\" content=\"article\" \/>\n<meta property=\"og:title\" content=\"Bambusdecke LIGHT DENIM - S - 80 x 90 cm - lamillou.ch\" \/>\n<meta property=\"og:description\" content=\"Die Bambusdecken &quot; Fischgr\u00e4t &quot; sind eine einzigartige Art von Babydecken, die den Kleinen einen aussergew\u00f6hnlichen Komfort und ein Gef\u00fchl der Freude\" \/>\n<meta property=\"og:url\" content=\"https:\/\/lamillou.ch\/en\/product\/bambusdecke-light-denim-s-80-x-90-cm\/\" \/>\n<meta property=\"og:site_name\" content=\"lamillou.ch\" \/>\n<meta property=\"article:modified_time\" content=\"2026-04-16T19:41:39+00:00\" \/>\n<meta property=\"og:image\" content=\"https:\/\/lamillou.ch\/wp-content\/uploads\/2026\/04\/image_1920_9httB.jpeg\" \/>\n\t<meta property=\"og:image:width\" content=\"1920\" \/>\n\t<meta property=\"og:image:height\" content=\"1920\" \/>\n\t<meta property=\"og:image:type\" content=\"image\/jpeg\" \/>\n<meta name=\"twitter:card\" content=\"summary_large_image\" \/>\n<meta name=\"twitter:label1\" content=\"Estimated reading time\" \/>\n\t<meta name=\"twitter:data1\" content=\"1 minute\" \/>\n<script type=\"application\/ld+json\" class=\"yoast-schema-graph\">{\"@context\":\"https:\\\/\\\/schema.org\",\"@graph\":[{\"@type\":\"WebPage\",\"@id\":\"https:\\\/\\\/lamillou.ch\\\/produkt\\\/bambusdecke-light-denim-s-80-x-90-cm\\\/\",\"url\":\"https:\\\/\\\/lamillou.ch\\\/produkt\\\/bambusdecke-light-denim-s-80-x-90-cm\\\/\",\"name\":\"Bambusdecke LIGHT DENIM - S - 80 x 90 cm - lamillou.ch\",\"isPartOf\":{\"@id\":\"https:\\\/\\\/lamillou.ch\\\/#website\"},\"primaryImageOfPage\":{\"@id\":\"https:\\\/\\\/lamillou.ch\\\/produkt\\\/bambusdecke-light-denim-s-80-x-90-cm\\\/#primaryimage\"},\"image\":{\"@id\":\"https:\\\/\\\/lamillou.ch\\\/produkt\\\/bambusdecke-light-denim-s-80-x-90-cm\\\/#primaryimage\"},\"thumbnailUrl\":\"https:\\\/\\\/lamillou.ch\\\/wp-content\\\/uploads\\\/2026\\\/04\\\/image_1920_9httB.jpeg\",\"datePublished\":\"2026-04-08T12:09:54+00:00\",\"dateModified\":\"2026-04-16T19:41:39+00:00\",\"description\":\"Die Bambusdecken \\\" Fischgr\u00e4t \\\" sind eine einzigartige Art von Babydecken, die den Kleinen einen aussergew\u00f6hnlichen Komfort und ein Gef\u00fchl der Freude\",\"breadcrumb\":{\"@id\":\"https:\\\/\\\/lamillou.ch\\\/produkt\\\/bambusdecke-light-denim-s-80-x-90-cm\\\/#breadcrumb\"},\"inLanguage\":\"en-GB\",\"potentialAction\":[{\"@type\":\"ReadAction\",\"target\":[\"https:\\\/\\\/lamillou.ch\\\/produkt\\\/bambusdecke-light-denim-s-80-x-90-cm\\\/\"]}]},{\"@type\":\"ImageObject\",\"inLanguage\":\"en-GB\",\"@id\":\"https:\\\/\\\/lamillou.ch\\\/produkt\\\/bambusdecke-light-denim-s-80-x-90-cm\\\/#primaryimage\",\"url\":\"https:\\\/\\\/lamillou.ch\\\/wp-content\\\/uploads\\\/2026\\\/04\\\/image_1920_9httB.jpeg\",\"contentUrl\":\"https:\\\/\\\/lamillou.ch\\\/wp-content\\\/uploads\\\/2026\\\/04\\\/image_1920_9httB.jpeg\",\"width\":1920,\"height\":1920,\"caption\":\"Bambusdecke LIGHT DENIM - S - 80 x 90 cm Hauptbild\"},{\"@type\":\"BreadcrumbList\",\"@id\":\"https:\\\/\\\/lamillou.ch\\\/produkt\\\/bambusdecke-light-denim-s-80-x-90-cm\\\/#breadcrumb\",\"itemListElement\":[{\"@type\":\"ListItem\",\"position\":1,\"name\":\"Home\",\"item\":\"https:\\\/\\\/lamillou.ch\\\/\"},{\"@type\":\"ListItem\",\"position\":2,\"name\":\"Shop\",\"item\":\"https:\\\/\\\/lamillou.ch\\\/shop\\\/\"},{\"@type\":\"ListItem\",\"position\":3,\"name\":\"Bambusdecke LIGHT DENIM &#8211; S &#8211; 80 x 90 cm\"}]},{\"@type\":\"WebSite\",\"@id\":\"https:\\\/\\\/lamillou.ch\\\/#website\",\"url\":\"https:\\\/\\\/lamillou.ch\\\/\",\"name\":\"lamillou.ch\",\"description\":\"\",\"potentialAction\":[{\"@type\":\"SearchAction\",\"target\":{\"@type\":\"EntryPoint\",\"urlTemplate\":\"https:\\\/\\\/lamillou.ch\\\/?s={search_term_string}\"},\"query-input\":{\"@type\":\"PropertyValueSpecification\",\"valueRequired\":true,\"valueName\":\"search_term_string\"}}],\"inLanguage\":\"en-GB\"}]}<\/script>\n<!-- \/ Yoast SEO plugin. -->","yoast_head_json":{"title":"Bambusdecke LIGHT DENIM - S - 80 x 90 cm - lamillou.ch","description":"Die Bambusdecken \" Fischgr\u00e4t \" sind eine einzigartige Art von Babydecken, die den Kleinen einen aussergew\u00f6hnlichen Komfort und ein Gef\u00fchl der Freude","robots":{"index":"index","follow":"follow","max-snippet":"max-snippet:-1","max-image-preview":"max-image-preview:large","max-video-preview":"max-video-preview:-1"},"canonical":"https:\/\/lamillou.ch\/en\/product\/bambusdecke-light-denim-s-80-x-90-cm\/","og_locale":"en_GB","og_type":"article","og_title":"Bambusdecke LIGHT DENIM - S - 80 x 90 cm - lamillou.ch","og_description":"Die Bambusdecken \" Fischgr\u00e4t \" sind eine einzigartige Art von Babydecken, die den Kleinen einen aussergew\u00f6hnlichen Komfort und ein Gef\u00fchl der Freude","og_url":"https:\/\/lamillou.ch\/en\/product\/bambusdecke-light-denim-s-80-x-90-cm\/","og_site_name":"lamillou.ch","article_modified_time":"2026-04-16T19:41:39+00:00","og_image":[{"width":1920,"height":1920,"url":"https:\/\/lamillou.ch\/wp-content\/uploads\/2026\/04\/image_1920_9httB.jpeg","type":"image\/jpeg"}],"twitter_card":"summary_large_image","twitter_misc":{"Estimated reading time":"1 minute"},"schema":{"@context":"https:\/\/schema.org","@graph":[{"@type":"WebPage","@id":"https:\/\/lamillou.ch\/produkt\/bambusdecke-light-denim-s-80-x-90-cm\/","url":"https:\/\/lamillou.ch\/produkt\/bambusdecke-light-denim-s-80-x-90-cm\/","name":"Bambusdecke LIGHT DENIM - S - 80 x 90 cm - lamillou.ch","isPartOf":{"@id":"https:\/\/lamillou.ch\/#website"},"primaryImageOfPage":{"@id":"https:\/\/lamillou.ch\/produkt\/bambusdecke-light-denim-s-80-x-90-cm\/#primaryimage"},"image":{"@id":"https:\/\/lamillou.ch\/produkt\/bambusdecke-light-denim-s-80-x-90-cm\/#primaryimage"},"thumbnailUrl":"https:\/\/lamillou.ch\/wp-content\/uploads\/2026\/04\/image_1920_9httB.jpeg","datePublished":"2026-04-08T12:09:54+00:00","dateModified":"2026-04-16T19:41:39+00:00","description":"Die Bambusdecken \" Fischgr\u00e4t \" sind eine einzigartige Art von Babydecken, die den Kleinen einen aussergew\u00f6hnlichen Komfort und ein Gef\u00fchl der Freude","breadcrumb":{"@id":"https:\/\/lamillou.ch\/produkt\/bambusdecke-light-denim-s-80-x-90-cm\/#breadcrumb"},"inLanguage":"en-GB","potentialAction":[{"@type":"ReadAction","target":["https:\/\/lamillou.ch\/produkt\/bambusdecke-light-denim-s-80-x-90-cm\/"]}]},{"@type":"ImageObject","inLanguage":"en-GB","@id":"https:\/\/lamillou.ch\/produkt\/bambusdecke-light-denim-s-80-x-90-cm\/#primaryimage","url":"https:\/\/lamillou.ch\/wp-content\/uploads\/2026\/04\/image_1920_9httB.jpeg","contentUrl":"https:\/\/lamillou.ch\/wp-content\/uploads\/2026\/04\/image_1920_9httB.jpeg","width":1920,"height":1920,"caption":"Bambusdecke LIGHT DENIM - S - 80 x 90 cm Hauptbild"},{"@type":"BreadcrumbList","@id":"https:\/\/lamillou.ch\/produkt\/bambusdecke-light-denim-s-80-x-90-cm\/#breadcrumb","itemListElement":[{"@type":"ListItem","position":1,"name":"Home","item":"https:\/\/lamillou.ch\/"},{"@type":"ListItem","position":2,"name":"Shop","item":"https:\/\/lamillou.ch\/shop\/"},{"@type":"ListItem","position":3,"name":"Bambusdecke LIGHT DENIM &#8211; S &#8211; 80 x 90 cm"}]},{"@type":"WebSite","@id":"https:\/\/lamillou.ch\/#website","url":"https:\/\/lamillou.ch\/","name":"lamillou.ch","description":"","potentialAction":[{"@type":"SearchAction","target":{"@type":"EntryPoint","urlTemplate":"https:\/\/lamillou.ch\/?s={search_term_string}"},"query-input":{"@type":"PropertyValueSpecification","valueRequired":true,"valueName":"search_term_string"}}],"inLanguage":"en-GB"}]}},"_links":{"self":[{"href":"https:\/\/lamillou.ch\/en\/wp-json\/wp\/v2\/product\/29457","targetHints":{"allow":["GET"]}}],"collection":[{"href":"https:\/\/lamillou.ch\/en\/wp-json\/wp\/v2\/product"}],"about":[{"href":"https:\/\/lamillou.ch\/en\/wp-json\/wp\/v2\/types\/product"}],"replies":[{"embeddable":true,"href":"https:\/\/lamillou.ch\/en\/wp-json\/wp\/v2\/comments?post=29457"}],"version-history":[{"count":0,"href":"https:\/\/lamillou.ch\/en\/wp-json\/wp\/v2\/product\/29457\/revisions"}],"wp:featuredmedia":[{"embeddable":true,"href":"https:\/\/lamillou.ch\/en\/wp-json\/wp\/v2\/media\/31966"}],"wp:attachment":[{"href":"https:\/\/lamillou.ch\/en\/wp-json\/wp\/v2\/media?parent=29457"}],"wp:term":[{"taxonomy":"product_brand","embeddable":true,"href":"https:\/\/lamillou.ch\/en\/wp-json\/wp\/v2\/product_brand?post=29457"},{"taxonomy":"product_cat","embeddable":true,"href":"https:\/\/lamillou.ch\/en\/wp-json\/wp\/v2\/product_cat?post=29457"},{"taxonomy":"product_tag","embeddable":true,"href":"https:\/\/lamillou.ch\/en\/wp-json\/wp\/v2\/product_tag?post=29457"}],"curies":[{"name":"wp","href":"https:\/\/api.w.org\/{rel}","templated":true}]}}