{"id":29444,"date":"2026-04-08T13:09:31","date_gmt":"2026-04-08T12:09:31","guid":{"rendered":"https:\/\/lamillou.ch\/produkt\/warme-decke-merino-100-stoned-blue-s-85-x-85-cm\/"},"modified":"2026-04-16T23:14:26","modified_gmt":"2026-04-16T22:14:26","slug":"warme-decke-merino-100-stoned-blue-s-85-x-85-cm","status":"publish","type":"product","link":"https:\/\/lamillou.ch\/en\/product\/warme-decke-merino-100-stoned-blue-s-85-x-85-cm\/","title":{"rendered":"Warme Decke Merino 100% STONED BLUE &#8211; S &#8211; 85 x 85 cm"},"content":{"rendered":"<p>Die Merinodecke ist eine warme, sehr zarte und angenehm weiche Strickdecke f\u00fcr Kleinkinder aus 100% feiner neuseel\u00e4ndischer Merinowolle. Merinofasern haben eine besondere, komplexe Struktur, die sich \u00e4hnlich wie unsere Haut verh\u00e4lt: Sie k\u00fchlt und w\u00e4rmt den K\u00f6rper je nach Bedarf auf nat\u00fcrliche Weise. Im Sommer gibt sie dem Kind ein k\u00fchlendes Gef\u00fchl, w\u00e4hrend sie im Winter den K\u00f6rper sehr gut w\u00e4rmt. Merinowolle hat ausserdem die F\u00e4higkeit, Feuchtigkeit abzuleiten und bildet keinen N\u00e4hrboden f\u00fcr Bakterien, Milben und Pilze, die oft die Ursache f\u00fcr Allergien sind.  Die Decke hat eine sch\u00f6ne, moderne, flauschige Webart. Sie eignet sich sowohl f\u00fcr Spazierg\u00e4nge als auch f\u00fcr zu Hause und garantiert ein bequemes und aussergew\u00f6hnlich weiches Einwickeln.  Das Produkt wird in Polen hergestellt.<\/p>","protected":false},"excerpt":{"rendered":"<p>Die Merinodecke ist eine warme, sehr zarte und angenehm weiche Strickdecke f\u00fcr Kleinkinder aus 100% feiner neuseel\u00e4ndischer Merinowolle. Merinofasern haben<\/p>","protected":false},"featured_media":31979,"comment_status":"open","ping_status":"closed","template":"","meta":[],"product_brand":[88],"product_cat":[269],"product_tag":[],"class_list":{"0":"post-29444","1":"product","2":"type-product","3":"status-publish","4":"has-post-thumbnail","6":"product_brand-la-millou","7":"product_cat-warme-decken-babydecken","9":"first","10":"instock","11":"taxable","12":"shipping-taxable","13":"purchasable","14":"product-type-simple"},"yoast_head":"<!-- This site is optimized with the Yoast SEO plugin v27.3 - https:\/\/yoast.com\/product\/yoast-seo-wordpress\/ -->\n<title>Warme Decke Merino 100% STONED BLUE - S - 85 x 85 cm - lamillou.ch<\/title>\n<meta name=\"description\" content=\"Die Merinodecke ist eine warme, sehr zarte und angenehm weiche Strickdecke f\u00fcr Kleinkinder aus 100% feiner neuseel\u00e4ndischer Merinowolle. Merinofasern\" \/>\n<meta name=\"robots\" content=\"index, follow, max-snippet:-1, max-image-preview:large, max-video-preview:-1\" \/>\n<link rel=\"canonical\" href=\"https:\/\/lamillou.ch\/en\/product\/warme-decke-merino-100-stoned-blue-s-85-x-85-cm\/\" \/>\n<meta property=\"og:locale\" content=\"en_GB\" \/>\n<meta property=\"og:type\" content=\"article\" \/>\n<meta property=\"og:title\" content=\"Warme Decke Merino 100% STONED BLUE - S - 85 x 85 cm - lamillou.ch\" \/>\n<meta property=\"og:description\" content=\"Die Merinodecke ist eine warme, sehr zarte und angenehm weiche Strickdecke f\u00fcr Kleinkinder aus 100% feiner neuseel\u00e4ndischer Merinowolle. Merinofasern\" \/>\n<meta property=\"og:url\" content=\"https:\/\/lamillou.ch\/en\/product\/warme-decke-merino-100-stoned-blue-s-85-x-85-cm\/\" \/>\n<meta property=\"og:site_name\" content=\"lamillou.ch\" \/>\n<meta property=\"article:modified_time\" content=\"2026-04-16T22:14:26+00:00\" \/>\n<meta property=\"og:image\" content=\"https:\/\/lamillou.ch\/wp-content\/uploads\/2026\/04\/image_1920_a_PDf.jpeg\" \/>\n\t<meta property=\"og:image:width\" content=\"1920\" \/>\n\t<meta property=\"og:image:height\" content=\"1920\" \/>\n\t<meta property=\"og:image:type\" content=\"image\/jpeg\" \/>\n<meta name=\"twitter:card\" content=\"summary_large_image\" \/>\n<meta name=\"twitter:label1\" content=\"Estimated reading time\" \/>\n\t<meta name=\"twitter:data1\" content=\"1 minute\" \/>\n<script type=\"application\/ld+json\" class=\"yoast-schema-graph\">{\"@context\":\"https:\\\/\\\/schema.org\",\"@graph\":[{\"@type\":\"WebPage\",\"@id\":\"https:\\\/\\\/lamillou.ch\\\/produkt\\\/warme-decke-merino-100-stoned-blue-s-85-x-85-cm\\\/\",\"url\":\"https:\\\/\\\/lamillou.ch\\\/produkt\\\/warme-decke-merino-100-stoned-blue-s-85-x-85-cm\\\/\",\"name\":\"Warme Decke Merino 100% STONED BLUE - S - 85 x 85 cm - lamillou.ch\",\"isPartOf\":{\"@id\":\"https:\\\/\\\/lamillou.ch\\\/#website\"},\"primaryImageOfPage\":{\"@id\":\"https:\\\/\\\/lamillou.ch\\\/produkt\\\/warme-decke-merino-100-stoned-blue-s-85-x-85-cm\\\/#primaryimage\"},\"image\":{\"@id\":\"https:\\\/\\\/lamillou.ch\\\/produkt\\\/warme-decke-merino-100-stoned-blue-s-85-x-85-cm\\\/#primaryimage\"},\"thumbnailUrl\":\"https:\\\/\\\/lamillou.ch\\\/wp-content\\\/uploads\\\/2026\\\/04\\\/image_1920_a_PDf.jpeg\",\"datePublished\":\"2026-04-08T12:09:31+00:00\",\"dateModified\":\"2026-04-16T22:14:26+00:00\",\"description\":\"Die Merinodecke ist eine warme, sehr zarte und angenehm weiche Strickdecke f\u00fcr Kleinkinder aus 100% feiner neuseel\u00e4ndischer Merinowolle. Merinofasern\",\"breadcrumb\":{\"@id\":\"https:\\\/\\\/lamillou.ch\\\/produkt\\\/warme-decke-merino-100-stoned-blue-s-85-x-85-cm\\\/#breadcrumb\"},\"inLanguage\":\"en-GB\",\"potentialAction\":[{\"@type\":\"ReadAction\",\"target\":[\"https:\\\/\\\/lamillou.ch\\\/produkt\\\/warme-decke-merino-100-stoned-blue-s-85-x-85-cm\\\/\"]}]},{\"@type\":\"ImageObject\",\"inLanguage\":\"en-GB\",\"@id\":\"https:\\\/\\\/lamillou.ch\\\/produkt\\\/warme-decke-merino-100-stoned-blue-s-85-x-85-cm\\\/#primaryimage\",\"url\":\"https:\\\/\\\/lamillou.ch\\\/wp-content\\\/uploads\\\/2026\\\/04\\\/image_1920_a_PDf.jpeg\",\"contentUrl\":\"https:\\\/\\\/lamillou.ch\\\/wp-content\\\/uploads\\\/2026\\\/04\\\/image_1920_a_PDf.jpeg\",\"width\":1920,\"height\":1920,\"caption\":\"Warme Decke Merino 100% STONED BLUE - S - 85 x 85 cm Hauptbild\"},{\"@type\":\"BreadcrumbList\",\"@id\":\"https:\\\/\\\/lamillou.ch\\\/produkt\\\/warme-decke-merino-100-stoned-blue-s-85-x-85-cm\\\/#breadcrumb\",\"itemListElement\":[{\"@type\":\"ListItem\",\"position\":1,\"name\":\"Home\",\"item\":\"https:\\\/\\\/lamillou.ch\\\/\"},{\"@type\":\"ListItem\",\"position\":2,\"name\":\"Shop\",\"item\":\"https:\\\/\\\/lamillou.ch\\\/shop\\\/\"},{\"@type\":\"ListItem\",\"position\":3,\"name\":\"Warme Decke Merino 100% STONED BLUE &#8211; S &#8211; 85 x 85 cm\"}]},{\"@type\":\"WebSite\",\"@id\":\"https:\\\/\\\/lamillou.ch\\\/#website\",\"url\":\"https:\\\/\\\/lamillou.ch\\\/\",\"name\":\"lamillou.ch\",\"description\":\"\",\"potentialAction\":[{\"@type\":\"SearchAction\",\"target\":{\"@type\":\"EntryPoint\",\"urlTemplate\":\"https:\\\/\\\/lamillou.ch\\\/?s={search_term_string}\"},\"query-input\":{\"@type\":\"PropertyValueSpecification\",\"valueRequired\":true,\"valueName\":\"search_term_string\"}}],\"inLanguage\":\"en-GB\"}]}<\/script>\n<!-- \/ Yoast SEO plugin. -->","yoast_head_json":{"title":"Warme Decke Merino 100% STONED BLUE - S - 85 x 85 cm - lamillou.ch","description":"Die Merinodecke ist eine warme, sehr zarte und angenehm weiche Strickdecke f\u00fcr Kleinkinder aus 100% feiner neuseel\u00e4ndischer Merinowolle. Merinofasern","robots":{"index":"index","follow":"follow","max-snippet":"max-snippet:-1","max-image-preview":"max-image-preview:large","max-video-preview":"max-video-preview:-1"},"canonical":"https:\/\/lamillou.ch\/en\/product\/warme-decke-merino-100-stoned-blue-s-85-x-85-cm\/","og_locale":"en_GB","og_type":"article","og_title":"Warme Decke Merino 100% STONED BLUE - S - 85 x 85 cm - lamillou.ch","og_description":"Die Merinodecke ist eine warme, sehr zarte und angenehm weiche Strickdecke f\u00fcr Kleinkinder aus 100% feiner neuseel\u00e4ndischer Merinowolle. Merinofasern","og_url":"https:\/\/lamillou.ch\/en\/product\/warme-decke-merino-100-stoned-blue-s-85-x-85-cm\/","og_site_name":"lamillou.ch","article_modified_time":"2026-04-16T22:14:26+00:00","og_image":[{"width":1920,"height":1920,"url":"https:\/\/lamillou.ch\/wp-content\/uploads\/2026\/04\/image_1920_a_PDf.jpeg","type":"image\/jpeg"}],"twitter_card":"summary_large_image","twitter_misc":{"Estimated reading time":"1 minute"},"schema":{"@context":"https:\/\/schema.org","@graph":[{"@type":"WebPage","@id":"https:\/\/lamillou.ch\/produkt\/warme-decke-merino-100-stoned-blue-s-85-x-85-cm\/","url":"https:\/\/lamillou.ch\/produkt\/warme-decke-merino-100-stoned-blue-s-85-x-85-cm\/","name":"Warme Decke Merino 100% STONED BLUE - S - 85 x 85 cm - lamillou.ch","isPartOf":{"@id":"https:\/\/lamillou.ch\/#website"},"primaryImageOfPage":{"@id":"https:\/\/lamillou.ch\/produkt\/warme-decke-merino-100-stoned-blue-s-85-x-85-cm\/#primaryimage"},"image":{"@id":"https:\/\/lamillou.ch\/produkt\/warme-decke-merino-100-stoned-blue-s-85-x-85-cm\/#primaryimage"},"thumbnailUrl":"https:\/\/lamillou.ch\/wp-content\/uploads\/2026\/04\/image_1920_a_PDf.jpeg","datePublished":"2026-04-08T12:09:31+00:00","dateModified":"2026-04-16T22:14:26+00:00","description":"Die Merinodecke ist eine warme, sehr zarte und angenehm weiche Strickdecke f\u00fcr Kleinkinder aus 100% feiner neuseel\u00e4ndischer Merinowolle. Merinofasern","breadcrumb":{"@id":"https:\/\/lamillou.ch\/produkt\/warme-decke-merino-100-stoned-blue-s-85-x-85-cm\/#breadcrumb"},"inLanguage":"en-GB","potentialAction":[{"@type":"ReadAction","target":["https:\/\/lamillou.ch\/produkt\/warme-decke-merino-100-stoned-blue-s-85-x-85-cm\/"]}]},{"@type":"ImageObject","inLanguage":"en-GB","@id":"https:\/\/lamillou.ch\/produkt\/warme-decke-merino-100-stoned-blue-s-85-x-85-cm\/#primaryimage","url":"https:\/\/lamillou.ch\/wp-content\/uploads\/2026\/04\/image_1920_a_PDf.jpeg","contentUrl":"https:\/\/lamillou.ch\/wp-content\/uploads\/2026\/04\/image_1920_a_PDf.jpeg","width":1920,"height":1920,"caption":"Warme Decke Merino 100% STONED BLUE - S - 85 x 85 cm Hauptbild"},{"@type":"BreadcrumbList","@id":"https:\/\/lamillou.ch\/produkt\/warme-decke-merino-100-stoned-blue-s-85-x-85-cm\/#breadcrumb","itemListElement":[{"@type":"ListItem","position":1,"name":"Home","item":"https:\/\/lamillou.ch\/"},{"@type":"ListItem","position":2,"name":"Shop","item":"https:\/\/lamillou.ch\/shop\/"},{"@type":"ListItem","position":3,"name":"Warme Decke Merino 100% STONED BLUE &#8211; S &#8211; 85 x 85 cm"}]},{"@type":"WebSite","@id":"https:\/\/lamillou.ch\/#website","url":"https:\/\/lamillou.ch\/","name":"lamillou.ch","description":"","potentialAction":[{"@type":"SearchAction","target":{"@type":"EntryPoint","urlTemplate":"https:\/\/lamillou.ch\/?s={search_term_string}"},"query-input":{"@type":"PropertyValueSpecification","valueRequired":true,"valueName":"search_term_string"}}],"inLanguage":"en-GB"}]}},"_links":{"self":[{"href":"https:\/\/lamillou.ch\/en\/wp-json\/wp\/v2\/product\/29444","targetHints":{"allow":["GET"]}}],"collection":[{"href":"https:\/\/lamillou.ch\/en\/wp-json\/wp\/v2\/product"}],"about":[{"href":"https:\/\/lamillou.ch\/en\/wp-json\/wp\/v2\/types\/product"}],"replies":[{"embeddable":true,"href":"https:\/\/lamillou.ch\/en\/wp-json\/wp\/v2\/comments?post=29444"}],"version-history":[{"count":0,"href":"https:\/\/lamillou.ch\/en\/wp-json\/wp\/v2\/product\/29444\/revisions"}],"wp:featuredmedia":[{"embeddable":true,"href":"https:\/\/lamillou.ch\/en\/wp-json\/wp\/v2\/media\/31979"}],"wp:attachment":[{"href":"https:\/\/lamillou.ch\/en\/wp-json\/wp\/v2\/media?parent=29444"}],"wp:term":[{"taxonomy":"product_brand","embeddable":true,"href":"https:\/\/lamillou.ch\/en\/wp-json\/wp\/v2\/product_brand?post=29444"},{"taxonomy":"product_cat","embeddable":true,"href":"https:\/\/lamillou.ch\/en\/wp-json\/wp\/v2\/product_cat?post=29444"},{"taxonomy":"product_tag","embeddable":true,"href":"https:\/\/lamillou.ch\/en\/wp-json\/wp\/v2\/product_tag?post=29444"}],"curies":[{"name":"wp","href":"https:\/\/api.w.org\/{rel}","templated":true}]}}