{"id":29439,"date":"2026-04-08T13:09:31","date_gmt":"2026-04-08T12:09:31","guid":{"rendered":"https:\/\/lamillou.ch\/produkt\/kopfkissen-bambus-positano-by-night-xl-50-x-70-cm\/"},"modified":"2026-04-16T23:14:08","modified_gmt":"2026-04-16T22:14:08","slug":"kopfkissen-bambus-positano-by-night-xl-50-x-70-cm","status":"publish","type":"product","link":"https:\/\/lamillou.ch\/en\/product\/kopfkissen-bambus-positano-by-night-xl-50-x-70-cm\/","title":{"rendered":"Kopfkissen Bambus  POSITANO BY NIGHT &#8211; XL &#8211; 50 x 70 cm"},"content":{"rendered":"<p>Bambus Kopfkissen ist ein ideales Kissen f\u00fcr Fans von Produkten h\u00f6chster Qualit\u00e4t. Es ist ein flaches Kissen f\u00fcr Kleinkinder mit eingen\u00e4htem antiallergischem Vliesstoff. Ein Kissen, ideal f\u00fcr heisses Wetter, aus 100 % Bambusgarn, verhindert \u00dcberhitzung und Schwitzen des Kindes, empfohlen f\u00fcr AD (atopische Dermatitis). Der weiche und luftige Stoff ist besonders f\u00fcr Kinder mit empfindlicher Haut zu empfehlen. Dank der einzigartigen Eigenschaften von Bambus wird die zarte Haut des Babys nicht gereizt und schwitzt bei heissem Wetter nicht. Jetzt k\u00f6nnen Sie mit unserem Bambuskissen auch an heissen Tagen spazieren gehen. Kissen k\u00f6nnen mit anderen Produkten kombiniert werden.<\/p>","protected":false},"excerpt":{"rendered":"<p>Bambus Kopfkissen ist ein ideales Kissen f\u00fcr Fans von Produkten h\u00f6chster Qualit\u00e4t. Es ist ein flaches Kissen f\u00fcr Kleinkinder mit<\/p>","protected":false},"featured_media":31984,"comment_status":"open","ping_status":"closed","template":"","meta":[],"product_brand":[88],"product_cat":[267],"product_tag":[],"class_list":{"0":"post-29439","1":"product","2":"type-product","3":"status-publish","4":"has-post-thumbnail","6":"product_brand-la-millou","7":"product_cat-bettkissen","9":"first","10":"instock","11":"taxable","12":"shipping-taxable","13":"purchasable","14":"product-type-simple"},"yoast_head":"<!-- This site is optimized with the Yoast SEO plugin v27.3 - https:\/\/yoast.com\/product\/yoast-seo-wordpress\/ -->\n<title>Kopfkissen Bambus POSITANO BY NIGHT - XL - 50 x 70 cm - lamillou.ch<\/title>\n<meta name=\"description\" content=\"Bambus Kopfkissen ist ein ideales Kissen f\u00fcr Fans von Produkten h\u00f6chster Qualit\u00e4t. Es ist ein flaches Kissen f\u00fcr Kleinkinder mit eingen\u00e4htem\" \/>\n<meta name=\"robots\" content=\"index, follow, max-snippet:-1, max-image-preview:large, max-video-preview:-1\" \/>\n<link rel=\"canonical\" href=\"https:\/\/lamillou.ch\/en\/product\/kopfkissen-bambus-positano-by-night-xl-50-x-70-cm\/\" \/>\n<meta property=\"og:locale\" content=\"en_GB\" \/>\n<meta property=\"og:type\" content=\"article\" \/>\n<meta property=\"og:title\" content=\"Kopfkissen Bambus POSITANO BY NIGHT - XL - 50 x 70 cm - lamillou.ch\" \/>\n<meta property=\"og:description\" content=\"Bambus Kopfkissen ist ein ideales Kissen f\u00fcr Fans von Produkten h\u00f6chster Qualit\u00e4t. Es ist ein flaches Kissen f\u00fcr Kleinkinder mit eingen\u00e4htem\" \/>\n<meta property=\"og:url\" content=\"https:\/\/lamillou.ch\/en\/product\/kopfkissen-bambus-positano-by-night-xl-50-x-70-cm\/\" \/>\n<meta property=\"og:site_name\" content=\"lamillou.ch\" \/>\n<meta property=\"article:modified_time\" content=\"2026-04-16T22:14:08+00:00\" \/>\n<meta property=\"og:image\" content=\"https:\/\/lamillou.ch\/wp-content\/uploads\/2026\/04\/image_1920__f_SD.jpeg\" \/>\n\t<meta property=\"og:image:width\" content=\"1920\" \/>\n\t<meta property=\"og:image:height\" content=\"1920\" \/>\n\t<meta property=\"og:image:type\" content=\"image\/jpeg\" \/>\n<meta name=\"twitter:card\" content=\"summary_large_image\" \/>\n<meta name=\"twitter:label1\" content=\"Estimated reading time\" \/>\n\t<meta name=\"twitter:data1\" content=\"1 minute\" \/>\n<script type=\"application\/ld+json\" class=\"yoast-schema-graph\">{\"@context\":\"https:\\\/\\\/schema.org\",\"@graph\":[{\"@type\":\"WebPage\",\"@id\":\"https:\\\/\\\/lamillou.ch\\\/produkt\\\/kopfkissen-bambus-positano-by-night-xl-50-x-70-cm\\\/\",\"url\":\"https:\\\/\\\/lamillou.ch\\\/produkt\\\/kopfkissen-bambus-positano-by-night-xl-50-x-70-cm\\\/\",\"name\":\"Kopfkissen Bambus POSITANO BY NIGHT - XL - 50 x 70 cm - lamillou.ch\",\"isPartOf\":{\"@id\":\"https:\\\/\\\/lamillou.ch\\\/#website\"},\"primaryImageOfPage\":{\"@id\":\"https:\\\/\\\/lamillou.ch\\\/produkt\\\/kopfkissen-bambus-positano-by-night-xl-50-x-70-cm\\\/#primaryimage\"},\"image\":{\"@id\":\"https:\\\/\\\/lamillou.ch\\\/produkt\\\/kopfkissen-bambus-positano-by-night-xl-50-x-70-cm\\\/#primaryimage\"},\"thumbnailUrl\":\"https:\\\/\\\/lamillou.ch\\\/wp-content\\\/uploads\\\/2026\\\/04\\\/image_1920__f_SD.jpeg\",\"datePublished\":\"2026-04-08T12:09:31+00:00\",\"dateModified\":\"2026-04-16T22:14:08+00:00\",\"description\":\"Bambus Kopfkissen ist ein ideales Kissen f\u00fcr Fans von Produkten h\u00f6chster Qualit\u00e4t. Es ist ein flaches Kissen f\u00fcr Kleinkinder mit eingen\u00e4htem\",\"breadcrumb\":{\"@id\":\"https:\\\/\\\/lamillou.ch\\\/produkt\\\/kopfkissen-bambus-positano-by-night-xl-50-x-70-cm\\\/#breadcrumb\"},\"inLanguage\":\"en-GB\",\"potentialAction\":[{\"@type\":\"ReadAction\",\"target\":[\"https:\\\/\\\/lamillou.ch\\\/produkt\\\/kopfkissen-bambus-positano-by-night-xl-50-x-70-cm\\\/\"]}]},{\"@type\":\"ImageObject\",\"inLanguage\":\"en-GB\",\"@id\":\"https:\\\/\\\/lamillou.ch\\\/produkt\\\/kopfkissen-bambus-positano-by-night-xl-50-x-70-cm\\\/#primaryimage\",\"url\":\"https:\\\/\\\/lamillou.ch\\\/wp-content\\\/uploads\\\/2026\\\/04\\\/image_1920__f_SD.jpeg\",\"contentUrl\":\"https:\\\/\\\/lamillou.ch\\\/wp-content\\\/uploads\\\/2026\\\/04\\\/image_1920__f_SD.jpeg\",\"width\":1920,\"height\":1920,\"caption\":\"Kopfkissen Bambus POSITANO BY NIGHT - XL - 50 x 70 cm Hauptbild\"},{\"@type\":\"BreadcrumbList\",\"@id\":\"https:\\\/\\\/lamillou.ch\\\/produkt\\\/kopfkissen-bambus-positano-by-night-xl-50-x-70-cm\\\/#breadcrumb\",\"itemListElement\":[{\"@type\":\"ListItem\",\"position\":1,\"name\":\"Home\",\"item\":\"https:\\\/\\\/lamillou.ch\\\/\"},{\"@type\":\"ListItem\",\"position\":2,\"name\":\"Shop\",\"item\":\"https:\\\/\\\/lamillou.ch\\\/shop\\\/\"},{\"@type\":\"ListItem\",\"position\":3,\"name\":\"Kopfkissen Bambus POSITANO BY NIGHT &#8211; XL &#8211; 50 x 70 cm\"}]},{\"@type\":\"WebSite\",\"@id\":\"https:\\\/\\\/lamillou.ch\\\/#website\",\"url\":\"https:\\\/\\\/lamillou.ch\\\/\",\"name\":\"lamillou.ch\",\"description\":\"\",\"potentialAction\":[{\"@type\":\"SearchAction\",\"target\":{\"@type\":\"EntryPoint\",\"urlTemplate\":\"https:\\\/\\\/lamillou.ch\\\/?s={search_term_string}\"},\"query-input\":{\"@type\":\"PropertyValueSpecification\",\"valueRequired\":true,\"valueName\":\"search_term_string\"}}],\"inLanguage\":\"en-GB\"}]}<\/script>\n<!-- \/ Yoast SEO plugin. -->","yoast_head_json":{"title":"Kopfkissen Bambus POSITANO BY NIGHT - XL - 50 x 70 cm - lamillou.ch","description":"Bambus Kopfkissen ist ein ideales Kissen f\u00fcr Fans von Produkten h\u00f6chster Qualit\u00e4t. Es ist ein flaches Kissen f\u00fcr Kleinkinder mit eingen\u00e4htem","robots":{"index":"index","follow":"follow","max-snippet":"max-snippet:-1","max-image-preview":"max-image-preview:large","max-video-preview":"max-video-preview:-1"},"canonical":"https:\/\/lamillou.ch\/en\/product\/kopfkissen-bambus-positano-by-night-xl-50-x-70-cm\/","og_locale":"en_GB","og_type":"article","og_title":"Kopfkissen Bambus POSITANO BY NIGHT - XL - 50 x 70 cm - lamillou.ch","og_description":"Bambus Kopfkissen ist ein ideales Kissen f\u00fcr Fans von Produkten h\u00f6chster Qualit\u00e4t. Es ist ein flaches Kissen f\u00fcr Kleinkinder mit eingen\u00e4htem","og_url":"https:\/\/lamillou.ch\/en\/product\/kopfkissen-bambus-positano-by-night-xl-50-x-70-cm\/","og_site_name":"lamillou.ch","article_modified_time":"2026-04-16T22:14:08+00:00","og_image":[{"width":1920,"height":1920,"url":"https:\/\/lamillou.ch\/wp-content\/uploads\/2026\/04\/image_1920__f_SD.jpeg","type":"image\/jpeg"}],"twitter_card":"summary_large_image","twitter_misc":{"Estimated reading time":"1 minute"},"schema":{"@context":"https:\/\/schema.org","@graph":[{"@type":"WebPage","@id":"https:\/\/lamillou.ch\/produkt\/kopfkissen-bambus-positano-by-night-xl-50-x-70-cm\/","url":"https:\/\/lamillou.ch\/produkt\/kopfkissen-bambus-positano-by-night-xl-50-x-70-cm\/","name":"Kopfkissen Bambus POSITANO BY NIGHT - XL - 50 x 70 cm - lamillou.ch","isPartOf":{"@id":"https:\/\/lamillou.ch\/#website"},"primaryImageOfPage":{"@id":"https:\/\/lamillou.ch\/produkt\/kopfkissen-bambus-positano-by-night-xl-50-x-70-cm\/#primaryimage"},"image":{"@id":"https:\/\/lamillou.ch\/produkt\/kopfkissen-bambus-positano-by-night-xl-50-x-70-cm\/#primaryimage"},"thumbnailUrl":"https:\/\/lamillou.ch\/wp-content\/uploads\/2026\/04\/image_1920__f_SD.jpeg","datePublished":"2026-04-08T12:09:31+00:00","dateModified":"2026-04-16T22:14:08+00:00","description":"Bambus Kopfkissen ist ein ideales Kissen f\u00fcr Fans von Produkten h\u00f6chster Qualit\u00e4t. Es ist ein flaches Kissen f\u00fcr Kleinkinder mit eingen\u00e4htem","breadcrumb":{"@id":"https:\/\/lamillou.ch\/produkt\/kopfkissen-bambus-positano-by-night-xl-50-x-70-cm\/#breadcrumb"},"inLanguage":"en-GB","potentialAction":[{"@type":"ReadAction","target":["https:\/\/lamillou.ch\/produkt\/kopfkissen-bambus-positano-by-night-xl-50-x-70-cm\/"]}]},{"@type":"ImageObject","inLanguage":"en-GB","@id":"https:\/\/lamillou.ch\/produkt\/kopfkissen-bambus-positano-by-night-xl-50-x-70-cm\/#primaryimage","url":"https:\/\/lamillou.ch\/wp-content\/uploads\/2026\/04\/image_1920__f_SD.jpeg","contentUrl":"https:\/\/lamillou.ch\/wp-content\/uploads\/2026\/04\/image_1920__f_SD.jpeg","width":1920,"height":1920,"caption":"Kopfkissen Bambus POSITANO BY NIGHT - XL - 50 x 70 cm Hauptbild"},{"@type":"BreadcrumbList","@id":"https:\/\/lamillou.ch\/produkt\/kopfkissen-bambus-positano-by-night-xl-50-x-70-cm\/#breadcrumb","itemListElement":[{"@type":"ListItem","position":1,"name":"Home","item":"https:\/\/lamillou.ch\/"},{"@type":"ListItem","position":2,"name":"Shop","item":"https:\/\/lamillou.ch\/shop\/"},{"@type":"ListItem","position":3,"name":"Kopfkissen Bambus POSITANO BY NIGHT &#8211; XL &#8211; 50 x 70 cm"}]},{"@type":"WebSite","@id":"https:\/\/lamillou.ch\/#website","url":"https:\/\/lamillou.ch\/","name":"lamillou.ch","description":"","potentialAction":[{"@type":"SearchAction","target":{"@type":"EntryPoint","urlTemplate":"https:\/\/lamillou.ch\/?s={search_term_string}"},"query-input":{"@type":"PropertyValueSpecification","valueRequired":true,"valueName":"search_term_string"}}],"inLanguage":"en-GB"}]}},"_links":{"self":[{"href":"https:\/\/lamillou.ch\/en\/wp-json\/wp\/v2\/product\/29439","targetHints":{"allow":["GET"]}}],"collection":[{"href":"https:\/\/lamillou.ch\/en\/wp-json\/wp\/v2\/product"}],"about":[{"href":"https:\/\/lamillou.ch\/en\/wp-json\/wp\/v2\/types\/product"}],"replies":[{"embeddable":true,"href":"https:\/\/lamillou.ch\/en\/wp-json\/wp\/v2\/comments?post=29439"}],"version-history":[{"count":0,"href":"https:\/\/lamillou.ch\/en\/wp-json\/wp\/v2\/product\/29439\/revisions"}],"wp:featuredmedia":[{"embeddable":true,"href":"https:\/\/lamillou.ch\/en\/wp-json\/wp\/v2\/media\/31984"}],"wp:attachment":[{"href":"https:\/\/lamillou.ch\/en\/wp-json\/wp\/v2\/media?parent=29439"}],"wp:term":[{"taxonomy":"product_brand","embeddable":true,"href":"https:\/\/lamillou.ch\/en\/wp-json\/wp\/v2\/product_brand?post=29439"},{"taxonomy":"product_cat","embeddable":true,"href":"https:\/\/lamillou.ch\/en\/wp-json\/wp\/v2\/product_cat?post=29439"},{"taxonomy":"product_tag","embeddable":true,"href":"https:\/\/lamillou.ch\/en\/wp-json\/wp\/v2\/product_tag?post=29439"}],"curies":[{"name":"wp","href":"https:\/\/api.w.org\/{rel}","templated":true}]}}