{"id":29421,"date":"2026-04-08T13:09:29","date_gmt":"2026-04-08T12:09:29","guid":{"rendered":"https:\/\/lamillou.ch\/produkt\/kinder-halstuch-minky-abc-farm\/"},"modified":"2026-04-17T07:12:47","modified_gmt":"2026-04-17T06:12:47","slug":"kinder-halstuch-minky-abc-farm","status":"publish","type":"product","link":"https:\/\/lamillou.ch\/en\/product\/kinder-halstuch-minky-abc-farm\/","title":{"rendered":"Kinder Halstuch Minky ABC FARM"},"content":{"rendered":"<p>Ein vielseitiges Kinderhalstuch. H\u00e4lt Ihr Kind an kalten Tagen warm und sorgt f\u00fcr einen einzigartigen Look! Er ist ein toller, praktischer Ersatz f\u00fcr einen Schal. Wird mit einem verstellbaren Druckknopfverschluss geschlossen, so dass er einem Kind von 0 bis 7 Jahren passt.<\/p>","protected":false},"excerpt":{"rendered":"<p>Ein vielseitiges Kinderhalstuch. H\u00e4lt Ihr Kind an kalten Tagen warm und sorgt f\u00fcr einen einzigartigen Look! Er ist ein toller,<\/p>","protected":false},"featured_media":32002,"comment_status":"open","ping_status":"closed","template":"","meta":[],"product_brand":[88],"product_cat":[177],"product_tag":[],"class_list":{"0":"post-29421","1":"product","2":"type-product","3":"status-publish","4":"has-post-thumbnail","6":"product_brand-la-millou","7":"product_cat-dreieckshaltuecher","9":"first","10":"instock","11":"taxable","12":"shipping-taxable","13":"purchasable","14":"product-type-simple"},"yoast_head":"<!-- This site is optimized with the Yoast SEO plugin v27.3 - https:\/\/yoast.com\/product\/yoast-seo-wordpress\/ -->\n<title>Kinder Halstuch Minky ABC FARM - lamillou.ch<\/title>\n<meta name=\"description\" content=\"Ein vielseitiges Kinderhalstuch. H\u00e4lt Ihr Kind an kalten Tagen warm und sorgt f\u00fcr einen einzigartigen Look! Er ist ein toller, praktischer Ersatz f\u00fcr\" \/>\n<meta name=\"robots\" content=\"index, follow, max-snippet:-1, max-image-preview:large, max-video-preview:-1\" \/>\n<link rel=\"canonical\" href=\"https:\/\/lamillou.ch\/en\/product\/kinder-halstuch-minky-abc-farm\/\" \/>\n<meta property=\"og:locale\" content=\"en_GB\" \/>\n<meta property=\"og:type\" content=\"article\" \/>\n<meta property=\"og:title\" content=\"Kinder Halstuch Minky ABC FARM - lamillou.ch\" \/>\n<meta property=\"og:description\" content=\"Ein vielseitiges Kinderhalstuch. H\u00e4lt Ihr Kind an kalten Tagen warm und sorgt f\u00fcr einen einzigartigen Look! Er ist ein toller, praktischer Ersatz f\u00fcr\" \/>\n<meta property=\"og:url\" content=\"https:\/\/lamillou.ch\/en\/product\/kinder-halstuch-minky-abc-farm\/\" \/>\n<meta property=\"og:site_name\" content=\"lamillou.ch\" \/>\n<meta property=\"article:modified_time\" content=\"2026-04-17T06:12:47+00:00\" \/>\n<meta property=\"og:image\" content=\"https:\/\/lamillou.ch\/wp-content\/uploads\/2026\/04\/image_1920_y5cQv.jpeg\" \/>\n\t<meta property=\"og:image:width\" content=\"1920\" \/>\n\t<meta property=\"og:image:height\" content=\"1920\" \/>\n\t<meta property=\"og:image:type\" content=\"image\/jpeg\" \/>\n<meta name=\"twitter:card\" content=\"summary_large_image\" \/>\n<script type=\"application\/ld+json\" class=\"yoast-schema-graph\">{\"@context\":\"https:\\\/\\\/schema.org\",\"@graph\":[{\"@type\":\"WebPage\",\"@id\":\"https:\\\/\\\/lamillou.ch\\\/produkt\\\/kinder-halstuch-minky-abc-farm\\\/\",\"url\":\"https:\\\/\\\/lamillou.ch\\\/produkt\\\/kinder-halstuch-minky-abc-farm\\\/\",\"name\":\"Kinder Halstuch Minky ABC FARM - lamillou.ch\",\"isPartOf\":{\"@id\":\"https:\\\/\\\/lamillou.ch\\\/#website\"},\"primaryImageOfPage\":{\"@id\":\"https:\\\/\\\/lamillou.ch\\\/produkt\\\/kinder-halstuch-minky-abc-farm\\\/#primaryimage\"},\"image\":{\"@id\":\"https:\\\/\\\/lamillou.ch\\\/produkt\\\/kinder-halstuch-minky-abc-farm\\\/#primaryimage\"},\"thumbnailUrl\":\"https:\\\/\\\/lamillou.ch\\\/wp-content\\\/uploads\\\/2026\\\/04\\\/image_1920_y5cQv.jpeg\",\"datePublished\":\"2026-04-08T12:09:29+00:00\",\"dateModified\":\"2026-04-17T06:12:47+00:00\",\"description\":\"Ein vielseitiges Kinderhalstuch. H\u00e4lt Ihr Kind an kalten Tagen warm und sorgt f\u00fcr einen einzigartigen Look! Er ist ein toller, praktischer Ersatz f\u00fcr\",\"breadcrumb\":{\"@id\":\"https:\\\/\\\/lamillou.ch\\\/produkt\\\/kinder-halstuch-minky-abc-farm\\\/#breadcrumb\"},\"inLanguage\":\"en-GB\",\"potentialAction\":[{\"@type\":\"ReadAction\",\"target\":[\"https:\\\/\\\/lamillou.ch\\\/produkt\\\/kinder-halstuch-minky-abc-farm\\\/\"]}]},{\"@type\":\"ImageObject\",\"inLanguage\":\"en-GB\",\"@id\":\"https:\\\/\\\/lamillou.ch\\\/produkt\\\/kinder-halstuch-minky-abc-farm\\\/#primaryimage\",\"url\":\"https:\\\/\\\/lamillou.ch\\\/wp-content\\\/uploads\\\/2026\\\/04\\\/image_1920_y5cQv.jpeg\",\"contentUrl\":\"https:\\\/\\\/lamillou.ch\\\/wp-content\\\/uploads\\\/2026\\\/04\\\/image_1920_y5cQv.jpeg\",\"width\":1920,\"height\":1920,\"caption\":\"Kinder Halstuch Minky ABC FARM Hauptbild\"},{\"@type\":\"BreadcrumbList\",\"@id\":\"https:\\\/\\\/lamillou.ch\\\/produkt\\\/kinder-halstuch-minky-abc-farm\\\/#breadcrumb\",\"itemListElement\":[{\"@type\":\"ListItem\",\"position\":1,\"name\":\"Home\",\"item\":\"https:\\\/\\\/lamillou.ch\\\/\"},{\"@type\":\"ListItem\",\"position\":2,\"name\":\"Shop\",\"item\":\"https:\\\/\\\/lamillou.ch\\\/shop\\\/\"},{\"@type\":\"ListItem\",\"position\":3,\"name\":\"Kinder Halstuch Minky ABC FARM\"}]},{\"@type\":\"WebSite\",\"@id\":\"https:\\\/\\\/lamillou.ch\\\/#website\",\"url\":\"https:\\\/\\\/lamillou.ch\\\/\",\"name\":\"lamillou.ch\",\"description\":\"\",\"potentialAction\":[{\"@type\":\"SearchAction\",\"target\":{\"@type\":\"EntryPoint\",\"urlTemplate\":\"https:\\\/\\\/lamillou.ch\\\/?s={search_term_string}\"},\"query-input\":{\"@type\":\"PropertyValueSpecification\",\"valueRequired\":true,\"valueName\":\"search_term_string\"}}],\"inLanguage\":\"en-GB\"}]}<\/script>\n<!-- \/ Yoast SEO plugin. -->","yoast_head_json":{"title":"Kinder Halstuch Minky ABC FARM - lamillou.ch","description":"Ein vielseitiges Kinderhalstuch. H\u00e4lt Ihr Kind an kalten Tagen warm und sorgt f\u00fcr einen einzigartigen Look! Er ist ein toller, praktischer Ersatz f\u00fcr","robots":{"index":"index","follow":"follow","max-snippet":"max-snippet:-1","max-image-preview":"max-image-preview:large","max-video-preview":"max-video-preview:-1"},"canonical":"https:\/\/lamillou.ch\/en\/product\/kinder-halstuch-minky-abc-farm\/","og_locale":"en_GB","og_type":"article","og_title":"Kinder Halstuch Minky ABC FARM - lamillou.ch","og_description":"Ein vielseitiges Kinderhalstuch. H\u00e4lt Ihr Kind an kalten Tagen warm und sorgt f\u00fcr einen einzigartigen Look! Er ist ein toller, praktischer Ersatz f\u00fcr","og_url":"https:\/\/lamillou.ch\/en\/product\/kinder-halstuch-minky-abc-farm\/","og_site_name":"lamillou.ch","article_modified_time":"2026-04-17T06:12:47+00:00","og_image":[{"width":1920,"height":1920,"url":"https:\/\/lamillou.ch\/wp-content\/uploads\/2026\/04\/image_1920_y5cQv.jpeg","type":"image\/jpeg"}],"twitter_card":"summary_large_image","schema":{"@context":"https:\/\/schema.org","@graph":[{"@type":"WebPage","@id":"https:\/\/lamillou.ch\/produkt\/kinder-halstuch-minky-abc-farm\/","url":"https:\/\/lamillou.ch\/produkt\/kinder-halstuch-minky-abc-farm\/","name":"Kinder Halstuch Minky ABC FARM - lamillou.ch","isPartOf":{"@id":"https:\/\/lamillou.ch\/#website"},"primaryImageOfPage":{"@id":"https:\/\/lamillou.ch\/produkt\/kinder-halstuch-minky-abc-farm\/#primaryimage"},"image":{"@id":"https:\/\/lamillou.ch\/produkt\/kinder-halstuch-minky-abc-farm\/#primaryimage"},"thumbnailUrl":"https:\/\/lamillou.ch\/wp-content\/uploads\/2026\/04\/image_1920_y5cQv.jpeg","datePublished":"2026-04-08T12:09:29+00:00","dateModified":"2026-04-17T06:12:47+00:00","description":"Ein vielseitiges Kinderhalstuch. H\u00e4lt Ihr Kind an kalten Tagen warm und sorgt f\u00fcr einen einzigartigen Look! Er ist ein toller, praktischer Ersatz f\u00fcr","breadcrumb":{"@id":"https:\/\/lamillou.ch\/produkt\/kinder-halstuch-minky-abc-farm\/#breadcrumb"},"inLanguage":"en-GB","potentialAction":[{"@type":"ReadAction","target":["https:\/\/lamillou.ch\/produkt\/kinder-halstuch-minky-abc-farm\/"]}]},{"@type":"ImageObject","inLanguage":"en-GB","@id":"https:\/\/lamillou.ch\/produkt\/kinder-halstuch-minky-abc-farm\/#primaryimage","url":"https:\/\/lamillou.ch\/wp-content\/uploads\/2026\/04\/image_1920_y5cQv.jpeg","contentUrl":"https:\/\/lamillou.ch\/wp-content\/uploads\/2026\/04\/image_1920_y5cQv.jpeg","width":1920,"height":1920,"caption":"Kinder Halstuch Minky ABC FARM Hauptbild"},{"@type":"BreadcrumbList","@id":"https:\/\/lamillou.ch\/produkt\/kinder-halstuch-minky-abc-farm\/#breadcrumb","itemListElement":[{"@type":"ListItem","position":1,"name":"Home","item":"https:\/\/lamillou.ch\/"},{"@type":"ListItem","position":2,"name":"Shop","item":"https:\/\/lamillou.ch\/shop\/"},{"@type":"ListItem","position":3,"name":"Kinder Halstuch Minky ABC FARM"}]},{"@type":"WebSite","@id":"https:\/\/lamillou.ch\/#website","url":"https:\/\/lamillou.ch\/","name":"lamillou.ch","description":"","potentialAction":[{"@type":"SearchAction","target":{"@type":"EntryPoint","urlTemplate":"https:\/\/lamillou.ch\/?s={search_term_string}"},"query-input":{"@type":"PropertyValueSpecification","valueRequired":true,"valueName":"search_term_string"}}],"inLanguage":"en-GB"}]}},"_links":{"self":[{"href":"https:\/\/lamillou.ch\/en\/wp-json\/wp\/v2\/product\/29421","targetHints":{"allow":["GET"]}}],"collection":[{"href":"https:\/\/lamillou.ch\/en\/wp-json\/wp\/v2\/product"}],"about":[{"href":"https:\/\/lamillou.ch\/en\/wp-json\/wp\/v2\/types\/product"}],"replies":[{"embeddable":true,"href":"https:\/\/lamillou.ch\/en\/wp-json\/wp\/v2\/comments?post=29421"}],"version-history":[{"count":0,"href":"https:\/\/lamillou.ch\/en\/wp-json\/wp\/v2\/product\/29421\/revisions"}],"wp:featuredmedia":[{"embeddable":true,"href":"https:\/\/lamillou.ch\/en\/wp-json\/wp\/v2\/media\/32002"}],"wp:attachment":[{"href":"https:\/\/lamillou.ch\/en\/wp-json\/wp\/v2\/media?parent=29421"}],"wp:term":[{"taxonomy":"product_brand","embeddable":true,"href":"https:\/\/lamillou.ch\/en\/wp-json\/wp\/v2\/product_brand?post=29421"},{"taxonomy":"product_cat","embeddable":true,"href":"https:\/\/lamillou.ch\/en\/wp-json\/wp\/v2\/product_cat?post=29421"},{"taxonomy":"product_tag","embeddable":true,"href":"https:\/\/lamillou.ch\/en\/wp-json\/wp\/v2\/product_tag?post=29421"}],"curies":[{"name":"wp","href":"https:\/\/api.w.org\/{rel}","templated":true}]}}