{"id":29377,"date":"2026-04-08T13:09:21","date_gmt":"2026-04-08T12:09:21","guid":{"rendered":"https:\/\/lamillou.ch\/produkt\/handtuch-lady-unicorn-m-70-x-135-cm\/"},"modified":"2026-04-16T20:41:35","modified_gmt":"2026-04-16T19:41:35","slug":"handtuch-lady-unicorn-m-70-x-135-cm","status":"publish","type":"product","link":"https:\/\/lamillou.ch\/en\/product\/handtuch-lady-unicorn-m-70-x-135-cm\/","title":{"rendered":"Handtuch LADY UNICORN &#8211; M &#8211; 70 x 135 cm"},"content":{"rendered":"<p>Das Bamboo Soft Badetuch ist ein Muss in jedem Familienhaus. Perfekt verarbeitet, weich und extrem saugf\u00e4hig &#8211; perfekt f\u00fcr das t\u00e4gliche Bad, aber auch am Strand oder Pool. *Sie hat eine praktische tiefe Kapuze, die den Kopf vor K\u00e4lte sch\u00fctzt. *Am Rand des Handtuchs ist ein spezieller Riemen eingen\u00e4ht, den die Eltern um den Hals legen k\u00f6nnen. Dadurch sch\u00fctzt beim Herausnehmen aus der Badewanne vor Spritzern und Sie haben die H\u00e4nde frei, um das Baby abzuwischen, sicher zu tragen und zu kuscheln. *Die Stoffzusammensetzung besteht aus 60 % Bambus und 40 % Polyester. Die Innenseite, die direkten Kontakt zur Babyhaut hat, ist aus hochwertigem Bambusgarn: zart, weich auf der Haut. Es absorbiert Wasser 60% mehr als Baumwolle, absorbiert unangenehme Ger\u00fcche. Alle unsere Handt\u00fccher und Badem\u00e4ntel werden in der T\u00fcrkei mit den h\u00f6chsten Qualit\u00e4tsstandards, Liebe zum Detail und unter Verwendung der besten Materialien von Hand gen\u00e4ht. Die Verarbeitung und die Applikationen wurden in Polen angefertigt. Die Handt\u00fccher sind in zwei Gr\u00f6ssen erh\u00e4ltlich. Jedes Handtuch kann mit einem Bademantel aus unserer Badeproduktlinie kombiniert werden.<\/p>","protected":false},"excerpt":{"rendered":"<p>Das Bamboo Soft Badetuch ist ein Muss in jedem Familienhaus. Perfekt verarbeitet, weich und extrem saugf\u00e4hig &#8211; perfekt f\u00fcr das<\/p>","protected":false},"featured_media":32046,"comment_status":"open","ping_status":"closed","template":"","meta":[],"product_brand":[88],"product_cat":[180],"product_tag":[],"class_list":{"0":"post-29377","1":"product","2":"type-product","3":"status-publish","4":"has-post-thumbnail","6":"product_brand-la-millou","7":"product_cat-badetuecher","9":"first","10":"instock","11":"taxable","12":"shipping-taxable","13":"purchasable","14":"product-type-simple"},"yoast_head":"<!-- This site is optimized with the Yoast SEO plugin v27.3 - https:\/\/yoast.com\/product\/yoast-seo-wordpress\/ -->\n<title>Handtuch LADY UNICORN - M - 70 x 135 cm - lamillou.ch<\/title>\n<meta name=\"description\" content=\"Das Bamboo Soft Badetuch ist ein Muss in jedem Familienhaus. Perfekt verarbeitet, weich und extrem saugf\u00e4hig - perfekt f\u00fcr das t\u00e4gliche Bad, aber auch am\" \/>\n<meta name=\"robots\" content=\"index, follow, max-snippet:-1, max-image-preview:large, max-video-preview:-1\" \/>\n<link rel=\"canonical\" href=\"https:\/\/lamillou.ch\/en\/product\/handtuch-lady-unicorn-m-70-x-135-cm\/\" \/>\n<meta property=\"og:locale\" content=\"en_GB\" \/>\n<meta property=\"og:type\" content=\"article\" \/>\n<meta property=\"og:title\" content=\"Handtuch LADY UNICORN - M - 70 x 135 cm - lamillou.ch\" \/>\n<meta property=\"og:description\" content=\"Das Bamboo Soft Badetuch ist ein Muss in jedem Familienhaus. Perfekt verarbeitet, weich und extrem saugf\u00e4hig - perfekt f\u00fcr das t\u00e4gliche Bad, aber auch am\" \/>\n<meta property=\"og:url\" content=\"https:\/\/lamillou.ch\/en\/product\/handtuch-lady-unicorn-m-70-x-135-cm\/\" \/>\n<meta property=\"og:site_name\" content=\"lamillou.ch\" \/>\n<meta property=\"article:modified_time\" content=\"2026-04-16T19:41:35+00:00\" \/>\n<meta property=\"og:image\" content=\"https:\/\/lamillou.ch\/wp-content\/uploads\/2026\/04\/image_1920_P6WiW.jpeg\" \/>\n\t<meta property=\"og:image:width\" content=\"1920\" \/>\n\t<meta property=\"og:image:height\" content=\"1920\" \/>\n\t<meta property=\"og:image:type\" content=\"image\/jpeg\" \/>\n<meta name=\"twitter:card\" content=\"summary_large_image\" \/>\n<meta name=\"twitter:label1\" content=\"Estimated reading time\" \/>\n\t<meta name=\"twitter:data1\" content=\"1 minute\" \/>\n<script type=\"application\/ld+json\" class=\"yoast-schema-graph\">{\"@context\":\"https:\\\/\\\/schema.org\",\"@graph\":[{\"@type\":\"WebPage\",\"@id\":\"https:\\\/\\\/lamillou.ch\\\/produkt\\\/handtuch-lady-unicorn-m-70-x-135-cm\\\/\",\"url\":\"https:\\\/\\\/lamillou.ch\\\/produkt\\\/handtuch-lady-unicorn-m-70-x-135-cm\\\/\",\"name\":\"Handtuch LADY UNICORN - M - 70 x 135 cm - lamillou.ch\",\"isPartOf\":{\"@id\":\"https:\\\/\\\/lamillou.ch\\\/#website\"},\"primaryImageOfPage\":{\"@id\":\"https:\\\/\\\/lamillou.ch\\\/produkt\\\/handtuch-lady-unicorn-m-70-x-135-cm\\\/#primaryimage\"},\"image\":{\"@id\":\"https:\\\/\\\/lamillou.ch\\\/produkt\\\/handtuch-lady-unicorn-m-70-x-135-cm\\\/#primaryimage\"},\"thumbnailUrl\":\"https:\\\/\\\/lamillou.ch\\\/wp-content\\\/uploads\\\/2026\\\/04\\\/image_1920_P6WiW.jpeg\",\"datePublished\":\"2026-04-08T12:09:21+00:00\",\"dateModified\":\"2026-04-16T19:41:35+00:00\",\"description\":\"Das Bamboo Soft Badetuch ist ein Muss in jedem Familienhaus. Perfekt verarbeitet, weich und extrem saugf\u00e4hig - perfekt f\u00fcr das t\u00e4gliche Bad, aber auch am\",\"breadcrumb\":{\"@id\":\"https:\\\/\\\/lamillou.ch\\\/produkt\\\/handtuch-lady-unicorn-m-70-x-135-cm\\\/#breadcrumb\"},\"inLanguage\":\"en-GB\",\"potentialAction\":[{\"@type\":\"ReadAction\",\"target\":[\"https:\\\/\\\/lamillou.ch\\\/produkt\\\/handtuch-lady-unicorn-m-70-x-135-cm\\\/\"]}]},{\"@type\":\"ImageObject\",\"inLanguage\":\"en-GB\",\"@id\":\"https:\\\/\\\/lamillou.ch\\\/produkt\\\/handtuch-lady-unicorn-m-70-x-135-cm\\\/#primaryimage\",\"url\":\"https:\\\/\\\/lamillou.ch\\\/wp-content\\\/uploads\\\/2026\\\/04\\\/image_1920_P6WiW.jpeg\",\"contentUrl\":\"https:\\\/\\\/lamillou.ch\\\/wp-content\\\/uploads\\\/2026\\\/04\\\/image_1920_P6WiW.jpeg\",\"width\":1920,\"height\":1920,\"caption\":\"Handtuch LADY UNICORN - M - 70 x 135 cm Hauptbild\"},{\"@type\":\"BreadcrumbList\",\"@id\":\"https:\\\/\\\/lamillou.ch\\\/produkt\\\/handtuch-lady-unicorn-m-70-x-135-cm\\\/#breadcrumb\",\"itemListElement\":[{\"@type\":\"ListItem\",\"position\":1,\"name\":\"Home\",\"item\":\"https:\\\/\\\/lamillou.ch\\\/\"},{\"@type\":\"ListItem\",\"position\":2,\"name\":\"Shop\",\"item\":\"https:\\\/\\\/lamillou.ch\\\/shop\\\/\"},{\"@type\":\"ListItem\",\"position\":3,\"name\":\"Handtuch LADY UNICORN &#8211; M &#8211; 70 x 135 cm\"}]},{\"@type\":\"WebSite\",\"@id\":\"https:\\\/\\\/lamillou.ch\\\/#website\",\"url\":\"https:\\\/\\\/lamillou.ch\\\/\",\"name\":\"lamillou.ch\",\"description\":\"\",\"potentialAction\":[{\"@type\":\"SearchAction\",\"target\":{\"@type\":\"EntryPoint\",\"urlTemplate\":\"https:\\\/\\\/lamillou.ch\\\/?s={search_term_string}\"},\"query-input\":{\"@type\":\"PropertyValueSpecification\",\"valueRequired\":true,\"valueName\":\"search_term_string\"}}],\"inLanguage\":\"en-GB\"}]}<\/script>\n<!-- \/ Yoast SEO plugin. -->","yoast_head_json":{"title":"Handtuch LADY UNICORN - M - 70 x 135 cm - lamillou.ch","description":"Das Bamboo Soft Badetuch ist ein Muss in jedem Familienhaus. Perfekt verarbeitet, weich und extrem saugf\u00e4hig - perfekt f\u00fcr das t\u00e4gliche Bad, aber auch am","robots":{"index":"index","follow":"follow","max-snippet":"max-snippet:-1","max-image-preview":"max-image-preview:large","max-video-preview":"max-video-preview:-1"},"canonical":"https:\/\/lamillou.ch\/en\/product\/handtuch-lady-unicorn-m-70-x-135-cm\/","og_locale":"en_GB","og_type":"article","og_title":"Handtuch LADY UNICORN - M - 70 x 135 cm - lamillou.ch","og_description":"Das Bamboo Soft Badetuch ist ein Muss in jedem Familienhaus. Perfekt verarbeitet, weich und extrem saugf\u00e4hig - perfekt f\u00fcr das t\u00e4gliche Bad, aber auch am","og_url":"https:\/\/lamillou.ch\/en\/product\/handtuch-lady-unicorn-m-70-x-135-cm\/","og_site_name":"lamillou.ch","article_modified_time":"2026-04-16T19:41:35+00:00","og_image":[{"width":1920,"height":1920,"url":"https:\/\/lamillou.ch\/wp-content\/uploads\/2026\/04\/image_1920_P6WiW.jpeg","type":"image\/jpeg"}],"twitter_card":"summary_large_image","twitter_misc":{"Estimated reading time":"1 minute"},"schema":{"@context":"https:\/\/schema.org","@graph":[{"@type":"WebPage","@id":"https:\/\/lamillou.ch\/produkt\/handtuch-lady-unicorn-m-70-x-135-cm\/","url":"https:\/\/lamillou.ch\/produkt\/handtuch-lady-unicorn-m-70-x-135-cm\/","name":"Handtuch LADY UNICORN - M - 70 x 135 cm - lamillou.ch","isPartOf":{"@id":"https:\/\/lamillou.ch\/#website"},"primaryImageOfPage":{"@id":"https:\/\/lamillou.ch\/produkt\/handtuch-lady-unicorn-m-70-x-135-cm\/#primaryimage"},"image":{"@id":"https:\/\/lamillou.ch\/produkt\/handtuch-lady-unicorn-m-70-x-135-cm\/#primaryimage"},"thumbnailUrl":"https:\/\/lamillou.ch\/wp-content\/uploads\/2026\/04\/image_1920_P6WiW.jpeg","datePublished":"2026-04-08T12:09:21+00:00","dateModified":"2026-04-16T19:41:35+00:00","description":"Das Bamboo Soft Badetuch ist ein Muss in jedem Familienhaus. Perfekt verarbeitet, weich und extrem saugf\u00e4hig - perfekt f\u00fcr das t\u00e4gliche Bad, aber auch am","breadcrumb":{"@id":"https:\/\/lamillou.ch\/produkt\/handtuch-lady-unicorn-m-70-x-135-cm\/#breadcrumb"},"inLanguage":"en-GB","potentialAction":[{"@type":"ReadAction","target":["https:\/\/lamillou.ch\/produkt\/handtuch-lady-unicorn-m-70-x-135-cm\/"]}]},{"@type":"ImageObject","inLanguage":"en-GB","@id":"https:\/\/lamillou.ch\/produkt\/handtuch-lady-unicorn-m-70-x-135-cm\/#primaryimage","url":"https:\/\/lamillou.ch\/wp-content\/uploads\/2026\/04\/image_1920_P6WiW.jpeg","contentUrl":"https:\/\/lamillou.ch\/wp-content\/uploads\/2026\/04\/image_1920_P6WiW.jpeg","width":1920,"height":1920,"caption":"Handtuch LADY UNICORN - M - 70 x 135 cm Hauptbild"},{"@type":"BreadcrumbList","@id":"https:\/\/lamillou.ch\/produkt\/handtuch-lady-unicorn-m-70-x-135-cm\/#breadcrumb","itemListElement":[{"@type":"ListItem","position":1,"name":"Home","item":"https:\/\/lamillou.ch\/"},{"@type":"ListItem","position":2,"name":"Shop","item":"https:\/\/lamillou.ch\/shop\/"},{"@type":"ListItem","position":3,"name":"Handtuch LADY UNICORN &#8211; M &#8211; 70 x 135 cm"}]},{"@type":"WebSite","@id":"https:\/\/lamillou.ch\/#website","url":"https:\/\/lamillou.ch\/","name":"lamillou.ch","description":"","potentialAction":[{"@type":"SearchAction","target":{"@type":"EntryPoint","urlTemplate":"https:\/\/lamillou.ch\/?s={search_term_string}"},"query-input":{"@type":"PropertyValueSpecification","valueRequired":true,"valueName":"search_term_string"}}],"inLanguage":"en-GB"}]}},"_links":{"self":[{"href":"https:\/\/lamillou.ch\/en\/wp-json\/wp\/v2\/product\/29377","targetHints":{"allow":["GET"]}}],"collection":[{"href":"https:\/\/lamillou.ch\/en\/wp-json\/wp\/v2\/product"}],"about":[{"href":"https:\/\/lamillou.ch\/en\/wp-json\/wp\/v2\/types\/product"}],"replies":[{"embeddable":true,"href":"https:\/\/lamillou.ch\/en\/wp-json\/wp\/v2\/comments?post=29377"}],"version-history":[{"count":0,"href":"https:\/\/lamillou.ch\/en\/wp-json\/wp\/v2\/product\/29377\/revisions"}],"wp:featuredmedia":[{"embeddable":true,"href":"https:\/\/lamillou.ch\/en\/wp-json\/wp\/v2\/media\/32046"}],"wp:attachment":[{"href":"https:\/\/lamillou.ch\/en\/wp-json\/wp\/v2\/media?parent=29377"}],"wp:term":[{"taxonomy":"product_brand","embeddable":true,"href":"https:\/\/lamillou.ch\/en\/wp-json\/wp\/v2\/product_brand?post=29377"},{"taxonomy":"product_cat","embeddable":true,"href":"https:\/\/lamillou.ch\/en\/wp-json\/wp\/v2\/product_cat?post=29377"},{"taxonomy":"product_tag","embeddable":true,"href":"https:\/\/lamillou.ch\/en\/wp-json\/wp\/v2\/product_tag?post=29377"}],"curies":[{"name":"wp","href":"https:\/\/api.w.org\/{rel}","templated":true}]}}