{"id":29345,"date":"2026-04-08T13:09:14","date_gmt":"2026-04-08T12:09:14","guid":{"rendered":"https:\/\/lamillou.ch\/produkt\/rucksack-dolce-vita-pretty-black\/"},"modified":"2026-04-16T20:41:34","modified_gmt":"2026-04-16T19:41:34","slug":"rucksack-dolce-vita-pretty-black","status":"publish","type":"product","link":"https:\/\/lamillou.ch\/en\/product\/rucksack-dolce-vita-pretty-black\/","title":{"rendered":"Rucksack Dolce Vita PRETTY BLACK"},"content":{"rendered":"<p>Eleganter, grosser und praktischer Rucksack f\u00fcr M\u00fctter. Dolce Vita. Ein durchdachtes Design, ideal f\u00fcr Spazierg\u00e4nge mit dem Baby, aber auch f\u00fcr die Arbeit oder zum Ausgehen mit Freunden. Das durchdachte System von Innen- und Aussentaschen sorgt daf\u00fcr, dass Sie sich jahrelang nicht von ihm trennen k\u00f6nnen und immer alles an seinem Platz finden werden. Der Rucksack ist sehr ger\u00e4umig und bietet Platz f\u00fcr alles, was man in der N\u00e4he haben m\u00f6chte. Die Qualit\u00e4t der Verarbeitung und das einzigartige Design, an dem wir lange gearbeitet haben, werden auch die h\u00f6chsten Erwartungen nicht entt\u00e4uschen. Das Innere des Rucksacks, das A4-Format und noch mehr aufnehmen kann, ist ausgestattet mit: * drei Innentaschen mit Gummizug und zwei Reissverschlusstaschen * drei Aussentaschen mit Reissverschluss und zwei Taschen an den Seiten des Rucksacks: eine speziell f\u00fcr Feuchtt\u00fccher, die andere mit Thermofolie gef\u00fcttert  * ein sehr praktischer Reissverschluss auf der R\u00fcckseite des Rucksacks erm\u00f6glicht es Ihnen, ins Innere zu gelangen, ohne ihn von oben zu \u00f6ffnen  * die Griffe des Rucksacks haben einen Verschluss &#8211; er erm\u00f6glicht es Ihnen, ihn an das Gel\u00e4nder eines Kinderwagens zu h\u00e4ngen, wenn Sie keine zus\u00e4tzlichen Haken verwenden.<\/p>","protected":false},"excerpt":{"rendered":"<p>Eleganter, grosser und praktischer Rucksack f\u00fcr M\u00fctter. Dolce Vita. Ein durchdachtes Design, ideal f\u00fcr Spazierg\u00e4nge mit dem Baby, aber auch<\/p>","protected":false},"featured_media":32078,"comment_status":"open","ping_status":"closed","template":"","meta":[],"product_brand":[88],"product_cat":[261],"product_tag":[],"class_list":{"0":"post-29345","1":"product","2":"type-product","3":"status-publish","4":"has-post-thumbnail","6":"product_brand-la-millou","7":"product_cat-rucksaecke-dolce-vita","9":"first","10":"instock","11":"taxable","12":"shipping-taxable","13":"purchasable","14":"product-type-simple"},"yoast_head":"<!-- This site is optimized with the Yoast SEO plugin v27.3 - https:\/\/yoast.com\/product\/yoast-seo-wordpress\/ -->\n<title>Rucksack Dolce Vita PRETTY BLACK - lamillou.ch<\/title>\n<meta name=\"description\" content=\"Eleganter, grosser und praktischer Rucksack f\u00fcr M\u00fctter. Dolce Vita. Ein durchdachtes Design, ideal f\u00fcr Spazierg\u00e4nge mit dem Baby, aber auch f\u00fcr die Arbeit\" \/>\n<meta name=\"robots\" content=\"index, follow, max-snippet:-1, max-image-preview:large, max-video-preview:-1\" \/>\n<link rel=\"canonical\" href=\"https:\/\/lamillou.ch\/en\/product\/rucksack-dolce-vita-pretty-black\/\" \/>\n<meta property=\"og:locale\" content=\"en_GB\" \/>\n<meta property=\"og:type\" content=\"article\" \/>\n<meta property=\"og:title\" content=\"Rucksack Dolce Vita PRETTY BLACK - lamillou.ch\" \/>\n<meta property=\"og:description\" content=\"Eleganter, grosser und praktischer Rucksack f\u00fcr M\u00fctter. Dolce Vita. Ein durchdachtes Design, ideal f\u00fcr Spazierg\u00e4nge mit dem Baby, aber auch f\u00fcr die Arbeit\" \/>\n<meta property=\"og:url\" content=\"https:\/\/lamillou.ch\/en\/product\/rucksack-dolce-vita-pretty-black\/\" \/>\n<meta property=\"og:site_name\" content=\"lamillou.ch\" \/>\n<meta property=\"article:modified_time\" content=\"2026-04-16T19:41:34+00:00\" \/>\n<meta property=\"og:image\" content=\"https:\/\/lamillou.ch\/wp-content\/uploads\/2026\/04\/image_1920_c92m2.jpeg\" \/>\n\t<meta property=\"og:image:width\" content=\"1920\" \/>\n\t<meta property=\"og:image:height\" content=\"1920\" \/>\n\t<meta property=\"og:image:type\" content=\"image\/jpeg\" \/>\n<meta name=\"twitter:card\" content=\"summary_large_image\" \/>\n<meta name=\"twitter:label1\" content=\"Estimated reading time\" \/>\n\t<meta name=\"twitter:data1\" content=\"1 minute\" \/>\n<script type=\"application\/ld+json\" class=\"yoast-schema-graph\">{\"@context\":\"https:\\\/\\\/schema.org\",\"@graph\":[{\"@type\":\"WebPage\",\"@id\":\"https:\\\/\\\/lamillou.ch\\\/produkt\\\/rucksack-dolce-vita-pretty-black\\\/\",\"url\":\"https:\\\/\\\/lamillou.ch\\\/produkt\\\/rucksack-dolce-vita-pretty-black\\\/\",\"name\":\"Rucksack Dolce Vita PRETTY BLACK - lamillou.ch\",\"isPartOf\":{\"@id\":\"https:\\\/\\\/lamillou.ch\\\/#website\"},\"primaryImageOfPage\":{\"@id\":\"https:\\\/\\\/lamillou.ch\\\/produkt\\\/rucksack-dolce-vita-pretty-black\\\/#primaryimage\"},\"image\":{\"@id\":\"https:\\\/\\\/lamillou.ch\\\/produkt\\\/rucksack-dolce-vita-pretty-black\\\/#primaryimage\"},\"thumbnailUrl\":\"https:\\\/\\\/lamillou.ch\\\/wp-content\\\/uploads\\\/2026\\\/04\\\/image_1920_c92m2.jpeg\",\"datePublished\":\"2026-04-08T12:09:14+00:00\",\"dateModified\":\"2026-04-16T19:41:34+00:00\",\"description\":\"Eleganter, grosser und praktischer Rucksack f\u00fcr M\u00fctter. Dolce Vita. Ein durchdachtes Design, ideal f\u00fcr Spazierg\u00e4nge mit dem Baby, aber auch f\u00fcr die Arbeit\",\"breadcrumb\":{\"@id\":\"https:\\\/\\\/lamillou.ch\\\/produkt\\\/rucksack-dolce-vita-pretty-black\\\/#breadcrumb\"},\"inLanguage\":\"en-GB\",\"potentialAction\":[{\"@type\":\"ReadAction\",\"target\":[\"https:\\\/\\\/lamillou.ch\\\/produkt\\\/rucksack-dolce-vita-pretty-black\\\/\"]}]},{\"@type\":\"ImageObject\",\"inLanguage\":\"en-GB\",\"@id\":\"https:\\\/\\\/lamillou.ch\\\/produkt\\\/rucksack-dolce-vita-pretty-black\\\/#primaryimage\",\"url\":\"https:\\\/\\\/lamillou.ch\\\/wp-content\\\/uploads\\\/2026\\\/04\\\/image_1920_c92m2.jpeg\",\"contentUrl\":\"https:\\\/\\\/lamillou.ch\\\/wp-content\\\/uploads\\\/2026\\\/04\\\/image_1920_c92m2.jpeg\",\"width\":1920,\"height\":1920,\"caption\":\"Rucksack Dolce Vita PRETTY BLACK Hauptbild\"},{\"@type\":\"BreadcrumbList\",\"@id\":\"https:\\\/\\\/lamillou.ch\\\/produkt\\\/rucksack-dolce-vita-pretty-black\\\/#breadcrumb\",\"itemListElement\":[{\"@type\":\"ListItem\",\"position\":1,\"name\":\"Home\",\"item\":\"https:\\\/\\\/lamillou.ch\\\/\"},{\"@type\":\"ListItem\",\"position\":2,\"name\":\"Shop\",\"item\":\"https:\\\/\\\/lamillou.ch\\\/shop\\\/\"},{\"@type\":\"ListItem\",\"position\":3,\"name\":\"Rucksack Dolce Vita PRETTY BLACK\"}]},{\"@type\":\"WebSite\",\"@id\":\"https:\\\/\\\/lamillou.ch\\\/#website\",\"url\":\"https:\\\/\\\/lamillou.ch\\\/\",\"name\":\"lamillou.ch\",\"description\":\"\",\"potentialAction\":[{\"@type\":\"SearchAction\",\"target\":{\"@type\":\"EntryPoint\",\"urlTemplate\":\"https:\\\/\\\/lamillou.ch\\\/?s={search_term_string}\"},\"query-input\":{\"@type\":\"PropertyValueSpecification\",\"valueRequired\":true,\"valueName\":\"search_term_string\"}}],\"inLanguage\":\"en-GB\"}]}<\/script>\n<!-- \/ Yoast SEO plugin. -->","yoast_head_json":{"title":"Rucksack Dolce Vita PRETTY BLACK - lamillou.ch","description":"Eleganter, grosser und praktischer Rucksack f\u00fcr M\u00fctter. Dolce Vita. Ein durchdachtes Design, ideal f\u00fcr Spazierg\u00e4nge mit dem Baby, aber auch f\u00fcr die Arbeit","robots":{"index":"index","follow":"follow","max-snippet":"max-snippet:-1","max-image-preview":"max-image-preview:large","max-video-preview":"max-video-preview:-1"},"canonical":"https:\/\/lamillou.ch\/en\/product\/rucksack-dolce-vita-pretty-black\/","og_locale":"en_GB","og_type":"article","og_title":"Rucksack Dolce Vita PRETTY BLACK - lamillou.ch","og_description":"Eleganter, grosser und praktischer Rucksack f\u00fcr M\u00fctter. Dolce Vita. Ein durchdachtes Design, ideal f\u00fcr Spazierg\u00e4nge mit dem Baby, aber auch f\u00fcr die Arbeit","og_url":"https:\/\/lamillou.ch\/en\/product\/rucksack-dolce-vita-pretty-black\/","og_site_name":"lamillou.ch","article_modified_time":"2026-04-16T19:41:34+00:00","og_image":[{"width":1920,"height":1920,"url":"https:\/\/lamillou.ch\/wp-content\/uploads\/2026\/04\/image_1920_c92m2.jpeg","type":"image\/jpeg"}],"twitter_card":"summary_large_image","twitter_misc":{"Estimated reading time":"1 minute"},"schema":{"@context":"https:\/\/schema.org","@graph":[{"@type":"WebPage","@id":"https:\/\/lamillou.ch\/produkt\/rucksack-dolce-vita-pretty-black\/","url":"https:\/\/lamillou.ch\/produkt\/rucksack-dolce-vita-pretty-black\/","name":"Rucksack Dolce Vita PRETTY BLACK - lamillou.ch","isPartOf":{"@id":"https:\/\/lamillou.ch\/#website"},"primaryImageOfPage":{"@id":"https:\/\/lamillou.ch\/produkt\/rucksack-dolce-vita-pretty-black\/#primaryimage"},"image":{"@id":"https:\/\/lamillou.ch\/produkt\/rucksack-dolce-vita-pretty-black\/#primaryimage"},"thumbnailUrl":"https:\/\/lamillou.ch\/wp-content\/uploads\/2026\/04\/image_1920_c92m2.jpeg","datePublished":"2026-04-08T12:09:14+00:00","dateModified":"2026-04-16T19:41:34+00:00","description":"Eleganter, grosser und praktischer Rucksack f\u00fcr M\u00fctter. Dolce Vita. Ein durchdachtes Design, ideal f\u00fcr Spazierg\u00e4nge mit dem Baby, aber auch f\u00fcr die Arbeit","breadcrumb":{"@id":"https:\/\/lamillou.ch\/produkt\/rucksack-dolce-vita-pretty-black\/#breadcrumb"},"inLanguage":"en-GB","potentialAction":[{"@type":"ReadAction","target":["https:\/\/lamillou.ch\/produkt\/rucksack-dolce-vita-pretty-black\/"]}]},{"@type":"ImageObject","inLanguage":"en-GB","@id":"https:\/\/lamillou.ch\/produkt\/rucksack-dolce-vita-pretty-black\/#primaryimage","url":"https:\/\/lamillou.ch\/wp-content\/uploads\/2026\/04\/image_1920_c92m2.jpeg","contentUrl":"https:\/\/lamillou.ch\/wp-content\/uploads\/2026\/04\/image_1920_c92m2.jpeg","width":1920,"height":1920,"caption":"Rucksack Dolce Vita PRETTY BLACK Hauptbild"},{"@type":"BreadcrumbList","@id":"https:\/\/lamillou.ch\/produkt\/rucksack-dolce-vita-pretty-black\/#breadcrumb","itemListElement":[{"@type":"ListItem","position":1,"name":"Home","item":"https:\/\/lamillou.ch\/"},{"@type":"ListItem","position":2,"name":"Shop","item":"https:\/\/lamillou.ch\/shop\/"},{"@type":"ListItem","position":3,"name":"Rucksack Dolce Vita PRETTY BLACK"}]},{"@type":"WebSite","@id":"https:\/\/lamillou.ch\/#website","url":"https:\/\/lamillou.ch\/","name":"lamillou.ch","description":"","potentialAction":[{"@type":"SearchAction","target":{"@type":"EntryPoint","urlTemplate":"https:\/\/lamillou.ch\/?s={search_term_string}"},"query-input":{"@type":"PropertyValueSpecification","valueRequired":true,"valueName":"search_term_string"}}],"inLanguage":"en-GB"}]}},"_links":{"self":[{"href":"https:\/\/lamillou.ch\/en\/wp-json\/wp\/v2\/product\/29345","targetHints":{"allow":["GET"]}}],"collection":[{"href":"https:\/\/lamillou.ch\/en\/wp-json\/wp\/v2\/product"}],"about":[{"href":"https:\/\/lamillou.ch\/en\/wp-json\/wp\/v2\/types\/product"}],"replies":[{"embeddable":true,"href":"https:\/\/lamillou.ch\/en\/wp-json\/wp\/v2\/comments?post=29345"}],"version-history":[{"count":1,"href":"https:\/\/lamillou.ch\/en\/wp-json\/wp\/v2\/product\/29345\/revisions"}],"predecessor-version":[{"id":32437,"href":"https:\/\/lamillou.ch\/en\/wp-json\/wp\/v2\/product\/29345\/revisions\/32437"}],"wp:featuredmedia":[{"embeddable":true,"href":"https:\/\/lamillou.ch\/en\/wp-json\/wp\/v2\/media\/32078"}],"wp:attachment":[{"href":"https:\/\/lamillou.ch\/en\/wp-json\/wp\/v2\/media?parent=29345"}],"wp:term":[{"taxonomy":"product_brand","embeddable":true,"href":"https:\/\/lamillou.ch\/en\/wp-json\/wp\/v2\/product_brand?post=29345"},{"taxonomy":"product_cat","embeddable":true,"href":"https:\/\/lamillou.ch\/en\/wp-json\/wp\/v2\/product_cat?post=29345"},{"taxonomy":"product_tag","embeddable":true,"href":"https:\/\/lamillou.ch\/en\/wp-json\/wp\/v2\/product_tag?post=29345"}],"curies":[{"name":"wp","href":"https:\/\/api.w.org\/{rel}","templated":true}]}}