{"id":29319,"date":"2026-04-08T13:09:10","date_gmt":"2026-04-08T12:09:10","guid":{"rendered":"https:\/\/lamillou.ch\/produkt\/schlafsack-abc-farm-m-85-cm\/"},"modified":"2026-04-16T20:41:33","modified_gmt":"2026-04-16T19:41:33","slug":"schlafsack-abc-farm-m-85-cm","status":"publish","type":"product","link":"https:\/\/lamillou.ch\/en\/product\/schlafsack-abc-farm-m-85-cm\/","title":{"rendered":"Schlafsack ABC FARM &#8211; M &#8211; 85 cm"},"content":{"rendered":"<p>Schlafsack, der maximalen Komfort und Sicherheit f\u00fcr Ihr Baby bietet. Es ist sehr wichtig, dass dem Baby nicht zu kalt oder zu heiss ist, weshalb der Schlafsack aus 100% hochwertiger Baumwolle besteht und mit silikonhaltigem, luftigem Vlies gef\u00fcllt ist. Die Oberseite des Schlafsacks ist mit Druckkn\u00f6pfen befestigt, die nachts leicht ge\u00f6ffnet und wieder geschlossen werden k\u00f6nnen. An der Unterseite des Schlafsacks befindet sich ein Reissverschluss, der das Wickeln des Babys erleichtert, ohne es aus dem Schlaf zu st\u00f6ren.<\/p>","protected":false},"excerpt":{"rendered":"<p>Schlafsack, der maximalen Komfort und Sicherheit f\u00fcr Ihr Baby bietet. Es ist sehr wichtig, dass dem Baby nicht zu kalt<\/p>","protected":false},"featured_media":32104,"comment_status":"open","ping_status":"closed","template":"","meta":[],"product_brand":[88],"product_cat":[298],"product_tag":[],"class_list":{"0":"post-29319","1":"product","2":"type-product","3":"status-publish","4":"has-post-thumbnail","6":"product_brand-la-millou","7":"product_cat-babyschlafsack","9":"first","10":"instock","11":"taxable","12":"shipping-taxable","13":"purchasable","14":"product-type-simple"},"yoast_head":"<!-- This site is optimized with the Yoast SEO plugin v27.3 - https:\/\/yoast.com\/product\/yoast-seo-wordpress\/ -->\n<title>Schlafsack ABC FARM - M - 85 cm - lamillou.ch<\/title>\n<meta name=\"description\" content=\"Schlafsack, der maximalen Komfort und Sicherheit f\u00fcr Ihr Baby bietet. Es ist sehr wichtig, dass dem Baby nicht zu kalt oder zu heiss ist, weshalb der\" \/>\n<meta name=\"robots\" content=\"index, follow, max-snippet:-1, max-image-preview:large, max-video-preview:-1\" \/>\n<link rel=\"canonical\" href=\"https:\/\/lamillou.ch\/en\/product\/schlafsack-abc-farm-m-85-cm\/\" \/>\n<meta property=\"og:locale\" content=\"en_GB\" \/>\n<meta property=\"og:type\" content=\"article\" \/>\n<meta property=\"og:title\" content=\"Schlafsack ABC FARM - M - 85 cm - lamillou.ch\" \/>\n<meta property=\"og:description\" content=\"Schlafsack, der maximalen Komfort und Sicherheit f\u00fcr Ihr Baby bietet. Es ist sehr wichtig, dass dem Baby nicht zu kalt oder zu heiss ist, weshalb der\" \/>\n<meta property=\"og:url\" content=\"https:\/\/lamillou.ch\/en\/product\/schlafsack-abc-farm-m-85-cm\/\" \/>\n<meta property=\"og:site_name\" content=\"lamillou.ch\" \/>\n<meta property=\"article:modified_time\" content=\"2026-04-16T19:41:33+00:00\" \/>\n<meta property=\"og:image\" content=\"https:\/\/lamillou.ch\/wp-content\/uploads\/2026\/04\/image_1920_C9SKr.jpeg\" \/>\n\t<meta property=\"og:image:width\" content=\"1920\" \/>\n\t<meta property=\"og:image:height\" content=\"1920\" \/>\n\t<meta property=\"og:image:type\" content=\"image\/jpeg\" \/>\n<meta name=\"twitter:card\" content=\"summary_large_image\" \/>\n<script type=\"application\/ld+json\" class=\"yoast-schema-graph\">{\"@context\":\"https:\\\/\\\/schema.org\",\"@graph\":[{\"@type\":\"WebPage\",\"@id\":\"https:\\\/\\\/lamillou.ch\\\/produkt\\\/schlafsack-abc-farm-m-85-cm\\\/\",\"url\":\"https:\\\/\\\/lamillou.ch\\\/produkt\\\/schlafsack-abc-farm-m-85-cm\\\/\",\"name\":\"Schlafsack ABC FARM - M - 85 cm - lamillou.ch\",\"isPartOf\":{\"@id\":\"https:\\\/\\\/lamillou.ch\\\/#website\"},\"primaryImageOfPage\":{\"@id\":\"https:\\\/\\\/lamillou.ch\\\/produkt\\\/schlafsack-abc-farm-m-85-cm\\\/#primaryimage\"},\"image\":{\"@id\":\"https:\\\/\\\/lamillou.ch\\\/produkt\\\/schlafsack-abc-farm-m-85-cm\\\/#primaryimage\"},\"thumbnailUrl\":\"https:\\\/\\\/lamillou.ch\\\/wp-content\\\/uploads\\\/2026\\\/04\\\/image_1920_C9SKr.jpeg\",\"datePublished\":\"2026-04-08T12:09:10+00:00\",\"dateModified\":\"2026-04-16T19:41:33+00:00\",\"description\":\"Schlafsack, der maximalen Komfort und Sicherheit f\u00fcr Ihr Baby bietet. Es ist sehr wichtig, dass dem Baby nicht zu kalt oder zu heiss ist, weshalb der\",\"breadcrumb\":{\"@id\":\"https:\\\/\\\/lamillou.ch\\\/produkt\\\/schlafsack-abc-farm-m-85-cm\\\/#breadcrumb\"},\"inLanguage\":\"en-GB\",\"potentialAction\":[{\"@type\":\"ReadAction\",\"target\":[\"https:\\\/\\\/lamillou.ch\\\/produkt\\\/schlafsack-abc-farm-m-85-cm\\\/\"]}]},{\"@type\":\"ImageObject\",\"inLanguage\":\"en-GB\",\"@id\":\"https:\\\/\\\/lamillou.ch\\\/produkt\\\/schlafsack-abc-farm-m-85-cm\\\/#primaryimage\",\"url\":\"https:\\\/\\\/lamillou.ch\\\/wp-content\\\/uploads\\\/2026\\\/04\\\/image_1920_C9SKr.jpeg\",\"contentUrl\":\"https:\\\/\\\/lamillou.ch\\\/wp-content\\\/uploads\\\/2026\\\/04\\\/image_1920_C9SKr.jpeg\",\"width\":1920,\"height\":1920,\"caption\":\"Schlafsack ABC FARM - M - 85 cm Hauptbild\"},{\"@type\":\"BreadcrumbList\",\"@id\":\"https:\\\/\\\/lamillou.ch\\\/produkt\\\/schlafsack-abc-farm-m-85-cm\\\/#breadcrumb\",\"itemListElement\":[{\"@type\":\"ListItem\",\"position\":1,\"name\":\"Home\",\"item\":\"https:\\\/\\\/lamillou.ch\\\/\"},{\"@type\":\"ListItem\",\"position\":2,\"name\":\"Shop\",\"item\":\"https:\\\/\\\/lamillou.ch\\\/shop\\\/\"},{\"@type\":\"ListItem\",\"position\":3,\"name\":\"Schlafsack ABC FARM &#8211; M &#8211; 85 cm\"}]},{\"@type\":\"WebSite\",\"@id\":\"https:\\\/\\\/lamillou.ch\\\/#website\",\"url\":\"https:\\\/\\\/lamillou.ch\\\/\",\"name\":\"lamillou.ch\",\"description\":\"\",\"potentialAction\":[{\"@type\":\"SearchAction\",\"target\":{\"@type\":\"EntryPoint\",\"urlTemplate\":\"https:\\\/\\\/lamillou.ch\\\/?s={search_term_string}\"},\"query-input\":{\"@type\":\"PropertyValueSpecification\",\"valueRequired\":true,\"valueName\":\"search_term_string\"}}],\"inLanguage\":\"en-GB\"}]}<\/script>\n<!-- \/ Yoast SEO plugin. -->","yoast_head_json":{"title":"Schlafsack ABC FARM - M - 85 cm - lamillou.ch","description":"Schlafsack, der maximalen Komfort und Sicherheit f\u00fcr Ihr Baby bietet. Es ist sehr wichtig, dass dem Baby nicht zu kalt oder zu heiss ist, weshalb der","robots":{"index":"index","follow":"follow","max-snippet":"max-snippet:-1","max-image-preview":"max-image-preview:large","max-video-preview":"max-video-preview:-1"},"canonical":"https:\/\/lamillou.ch\/en\/product\/schlafsack-abc-farm-m-85-cm\/","og_locale":"en_GB","og_type":"article","og_title":"Schlafsack ABC FARM - M - 85 cm - lamillou.ch","og_description":"Schlafsack, der maximalen Komfort und Sicherheit f\u00fcr Ihr Baby bietet. Es ist sehr wichtig, dass dem Baby nicht zu kalt oder zu heiss ist, weshalb der","og_url":"https:\/\/lamillou.ch\/en\/product\/schlafsack-abc-farm-m-85-cm\/","og_site_name":"lamillou.ch","article_modified_time":"2026-04-16T19:41:33+00:00","og_image":[{"width":1920,"height":1920,"url":"https:\/\/lamillou.ch\/wp-content\/uploads\/2026\/04\/image_1920_C9SKr.jpeg","type":"image\/jpeg"}],"twitter_card":"summary_large_image","schema":{"@context":"https:\/\/schema.org","@graph":[{"@type":"WebPage","@id":"https:\/\/lamillou.ch\/produkt\/schlafsack-abc-farm-m-85-cm\/","url":"https:\/\/lamillou.ch\/produkt\/schlafsack-abc-farm-m-85-cm\/","name":"Schlafsack ABC FARM - M - 85 cm - lamillou.ch","isPartOf":{"@id":"https:\/\/lamillou.ch\/#website"},"primaryImageOfPage":{"@id":"https:\/\/lamillou.ch\/produkt\/schlafsack-abc-farm-m-85-cm\/#primaryimage"},"image":{"@id":"https:\/\/lamillou.ch\/produkt\/schlafsack-abc-farm-m-85-cm\/#primaryimage"},"thumbnailUrl":"https:\/\/lamillou.ch\/wp-content\/uploads\/2026\/04\/image_1920_C9SKr.jpeg","datePublished":"2026-04-08T12:09:10+00:00","dateModified":"2026-04-16T19:41:33+00:00","description":"Schlafsack, der maximalen Komfort und Sicherheit f\u00fcr Ihr Baby bietet. Es ist sehr wichtig, dass dem Baby nicht zu kalt oder zu heiss ist, weshalb der","breadcrumb":{"@id":"https:\/\/lamillou.ch\/produkt\/schlafsack-abc-farm-m-85-cm\/#breadcrumb"},"inLanguage":"en-GB","potentialAction":[{"@type":"ReadAction","target":["https:\/\/lamillou.ch\/produkt\/schlafsack-abc-farm-m-85-cm\/"]}]},{"@type":"ImageObject","inLanguage":"en-GB","@id":"https:\/\/lamillou.ch\/produkt\/schlafsack-abc-farm-m-85-cm\/#primaryimage","url":"https:\/\/lamillou.ch\/wp-content\/uploads\/2026\/04\/image_1920_C9SKr.jpeg","contentUrl":"https:\/\/lamillou.ch\/wp-content\/uploads\/2026\/04\/image_1920_C9SKr.jpeg","width":1920,"height":1920,"caption":"Schlafsack ABC FARM - M - 85 cm Hauptbild"},{"@type":"BreadcrumbList","@id":"https:\/\/lamillou.ch\/produkt\/schlafsack-abc-farm-m-85-cm\/#breadcrumb","itemListElement":[{"@type":"ListItem","position":1,"name":"Home","item":"https:\/\/lamillou.ch\/"},{"@type":"ListItem","position":2,"name":"Shop","item":"https:\/\/lamillou.ch\/shop\/"},{"@type":"ListItem","position":3,"name":"Schlafsack ABC FARM &#8211; M &#8211; 85 cm"}]},{"@type":"WebSite","@id":"https:\/\/lamillou.ch\/#website","url":"https:\/\/lamillou.ch\/","name":"lamillou.ch","description":"","potentialAction":[{"@type":"SearchAction","target":{"@type":"EntryPoint","urlTemplate":"https:\/\/lamillou.ch\/?s={search_term_string}"},"query-input":{"@type":"PropertyValueSpecification","valueRequired":true,"valueName":"search_term_string"}}],"inLanguage":"en-GB"}]}},"_links":{"self":[{"href":"https:\/\/lamillou.ch\/en\/wp-json\/wp\/v2\/product\/29319","targetHints":{"allow":["GET"]}}],"collection":[{"href":"https:\/\/lamillou.ch\/en\/wp-json\/wp\/v2\/product"}],"about":[{"href":"https:\/\/lamillou.ch\/en\/wp-json\/wp\/v2\/types\/product"}],"replies":[{"embeddable":true,"href":"https:\/\/lamillou.ch\/en\/wp-json\/wp\/v2\/comments?post=29319"}],"version-history":[{"count":0,"href":"https:\/\/lamillou.ch\/en\/wp-json\/wp\/v2\/product\/29319\/revisions"}],"wp:featuredmedia":[{"embeddable":true,"href":"https:\/\/lamillou.ch\/en\/wp-json\/wp\/v2\/media\/32104"}],"wp:attachment":[{"href":"https:\/\/lamillou.ch\/en\/wp-json\/wp\/v2\/media?parent=29319"}],"wp:term":[{"taxonomy":"product_brand","embeddable":true,"href":"https:\/\/lamillou.ch\/en\/wp-json\/wp\/v2\/product_brand?post=29319"},{"taxonomy":"product_cat","embeddable":true,"href":"https:\/\/lamillou.ch\/en\/wp-json\/wp\/v2\/product_cat?post=29319"},{"taxonomy":"product_tag","embeddable":true,"href":"https:\/\/lamillou.ch\/en\/wp-json\/wp\/v2\/product_tag?post=29319"}],"curies":[{"name":"wp","href":"https:\/\/api.w.org\/{rel}","templated":true}]}}