{"id":29316,"date":"2026-04-08T13:09:10","date_gmt":"2026-04-08T12:09:10","guid":{"rendered":"https:\/\/lamillou.ch\/produkt\/kopfkissen-sleepy-pig-minky-abc-farm\/"},"modified":"2026-04-16T20:41:33","modified_gmt":"2026-04-16T19:41:33","slug":"kopfkissen-sleepy-pig-minky-abc-farm","status":"publish","type":"product","link":"https:\/\/lamillou.ch\/en\/product\/kopfkissen-sleepy-pig-minky-abc-farm\/","title":{"rendered":"Kopfkissen Sleepy Pig Minky ABC FARM"},"content":{"rendered":"<p>Dieses entz\u00fcckende &#171;Schweinchen&#187; ist das perfekte erste Flachkissen f\u00fcr Ihr Baby. Es ist ziemlich flach gef\u00fcllt, liegt aber weich unter dem Kopf. Sleepy Pig funktioniert besonders gut in einem Kinderwagen, w\u00e4hrend eines Nickerchens und bei Spazierg\u00e4ngen. Die weichen Ohren und der Schwanz aus weichem Minky-Stoff sind leicht zu greifen und zu spielen.  Dank seiner bezaubernden Form kann das Kissen auch ein Kuscheltier f\u00fcr ein Kind sein, das es in jeder Entwicklungsphase begleitet.<\/p>","protected":false},"excerpt":{"rendered":"<p>Dieses entz\u00fcckende &#171;Schweinchen&#187; ist das perfekte erste Flachkissen f\u00fcr Ihr Baby. Es ist ziemlich flach gef\u00fcllt, liegt aber weich unter<\/p>","protected":false},"featured_media":32107,"comment_status":"open","ping_status":"closed","template":"","meta":[],"product_brand":[88],"product_cat":[267],"product_tag":[],"class_list":{"0":"post-29316","1":"product","2":"type-product","3":"status-publish","4":"has-post-thumbnail","6":"product_brand-la-millou","7":"product_cat-bettkissen","9":"first","10":"instock","11":"taxable","12":"shipping-taxable","13":"purchasable","14":"product-type-simple"},"yoast_head":"<!-- This site is optimized with the Yoast SEO plugin v27.3 - https:\/\/yoast.com\/product\/yoast-seo-wordpress\/ -->\n<title>Kopfkissen Sleepy Pig Minky ABC FARM - lamillou.ch<\/title>\n<meta name=\"description\" content=\"Dieses entz\u00fcckende &quot;Schweinchen&quot; ist das perfekte erste Flachkissen f\u00fcr Ihr Baby. Es ist ziemlich flach gef\u00fcllt, liegt aber weich unter dem Kopf. Sleepy\" \/>\n<meta name=\"robots\" content=\"index, follow, max-snippet:-1, max-image-preview:large, max-video-preview:-1\" \/>\n<link rel=\"canonical\" href=\"https:\/\/lamillou.ch\/en\/product\/kopfkissen-sleepy-pig-minky-abc-farm\/\" \/>\n<meta property=\"og:locale\" content=\"en_GB\" \/>\n<meta property=\"og:type\" content=\"article\" \/>\n<meta property=\"og:title\" content=\"Kopfkissen Sleepy Pig Minky ABC FARM - lamillou.ch\" \/>\n<meta property=\"og:description\" content=\"Dieses entz\u00fcckende &quot;Schweinchen&quot; ist das perfekte erste Flachkissen f\u00fcr Ihr Baby. Es ist ziemlich flach gef\u00fcllt, liegt aber weich unter dem Kopf. Sleepy\" \/>\n<meta property=\"og:url\" content=\"https:\/\/lamillou.ch\/en\/product\/kopfkissen-sleepy-pig-minky-abc-farm\/\" \/>\n<meta property=\"og:site_name\" content=\"lamillou.ch\" \/>\n<meta property=\"article:modified_time\" content=\"2026-04-16T19:41:33+00:00\" \/>\n<meta property=\"og:image\" content=\"https:\/\/lamillou.ch\/wp-content\/uploads\/2026\/04\/image_1920_ou-7.jpeg\" \/>\n\t<meta property=\"og:image:width\" content=\"1920\" \/>\n\t<meta property=\"og:image:height\" content=\"1920\" \/>\n\t<meta property=\"og:image:type\" content=\"image\/jpeg\" \/>\n<meta name=\"twitter:card\" content=\"summary_large_image\" \/>\n<script type=\"application\/ld+json\" class=\"yoast-schema-graph\">{\"@context\":\"https:\\\/\\\/schema.org\",\"@graph\":[{\"@type\":\"WebPage\",\"@id\":\"https:\\\/\\\/lamillou.ch\\\/produkt\\\/kopfkissen-sleepy-pig-minky-abc-farm\\\/\",\"url\":\"https:\\\/\\\/lamillou.ch\\\/produkt\\\/kopfkissen-sleepy-pig-minky-abc-farm\\\/\",\"name\":\"Kopfkissen Sleepy Pig Minky ABC FARM - lamillou.ch\",\"isPartOf\":{\"@id\":\"https:\\\/\\\/lamillou.ch\\\/#website\"},\"primaryImageOfPage\":{\"@id\":\"https:\\\/\\\/lamillou.ch\\\/produkt\\\/kopfkissen-sleepy-pig-minky-abc-farm\\\/#primaryimage\"},\"image\":{\"@id\":\"https:\\\/\\\/lamillou.ch\\\/produkt\\\/kopfkissen-sleepy-pig-minky-abc-farm\\\/#primaryimage\"},\"thumbnailUrl\":\"https:\\\/\\\/lamillou.ch\\\/wp-content\\\/uploads\\\/2026\\\/04\\\/image_1920_ou-7.jpeg\",\"datePublished\":\"2026-04-08T12:09:10+00:00\",\"dateModified\":\"2026-04-16T19:41:33+00:00\",\"description\":\"Dieses entz\u00fcckende \\\"Schweinchen\\\" ist das perfekte erste Flachkissen f\u00fcr Ihr Baby. Es ist ziemlich flach gef\u00fcllt, liegt aber weich unter dem Kopf. Sleepy\",\"breadcrumb\":{\"@id\":\"https:\\\/\\\/lamillou.ch\\\/produkt\\\/kopfkissen-sleepy-pig-minky-abc-farm\\\/#breadcrumb\"},\"inLanguage\":\"en-GB\",\"potentialAction\":[{\"@type\":\"ReadAction\",\"target\":[\"https:\\\/\\\/lamillou.ch\\\/produkt\\\/kopfkissen-sleepy-pig-minky-abc-farm\\\/\"]}]},{\"@type\":\"ImageObject\",\"inLanguage\":\"en-GB\",\"@id\":\"https:\\\/\\\/lamillou.ch\\\/produkt\\\/kopfkissen-sleepy-pig-minky-abc-farm\\\/#primaryimage\",\"url\":\"https:\\\/\\\/lamillou.ch\\\/wp-content\\\/uploads\\\/2026\\\/04\\\/image_1920_ou-7.jpeg\",\"contentUrl\":\"https:\\\/\\\/lamillou.ch\\\/wp-content\\\/uploads\\\/2026\\\/04\\\/image_1920_ou-7.jpeg\",\"width\":1920,\"height\":1920,\"caption\":\"Kopfkissen Sleepy Pig Minky ABC FARM Hauptbild\"},{\"@type\":\"BreadcrumbList\",\"@id\":\"https:\\\/\\\/lamillou.ch\\\/produkt\\\/kopfkissen-sleepy-pig-minky-abc-farm\\\/#breadcrumb\",\"itemListElement\":[{\"@type\":\"ListItem\",\"position\":1,\"name\":\"Home\",\"item\":\"https:\\\/\\\/lamillou.ch\\\/\"},{\"@type\":\"ListItem\",\"position\":2,\"name\":\"Shop\",\"item\":\"https:\\\/\\\/lamillou.ch\\\/shop\\\/\"},{\"@type\":\"ListItem\",\"position\":3,\"name\":\"Kopfkissen Sleepy Pig Minky ABC FARM\"}]},{\"@type\":\"WebSite\",\"@id\":\"https:\\\/\\\/lamillou.ch\\\/#website\",\"url\":\"https:\\\/\\\/lamillou.ch\\\/\",\"name\":\"lamillou.ch\",\"description\":\"\",\"potentialAction\":[{\"@type\":\"SearchAction\",\"target\":{\"@type\":\"EntryPoint\",\"urlTemplate\":\"https:\\\/\\\/lamillou.ch\\\/?s={search_term_string}\"},\"query-input\":{\"@type\":\"PropertyValueSpecification\",\"valueRequired\":true,\"valueName\":\"search_term_string\"}}],\"inLanguage\":\"en-GB\"}]}<\/script>\n<!-- \/ Yoast SEO plugin. -->","yoast_head_json":{"title":"Kopfkissen Sleepy Pig Minky ABC FARM - lamillou.ch","description":"Dieses entz\u00fcckende \"Schweinchen\" ist das perfekte erste Flachkissen f\u00fcr Ihr Baby. Es ist ziemlich flach gef\u00fcllt, liegt aber weich unter dem Kopf. Sleepy","robots":{"index":"index","follow":"follow","max-snippet":"max-snippet:-1","max-image-preview":"max-image-preview:large","max-video-preview":"max-video-preview:-1"},"canonical":"https:\/\/lamillou.ch\/en\/product\/kopfkissen-sleepy-pig-minky-abc-farm\/","og_locale":"en_GB","og_type":"article","og_title":"Kopfkissen Sleepy Pig Minky ABC FARM - lamillou.ch","og_description":"Dieses entz\u00fcckende \"Schweinchen\" ist das perfekte erste Flachkissen f\u00fcr Ihr Baby. Es ist ziemlich flach gef\u00fcllt, liegt aber weich unter dem Kopf. Sleepy","og_url":"https:\/\/lamillou.ch\/en\/product\/kopfkissen-sleepy-pig-minky-abc-farm\/","og_site_name":"lamillou.ch","article_modified_time":"2026-04-16T19:41:33+00:00","og_image":[{"width":1920,"height":1920,"url":"https:\/\/lamillou.ch\/wp-content\/uploads\/2026\/04\/image_1920_ou-7.jpeg","type":"image\/jpeg"}],"twitter_card":"summary_large_image","schema":{"@context":"https:\/\/schema.org","@graph":[{"@type":"WebPage","@id":"https:\/\/lamillou.ch\/produkt\/kopfkissen-sleepy-pig-minky-abc-farm\/","url":"https:\/\/lamillou.ch\/produkt\/kopfkissen-sleepy-pig-minky-abc-farm\/","name":"Kopfkissen Sleepy Pig Minky ABC FARM - lamillou.ch","isPartOf":{"@id":"https:\/\/lamillou.ch\/#website"},"primaryImageOfPage":{"@id":"https:\/\/lamillou.ch\/produkt\/kopfkissen-sleepy-pig-minky-abc-farm\/#primaryimage"},"image":{"@id":"https:\/\/lamillou.ch\/produkt\/kopfkissen-sleepy-pig-minky-abc-farm\/#primaryimage"},"thumbnailUrl":"https:\/\/lamillou.ch\/wp-content\/uploads\/2026\/04\/image_1920_ou-7.jpeg","datePublished":"2026-04-08T12:09:10+00:00","dateModified":"2026-04-16T19:41:33+00:00","description":"Dieses entz\u00fcckende \"Schweinchen\" ist das perfekte erste Flachkissen f\u00fcr Ihr Baby. Es ist ziemlich flach gef\u00fcllt, liegt aber weich unter dem Kopf. Sleepy","breadcrumb":{"@id":"https:\/\/lamillou.ch\/produkt\/kopfkissen-sleepy-pig-minky-abc-farm\/#breadcrumb"},"inLanguage":"en-GB","potentialAction":[{"@type":"ReadAction","target":["https:\/\/lamillou.ch\/produkt\/kopfkissen-sleepy-pig-minky-abc-farm\/"]}]},{"@type":"ImageObject","inLanguage":"en-GB","@id":"https:\/\/lamillou.ch\/produkt\/kopfkissen-sleepy-pig-minky-abc-farm\/#primaryimage","url":"https:\/\/lamillou.ch\/wp-content\/uploads\/2026\/04\/image_1920_ou-7.jpeg","contentUrl":"https:\/\/lamillou.ch\/wp-content\/uploads\/2026\/04\/image_1920_ou-7.jpeg","width":1920,"height":1920,"caption":"Kopfkissen Sleepy Pig Minky ABC FARM Hauptbild"},{"@type":"BreadcrumbList","@id":"https:\/\/lamillou.ch\/produkt\/kopfkissen-sleepy-pig-minky-abc-farm\/#breadcrumb","itemListElement":[{"@type":"ListItem","position":1,"name":"Home","item":"https:\/\/lamillou.ch\/"},{"@type":"ListItem","position":2,"name":"Shop","item":"https:\/\/lamillou.ch\/shop\/"},{"@type":"ListItem","position":3,"name":"Kopfkissen Sleepy Pig Minky ABC FARM"}]},{"@type":"WebSite","@id":"https:\/\/lamillou.ch\/#website","url":"https:\/\/lamillou.ch\/","name":"lamillou.ch","description":"","potentialAction":[{"@type":"SearchAction","target":{"@type":"EntryPoint","urlTemplate":"https:\/\/lamillou.ch\/?s={search_term_string}"},"query-input":{"@type":"PropertyValueSpecification","valueRequired":true,"valueName":"search_term_string"}}],"inLanguage":"en-GB"}]}},"_links":{"self":[{"href":"https:\/\/lamillou.ch\/en\/wp-json\/wp\/v2\/product\/29316","targetHints":{"allow":["GET"]}}],"collection":[{"href":"https:\/\/lamillou.ch\/en\/wp-json\/wp\/v2\/product"}],"about":[{"href":"https:\/\/lamillou.ch\/en\/wp-json\/wp\/v2\/types\/product"}],"replies":[{"embeddable":true,"href":"https:\/\/lamillou.ch\/en\/wp-json\/wp\/v2\/comments?post=29316"}],"version-history":[{"count":0,"href":"https:\/\/lamillou.ch\/en\/wp-json\/wp\/v2\/product\/29316\/revisions"}],"wp:featuredmedia":[{"embeddable":true,"href":"https:\/\/lamillou.ch\/en\/wp-json\/wp\/v2\/media\/32107"}],"wp:attachment":[{"href":"https:\/\/lamillou.ch\/en\/wp-json\/wp\/v2\/media?parent=29316"}],"wp:term":[{"taxonomy":"product_brand","embeddable":true,"href":"https:\/\/lamillou.ch\/en\/wp-json\/wp\/v2\/product_brand?post=29316"},{"taxonomy":"product_cat","embeddable":true,"href":"https:\/\/lamillou.ch\/en\/wp-json\/wp\/v2\/product_cat?post=29316"},{"taxonomy":"product_tag","embeddable":true,"href":"https:\/\/lamillou.ch\/en\/wp-json\/wp\/v2\/product_tag?post=29316"}],"curies":[{"name":"wp","href":"https:\/\/api.w.org\/{rel}","templated":true}]}}